{"id":5542,"date":"2025-05-14T16:42:41","date_gmt":"2025-05-14T16:42:41","guid":{"rendered":"https:\/\/sinoextrud.com\/?post_type=product&#038;p=5542"},"modified":"2025-06-24T03:52:20","modified_gmt":"2025-06-24T03:52:20","slug":"aluminiumsekstrudering-2024-aluminiumsprofil","status":"publish","type":"product","link":"https:\/\/sinoextrud.com\/da\/product\/aluminum-extrusion-2024-aluminum-profile\/","title":{"rendered":"Aluminiumsekstrudering 2024 Aluminiumsprofil"},"content":{"rendered":"<h2>Detaljer om produkter<\/h2>\n<table class=\"custom-table\">\n<tr>\n<td class=\"label\">Vare<\/td>\n<td>Aluminiumsekstrudering 2024 Aluminiumsprofil<\/td>\n<\/tr>\n<tr>\n<td class=\"label\">Temperament<\/td>\n<td>T3-T8<\/td>\n<\/tr>\n<tr>\n<td class=\"label\">Procesflow<\/td>\n<td>Udvikling af st\u00f8beforme - Aluminiumssk\u00e6rver - Opvarmning - St\u00f8bning med r\u00e5 aluminium - Anodiseret pulverbel\u00e6gning<\/td>\n<\/tr>\n<tr>\n<td class=\"label\">Anvendelse<\/td>\n<td>Industri, byggeri<\/td>\n<\/tr>\n<tr>\n<td class=\"label\">Form<\/td>\n<td>Tilpasning<\/td>\n<\/tr>\n<tr>\n<td class=\"label\">Overfladebehandling<\/td>\n<td>Fr\u00e6set f\u00e6rdig, anodiseret, power coating, sandbl\u00e6sning, elektroforese, b\u00f8rstet, polering,<\/td>\n<\/tr>\n<tr>\n<td class=\"label\">Farve<\/td>\n<td>S\u00f8lv, sort, guld, champange, bronze, r\u00f8d, bl\u00e5; vi kan tilpasse farverne baseret p\u00e5 kundernes pr\u00f8ver<\/td>\n<\/tr>\n<tr>\n<td class=\"label\">Dyb bearbejdning<\/td>\n<td>Sk\u00e6ring, boring, bearbejdning, stansning, bukning, gevindsk\u00e6ring og s\u00e5 videre<\/td>\n<\/tr>\n<tr>\n<td class=\"label\">Garanti<\/td>\n<td>ISO:9001, SONCAP, BV-certifikat, TUV, SGS eller kundernes certifikat til r\u00e5dighed<\/td>\n<\/tr>\n<tr>\n<td class=\"label\">MOQ<\/td>\n<td>300 kg for hver profil<\/td>\n<\/tr>\n<tr>\n<td class=\"label\">Leveringstid<\/td>\n<td>Skimmeludvikling og pr\u00f8vekonformation er 12-15 dage, derefter er produktionsvarigheden 15-25 dage efter modtagelse af depositum fra k\u00f8ber.<\/td>\n<\/tr>\n<tr>\n<td class=\"label\">Gratis pr\u00f8ve<\/td>\n<td>1-3 dage kan sendes<\/td>\n<\/tr>\n<\/table>\n<h2>Vores produktionsbase<\/h2>\n<h3>Panorama over fabrikken<\/h3>\n<p><img decoding=\"async\" src=\"\/wp-content\/uploads\/factory-01.webp\"\/><\/p>\n<h3>V\u00e6rksted til fremstilling af aluminiumst\u00e6nger<\/h3>\n<p><img decoding=\"async\" src=\"\/wp-content\/uploads\/factory-02.webp\"\/><\/p>\n<\/p>\n<p><img decoding=\"async\" src=\"\/wp-content\/uploads\/factory-03.webp\"\/><\/p>\n<h3>Lager til opbevaring af skimmelsvampe<\/h3>\n<p><img decoding=\"async\" src=\"\/wp-content\/uploads\/factory-04.webp\"\/><\/p>\n<h3>43 ekstruderingslinjer for aluminium (500-5500 ton)<\/h3>\n<p><img decoding=\"async\" src=\"\/wp-content\/uploads\/factory-05.webp\"\/><\/p>\n<p><img decoding=\"async\" src=\"\/wp-content\/uploads\/factory-06.webp\"\/><\/p>\n<p><img decoding=\"async\" src=\"\/wp-content\/uploads\/factory-07.webp\"\/><\/p>\n<h3>V\u00e6rksted for pulverlakering<\/h3>\n<p><img decoding=\"async\" src=\"\/wp-content\/uploads\/factory-09.webp\"\/><\/p>\n<h3>Anodiseringsv\u00e6rksted<\/h3>\n<p><img decoding=\"async\" src=\"\/wp-content\/uploads\/factory-10.webp\"\/><\/p>\n<h3>Workshop om dyb behandling<\/h3>\n<p><img decoding=\"async\" src=\"\/wp-content\/uploads\/factory-11.webp\"\/><\/p>\n<h3>V\u00e6rksted for CNC-pr\u00e6cisionsbearbejdning<\/h3>\n<p><img decoding=\"async\" src=\"\/wp-content\/uploads\/factory-11.5.webp\"\/><\/p>\n<h3>F\u00e6rdigvare- og eksportlager<\/h3>\n<p><img decoding=\"async\" src=\"\/wp-content\/uploads\/factory-12.webp\"\/><\/p>\n<p><img decoding=\"async\" src=\"\/wp-content\/uploads\/factory-13.webp\"\/><\/p>\n<p><img decoding=\"async\" src=\"\/wp-content\/uploads\/factory-14.webp\"\/><\/p>\n<h2>OFTE STILLEDE SP\u00d8RGSM\u00c5L<\/h2>\n<p><b>1. Hvad bruges 2024 aluminiumsprofil til? <\/b><\/p>\n<p> 2024-aluminiumprofiler bruges ofte i luft- og rumfart, bilindustrien og h\u00f8jtydende konstruktioner p\u00e5 grund af deres enest\u00e5ende styrke og udmattelsesmodstand.\n<\/p>\n<p><\/p>\n<p><b>2. Hvad er de vigtigste funktioner i 2024 aluminiumsprofil? <\/b><\/p>\n<p> 2024-aluminiumsprofilen har h\u00f8j tr\u00e6kstyrke, fremragende bearbejdelighed og god udmattelsesmodstand, hvilket g\u00f8r den ideel til pr\u00e6cisionsaluminiumekstrudering.\n<\/p>\n<p><\/p>\n<p><b>3. Er 2024 aluminiumsprofil korrosionsbestandig? <\/b><\/p>\n<p> 2024 aluminiumsprofil har begr\u00e6nset korrosionsbestandighed og er ofte anodiseret eller belagt for at forbedre holdbarheden i barske milj\u00f8er.\n<\/p>\n<p><\/p>\n<p><b>4. Hvorfor v\u00e6lge 2024 aluminium til ekstruderingsprofiler? <\/b><\/p>\n<p> 2024-aluminium giver et overlegent forhold mellem styrke og v\u00e6gt og en fremragende mekanisk ydeevne, hvilket g\u00f8r det til et f\u00f8rstevalg til kritiske aluminiumsekstruderingsdesigns.\n<\/p>\n<p><\/p>\n<p><b>5. Hvordan er 2024 aluminium sammenlignet med 6061 i ekstrudering? <\/b><\/p>\n<p> 2024-aluminiumsprofilen er st\u00e6rkere end 6061, men har lavere korrosionsbestandighed, hvilket g\u00f8r den bedre til applikationer med h\u00f8j belastning, hvor styrke prioriteres.\n<\/p>\n<p><\/p>\n<p><b>6. Kan 2024 aluminiumsprofil svejses? <\/b><\/p>\n<p> 2024 aluminiumsprofil er ikke let at svejse og kr\u00e6ver normalt specielle teknikker eller mekanisk fastg\u00f8relse til samling i aluminiumsprofiler.\n<\/p>\n<p><\/p>\n<p><b>7. Hvilke industrier bruger 2024 aluminiumsprofiler? <\/b><\/p>\n<p> Luftfarts-, transport- og forsvarsindustrien bruger 2024-aluminiumprofiler til lette konstruktionskomponenter, der kr\u00e6ver h\u00f8j ydeevne og holdbarhed.\n<\/p>\n<p><\/p>\n<p><b>8. Er 2024 aluminium egnet til CNC-bearbejdning? <\/b><\/p>\n<p> Ja, 2024 aluminiumsprofil er fremragende til CNC-bearbejdning p\u00e5 grund af sin h\u00f8je styrke og fremragende bearbejdelighed i pr\u00e6cisionsekstruderingsarbejde.\n<\/p>\n<p><\/p>\n<p><b>9. Hvad er de mekaniske egenskaber ved 2024 aluminiumsprofil? <\/b><\/p>\n<p> 2024-aluminiumsprofilen har h\u00f8j flyde- og tr\u00e6kstyrke, hvilket g\u00f8r den ideel til b\u00e6rende aluminiumsekstruderingsopgaver.\n<\/p>\n<p><\/p>\n<p><b>10. Underst\u00f8tter 2024 aluminiumsprofil varmebehandling? <\/b><\/p>\n<p> Ja, 2024-aluminiumsprofilen kan varmebehandles for at forbedre dens mekaniske egenskaber, hvilket er en vigtig fordel ved strukturel ekstrudering af aluminium.\n<\/p>\n<p><\/p>","protected":false},"featured_media":5541,"template":"","categories":[55],"class_list":["post-5542","product","type-product","status-publish","has-post-thumbnail","hentry","category-extruded-aluminum-profiles"],"meta_box":{"hilight_text_group":{"product_hilight_text":"Aluminum extrusion 2024 aluminum profile is a high-strength aluminum alloy product with excellent corrosion resistance and machinability, which is widely used in aviation, aerospace, automotive and other fields.","product_chanpin_chanpin":"<li><a href=\"https:\/\/sinoextrud.com\/product\/aluminium-extrusion-6061-6082-7075-aluminum-alloy-profiles\/\" target=\"_blank\">Aluminium Extrusion 6061 6082 7075 Aluminum Alloy Profiles<\/a><\/li>\r\n<li><a href=\"https:\/\/sinoextrud.com\/product\/aluminium-extrud-anodised-aluminium-tube\/\" target=\"_blank\">Aluminium Extrusion Anodised Aluminium Tube<\/a><\/li>\r\n<li><a href=\"https:\/\/sinoextrud.com\/product\/aluminium-extrusion-tube\/\" target=\"_blank\">Aluminium Extrusion Tube<\/a><\/li>\r\n<li><a href=\"https:\/\/sinoextrud.com\/product\/aluminum-extrud-7003-aluminum-pipe\/\" target=\"_blank\">Aluminum Extrusion 7003 Aluminum Pipe<\/a><\/li>\r\n<li><a href=\"https:\/\/sinoextrud.com\/product\/aluminum-extrusion-2024-aluminum-profile\/\" target=\"_blank\">Aluminum Extrusion 2024 Aluminum Profile<\/a><\/li>\r\n<li><a href=\"https:\/\/sinoextrud.com\/product\/linear-sliding-modules-aluminum-profiles\/\" target=\"_blank\">Linear Sliding Modules Aluminum Profiles<\/a><\/li>\r\n<li><a href=\"https:\/\/sinoextrud.com\/product\/aluminum-extrusion-1060-aluminum-profile\/\" target=\"_blank\">Aluminum Extrusion 1060 Aluminum Profile<\/a><\/li>\r\n<li><a href=\"https:\/\/sinoextrud.com\/product\/aluminum-extrusion-6061-6063-aluminum-profile-for-lamppost\/\" target=\"_blank\">Aluminum Extrusion 6061 6063 Aluminum Profile For Lamppost<\/a><\/li>\r\n<li><a href=\"https:\/\/sinoextrud.com\/product\/6061-6063-6082-street-lamp-column-aluminum-profile\/\" target=\"_blank\">6061 6063 6082 Street Lamp Column Aluminum Profile<\/a><\/li>\r\n<li><a href=\"https:\/\/sinoextrud.com\/product\/black-extruded-aluminum-heat-sink-profiles\/\" target=\"_blank\">Black Extruded Aluminum Heat Sink Profiles<\/a><\/li>\r\n<li><a href=\"https:\/\/sinoextrud.com\/product\/triangle-champagne-aluminum-extruded-tube\/\" target=\"_blank\">Triangle Champagne Aluminum Extruded Tube<\/a><\/li>"},"feature_list":[]},"_links":{"self":[{"href":"https:\/\/sinoextrud.com\/da\/wp-json\/wp\/v2\/product\/5542","targetHints":{"allow":["GET"]}}],"collection":[{"href":"https:\/\/sinoextrud.com\/da\/wp-json\/wp\/v2\/product"}],"about":[{"href":"https:\/\/sinoextrud.com\/da\/wp-json\/wp\/v2\/types\/product"}],"wp:featuredmedia":[{"embeddable":true,"href":"https:\/\/sinoextrud.com\/da\/wp-json\/wp\/v2\/media\/5541"}],"wp:attachment":[{"href":"https:\/\/sinoextrud.com\/da\/wp-json\/wp\/v2\/media?parent=5542"}],"wp:term":[{"taxonomy":"category","embeddable":true,"href":"https:\/\/sinoextrud.com\/da\/wp-json\/wp\/v2\/categories?post=5542"}],"curies":[{"name":"wp","href":"https:\/\/api.w.org\/{rel}","templated":true}]}}