{"id":5540,"date":"2025-05-14T16:33:01","date_gmt":"2025-05-14T16:33:01","guid":{"rendered":"https:\/\/sinoextrud.com\/?post_type=product&#038;p=5540"},"modified":"2025-06-24T03:52:18","modified_gmt":"2025-06-24T03:52:18","slug":"ekstruderet-aluminium-7003-aluminiumsror","status":"publish","type":"product","link":"https:\/\/sinoextrud.com\/da\/product\/aluminum-extrud-7003-aluminum-pipe\/","title":{"rendered":"Ekstrudering af aluminium 7003 aluminiumsr\u00f8r"},"content":{"rendered":"<h2>Detaljer om produkter<\/h2>\n<table class=\"custom-table\">\n<tr>\n<td class=\"label\">Vare<\/td>\n<td>Ekstrudering af aluminium 7003 aluminiumsr\u00f8r<\/td>\n<\/tr>\n<tr>\n<td class=\"label\">Materiale<\/td>\n<td>Aluminium 7003, aluminium 7075 osv.<\/td>\n<\/tr>\n<tr>\n<td class=\"label\">Temperament<\/td>\n<td>T3 - T8<\/td>\n<\/tr>\n<tr>\n<td class=\"label\">Anvendelse<\/td>\n<td>Ideel til brug i bygge-, transport-, bil- og rumfartsindustrien.<\/td>\n<\/tr>\n<tr>\n<td class=\"label\">Overfladebehandling<\/td>\n<td>Anodiseret, pulverlakering, polering, elektroforese, b\u00f8rstet, tr\u00e6korn<\/td>\n<\/tr>\n<tr>\n<td class=\"label\">Farver<\/td>\n<td>I henhold til krav<\/td>\n<\/tr>\n<tr>\n<td class=\"label\">Certifikat<\/td>\n<td>CQM, SGS, CE, BV, SONCAP \/ GB, ISO, JIS, AS, NZS, QUALICOAT, QUOLANOD tilg\u00e6ngelig<\/td>\n<\/tr>\n<\/table>\n<h2>Vores produktionsbase<\/h2>\n<h3>Panorama over fabrikken<\/h3>\n<p><img decoding=\"async\" src=\"\/wp-content\/uploads\/factory-01.webp\"\/><\/p>\n<h3>V\u00e6rksted til fremstilling af aluminiumst\u00e6nger<\/h3>\n<p><img decoding=\"async\" src=\"\/wp-content\/uploads\/factory-02.webp\"\/><\/p>\n<\/p>\n<p><img decoding=\"async\" src=\"\/wp-content\/uploads\/factory-03.webp\"\/><\/p>\n<h3>Lager til opbevaring af skimmelsvampe<\/h3>\n<p><img decoding=\"async\" src=\"\/wp-content\/uploads\/factory-04.webp\"\/><\/p>\n<h3>43 ekstruderingslinjer for aluminium (500-5500 ton)<\/h3>\n<p><img decoding=\"async\" src=\"\/wp-content\/uploads\/factory-05.webp\"\/><\/p>\n<p><img decoding=\"async\" src=\"\/wp-content\/uploads\/factory-06.webp\"\/><\/p>\n<p><img decoding=\"async\" src=\"\/wp-content\/uploads\/factory-07.webp\"\/><\/p>\n<h3>V\u00e6rksted for pulverlakering<\/h3>\n<p><img decoding=\"async\" src=\"\/wp-content\/uploads\/factory-09.webp\"\/><\/p>\n<h3>Anodiseringsv\u00e6rksted<\/h3>\n<p><img decoding=\"async\" src=\"\/wp-content\/uploads\/factory-10.webp\"\/><\/p>\n<h3>Workshop om dyb behandling<\/h3>\n<p><img decoding=\"async\" src=\"\/wp-content\/uploads\/factory-11.webp\"\/><\/p>\n<h3>V\u00e6rksted for CNC-pr\u00e6cisionsbearbejdning<\/h3>\n<p><img decoding=\"async\" src=\"\/wp-content\/uploads\/factory-11.5.webp\"\/><\/p>\n<h3>F\u00e6rdigvare- og eksportlager<\/h3>\n<p><img decoding=\"async\" src=\"\/wp-content\/uploads\/factory-12.webp\"\/><\/p>\n<p><img decoding=\"async\" src=\"\/wp-content\/uploads\/factory-13.webp\"\/><\/p>\n<p><img decoding=\"async\" src=\"\/wp-content\/uploads\/factory-14.webp\"\/><\/p>\n<h2>OFTE STILLEDE SP\u00d8RGSM\u00c5L<\/h2>\n<p><b>1. Hvad bruges 7003 aluminiumsr\u00f8r til? <\/b><\/p>\n<p> 7003 aluminiumsr\u00f8r bruges i vid udstr\u00e6kning i cykelstel, strukturelle komponenter og rumfartsapplikationer p\u00e5 grund af dets h\u00f8je styrke og lette egenskaber.\n<\/p>\n<p><\/p>\n<p><b>2. Hvad er de vigtigste egenskaber ved 7003 aluminiumsr\u00f8r? <\/b><\/p>\n<p> 7003 aluminiumsr\u00f8r har et fremragende forhold mellem styrke og v\u00e6gt, god korrosionsbestandighed og svejsbarhed, hvilket g\u00f8r det ideelt til projekter med strukturel ekstrudering af aluminium.\n<\/p>\n<p><\/p>\n<p><b>3. Kan 7003 aluminiumsr\u00f8r svejses? <\/b><\/p>\n<p> Ja, 7003 aluminiumsr\u00f8r kan svejses og fungerer godt med passende varmebehandling efter svejsning, i mods\u00e6tning til mange andre h\u00f8jstyrke-aluminiumslegeringer.\n<\/p>\n<p><\/p>\n<p><b>4. Hvordan er 7003 aluminiumsr\u00f8r sammenlignet med 6061? <\/b><\/p>\n<p> 7003 aluminiumsr\u00f8r har h\u00f8jere tr\u00e6kstyrke end 6061 og er bedre egnet til kr\u00e6vende konstruktionsopgaver, selvom 6061 giver bedre korrosionsbestandighed uden varmebehandling.\n<\/p>\n<p><\/p>\n<p><b>5. Hvorfor v\u00e6lge 7003 aluminiumsekstrudering til r\u00f8r? <\/b><\/p>\n<p> Ekstrudering af 7003-aluminium giver overlegen mekanisk styrke, letv\u00e6gtsydelse og designfleksibilitet til tilpassede r\u00f8rl\u00f8sninger.\n<\/p>\n<p><\/p>\n<p><b>6. Er 7003 aluminiumsr\u00f8r korrosionsbestandigt? <\/b><\/p>\n<p> Ja, 7003 aluminiumsr\u00f8r giver god korrosionsbestandighed, is\u00e6r n\u00e5r det er anodiseret eller behandlet, hvilket g\u00f8r det velegnet til udend\u00f8rs og marine milj\u00f8er.\n<\/p>\n<p><\/p>\n<p><b>7. Kan 7003 aluminiumsr\u00f8r anodiseres? <\/b><\/p>\n<p> Ja, 7003 aluminiumsr\u00f8r kan anodiseres for at forbedre overfladeh\u00e5rdheden, korrosionsbestandigheden og det \u00e6stetiske udseende i ekstruderingsanvendelser.\n<\/p>\n<p><\/p>\n<p><b>8. Hvilke industrier bruger 7003 aluminiumsr\u00f8r? <\/b><\/p>\n<p> Industrier som rumfart, cykling, bilindustri og byggeri bruger 7003 aluminiumsr\u00f8r p\u00e5 grund af deres styrke, formbarhed og lette ekstruderingsegenskaber.\n<\/p>\n<p><\/p>\n<p><b>9. Hvad er de mekaniske egenskaber ved 7003 aluminiumsr\u00f8r? <\/b><\/p>\n<p> 7003 aluminiumsr\u00f8r giver h\u00f8j tr\u00e6kstyrke, fremragende udmattelsesmodstand og en st\u00e6rk strukturel profil, der er ideel til design af aluminiumsekstrudering.\n<\/p>\n<p><\/p>\n<p><b>10. Er 7003 aluminiumsr\u00f8r egnet til applikationer med h\u00f8j belastning? <\/b><\/p>\n<p> Ja, 7003-aluminiumsr\u00f8r er ideelle til strukturelle anvendelser med h\u00f8j belastning p\u00e5 grund af deres h\u00f8je styrke og stabilitet i ekstruderede aluminiumsformer.\n<\/p>\n<p><\/p>","protected":false},"featured_media":5537,"template":"","categories":[55],"class_list":["post-5540","product","type-product","status-publish","has-post-thumbnail","hentry","category-extruded-aluminum-profiles"],"meta_box":{"hilight_text_group":{"product_hilight_text":"7003 aluminum alloy profile has an excellent welding performance and is widely used in vehicles, construction, bridges, engineering equipment and large pressurized vessel.\r\r\nOur aluminum extrusion 7003 aluminum pipe products are of stable quality and reasonable price, suitable for the application needs of various industries. We adhere to customer-centricity and provide customers with better products and services. If you have a demand about 7003 aluminum tube, please feel free to contact us, we will provide you with the best quality products and services.","product_chanpin_chanpin":"<li><a href=\"https:\/\/sinoextrud.com\/product\/large-aluminum-extrud\/\" target=\"_blank\">Large Aluminum Extrud<\/a><\/li>\r\n<li><a href=\"https:\/\/sinoextrud.com\/product\/aluminium-extrusion-6061-6082-7075-aluminum-alloy-profiles\/\" target=\"_blank\">Aluminium Extrusion 6061 6082 7075 Aluminum Alloy Profiles<\/a><\/li>\r\n<li><a href=\"https:\/\/sinoextrud.com\/product\/aluminium-extrud-anodised-aluminium-tube\/\" target=\"_blank\">Aluminium Extrusion Anodised Aluminium Tube<\/a><\/li>\r\n<li><a href=\"https:\/\/sinoextrud.com\/product\/aluminium-extrusion-tube\/\" target=\"_blank\">Aluminium Extrusion Tube<\/a><\/li>\r\n<li><a href=\"https:\/\/sinoextrud.com\/product\/aluminum-extrud-7003-aluminum-pipe\/\" target=\"_blank\">Aluminum Extrusion 7003 Aluminum Pipe<\/a><\/li>\r\n<li><a href=\"https:\/\/sinoextrud.com\/product\/aluminum-extrusion-2024-aluminum-profile\/\" target=\"_blank\">Aluminum Extrusion 2024 Aluminum Profile<\/a><\/li>\r\n<li><a href=\"https:\/\/sinoextrud.com\/product\/linear-sliding-modules-aluminum-profiles\/\" target=\"_blank\">Linear Sliding Modules Aluminum Profiles<\/a><\/li>\r\n<li><a href=\"https:\/\/sinoextrud.com\/product\/aluminum-extrusion-1060-aluminum-profile\/\" target=\"_blank\">Aluminum Extrusion 1060 Aluminum Profile<\/a><\/li>\r\n<li><a href=\"https:\/\/sinoextrud.com\/product\/aluminum-extrusion-6061-6063-aluminum-profile-for-lamppost\/\" target=\"_blank\">Aluminum Extrusion 6061 6063 Aluminum Profile For Lamppost<\/a><\/li>\r\n<li><a href=\"https:\/\/sinoextrud.com\/product\/extruded-decorative-aluminum-railing-systems\/\" target=\"_blank\">Extruded Decorative Aluminum Railing Systems<\/a><\/li>\r\n<li><a href=\"https:\/\/sinoextrud.com\/product\/circular-aluminum-extrusions\/\" target=\"_blank\">Circular Aluminum Extrusions<\/a><\/li>"},"feature_list":[]},"_links":{"self":[{"href":"https:\/\/sinoextrud.com\/da\/wp-json\/wp\/v2\/product\/5540","targetHints":{"allow":["GET"]}}],"collection":[{"href":"https:\/\/sinoextrud.com\/da\/wp-json\/wp\/v2\/product"}],"about":[{"href":"https:\/\/sinoextrud.com\/da\/wp-json\/wp\/v2\/types\/product"}],"wp:featuredmedia":[{"embeddable":true,"href":"https:\/\/sinoextrud.com\/da\/wp-json\/wp\/v2\/media\/5537"}],"wp:attachment":[{"href":"https:\/\/sinoextrud.com\/da\/wp-json\/wp\/v2\/media?parent=5540"}],"wp:term":[{"taxonomy":"category","embeddable":true,"href":"https:\/\/sinoextrud.com\/da\/wp-json\/wp\/v2\/categories?post=5540"}],"curies":[{"name":"wp","href":"https:\/\/api.w.org\/{rel}","templated":true}]}}