{"id":5536,"date":"2025-05-14T16:10:39","date_gmt":"2025-05-14T16:10:39","guid":{"rendered":"https:\/\/sinoextrud.com\/?post_type=product&#038;p=5536"},"modified":"2025-06-24T03:52:15","modified_gmt":"2025-06-24T03:52:15","slug":"ekstruderingsror-af-aluminium","status":"publish","type":"product","link":"https:\/\/sinoextrud.com\/da\/product\/aluminium-extrusion-tube\/","title":{"rendered":"R\u00f8r til ekstrudering af aluminium"},"content":{"rendered":"<h2>Detaljer om produkter<\/h2>\n<table class=\"custom-table\">\n<tr>\n<td class=\"label\">Produktets navn<\/td>\n<td>Ekstruderingsr\u00f8r af aluminium<\/td>\n<\/tr>\n<tr>\n<td class=\"label\">Produktsortiment<\/td>\n<td>aluminiumekstruderinger til r\u00f8rr\u00f8r aluminiumekstruderingsprofiler, aluminiumr\u00f8r ekstruderingsmaskine, aluminium firkantet r\u00f8r ekstrudering, aluminium r\u00f8r ekstrudering, aluminium ekstrudering rundt r\u00f8r, aluminium sammenklappelig r\u00f8r ekstruderingspresse, aluminium ekstrudering sol blomsterr\u00f8r osv.<\/td>\n<\/tr>\n<tr>\n<td class=\"label\">Egnede systemer Typer<\/td>\n<td>Rundt r\u00f8r, firkantet r\u00f8r, ovalt r\u00f8r, halvrundt r\u00f8r osv.<\/td>\n<\/tr>\n<tr>\n<td class=\"label\">Overfladebehandling<\/td>\n<td>fr\u00e6set f\u00e6rdig, anodiseret, tr\u00e6korn, power coating, sandbl\u00e6sning, elektroforese, b\u00f8rstet, polering osv.<\/td>\n<\/tr>\n<tr>\n<td class=\"label\">CNC-dybbearbejdning<\/td>\n<td>sk\u00e6ring, boring, bearbejdning, stansning, bukning, gevindsk\u00e6ring og s\u00e5 videre<\/td>\n<\/tr>\n<tr>\n<td class=\"label\">Certificeringer<\/td>\n<td>CE, ISO, SGS, TUV, ROHS<\/td>\n<\/tr>\n<tr>\n<td class=\"label\">Pr\u00f8ver<\/td>\n<td>Gratis pr\u00f8ve. 1-3 dage leveret til dig.<\/td>\n<\/tr>\n<tr>\n<td class=\"label\">MOQ<\/td>\n<td>200 kg for hver profil<\/td>\n<\/tr>\n<tr>\n<td class=\"label\">Leveringstid<\/td>\n<td>Formudvikling og pr\u00f8vekonformitet er 12-15 dage, derefter er produktionsvarigheden 15-25 dage efter modtagelse af depositum fra k\u00f8ber.<\/td>\n<\/tr>\n<tr>\n<td class=\"label\">Betalingsbetingelser<\/td>\n<td>30% depositum f\u00f8r produktion og balance f\u00f8r forsendelse.<\/td>\n<\/tr>\n<\/table>\n<h2>Vores produktionsbase<\/h2>\n<h3>Panorama over fabrikken<\/h3>\n<p><img decoding=\"async\" src=\"\/wp-content\/uploads\/factory-01.webp\"\/><\/p>\n<h3>V\u00e6rksted til fremstilling af aluminiumst\u00e6nger<\/h3>\n<p><img decoding=\"async\" src=\"\/wp-content\/uploads\/factory-02.webp\"\/><\/p>\n<\/p>\n<p><img decoding=\"async\" src=\"\/wp-content\/uploads\/factory-03.webp\"\/><\/p>\n<h3>Lager til opbevaring af skimmelsvampe<\/h3>\n<p><img decoding=\"async\" src=\"\/wp-content\/uploads\/factory-04.webp\"\/><\/p>\n<h3>43 ekstruderingslinjer for aluminium (500-5500 ton)<\/h3>\n<p><img decoding=\"async\" src=\"\/wp-content\/uploads\/factory-05.webp\"\/><\/p>\n<p><img decoding=\"async\" src=\"\/wp-content\/uploads\/factory-06.webp\"\/><\/p>\n<p><img decoding=\"async\" src=\"\/wp-content\/uploads\/factory-07.webp\"\/><\/p>\n<h3>V\u00e6rksted for pulverlakering<\/h3>\n<p><img decoding=\"async\" src=\"\/wp-content\/uploads\/factory-09.webp\"\/><\/p>\n<h3>Anodiseringsv\u00e6rksted<\/h3>\n<p><img decoding=\"async\" src=\"\/wp-content\/uploads\/factory-10.webp\"\/><\/p>\n<h3>Workshop om dyb behandling<\/h3>\n<p><img decoding=\"async\" src=\"\/wp-content\/uploads\/factory-11.webp\"\/><\/p>\n<h3>V\u00e6rksted for CNC-pr\u00e6cisionsbearbejdning<\/h3>\n<p><img decoding=\"async\" src=\"\/wp-content\/uploads\/factory-11.5.webp\"\/><\/p>\n<h3>F\u00e6rdigvare- og eksportlager<\/h3>\n<p><img decoding=\"async\" src=\"\/wp-content\/uploads\/factory-12.webp\"\/><\/p>\n<p><img decoding=\"async\" src=\"\/wp-content\/uploads\/factory-13.webp\"\/><\/p>\n<p><img decoding=\"async\" src=\"\/wp-content\/uploads\/factory-14.webp\"\/><\/p>\n<h2>OFTE STILLEDE SP\u00d8RGSM\u00c5L<\/h2>\n<p><b>1. Hvad er et ekstruderingsr\u00f8r i aluminium? <\/b><\/p>\n<p> Et aluminiumekstruderingsr\u00f8r er en hul aluminiumprofil, der er skabt ved at tvinge aluminium gennem en matrice, og som giver lette, st\u00e6rke og korrosionsbestandige l\u00f8sninger til forskellige anvendelser.\n<\/p>\n<p><\/p>\n<p><b>2. Hvad er de vigtigste fordele ved ekstruderingsr\u00f8r af aluminium? <\/b><\/p>\n<p> Ekstruderingsr\u00f8r i aluminium er lette, holdbare, korrosionsbestandige og nemme at fremstille, hvilket g\u00f8r dem ideelle til brug i bilindustrien, byggeriet og industrien.\n<\/p>\n<p><\/p>\n<p><b>3. Hvorfor v\u00e6lge ekstruderingsr\u00f8r i aluminium frem for st\u00e5lr\u00f8r? <\/b><\/p>\n<p> Ekstruderingsr\u00f8r i aluminium foretr\u00e6kkes frem for st\u00e5l p\u00e5 grund af dets lavere v\u00e6gt, overlegne korrosionsbestandighed og h\u00f8je styrke-til-v\u00e6gt-forhold.\n<\/p>\n<p><\/p>\n<p><b>4. Er ekstruderingsr\u00f8r af aluminium egnet til udend\u00f8rs brug? <\/b><\/p>\n<p> Ja, ekstruderingsr\u00f8r i aluminium er meget modstandsdygtige over for vejr og korrosion, hvilket g\u00f8r dem perfekte til udend\u00f8rs konstruktioner og havmilj\u00f8er.\n<\/p>\n<p><\/p>\n<p><b>5. Kan ekstruderingsr\u00f8r i aluminium tilpasses i form og st\u00f8rrelse? <\/b><\/p>\n<p> Absolut, aluminiumekstruderingsr\u00f8r kan fremstilles i en bred vifte af tilpassede former, st\u00f8rrelser og v\u00e6gtykkelser for at opfylde specifikke designkrav.\n<\/p>\n<p><\/p>\n<p><b>6. Hvor st\u00e6rkt er ekstruderingsr\u00f8r af aluminium? <\/b><\/p>\n<p> Ekstruderingsr\u00f8r i aluminium giver fremragende styrke i forhold til v\u00e6gten, is\u00e6r n\u00e5r man bruger h\u00f8jstyrkealuminiumlegeringer som 6061 eller 6082.\n<\/p>\n<p><\/p>\n<p><b>7. Er ekstruderingsr\u00f8r af aluminium milj\u00f8venlige? <\/b><\/p>\n<p> Ja, Aluminium Extrusion Tube er 100% genanvendeligt og underst\u00f8tter b\u00e6redygtig produktion p\u00e5 grund af det lave energiforbrug og genanvendeligheden.\n<\/p>\n<p><\/p>\n<p><b>8. Hvilke overflader er tilg\u00e6ngelige for ekstruderede aluminiumsr\u00f8r? <\/b><\/p>\n<p> Ekstruderingsr\u00f8r af aluminium kan anodiseres, pulverlakeres eller males for at forbedre udseende, overfladeh\u00e5rdhed og korrosionsbestandighed.\n<\/p>\n<p><\/p>\n<p><b>9. Er ekstruderingsr\u00f8r af aluminium omkostningseffektive? <\/b><\/p>\n<p> Ekstruderingsr\u00f8r i aluminium er en omkostningseffektiv l\u00f8sning takket v\u00e6re deres lange levetid, lave vedligeholdelse og effektive fremstillingsproces.\n<\/p>\n<p><\/p>\n<p><b>10. Hvilke industrier bruger ekstruderingsr\u00f8r af aluminium? <\/b><\/p>\n<p> Ekstruderingsr\u00f8r af aluminium bruges i vid udstr\u00e6kning i bil-, luftfarts-, bygge-, elektronik- og m\u00f8belindustrien p\u00e5 grund af deres alsidighed og ydeevne.\n<\/p>\n<p><\/p>","protected":false},"featured_media":5534,"template":"","categories":[55],"class_list":["post-5536","product","type-product","status-publish","has-post-thumbnail","hentry","category-extruded-aluminum-profiles"],"meta_box":{"hilight_text_group":{"product_hilight_text":"Sinoextrud offers aluminium extrusion tubes in a variety of materials, such as 3003 series, 5052 series, 5083 series, 6005 series,6060 series, 6061 series, 6063 series, 6082 series.","product_chanpin_chanpin":"<li><a href=\"https:\/\/sinoextrud.com\/product\/large-aluminum-extrusion\/\" target=\"_blank\">Large Aluminum Extrusion<\/a><\/li>\r\n<li><a href=\"https:\/\/sinoextrud.com\/product\/large-aluminum-extrud\/\" target=\"_blank\">Large Aluminum Extrud<\/a><\/li>\r\n<li><a href=\"https:\/\/sinoextrud.com\/product\/aluminium-extrusion-6061-6082-7075-aluminum-alloy-profiles\/\" target=\"_blank\">Aluminium Extrusion 6061 6082 7075 Aluminum Alloy Profiles<\/a><\/li>\r\n<li><a href=\"https:\/\/sinoextrud.com\/product\/aluminium-extrud-anodised-aluminium-tube\/\" target=\"_blank\">Aluminium Extrusion Anodised Aluminium Tube<\/a><\/li>\r\n<li><a href=\"https:\/\/sinoextrud.com\/product\/aluminium-extrusion-tube\/\" target=\"_blank\">Aluminium Extrusion Tube<\/a><\/li>\r\n<li><a href=\"https:\/\/sinoextrud.com\/product\/aluminum-extrud-7003-aluminum-pipe\/\" target=\"_blank\">Aluminum Extrusion 7003 Aluminum Pipe<\/a><\/li>\r\n<li><a href=\"https:\/\/sinoextrud.com\/product\/aluminum-extrusion-2024-aluminum-profile\/\" target=\"_blank\">Aluminum Extrusion 2024 Aluminum Profile<\/a><\/li>\r\n<li><a href=\"https:\/\/sinoextrud.com\/product\/linear-sliding-modules-aluminum-profiles\/\" target=\"_blank\">Linear Sliding Modules Aluminum Profiles<\/a><\/li>\r\n<li><a href=\"https:\/\/sinoextrud.com\/product\/aluminum-extrusion-1060-aluminum-profile\/\" target=\"_blank\">Aluminum Extrusion 1060 Aluminum Profile<\/a><\/li>\r\n<li><a href=\"https:\/\/sinoextrud.com\/product\/aluminium-extrud-anodised-aluminium-tube\/\" target=\"_blank\">Aluminium Extrusion Anodised Aluminium Tube<\/a><\/li>\r\n<li><a href=\"https:\/\/sinoextrud.com\/product\/aluminium-railings\/\" target=\"_blank\">Aluminium Railings<\/a><\/li>"},"feature_list":[]},"_links":{"self":[{"href":"https:\/\/sinoextrud.com\/da\/wp-json\/wp\/v2\/product\/5536","targetHints":{"allow":["GET"]}}],"collection":[{"href":"https:\/\/sinoextrud.com\/da\/wp-json\/wp\/v2\/product"}],"about":[{"href":"https:\/\/sinoextrud.com\/da\/wp-json\/wp\/v2\/types\/product"}],"wp:featuredmedia":[{"embeddable":true,"href":"https:\/\/sinoextrud.com\/da\/wp-json\/wp\/v2\/media\/5534"}],"wp:attachment":[{"href":"https:\/\/sinoextrud.com\/da\/wp-json\/wp\/v2\/media?parent=5536"}],"wp:term":[{"taxonomy":"category","embeddable":true,"href":"https:\/\/sinoextrud.com\/da\/wp-json\/wp\/v2\/categories?post=5536"}],"curies":[{"name":"wp","href":"https:\/\/api.w.org\/{rel}","templated":true}]}}