{"id":4161,"date":"2025-05-06T03:26:02","date_gmt":"2025-05-06T03:26:02","guid":{"rendered":"https:\/\/sinoextrud.com\/?post_type=product&#038;p=4161"},"modified":"2025-06-24T03:52:08","modified_gmt":"2025-06-24T03:52:08","slug":"stor-ekstruderet-aluminium","status":"publish","type":"product","link":"https:\/\/sinoextrud.com\/da\/product\/large-aluminum-extrud\/","title":{"rendered":"Stort ekstruderet aluminium"},"content":{"rendered":"<h2>STANDARDST\u00d8RRELSE<\/h2>\n<table class=\"custom-table\">\n<tr>\n<td class=\"label\">NAVN<\/td>\n<td>Stort ekstruderet aluminium<\/td>\n<\/tr>\n<tr>\n  <\/tr>\n<tr>\n<td class=\"label\">Materiale Legering<\/td>\n<td>6061-T6 \/ 6082-T6 \/ 6063-T5<\/td>\n<\/tr>\n<tr>\n<td class=\"label\">Maks. sektionsst\u00f8rrelse<\/td>\n<td>Op til 500 mm bredde (kan tilpasses)<\/td>\n<\/tr>\n<tr>\n<td class=\"label\">V\u00e6ggens tykkelse<\/td>\n<td>2 mm - 25 mm<\/td>\n<\/tr>\n<tr>\n<td class=\"label\">L\u00e6ngde<\/td>\n<td>Op til 12 meter (specialtilpasning mulig)<\/td>\n<\/tr>\n<tr>\n<td class=\"label\">Tolerance<\/td>\n<td>\u00b10,1 mm (baseret p\u00e5 profilst\u00f8rrelse og tegning)<\/td>\n<\/tr>\n<tr>\n<td class=\"label\">Overfladebehandling<\/td>\n<td>Anodisering, pulverlakering, sandbl\u00e6sning, fr\u00e6sning<\/td>\n<\/tr>\n<tr>\n<td class=\"label\">Anvendelser<\/td>\n<td>Industrielle rammer, transportchassis, udstyrshuse<\/td>\n<\/tr>\n<\/table>\n<h2>Vores produktionsbase<\/h2>\n<h3>Panorama over fabrikken<\/h3>\n<p><img decoding=\"async\" src=\"\/wp-content\/uploads\/factory-01.webp\"\/><\/p>\n<h3>V\u00e6rksted til fremstilling af aluminiumst\u00e6nger<\/h3>\n<p><img decoding=\"async\" src=\"\/wp-content\/uploads\/factory-02.webp\"\/><\/p>\n<\/p>\n<p><img decoding=\"async\" src=\"\/wp-content\/uploads\/factory-03.webp\"\/><\/p>\n<h3>Lager til opbevaring af skimmelsvampe<\/h3>\n<p><img decoding=\"async\" src=\"\/wp-content\/uploads\/factory-04.webp\"\/><\/p>\n<h3>43 ekstruderingslinjer for aluminium (500-5500 ton)<\/h3>\n<p><img decoding=\"async\" src=\"\/wp-content\/uploads\/factory-05.webp\"\/><\/p>\n<p><img decoding=\"async\" src=\"\/wp-content\/uploads\/factory-06.webp\"\/><\/p>\n<p><img decoding=\"async\" src=\"\/wp-content\/uploads\/factory-07.webp\"\/><\/p>\n<h3>V\u00e6rksted for pulverlakering<\/h3>\n<p><img decoding=\"async\" src=\"\/wp-content\/uploads\/factory-09.webp\"\/><\/p>\n<h3>Anodiseringsv\u00e6rksted<\/h3>\n<p><img decoding=\"async\" src=\"\/wp-content\/uploads\/factory-10.webp\"\/><\/p>\n<h3>Workshop om dyb behandling<\/h3>\n<p><img decoding=\"async\" src=\"\/wp-content\/uploads\/factory-11.webp\"\/><\/p>\n<h3>V\u00e6rksted for CNC-pr\u00e6cisionsbearbejdning<\/h3>\n<p><img decoding=\"async\" src=\"\/wp-content\/uploads\/factory-11.5.webp\"\/><\/p>\n<h3>F\u00e6rdigvare- og eksportlager<\/h3>\n<p><img decoding=\"async\" src=\"\/wp-content\/uploads\/factory-12.webp\"\/><\/p>\n<p><img decoding=\"async\" src=\"\/wp-content\/uploads\/factory-13.webp\"\/><\/p>\n<p><img decoding=\"async\" src=\"\/wp-content\/uploads\/factory-14.webp\"\/><\/p>\n<h2>OFTE STILLEDE SP\u00d8RGSM\u00c5L<\/h2>\n<p><b>1. Hvad bruges store aluminiumsprofiler til?                    <\/b><\/p>\n<p>Store aluminiumprofiler bruges ofte i byggeri, transport, rumfart og industrimaskiner til strukturelle rammer, platforme og kabinetter.\n<\/p>\n<p><\/p>\n<p><b>2. Hvad er fordelene ved store aluminiumsprofiler?             <\/b><\/p>\n<p>Store aluminiumsprofiler giver h\u00f8j styrke, letv\u00e6gtsegenskaber, fremragende korrosionsbestandighed og designfleksibilitet til tilpassede industrielle anvendelser.\n<\/p>\n<p><\/p>\n<p><b>3. Hvorfor v\u00e6lge store aluminiumsprofiler frem for st\u00e5l?                 <\/b><\/p>\n<p>Store aluminiumsprofiler er betydeligt lettere end st\u00e5l, lettere at bearbejde, korrosionsbestandige og ideelle til anvendelser, der kr\u00e6ver b\u00e5de styrke og reduceret v\u00e6gt.\n<\/p>\n<p><\/p>\n<p><b>4. kan store aluminiumsprofiler tilpasses?                    <\/b><\/p>\n<p>Ja, store aluminiumsprofiler kan tilpasses fuldt ud med hensyn til form, st\u00f8rrelse og legeringssammens\u00e6tning for at opfylde specifikke projektkrav.\n<\/p>\n<p><\/p>\n<p><b>5. Er store aluminiumsprofiler egnede til udend\u00f8rs brug?         <\/b><\/p>\n<p>Absolut, store aluminiumsprofiler er meget modstandsdygtige over for korrosion og UV-nedbrydning, hvilket g\u00f8r dem ideelle til udend\u00f8rs strukturelle og arkitektoniske anvendelser.\n<\/p>\n<p><\/p>\n<p><b>6. Hvilke legeringer bruges ofte til store aluminiumsprofiler?    <\/b><\/p>\n<p>Almindelige legeringer omfatter aluminium i 6061-, 6082- og 7000-serien, som giver en balance mellem styrke, korrosionsbestandighed og bearbejdelighed.\n<\/p>\n<p><\/p>\n<p><b>7. Hvordan fremstilles store aluminiumsprofiler?                 <\/b><\/p>\n<p>Store aluminiumsprofiler produceres ved at opvarme aluminiumsst\u00e6nger og tvinge dem gennem pr\u00e6cisionsmatricer for at danne kontinuerlige, tilpassede profiler.\n<\/p>\n<p><\/p>\n<p><b>8. Hvad er den maksimale st\u00f8rrelse p\u00e5 store aluminiumsprofiler?          <\/b><\/p>\n<p>Den maksimale st\u00f8rrelse p\u00e5 store aluminiumsprofiler afh\u00e6nger af pressens kapacitet, men kan overstige 20 tommer i diameter og flere meter i l\u00e6ngden.\n<\/p>\n<p><\/p>\n<p><b>9. Er store aluminiumsprofiler milj\u00f8venlige?         <\/b><\/p>\n<p>Ja, aluminium er 100% genanvendeligt, og store aluminiumsprofiler bidrager til b\u00e6redygtig produktion med reduceret milj\u00f8p\u00e5virkning.\n<\/p>\n<p><\/p>\n<p><b>10. Hvordan forbedrer store aluminiumsprofiler den strukturelle ydeevne?<\/b><\/p>\n<p>Store aluminiumsprofiler giver et fremragende forhold mellem stivhed og v\u00e6gt, hvilket muligg\u00f8r st\u00e6rke, men lette konstruktioner til kr\u00e6vende anvendelser.\n<\/p>\n<p><\/p>","protected":false},"featured_media":4116,"template":"","categories":[55],"class_list":["post-4161","product","type-product","status-publish","has-post-thumbnail","hentry","category-extruded-aluminum-profiles"],"meta_box":{"hilight_text_group":{"product_hilight_text":"<li>High strength-to-weight ratio for heavy-duty structural applications<\/li>\r\r\n<li>Customizable profiles to meet specific industrial requirements<\/li>\r\r\n<li>Excellent corrosion resistance for long-term outdoor use<\/li>\r\r\n<li>Reduced material weight lowers transportation and installation costs<\/li>\r\r\n<li>Compatible with a wide range of surface finishes for enhanced durability<\/li>\r\r\n<li>Precision manufacturing ensures consistent quality and dimensional accuracy<\/li>","product_chanpin_chanpin":"<li><a href=\"https:\/\/sinoextrud.com\/product\/custom-made-ceiling-system\/\" target=\"_blank\">Custom-made Ceiling System<\/a><\/li>\r\n<li><a href=\"https:\/\/sinoextrud.com\/product\/aluminum-cladding-system\/\" target=\"_blank\">Aluminum Cladding System<\/a><\/li>\r\n<li><a href=\"https:\/\/sinoextrud.com\/product\/oval-aluminum-extrusion-profile\/\" target=\"_blank\">Oval Aluminum Extrusion Profile<\/a><\/li>\r\n<li><a href=\"https:\/\/sinoextrud.com\/product\/large-aluminum-extrusion\/\" target=\"_blank\">Large Aluminum Extrusion<\/a><\/li>\r\n<li><a href=\"https:\/\/sinoextrud.com\/product\/large-aluminum-extrud\/\" target=\"_blank\">Large Aluminum Extrud<\/a><\/li>\r\n<li><a href=\"https:\/\/sinoextrud.com\/product\/aluminium-extrusion-6061-6082-7075-aluminum-alloy-profiles\/\" target=\"_blank\">Aluminium Extrusion 6061 6082 7075 Aluminum Alloy Profiles<\/a><\/li>\r\n<li><a href=\"https:\/\/sinoextrud.com\/product\/aluminium-extrud-anodised-aluminium-tube\/\" target=\"_blank\">Aluminium Extrusion Anodised Aluminium Tube<\/a><\/li>\r\n<li><a href=\"https:\/\/sinoextrud.com\/product\/aluminium-extrusion-tube\/\" target=\"_blank\">Aluminium Extrusion Tube<\/a><\/li>\r\n<li><a href=\"https:\/\/sinoextrud.com\/product\/aluminum-extrud-7003-aluminum-pipe\/\" target=\"_blank\">Aluminum Extrusion 7003 Aluminum Pipe<\/a><\/li>\r\n<li><a href=\"https:\/\/sinoextrud.com\/product\/aluminium-profile-drilling-cutting-bending-puching-processing\/\" target=\"_blank\">Aluminium profile drilling cutting bending puching processing<\/a><\/li>\r\n<li><a href=\"https:\/\/sinoextrud.com\/product\/high-precision-aluminium-profiles\/\" target=\"_blank\">High Precision Aluminium Profiles<\/a><\/li>"},"feature_list":[]},"_links":{"self":[{"href":"https:\/\/sinoextrud.com\/da\/wp-json\/wp\/v2\/product\/4161","targetHints":{"allow":["GET"]}}],"collection":[{"href":"https:\/\/sinoextrud.com\/da\/wp-json\/wp\/v2\/product"}],"about":[{"href":"https:\/\/sinoextrud.com\/da\/wp-json\/wp\/v2\/types\/product"}],"wp:featuredmedia":[{"embeddable":true,"href":"https:\/\/sinoextrud.com\/da\/wp-json\/wp\/v2\/media\/4116"}],"wp:attachment":[{"href":"https:\/\/sinoextrud.com\/da\/wp-json\/wp\/v2\/media?parent=4161"}],"wp:term":[{"taxonomy":"category","embeddable":true,"href":"https:\/\/sinoextrud.com\/da\/wp-json\/wp\/v2\/categories?post=4161"}],"curies":[{"name":"wp","href":"https:\/\/api.w.org\/{rel}","templated":true}]}}