{"id":3777,"date":"2025-04-30T14:53:06","date_gmt":"2025-04-30T14:53:06","guid":{"rendered":"https:\/\/sinoextrud.com\/?post_type=product&#038;p=3777"},"modified":"2025-06-24T03:52:06","modified_gmt":"2025-06-24T03:52:06","slug":"store-aluminiumsprofiler","status":"publish","type":"product","link":"https:\/\/sinoextrud.com\/da\/product\/large-aluminum-extrusion\/","title":{"rendered":"Stort ekstruderet aluminium"},"content":{"rendered":"<h2>STANDARDST\u00d8RRELSE<\/h2>\n<table class=\"custom-table\">\n<tr>\n<td class=\"label\">Materiale Legering<\/td>\n<td>6061-T6 \/ 6082-T6 \/ 6063-T5<\/td>\n<\/tr>\n<tr>\n<td class=\"label\">Maks. sektionsst\u00f8rrelse<\/td>\n<td>Op til 500 mm bredde (kan tilpasses)<\/td>\n<\/tr>\n<tr>\n<td class=\"label\">V\u00e6ggens tykkelse<\/td>\n<td>2 mm - 25 mm<\/td>\n<\/tr>\n<tr>\n<td class=\"label\">L\u00e6ngde<\/td>\n<td>Op til 12 meter (specialtilpasning mulig)<\/td>\n<\/tr>\n<tr>\n<td class=\"label\">Tolerance<\/td>\n<td>\u00b10,1 mm (baseret p\u00e5 profilst\u00f8rrelse og tegning)<\/td>\n<\/tr>\n<tr>\n<td class=\"label\">Overfladebehandling<\/td>\n<td>Anodisering, pulverlakering, sandbl\u00e6sning, fr\u00e6sning<\/td>\n<\/tr>\n<tr>\n<td class=\"label\">Anvendelser<\/td>\n<td>Industrielle rammer, transportchassis, udstyrshuse<\/td>\n<\/tr>\n<\/table>\n<h2>Vores produktionsbase<\/h2>\n<h3>Panorama over fabrikken<\/h3>\n<p><img decoding=\"async\" src=\"\/wp-content\/uploads\/factory-01.webp\"\/><\/p>\n<h3>V\u00e6rksted til fremstilling af aluminiumst\u00e6nger<\/h3>\n<p><img decoding=\"async\" src=\"\/wp-content\/uploads\/factory-02.webp\"\/><\/p>\n<\/p>\n<p><img decoding=\"async\" src=\"\/wp-content\/uploads\/factory-03.webp\"\/><\/p>\n<h3>Lager til opbevaring af skimmelsvampe<\/h3>\n<p><img decoding=\"async\" src=\"\/wp-content\/uploads\/factory-04.webp\"\/><\/p>\n<h3>43 ekstruderingslinjer for aluminium (500-5500 ton)<\/h3>\n<p><img decoding=\"async\" src=\"\/wp-content\/uploads\/factory-05.webp\"\/><\/p>\n<p><img decoding=\"async\" src=\"\/wp-content\/uploads\/factory-06.webp\"\/><\/p>\n<p><img decoding=\"async\" src=\"\/wp-content\/uploads\/factory-07.webp\"\/><\/p>\n<h3>V\u00e6rksted for pulverlakering<\/h3>\n<p><img decoding=\"async\" src=\"\/wp-content\/uploads\/factory-09.webp\"\/><\/p>\n<h3>Anodiseringsv\u00e6rksted<\/h3>\n<p><img decoding=\"async\" src=\"\/wp-content\/uploads\/factory-10.webp\"\/><\/p>\n<h3>Workshop om dyb behandling<\/h3>\n<p><img decoding=\"async\" src=\"\/wp-content\/uploads\/factory-11.webp\"\/><\/p>\n<h3>V\u00e6rksted for CNC-pr\u00e6cisionsbearbejdning<\/h3>\n<p><img decoding=\"async\" src=\"\/wp-content\/uploads\/factory-11.5.webp\"\/><\/p>\n<h3>F\u00e6rdigvare- og eksportlager<\/h3>\n<p><img decoding=\"async\" src=\"\/wp-content\/uploads\/factory-12.webp\"\/><\/p>\n<p><img decoding=\"async\" src=\"\/wp-content\/uploads\/factory-13.webp\"\/><\/p>\n<p><img decoding=\"async\" src=\"\/wp-content\/uploads\/factory-14.webp\"\/><\/p>\n<h2>OFTE STILLEDE SP\u00d8RGSM\u00c5L<\/h2>\n<p><b>1. Hvad er store aluminiumsprofiler?<\/b><\/p>\n<p>Ekstrudering af stort aluminium refererer til processen med at forme overdimensionerede aluminiumsprofiler med komplekse tv\u00e6rsnit, der er ideelle til strukturelle og industrielle anvendelser.\n<\/p>\n<p><\/p>\n<p><b>2. Hvad er fordelene ved store aluminiumsprofiler?<\/b><\/p>\n<p>Store aluminiumsprofiler giver h\u00f8j styrke, letv\u00e6gtsegenskaber, korrosionsbestandighed og alsidighed til en lang r\u00e6kke tunge anvendelser.\n<\/p>\n<p><\/p>\n<p><b>3. Hvorfor v\u00e6lge store aluminiumsprofiler frem for st\u00e5l?<\/b><\/p>\n<p>Store aluminiumsprofiler er lettere end st\u00e5l, korrosionsbestandige og giver mulighed for s\u00f8ml\u00f8se, specialformede komponenter med f\u00e6rre svejsninger og samlinger.\n<\/p>\n<p><\/p>\n<p><b>4. Hvilke industrier bruger store aluminiumsprofiler?<\/b><\/p>\n<p>Industrier som rumfart, byggeri, transport, vedvarende energi og fremstilling af tungt udstyr bruger i vid udstr\u00e6kning store aluminiumprofiler.\n<\/p>\n<p><\/p>\n<p><b>5. Er store aluminiumsprofiler egnede til udend\u00f8rs brug?<\/b><\/p>\n<p>Ja, store aluminiumsprofiler har en fremragende vejr- og korrosionsbestandighed, hvilket g\u00f8r dem ideelle til udend\u00f8rs og marine milj\u00f8er.\n<\/p>\n<p><\/p>\n<p><b>6. kan store aluminiumsprofiler tilpasses?<\/b><\/p>\n<p>Ja, store aluminiumsprofiler kan tilpasses i form, st\u00f8rrelse, legering og overfladefinish for at opfylde specifikke strukturelle eller \u00e6stetiske krav.\n<\/p>\n<p><\/p>\n<p><b>7. Hvad er de almindelige legeringer til store aluminiumsekstruderinger?<\/b><\/p>\n<p>Popul\u00e6re legeringer til store aluminiumsekstruderinger omfatter 6061, 6082 og 7005, som er kendt for deres styrke, holdbarhed og fremragende bearbejdelighed.\n<\/p>\n<p><\/p>\n<p><b>8. Hvordan forbedrer store aluminiumsprofiler den strukturelle ydeevne?<\/b><\/p>\n<p>Store aluminiumsprofiler giver et overlegent forhold mellem styrke og v\u00e6gt, reducerer samlingskompleksiteten og forbedrer den strukturelle integritet i kr\u00e6vende anvendelser.\n<\/p>\n<p><\/p>\n<p><b>9. Er store aluminiumsprofiler milj\u00f8venlige?<\/b><\/p>\n<p>Ja, aluminium er 100% genanvendeligt, og store aluminiumsprofiler bidrager til b\u00e6redygtige fremstillingsprocesser med lavt spild.\n<\/p>\n<p><\/p>\n<p><b>10. Kan store aluminiumsprofiler anodiseres eller males?<\/b><\/p>\n<p>Store aluminiumsprofiler kan absolut anodiseres, pulverlakeres eller males for at forbedre overfladens holdbarhed og udseende.\n<\/p>\n<p><\/p>","protected":false},"featured_media":3778,"template":"","categories":[55],"class_list":["post-3777","product","type-product","status-publish","has-post-thumbnail","hentry","category-extruded-aluminum-profiles"],"meta_box":{"hilight_text_group":{"product_hilight_text":"<li>Designed for heavy-duty structural applications with excellent load-bearing capacity<\/li>\r\r\n<li>Available in large cross-sections to meet industrial-scale project requirements<\/li>\r\r\n<li>Precision extrusion with tight tolerances, ideal for machining and assembly<\/li>\r\r\n<li>Custom lengths, alloys, and surface finishes available for tailored solutions<\/li>\r\r\n<li>Reliable bulk production for construction, transportation, and equipment manufacturing<\/li>","product_chanpin_chanpin":"<li><a href=\"https:\/\/sinoextrud.com\/product\/o-shaped-pipe-baffle-ceiling-system\/\" target=\"_blank\">O-shaped pipe Baffle Ceiling System<\/a><\/li>\r\n<li><a href=\"https:\/\/sinoextrud.com\/product\/custom-made-ceiling-system\/\" target=\"_blank\">Custom-made Ceiling System<\/a><\/li>\r\n<li><a href=\"https:\/\/sinoextrud.com\/product\/aluminum-cladding-system\/\" target=\"_blank\">Aluminum Cladding System<\/a><\/li>\r\n<li><a href=\"https:\/\/sinoextrud.com\/product\/oval-aluminum-extrusion-profile\/\" target=\"_blank\">Oval Aluminum Extrusion Profile<\/a><\/li>\r\n<li><a href=\"https:\/\/sinoextrud.com\/product\/large-aluminum-extrusion\/\" target=\"_blank\">Large Aluminum Extrusion<\/a><\/li>\r\n<li><a href=\"https:\/\/sinoextrud.com\/product\/large-aluminum-extrud\/\" target=\"_blank\">Large Aluminum Extrud<\/a><\/li>\r\n<li><a href=\"https:\/\/sinoextrud.com\/product\/aluminium-extrusion-6061-6082-7075-aluminum-alloy-profiles\/\" target=\"_blank\">Aluminium Extrusion 6061 6082 7075 Aluminum Alloy Profiles<\/a><\/li>\r\n<li><a href=\"https:\/\/sinoextrud.com\/product\/aluminium-extrud-anodised-aluminium-tube\/\" target=\"_blank\">Aluminium Extrusion Anodised Aluminium Tube<\/a><\/li>\r\n<li><a href=\"https:\/\/sinoextrud.com\/product\/aluminium-extrusion-tube\/\" target=\"_blank\">Aluminium Extrusion Tube<\/a><\/li>\r\n<li><a href=\"https:\/\/sinoextrud.com\/product\/custom-aluminum-tongue-and-groove-extrusion\/\" target=\"_blank\">Custom Aluminum Tongue And Groove Extrusion<\/a><\/li>\r\n<li><a href=\"https:\/\/sinoextrud.com\/product\/aluminium-bars\/\" target=\"_blank\">Aluminium Bars<\/a><\/li>"},"feature_list":[]},"_links":{"self":[{"href":"https:\/\/sinoextrud.com\/da\/wp-json\/wp\/v2\/product\/3777","targetHints":{"allow":["GET"]}}],"collection":[{"href":"https:\/\/sinoextrud.com\/da\/wp-json\/wp\/v2\/product"}],"about":[{"href":"https:\/\/sinoextrud.com\/da\/wp-json\/wp\/v2\/types\/product"}],"wp:featuredmedia":[{"embeddable":true,"href":"https:\/\/sinoextrud.com\/da\/wp-json\/wp\/v2\/media\/3778"}],"wp:attachment":[{"href":"https:\/\/sinoextrud.com\/da\/wp-json\/wp\/v2\/media?parent=3777"}],"wp:term":[{"taxonomy":"category","embeddable":true,"href":"https:\/\/sinoextrud.com\/da\/wp-json\/wp\/v2\/categories?post=3777"}],"curies":[{"name":"wp","href":"https:\/\/api.w.org\/{rel}","templated":true}]}}