{"id":3638,"date":"2025-04-27T06:22:34","date_gmt":"2025-04-27T06:22:34","guid":{"rendered":"https:\/\/sinoextrud.com\/?post_type=product&#038;p=3638"},"modified":"2025-06-24T03:52:02","modified_gmt":"2025-06-24T03:52:02","slug":"beklaedningssystem-af-aluminium","status":"publish","type":"product","link":"https:\/\/sinoextrud.com\/da\/product\/aluminum-cladding-system\/","title":{"rendered":"Bekl\u00e6dningssystem af aluminium"},"content":{"rendered":"<h2>STANDARDST\u00d8RRELSE<\/h2>\n<p><img loading=\"lazy\" decoding=\"async\" src=\"https:\/\/sinoextrud.com\/wp-content\/uploads\/Aluminum-Cladding-System-gg.webp\" alt=\"Bekl\u00e6dningssystem af aluminium\" width=\"638\" height=\"778\" class=\"size-full wp-image-3642\" srcset=\"https:\/\/sinoextrud.com\/wp-content\/uploads\/Aluminum-Cladding-System-gg.webp 638w, https:\/\/sinoextrud.com\/wp-content\/uploads\/Aluminum-Cladding-System-gg-10x12.webp 10w, https:\/\/sinoextrud.com\/wp-content\/uploads\/Aluminum-Cladding-System-gg-600x732.webp 600w\" sizes=\"auto, (max-width: 638px) 100vw, 638px\" \/><\/p>\n<h2>Produktionsproces<\/h2>\n<p><img decoding=\"async\" src=\"\/wp-content\/uploads\/zzlc01.webp\" alt=\"Produktionsproces\"  \/><br \/>\n<img decoding=\"async\" src=\"\/wp-content\/uploads\/zzlc02.webp\" alt=\"Produktionsproces\"  \/><br \/>\n<img decoding=\"async\" src=\"\/wp-content\/uploads\/zzlc03.webp\" alt=\"Produktionsproces\"  \/><br \/>\n<img decoding=\"async\" src=\"\/wp-content\/uploads\/zzlc04.webp\" alt=\"Produktionsproces\"  \/><\/p>\n<h2>OFTE STILLEDE SP\u00d8RGSM\u00c5L<\/h2>\n<p><b>1. Hvad er et aluminiumsbekl\u00e6dningssystem?<\/b><\/p>\n<p>Et aluminiumsbekl\u00e6dningssystem er en udvendig v\u00e6gbekl\u00e6dning lavet af lette aluminiumspaneler designet til at beskytte bygninger og forbedre den \u00e6stetiske appel.\n<\/p>\n<p><\/p>\n<p><b>2. Hvad er fordelene ved at bruge et aluminiumsbekl\u00e6dningssystem?<\/b><\/p>\n<p>Aluminiumsbekl\u00e6dningssystemer giver overlegen vejrbestandighed, lav vedligeholdelse, brandsikkerhed og moderne visuelt design til erhvervs- og boligbygninger.\n<\/p>\n<p><\/p>\n<p><b>3. Er aluminiumsbekl\u00e6dning egnet til h\u00f8jhuse?<\/b><\/p>\n<p>Ja, aluminiumsbekl\u00e6dningssystemer er ideelle til h\u00f8jhuse p\u00e5 grund af deres lette struktur, holdbarhed og nemme installation.\n<\/p>\n<p><\/p>\n<p><b>4. Hvordan forbedrer aluminiumsbekl\u00e6dning energieffektiviteten?<\/b><\/p>\n<p>Aluminiumsbekl\u00e6dningssystemer kan indeholde isoleringslag, der forbedrer den termiske ydeevne og reducerer energiforbruget i bygninger.\n<\/p>\n<p><\/p>\n<p><b>5. Kan aluminiumsbekl\u00e6dningssystemer tilpasses?<\/b><\/p>\n<p>Ja, aluminiumsbekl\u00e6dningspaneler kan tilpasses i st\u00f8rrelse, farve, finish og tekstur for at opfylde arkitektoniske og brandingm\u00e6ssige krav.\n<\/p>\n<p><\/p>\n<p><b>6. Er aluminiumsbekl\u00e6dningssystemer vejrbestandige?<\/b><\/p>\n<p>Absolut, aluminiumsbekl\u00e6dningssystemer giver fremragende beskyttelse mod regn, vind, UV-str\u00e5ler og temperatursvingninger.\n<\/p>\n<p><\/p>\n<p><b>7. Hvilke overflader kan man f\u00e5 til bekl\u00e6dningspaneler af aluminium?<\/b><\/p>\n<p>Aluminiumsbekl\u00e6dningspaneler f\u00e5s i anodiseret, pulverlakeret, b\u00f8rstet og tr\u00e6agtig finish til b\u00e5de funktionelle og \u00e6stetiske anvendelser.\n<\/p>\n<p><\/p>\n<p><b>8. Er aluminiumsbekl\u00e6dning milj\u00f8venlig?<\/b><\/p>\n<p>Ja, aluminiumsbekl\u00e6dningssystemer er b\u00e6redygtige, genanvendelige og bidrager til gr\u00f8nne bygningscertificeringer som LEED og BREEAM.\n<\/p>\n<p><\/p>\n<p><b>9. Hvor l\u00e6nge holder aluminiumsbekl\u00e6dning?<\/b><\/p>\n<p>Aluminiumsbekl\u00e6dningssystemer har en lang levetid, typisk over 30 \u00e5r med minimal vedligeholdelse p\u00e5 grund af deres korrosionsbestandige egenskaber.\n<\/p>\n<p><\/p>\n<p><b>10. Hvilke typer bygninger har gavn af aluminiumsbekl\u00e6dning?<\/b><\/p>\n<p>Aluminiumsbekl\u00e6dning bruges i kommercielle komplekser, lufthavne, boligt\u00e5rne, hospitaler og uddannelsesinstitutioner til moderne udvendigt design og ydeevne.\n<\/p>\n<p><\/p>","protected":false},"featured_media":3641,"template":"","categories":[53],"class_list":["post-3638","product","type-product","status-publish","has-post-thumbnail","hentry","category-aluminum-cladding-system"],"meta_box":{"hilight_text_group":{"product_hilight_text":"<ul>\r\r\n<li>High-strength and lightweight aluminum panels ensure excellent durability and structural performance.<\/li>\r\r\n<li>Outstanding weather resistance, corrosion resistance, and UV protection for long-lasting exterior applications.<\/li>\r\r\n<li>Wide range of surface finishes including powder coating, PVDF coating, and anodizing for premium aesthetics.<\/li>\r\r\n<li>Flexible customization in size, shape, color, and texture to meet diverse architectural design requirements.<\/li>\r\r\n<li>Easy installation with modular systems, reducing on-site construction time and labor costs.<\/li>\r\r\n<li>Supports integrated insulation solutions, enhancing building energy efficiency and thermal performance.<\/li>\r\r\n<li>Low maintenance requirements, offering long-term cost savings for large commercial projects.<\/li>\r\r\n<li>Ideal for curtain walls, facades, canopies, and interior feature walls across commercial, public, and industrial sectors.<\/li>\r\r\n<\/ul>","product_tu_tu":"<img width=\"320\" height=\"210\" src=\"https:\/\/sinoextrud.com\/wp-content\/uploads\/Aluminum-Cladding-System-xg.webp\" alt=\"Aluminum Cladding System\" title=\"Aluminum Cladding System\">","product_chanpin_chanpin":"<li><a href=\"https:\/\/sinoextrud.com\/product\/dripping-screen-ceiling-system\/\" target=\"_blank\">Dripping Screen Ceiling System<\/a><\/li>\r\n<li><a href=\"https:\/\/sinoextrud.com\/product\/quadrate-pipe-baffle-ceiling-system\/\" target=\"_blank\">Quadrate-pipe Baffle Ceiling System<\/a><\/li>\r\n<li><a href=\"https:\/\/sinoextrud.com\/product\/o-shaped-pipe-baffle-ceiling-system\/\" target=\"_blank\">O-shaped pipe Baffle Ceiling System<\/a><\/li>\r\n<li><a href=\"https:\/\/sinoextrud.com\/product\/custom-made-ceiling-system\/\" target=\"_blank\">Custom-made Ceiling System<\/a><\/li>\r\n<li><a href=\"https:\/\/sinoextrud.com\/product\/aluminum-cladding-system\/\" target=\"_blank\">Aluminum Cladding System<\/a><\/li>\r\n<li><a href=\"https:\/\/sinoextrud.com\/product\/oval-aluminum-extrusion-profile\/\" target=\"_blank\">Oval Aluminum Extrusion Profile<\/a><\/li>\r\n<li><a href=\"https:\/\/sinoextrud.com\/product\/large-aluminum-extrusion\/\" target=\"_blank\">Large Aluminum Extrusion<\/a><\/li>\r\n<li><a href=\"https:\/\/sinoextrud.com\/product\/large-aluminum-extrud\/\" target=\"_blank\">Large Aluminum Extrud<\/a><\/li>\r\n<li><a href=\"https:\/\/sinoextrud.com\/product\/aluminium-extrusion-6061-6082-7075-aluminum-alloy-profiles\/\" target=\"_blank\">Aluminium Extrusion 6061 6082 7075 Aluminum Alloy Profiles<\/a><\/li>\r\n<li><a href=\"https:\/\/sinoextrud.com\/product\/aluminum-extruded-profile-for-5g-communication-instrument\/\" target=\"_blank\">Aluminum Extruded Profile For 5G Communication Instrument<\/a><\/li>\r\n<li><a href=\"https:\/\/sinoextrud.com\/product\/extruded-aluminum-profiles\/\" target=\"_blank\">Extruded Aluminum Profiles<\/a><\/li>"},"feature_list":[]},"_links":{"self":[{"href":"https:\/\/sinoextrud.com\/da\/wp-json\/wp\/v2\/product\/3638","targetHints":{"allow":["GET"]}}],"collection":[{"href":"https:\/\/sinoextrud.com\/da\/wp-json\/wp\/v2\/product"}],"about":[{"href":"https:\/\/sinoextrud.com\/da\/wp-json\/wp\/v2\/types\/product"}],"wp:featuredmedia":[{"embeddable":true,"href":"https:\/\/sinoextrud.com\/da\/wp-json\/wp\/v2\/media\/3641"}],"wp:attachment":[{"href":"https:\/\/sinoextrud.com\/da\/wp-json\/wp\/v2\/media?parent=3638"}],"wp:term":[{"taxonomy":"category","embeddable":true,"href":"https:\/\/sinoextrud.com\/da\/wp-json\/wp\/v2\/categories?post=3638"}],"curies":[{"name":"wp","href":"https:\/\/api.w.org\/{rel}","templated":true}]}}