{"id":3524,"date":"2025-04-26T08:31:40","date_gmt":"2025-04-26T08:31:40","guid":{"rendered":"https:\/\/sinoextrud.com\/?post_type=product&#038;p=3524"},"modified":"2025-06-24T03:51:27","modified_gmt":"2025-06-24T03:51:27","slug":"u-formet-med-abent-lineaert-loftsystem","status":"publish","type":"product","link":"https:\/\/sinoextrud.com\/da\/product\/u-shaped-with-open-linear-ceiling-system\/","title":{"rendered":"U-formet med \u00e5bent line\u00e6rt loftsystem"},"content":{"rendered":"<h2>STANDARDST\u00d8RRELSE<\/h2>\n<p>85 mm U-formet line\u00e6r med 20 mm lille strimmel;<br \/>\n135 mm U-formet line\u00e6r med 15 mm lille strimmel;<br \/>\n185 mm U-formet line\u00e6r med 20 mm lille strimmel<br \/>\nIkke-standardst\u00f8rrelser kan tilpasses;<\/p>\n<p><img loading=\"lazy\" decoding=\"async\" src=\"https:\/\/sinoextrud.com\/wp-content\/uploads\/U-Shaped-With-Open-Linear-Ceiling-System-gg.webp\" alt=\"U-formet med \u00e5bent line\u00e6rt loftsystem\" width=\"204\" height=\"89\" class=\"size-full wp-image-3531\" srcset=\"https:\/\/sinoextrud.com\/wp-content\/uploads\/U-Shaped-With-Open-Linear-Ceiling-System-gg.webp 204w, https:\/\/sinoextrud.com\/wp-content\/uploads\/U-Shaped-With-Open-Linear-Ceiling-System-gg-18x8.webp 18w\" sizes=\"auto, (max-width: 204px) 100vw, 204px\" \/> <\/p>\n<h2>Installationsdiagram<\/h2>\n<p><img decoding=\"async\" src=\"https:\/\/sinoextrud.com\/wp-content\/uploads\/U-Shaped-With-Open-Linear-Ceiling-System-anzhuang.webp\" alt=\"U-formet med \u00e5bent line\u00e6rt loftsystem\"  \/><\/p>\n<h2>Produktionsproces<\/h2>\n<p><img decoding=\"async\" src=\"\/wp-content\/uploads\/zzlc01.webp\" alt=\"Produktionsproces\"  \/><br \/>\n<img decoding=\"async\" src=\"\/wp-content\/uploads\/zzlc02.webp\" alt=\"Produktionsproces\"  \/><br \/>\n<img decoding=\"async\" src=\"\/wp-content\/uploads\/zzlc03.webp\" alt=\"Produktionsproces\"  \/><br \/>\n<img decoding=\"async\" src=\"\/wp-content\/uploads\/zzlc04.webp\" alt=\"Produktionsproces\"  \/><\/p>\n<h2>OFTE STILLEDE SP\u00d8RGSM\u00c5L<\/h2>\n<p><b>1. Hvad er et U-formet med \u00e5bent line\u00e6rt loftsystem?<\/b><\/p>\n<p>Et U-formet med \u00e5bent line\u00e6rt loftsystem er et nedh\u00e6ngt loft lavet af lodret justerede U-profilerede aluminiumspaneler, der er installeret med mellemrum for at skabe et rent, \u00e5bent og moderne loftlayout.\n<\/p>\n<p><\/p>\n<p><b>2. Hvad er fordelene ved et U-formet med \u00e5bent line\u00e6rt loftsystem?<\/b><\/p>\n<p>U-formede med \u00e5bne line\u00e6re loftsystemer giver fremragende ventilation, akustisk kontrol, \u00e6stetisk ensartethed og nem integration med belysning og bygningsteknik.\n<\/p>\n<p><\/p>\n<p><b>3. Hvor er det U-formede med \u00e5bent line\u00e6rt loftsystem almindeligt anvendt?<\/b><\/p>\n<p>Disse loftsystemer bruges i vid udstr\u00e6kning i lufthavne, kontorbygninger, kommercielle centre, uddannelsesfaciliteter og transportterminaler p\u00e5 grund af deres funktionelle og visuelle fordele.\n<\/p>\n<p><\/p>\n<p><b>4. Hvordan forbedrer det \u00e5bne, line\u00e6re layout loftets ydeevne?<\/b><\/p>\n<p>Det \u00e5bne layout mellem de U-formede paneler giver bedre luftgennemstr\u00f8mning, lydabsorption og forenklet adgang til mekaniske og elektriske komponenter over loftet.\n<\/p>\n<p><\/p>\n<p><b>5. Hvilke materialer bruges i U-formede med \u00e5bne line\u00e6re loftsystemer?<\/b><\/p>\n<p>Disse systemer er normalt fremstillet af aluminium eller galvaniseret st\u00e5l af h\u00f8j kvalitet, hvilket giver styrke, korrosionsbestandighed og lav v\u00e6gt.\n<\/p>\n<p><\/p>\n<p><b>6. Kan U-formede \u00e5bne line\u00e6re loftsystemer tilpasses?<\/b><\/p>\n<p>Ja, panelbredde, dybde, afstand, farve, overfladefinish og layoutm\u00f8nstre kan tilpasses fuldt ud, s\u00e5 de passer til specifikke projekt- og designkrav.\n<\/p>\n<p><\/p>\n<p><b>7. Er lysintegration mulig med U-formede, \u00e5bne, line\u00e6re lofter?<\/b><\/p>\n<p>Det \u00e5bne design giver mulighed for problemfri integration af line\u00e6r belysning, spotlights og andre loftmonterede armaturer.\n<\/p>\n<p><\/p>\n<p><b>8. Er U-formede \u00e5bne line\u00e6re loftsystemer nemme at installere og vedligeholde?<\/b><\/p>\n<p>Ja, disse systemer har modul\u00e6re komponenter, der forenkler installationen og g\u00f8r det nemt at fjerne og vedligeholde overliggende tjenester.\n<\/p>\n<p><\/p>\n<p><b>9. Hvilke overflader er tilg\u00e6ngelige for U-formede med \u00e5bne line\u00e6re loftsystemer?<\/b><\/p>\n<p>Finishen omfatter pulverlakering, anodisering, b\u00f8rstet aluminium, tr\u00e6korn og brugerdefinerede RAL-farver for at opfylde en bred vifte af designbehov.\n<\/p>\n<p><\/p>\n<p><b>10. Er det U-formede \u00e5bne line\u00e6re loftsystem milj\u00f8venligt?<\/b><\/p>\n<p>Ja, disse loftsystemer er fremstillet af genanvendelige materialer som aluminium og underst\u00f8tter b\u00e6redygtig arkitektur og standarder for certificering af gr\u00f8nne bygninger.\n<\/p>\n<p><\/p>","protected":false},"featured_media":3528,"template":"","categories":[48],"class_list":["post-3524","product","type-product","status-publish","has-post-thumbnail","hentry","category-linear-ceiling-systems"],"meta_box":{"hilight_text_group":{"product_hilight_text":"U-shaped linear with small strip ceiling is another new combinationof the bar buckled ceiling family, adding new features to modernarchitecture, This product is composed of three series types including 85 matching small strip, 135 matching small strip and 185 matchingsmall lstrip, with a better sense of hierarchy and fashionc is the idealdecorative material for swimming pools, ofhces, shopping malls andother places.","product_tu_tu":"<img width=\"320\" height=\"210\" src=\"https:\/\/sinoextrud.com\/wp-content\/uploads\/U-Shaped-With-Open-Linear-Ceiling-System-xg.webp\" alt=\"U-Shaped With Open Linear Ceiling System\" title=\"U-Shaped With Open Linear Ceiling System\">","product_chanpin_chanpin":"<li><a href=\"https:\/\/sinoextrud.com\/product\/c-shaped-closed-linear-ceiling-system\/\" target=\"_blank\">C-Shaped Closed Linear Ceiling System<\/a><\/li>\r\n<li><a href=\"https:\/\/sinoextrud.com\/product\/c-shaped-wind-resistant-linear-ceiling-system\/\" target=\"_blank\">C-Shaped Wind-Resistant Linear Ceiling System<\/a><\/li>\r\n<li><a href=\"https:\/\/sinoextrud.com\/product\/h-shaped-closed-linear-ceiling-system\/\" target=\"_blank\">H-Shaped Closed Linear Ceiling System<\/a><\/li>\r\n<li><a href=\"https:\/\/sinoextrud.com\/product\/g-shaped-linear-ceiling-system\/\" target=\"_blank\">G-Shaped Linear Ceiling System<\/a><\/li>\r\n<li><a href=\"https:\/\/sinoextrud.com\/product\/u-shaped-with-open-linear-ceiling-system\/\" target=\"_blank\">U-Shaped With Open Linear Ceiling System<\/a><\/li>\r\n<li><a href=\"https:\/\/sinoextrud.com\/product\/v-shaped-linear-ceiling-system\/\" target=\"_blank\">V-Shaped Linear Ceiling System<\/a><\/li>\r\n<li><a href=\"https:\/\/sinoextrud.com\/product\/combination-open-cell-ceiling-system\/\" target=\"_blank\">Combination Open Cell Ceiling System<\/a><\/li>\r\n<li><a href=\"https:\/\/sinoextrud.com\/product\/pyramid-open-cell-ceiling-system\/\" target=\"_blank\">Pyramid Open Cell Ceiling System<\/a><\/li>\r\n<li><a href=\"https:\/\/sinoextrud.com\/product\/clip-type-screen-ceiling-system\/\" target=\"_blank\">Clip Type Screen Ceiling System<\/a><\/li>\r\n<li><a href=\"https:\/\/sinoextrud.com\/product\/aluminum-profile-for-tent\/\" target=\"_blank\">Aluminum profile for tent<\/a><\/li>\r\n<li><a href=\"https:\/\/sinoextrud.com\/product\/extruded-aluminum-tubing-for-stair-rail\/\" target=\"_blank\">Extruded Aluminum Tubing For Stair Rail<\/a><\/li>"},"feature_list":[]},"_links":{"self":[{"href":"https:\/\/sinoextrud.com\/da\/wp-json\/wp\/v2\/product\/3524","targetHints":{"allow":["GET"]}}],"collection":[{"href":"https:\/\/sinoextrud.com\/da\/wp-json\/wp\/v2\/product"}],"about":[{"href":"https:\/\/sinoextrud.com\/da\/wp-json\/wp\/v2\/types\/product"}],"wp:featuredmedia":[{"embeddable":true,"href":"https:\/\/sinoextrud.com\/da\/wp-json\/wp\/v2\/media\/3528"}],"wp:attachment":[{"href":"https:\/\/sinoextrud.com\/da\/wp-json\/wp\/v2\/media?parent=3524"}],"wp:term":[{"taxonomy":"category","embeddable":true,"href":"https:\/\/sinoextrud.com\/da\/wp-json\/wp\/v2\/categories?post=3524"}],"curies":[{"name":"wp","href":"https:\/\/api.w.org\/{rel}","templated":true}]}}