{"id":3469,"date":"2025-04-26T03:52:02","date_gmt":"2025-04-26T03:52:02","guid":{"rendered":"https:\/\/sinoextrud.com\/?post_type=product&#038;p=3469"},"modified":"2025-06-24T03:51:05","modified_gmt":"2025-06-24T03:51:05","slug":"loftsystem-med-kompositpaneler","status":"publish","type":"product","link":"https:\/\/sinoextrud.com\/da\/product\/composite-panel-ceiling-system\/","title":{"rendered":"Loftsystem af kompositpaneler"},"content":{"rendered":"<h2>STANDARDST\u00d8RRELSE<\/h2>\n<p>1: Ikke-standardst\u00f8rrelser kan tilpasses;<\/p>\n<table class=\"custom-table\">\n<tr>\n<td class=\"label\">Produktets navn<\/td>\n<td>ST\u00d8RRELSE<\/td>\n<\/tr>\n<tr>\n<td class=\"label\">Kombination1<\/td>\n<td>600x600mm <\/td>\n<\/tr>\n<tr>\n<td class=\"label\">Kombination2<\/td>\n<td>600x1200mm <\/td>\n<\/tr>\n<tr>\n<td class=\"label\">Kombination3<\/td>\n<td>800x800mm <\/td>\n<\/tr>\n<tr>\n<td class=\"label\">Kombination4<\/td>\n<td>1000x1000mm (h\u00f8jre vinkel)<\/td>\n<\/tr>\n<tr>\n<td class=\"label\">Kombination5<\/td>\n<td>1000x1200mm (h\u00f8jre vinkel)<\/td>\n<\/tr>\n<tr>\n<td class=\"label\">Kombination6<\/td>\n<td>1200x1200mm (h\u00f8jre vinkel)<\/td>\n<\/tr>\n<\/table>\n<h2>Produktkategorier<\/h2>\n<p>1.Aluminium Honeycomb Composite Tiie<br \/>\n2. Kompositb\u00e5nd af mineraluld<br \/>\n3. B\u00f8lgepapfliser af aluminium<br \/>\n4.Glss fiberkompositfliser<\/p>\n<p><img loading=\"lazy\" decoding=\"async\" src=\"https:\/\/sinoextrud.com\/wp-content\/uploads\/Composite-Panel-Ceiling-System-gg.webp\" alt=\"Loftsystem af kompositpaneler\" width=\"604\" height=\"344\" class=\"size-full wp-image-3474\" srcset=\"https:\/\/sinoextrud.com\/wp-content\/uploads\/Composite-Panel-Ceiling-System-gg.webp 604w, https:\/\/sinoextrud.com\/wp-content\/uploads\/Composite-Panel-Ceiling-System-gg-18x10.webp 18w, https:\/\/sinoextrud.com\/wp-content\/uploads\/Composite-Panel-Ceiling-System-gg-600x342.webp 600w\" sizes=\"auto, (max-width: 604px) 100vw, 604px\" \/> <\/p>\n<h2>Produktionsproces<\/h2>\n<p><img decoding=\"async\" src=\"\/wp-content\/uploads\/zzlc01.webp\" alt=\"Produktionsproces\"  \/><br \/>\n<img decoding=\"async\" src=\"\/wp-content\/uploads\/zzlc02.webp\" alt=\"Produktionsproces\"  \/><br \/>\n<img decoding=\"async\" src=\"\/wp-content\/uploads\/zzlc03.webp\" alt=\"Produktionsproces\"  \/><br \/>\n<img decoding=\"async\" src=\"\/wp-content\/uploads\/zzlc04.webp\" alt=\"Produktionsproces\"  \/><\/p>\n<h2>OFTE STILLEDE SP\u00d8RGSM\u00c5L<\/h2>\n<p><b>1. Hvad er et loftssystem med kompositpaneler?<\/b><\/p>\n<p>Et loftssystem med kompositpaneler er en nedh\u00e6ngt loftsl\u00f8sning lavet af aluminiumskompositpaneler (ACP) eller metalkompositmaterialer, der giver holdbarhed, planhed og en elegant arkitektonisk finish.\n<\/p>\n<p><\/p>\n<p><b>2. Hvad er fordelene ved et loftssystem med kompositpaneler?<\/b><\/p>\n<p>Loftsystemer med kompositpaneler giver et h\u00f8jt styrke\/v\u00e6gt-forhold, fremragende overfladeplanhed, vejrbestandighed og en bred vifte af designmuligheder til moderne interi\u00f8r og eksteri\u00f8r.\n<\/p>\n<p><\/p>\n<p><b>3. Hvor er loftsystemet med kompositpaneler almindeligt anvendt?<\/b><\/p>\n<p>Disse systemer bruges i vid udstr\u00e6kning i kommercielle bygninger, lufthavne, indk\u00f8bscentre, transportknudepunkter og avancerede kontorlokaler p\u00e5 grund af deres elegante udseende og ydeevne.\n<\/p>\n<p><\/p>\n<p><b>4. Hvordan gavner den sammensatte struktur loftets ydeevne?<\/b><\/p>\n<p>Flerlagsstrukturen forbedrer stivheden, reducerer deformation og sikrer ensartet paneltilpasning, hvilket g\u00f8r den ideel til store, \u00e5bne loftanvendelser.\n<\/p>\n<p><\/p>\n<p><b>5. Kan loftsystemer af kompositpaneler tilpasses?<\/b><\/p>\n<p>Ja, panelst\u00f8rrelse, tykkelse, form, farve, finish og perforeringsm\u00f8nstre kan tilpasses, s\u00e5 de opfylder specifikke arkitektoniske og akustiske krav.\n<\/p>\n<p><\/p>\n<p><b>6. Hvilke materialer bruges i loftsystemer med kompositpaneler?<\/b><\/p>\n<p>Kompositloftpaneler best\u00e5r typisk af aluminiumsskind, der er bundet til et ikke-giftigt kernemateriale som polyethylen eller en brandh\u00e6mmende mineralkerne for at forbedre sikkerheden og ydeevnen.\n<\/p>\n<p><\/p>\n<p><b>7. Er det muligt at integrere belysning og HVAC med lofter af kompositpaneler?<\/b><\/p>\n<p>Absolut, kompositloftsystemer underst\u00f8tter problemfri integration af belysningsarmaturer, luftdiffusorer og andre MEP-komponenter for et str\u00f8mlinet loftdesign.\n<\/p>\n<p><\/p>\n<p><b>8. Er loftsystemer med kompositpaneler nemme at installere og vedligeholde?<\/b><\/p>\n<p>Ja, disse systemer er designet til hurtig installation med skjulte oph\u00e6ngningssystemer og giver mulighed for nem reng\u00f8ring og minimal vedligeholdelse p\u00e5 lang sigt.\n<\/p>\n<p><\/p>\n<p><b>9. Hvilke overflader er tilg\u00e6ngelige for loftsystemer med kompositpaneler?<\/b><\/p>\n<p>Tilg\u00e6ngelige overflader omfatter PVDF-bel\u00e6gning, pulverlakering, anodisering, spejl, b\u00f8rstet, tr\u00e6korn og brugerdefinerede RAL-farver for et f\u00f8rsteklasses udseende.\n<\/p>\n<p><\/p>\n<p><b>10. Er loftsystemet med kompositpaneler milj\u00f8venligt?<\/b><\/p>\n<p>Ja, loftsystemer med kompositpaneler er lavet af genanvendeligt aluminium og milj\u00f8venlige kerner, der underst\u00f8tter b\u00e6redygtigt byggeri og gr\u00f8nne byggestandarder.\n<\/p>\n<p><\/p>","protected":false},"featured_media":3472,"template":"","categories":[47],"class_list":["post-3469","product","type-product","status-publish","has-post-thumbnail","hentry","category-tile-ceiling-systems"],"meta_box":{"hilight_text_group":{"product_hilight_text":"Composite panel ceiling system, compounded by different samdwich includingaluminum honeycomb, aluminum corrugated, mineral wool and glass-fiber aswell as fire resistance & sound.absorption fiber, clip-in and lay-in styie coenpositepanel celling systems which are newy invented are to satisfy the higher levelsof needs from customers.<br><br>\r\r\n<b>System features:<\/b>\r\r\n<ul>\r\r\n<li>Better sound absorption performance than traditional perforation aluminumtile ceiling;<\/li>\r\r\n<li>Better thermal insulation properties than traditional aluminum tile ceiling;<\/li>\r\r\n<li>Higher fire resistance levels than traditional perforation aluminum tile ceiling;<\/li>\r\r\n<li>Higher degree of hardness, seismic performance and better flatness thantraditional aluminum tile ceiling;<\/li>\r\r\n<li>Free of formaldehyde and other harmful chemicals in composite materials tile,environmentally friendly and durabie.<\/li>\r\r\n<\/ul>","product_chanpin_chanpin":"<li><a href=\"https:\/\/sinoextrud.com\/product\/the-new-perforated-ceiling-system\/\" target=\"_blank\">The New Perforated Ceiling System<\/a><\/li>\r\n<li><a href=\"https:\/\/sinoextrud.com\/product\/800-800mm-clip-in-ceiling-system\/\" target=\"_blank\">800x800mm Clip-in Ceiling System<\/a><\/li>\r\n<li><a href=\"https:\/\/sinoextrud.com\/product\/combination-ceiling-system\/\" target=\"_blank\">Combination Ceiling System<\/a><\/li>\r\n<li><a href=\"https:\/\/sinoextrud.com\/product\/deep-type-combination-ceiling-system\/\" target=\"_blank\">Deep-type Combination Ceiling System<\/a><\/li>\r\n<li><a href=\"https:\/\/sinoextrud.com\/product\/composite-panel-ceiling-system\/\" target=\"_blank\">Composite Panel Ceiling System<\/a><\/li>\r\n<li><a href=\"https:\/\/sinoextrud.com\/product\/hook-on-tile-ceiling-system\/\" target=\"_blank\">Hook-On Tile Ceiling System<\/a><\/li>\r\n<li><a href=\"https:\/\/sinoextrud.com\/product\/perforation-aluminum-ceiling-system\/\" target=\"_blank\">Perforation Aluminum Ceiling System<\/a><\/li>\r\n<li><a href=\"https:\/\/sinoextrud.com\/product\/aluminum-ceiling-system\/\" target=\"_blank\">Aluminum Ceiling System<\/a><\/li>\r\n<li><a href=\"https:\/\/sinoextrud.com\/product\/c-shaped-closed-linear-ceiling-system\/\" target=\"_blank\">C-Shaped Closed Linear Ceiling System<\/a><\/li>\r\n<li><a href=\"https:\/\/sinoextrud.com\/product\/custom-aluminum-extrusion-cnc-machining-aluminum-profile\/\" target=\"_blank\">Custom Aluminum Extrusion CNC Machining Aluminum Profile<\/a><\/li>\r\n<li><a href=\"https:\/\/sinoextrud.com\/product\/industrial-aluminum-extrusion-profile\/\" target=\"_blank\">Industrial Aluminum Extrusion Profile<\/a><\/li>"},"feature_list":[]},"_links":{"self":[{"href":"https:\/\/sinoextrud.com\/da\/wp-json\/wp\/v2\/product\/3469","targetHints":{"allow":["GET"]}}],"collection":[{"href":"https:\/\/sinoextrud.com\/da\/wp-json\/wp\/v2\/product"}],"about":[{"href":"https:\/\/sinoextrud.com\/da\/wp-json\/wp\/v2\/types\/product"}],"wp:featuredmedia":[{"embeddable":true,"href":"https:\/\/sinoextrud.com\/da\/wp-json\/wp\/v2\/media\/3472"}],"wp:attachment":[{"href":"https:\/\/sinoextrud.com\/da\/wp-json\/wp\/v2\/media?parent=3469"}],"wp:term":[{"taxonomy":"category","embeddable":true,"href":"https:\/\/sinoextrud.com\/da\/wp-json\/wp\/v2\/categories?post=3469"}],"curies":[{"name":"wp","href":"https:\/\/api.w.org\/{rel}","templated":true}]}}