{"id":11022,"date":"2025-08-01T03:41:51","date_gmt":"2025-08-01T03:41:51","guid":{"rendered":"https:\/\/sinoextrud.com\/product\/ssr-radiator-for-industrial-control-systems\/"},"modified":"2025-10-11T23:12:51","modified_gmt":"2025-10-11T15:12:51","slug":"ssr-radiator-til-industrielle-kontrolsystemer","status":"publish","type":"product","link":"https:\/\/sinoextrud.com\/da\/product\/ssr-radiator-for-industrial-control-systems\/","title":{"rendered":"SSR-k\u00f8ler til industrielle kontrolsystemer"},"content":{"rendered":"<h2>Detaljer om produkter<\/h2>\n<div class=\"product-table\">\n<div class=\"row\">\n<div class=\"cell label\">Salg af enheder<\/div>\n<div class=\"cell value\">En enkelt genstand<\/div>\n<\/div>\n<\/div>\n<p><\/p>\n<h2>Vores produktionsbase<\/h2>\n<h3>Panorama over fabrikken<\/h3>\n<p><img decoding=\"async\" src=\"\/wp-content\/uploads\/factory-01.webp\"\/><\/p>\n<h3>V\u00e6rksted til fremstilling af aluminiumst\u00e6nger<\/h3>\n<p><img decoding=\"async\" src=\"\/wp-content\/uploads\/factory-02.webp\"\/><\/p>\n<\/p>\n<p><img decoding=\"async\" src=\"\/wp-content\/uploads\/factory-03.webp\"\/><\/p>\n<h3>Lager til opbevaring af skimmelsvampe<\/h3>\n<p><img decoding=\"async\" src=\"\/wp-content\/uploads\/factory-04.webp\"\/><\/p>\n<h3>43 ekstruderingslinjer for aluminium (500-5500 ton)<\/h3>\n<p><img decoding=\"async\" src=\"\/wp-content\/uploads\/factory-05.webp\"\/><\/p>\n<p><img decoding=\"async\" src=\"\/wp-content\/uploads\/factory-06.webp\"\/><\/p>\n<p><img decoding=\"async\" src=\"\/wp-content\/uploads\/factory-07.webp\"\/><\/p>\n<h3>V\u00e6rksted for pulverlakering<\/h3>\n<p><img decoding=\"async\" src=\"\/wp-content\/uploads\/factory-09.webp\"\/><\/p>\n<h3>Anodiseringsv\u00e6rksted<\/h3>\n<p><img decoding=\"async\" src=\"\/wp-content\/uploads\/factory-10.webp\"\/><\/p>\n<h3>Workshop om dyb behandling<\/h3>\n<p><img decoding=\"async\" src=\"\/wp-content\/uploads\/factory-11.webp\"\/><\/p>\n<h3>V\u00e6rksted for CNC-pr\u00e6cisionsbearbejdning<\/h3>\n<p><img decoding=\"async\" src=\"\/wp-content\/uploads\/factory-11.5.webp\"\/><\/p>\n<h3>F\u00e6rdigvare- og eksportlager<\/h3>\n<p><img decoding=\"async\" src=\"\/wp-content\/uploads\/factory-12.webp\"\/><\/p>\n<p><img decoding=\"async\" src=\"\/wp-content\/uploads\/factory-13.webp\"\/><\/p>\n<p><img decoding=\"async\" src=\"\/wp-content\/uploads\/factory-14.webp\"\/><\/p>\n<h2>OFTE STILLEDE SP\u00d8RGSM\u00c5L<\/h2>\n<p><strong>1. Hvilke materialer bruges i SSR-radiatoren?<\/strong><br \/>SSR-k\u00f8leren er lavet af aluminium i h\u00f8j kvalitet for overlegen varmeafledning.<\/p>\n<p><strong>2. Kan SSR Radiator tilpasses til industriel brug?<\/strong><br \/>Ja, vi tilbyder tilpasning af st\u00f8rrelse og konfiguration for at opfylde industrielle krav.<\/p>\n<p><strong>3. Hvordan installerer jeg SSR Radiator i mit system?<\/strong><br \/>SSR Radiator har en nem installationsproces, der er kompatibel med standardsystemer.<\/p>\n<p><strong>4. Hvad er garantiperioden for SSR Radiator?<\/strong><br \/>Vi tilbyder et \u00e5rs garanti, der d\u00e6kker produktionsfejl p\u00e5 SSR-radiatoren.<\/p>\n<p><strong>5. Er SSR Radiator egnet til milj\u00f8er med h\u00f8je temperaturer?<\/strong><br \/>Ja, den er designet til at fungere effektivt under h\u00f8je temperaturer.<\/p>\n<p><strong>6. Kan jeg bestille en SSR-k\u00f8ler i specialst\u00f8rrelse til mit projekt?<\/strong><br \/>Ja, tilpassede st\u00f8rrelser er tilg\u00e6ngelige, s\u00e5 de passer til dine specifikke projektbehov.<\/p>\n<p><strong>7. Tilbyder du international forsendelse af SSR Radiator?<\/strong><br \/>Ja, vi tilbyder global forsendelse af SSR Radiator.<\/p>\n<p><\/p>","protected":false},"featured_media":10730,"template":"","categories":[72],"class_list":["post-11022","product","type-product","status-publish","has-post-thumbnail","hentry","category-extruded-aluminum-heatsink"],"meta_box":{"hilight_text_group":{"product_hilight_text":"<li>High-efficiency cooling performance for various applications<\/li>\r\n<li>Compatible with a wide range of heat exchange systems<\/li>\r\n<li>Constructed with durable materials for extended life span<\/li>\r\n<li>Designed for easy installation and maintenance<\/li>\r\n<li>Supports custom sizing and configurations for B2B needs<\/li>"},"feature_list":[]},"_links":{"self":[{"href":"https:\/\/sinoextrud.com\/da\/wp-json\/wp\/v2\/product\/11022","targetHints":{"allow":["GET"]}}],"collection":[{"href":"https:\/\/sinoextrud.com\/da\/wp-json\/wp\/v2\/product"}],"about":[{"href":"https:\/\/sinoextrud.com\/da\/wp-json\/wp\/v2\/types\/product"}],"wp:featuredmedia":[{"embeddable":true,"href":"https:\/\/sinoextrud.com\/da\/wp-json\/wp\/v2\/media\/10730"}],"wp:attachment":[{"href":"https:\/\/sinoextrud.com\/da\/wp-json\/wp\/v2\/media?parent=11022"}],"wp:term":[{"taxonomy":"category","embeddable":true,"href":"https:\/\/sinoextrud.com\/da\/wp-json\/wp\/v2\/categories?post=11022"}],"curies":[{"name":"wp","href":"https:\/\/api.w.org\/{rel}","templated":true}]}}