{"id":11021,"date":"2025-08-01T03:41:29","date_gmt":"2025-08-01T03:41:29","guid":{"rendered":"https:\/\/sinoextrud.com\/product\/solid-state-relay-heatsink-for-power-equipment\/"},"modified":"2025-08-01T03:41:29","modified_gmt":"2025-08-01T03:41:29","slug":"kolelegeme-til-solid-state-relaeer-til-el-udstyr","status":"publish","type":"product","link":"https:\/\/sinoextrud.com\/da\/product\/solid-state-relay-heatsink-for-power-equipment\/","title":{"rendered":"Solid State Relay Heatsink til el-udstyr"},"content":{"rendered":"<h2>Detaljer om produkter<\/h2>\n<div class=\"product-table\">\n<div class=\"row\">\n<div class=\"cell label\">Kontaktbelastning<\/div>\n<div class=\"cell value\">Lav effekt<\/div>\n<\/div>\n<div class=\"row\">\n<div class=\"cell label\">Teori<\/div>\n<div class=\"cell value\">Elektrisk<\/div>\n<\/div>\n<div class=\"row\">\n<div class=\"cell label\">Navn<\/div>\n<div class=\"cell value\">Solid State Relay-k\u00f8leplade<\/div>\n<\/div>\n<div class=\"row\">\n<div class=\"cell label\">Farve<\/div>\n<div class=\"cell value\">Hvid<\/div>\n<\/div>\n<div class=\"row\">\n<div class=\"cell label\">v\u00e6gt<\/div>\n<div class=\"cell value\">280g<\/div>\n<\/div>\n<div class=\"row\">\n<div class=\"cell label\">Materiale<\/div>\n<div class=\"cell value\">Aluminiumslegering<\/div>\n<\/div>\n<div class=\"row\">\n<div class=\"cell label\">Anvendelse<\/div>\n<div class=\"cell value\">Industial<\/div>\n<\/div>\n<div class=\"row\">\n<div class=\"cell label\">Web<\/div>\n<div class=\"cell value\">www.nqqkelc.com<\/div>\n<\/div>\n<div class=\"row\">\n<div class=\"cell label\">Produktets navn<\/div>\n<div class=\"cell value\">K\u00f8lelegeme<\/div>\n<\/div>\n<div class=\"row\">\n<div class=\"cell label\">Salg af enheder<\/div>\n<div class=\"cell value\">En enkelt genstand<\/div>\n<\/div>\n<\/div>\n<p><\/p>\n<h2>Vores produktionsbase<\/h2>\n<h3>Panorama over fabrikken<\/h3>\n<p><img decoding=\"async\" src=\"\/wp-content\/uploads\/factory-01.webp\"\/><\/p>\n<h3>V\u00e6rksted til fremstilling af aluminiumst\u00e6nger<\/h3>\n<p><img decoding=\"async\" src=\"\/wp-content\/uploads\/factory-02.webp\"\/><\/p>\n<p><img decoding=\"async\" src=\"\/wp-content\/uploads\/factory-03.webp\"\/><\/p>\n<h3>Lager til opbevaring af skimmelsvampe<\/h3>\n<p><img decoding=\"async\" src=\"\/wp-content\/uploads\/factory-04.webp\"\/><\/p>\n<h3>43 ekstruderingslinjer for aluminium (500-5500 ton)<\/h3>\n<p><img decoding=\"async\" src=\"\/wp-content\/uploads\/factory-05.webp\"\/><\/p>\n<p><img decoding=\"async\" src=\"\/wp-content\/uploads\/factory-06.webp\"\/><\/p>\n<p><img decoding=\"async\" src=\"\/wp-content\/uploads\/factory-07.webp\"\/><\/p>\n<h3>V\u00e6rksted for pulverlakering<\/h3>\n<p><img decoding=\"async\" src=\"\/wp-content\/uploads\/factory-09.webp\"\/><\/p>\n<h3>Anodiseringsv\u00e6rksted<\/h3>\n<p><img decoding=\"async\" src=\"\/wp-content\/uploads\/factory-10.webp\"\/><\/p>\n<h3>Workshop om dyb behandling<\/h3>\n<p><img decoding=\"async\" src=\"\/wp-content\/uploads\/factory-11.webp\"\/><\/p>\n<h3>V\u00e6rksted for CNC-pr\u00e6cisionsbearbejdning<\/h3>\n<p><img decoding=\"async\" src=\"\/wp-content\/uploads\/factory-11.5.webp\"\/><\/p>\n<h3>F\u00e6rdigvare- og eksportlager<\/h3>\n<p><img decoding=\"async\" src=\"\/wp-content\/uploads\/factory-12.webp\"\/><\/p>\n<p><img decoding=\"async\" src=\"\/wp-content\/uploads\/factory-13.webp\"\/><\/p>\n<p><img decoding=\"async\" src=\"\/wp-content\/uploads\/factory-14.webp\"\/><\/p>\n<h2>OFTE STILLEDE SP\u00d8RGSM\u00c5L<\/h2>\n<p><strong>1. Hvad er den prim\u00e6re funktion af et solid state-rel\u00e6-k\u00f8lelegeme?<\/strong><br \/>Den prim\u00e6re funktion er at sprede den varme, der genereres af solid state-rel\u00e6et, for at forhindre overophedning.<\/p>\n<p><strong>2. Er denne k\u00f8lelegeme kompatibel med alle typer solid state-rel\u00e6er?<\/strong><br \/>Ja, den er designet til at passe til en lang r\u00e6kke solid state-rel\u00e6modeller for effektiv varmestyring.<\/p>\n<p><strong>3. Kan st\u00f8rrelse og form tilpasses specifikke krav?<\/strong><br \/>Ja, der er mulighed for tilpasning til specifikke behov for st\u00f8rrelse og form.<\/p>\n<p><strong>4. Kr\u00e6ver denne k\u00f8lelegeme noget s\u00e6rligt installationsv\u00e6rkt\u00f8j?<\/strong><br \/>Nej, k\u00f8lelegemet er designet til nem installation uden brug af specialv\u00e6rkt\u00f8j.<\/p>\n<p><strong>5. Er aluminium det eneste materiale, der er brugt i denne k\u00f8lelegeme?<\/strong><br \/>Ja, der bruges aluminium af h\u00f8j kvalitet p\u00e5 grund af dets fremragende varmeafledningsegenskaber.<\/p>\n<p><strong>6. Kan dette k\u00f8lelegeme forbedre levetiden for solid state-rel\u00e6er?<\/strong><br \/>Ja, ved effektivt at styre varmen hj\u00e6lper det med at forl\u00e6nge levetiden for solid state-rel\u00e6er.<\/p>\n<p><strong>7. Er der mulighed for at fastg\u00f8re denne k\u00f8leplade til et rel\u00e6?<\/strong><br \/>Ja, den leveres med monteringsmuligheder, der er kompatible med de fleste solid state-rel\u00e6er.<\/p>\n<p><\/p>","protected":false},"featured_media":0,"template":"","categories":[72],"class_list":["post-11021","product","type-product","status-publish","hentry","category-extruded-aluminum-heatsink"],"meta_box":{"hilight_text_group":[{"product_hilight_text":"<li>Offers superior thermal management for solid state relays<\/li>\n<li>Compatible with various solid state relay models for versatile use<\/li>\n<li>Constructed with high-quality aluminum for effective heat dissipation<\/li>\n<li>Lightweight and compact design for easy installation<\/li>\n<li>Enhanced durability supports high-performance applications<\/li>"}],"feature_list":[]},"_links":{"self":[{"href":"https:\/\/sinoextrud.com\/da\/wp-json\/wp\/v2\/product\/11021","targetHints":{"allow":["GET"]}}],"collection":[{"href":"https:\/\/sinoextrud.com\/da\/wp-json\/wp\/v2\/product"}],"about":[{"href":"https:\/\/sinoextrud.com\/da\/wp-json\/wp\/v2\/types\/product"}],"wp:attachment":[{"href":"https:\/\/sinoextrud.com\/da\/wp-json\/wp\/v2\/media?parent=11021"}],"wp:term":[{"taxonomy":"category","embeddable":true,"href":"https:\/\/sinoextrud.com\/da\/wp-json\/wp\/v2\/categories?post=11021"}],"curies":[{"name":"wp","href":"https:\/\/api.w.org\/{rel}","templated":true}]}}