{"id":11017,"date":"2025-08-01T03:39:24","date_gmt":"2025-08-01T03:39:24","guid":{"rendered":"https:\/\/sinoextrud.com\/product\/vapor-chamber-heat-sink-for-high-heat-load\/"},"modified":"2025-08-01T03:39:24","modified_gmt":"2025-08-01T03:39:24","slug":"dampkammer-koleplade-til-hoj-varmebelastning","status":"publish","type":"product","link":"https:\/\/sinoextrud.com\/da\/product\/vapor-chamber-heat-sink-for-high-heat-load\/","title":{"rendered":"Dampkammer-k\u00f8leplade til h\u00f8j varmebelastning"},"content":{"rendered":"<h2>Detaljer om produkter<\/h2>\n<div class=\"product-table\">\n<div class=\"row\">\n<div class=\"cell label\">type<\/div>\n<div class=\"cell value\">Heatpipe<\/div>\n<\/div>\n<div class=\"row\">\n<div class=\"cell label\">ans\u00f8gning<\/div>\n<div class=\"cell value\">Andet<\/div>\n<\/div>\n<div class=\"row\">\n<div class=\"cell label\">Ventilatorst\u00f8rrelse<\/div>\n<div class=\"cell value\">Andet<\/div>\n<\/div>\n<div class=\"row\">\n<div class=\"cell label\">magt<\/div>\n<div class=\"cell value\">25w<\/div>\n<\/div>\n<div class=\"row\">\n<div class=\"cell label\">luftm\u00e6ngde<\/div>\n<div class=\"cell value\">andre<\/div>\n<\/div>\n<div class=\"row\">\n<div class=\"cell label\">Materiale til k\u00f8lelegeme<\/div>\n<div class=\"cell value\">Kobber<\/div>\n<\/div>\n<div class=\"row\">\n<div class=\"cell label\">Str\u00f8mgr\u00e6nseflade<\/div>\n<div class=\"cell value\">andre<\/div>\n<\/div>\n<div class=\"row\">\n<div class=\"cell label\">st\u00f8j<\/div>\n<div class=\"cell value\">Andet<\/div>\n<\/div>\n<div class=\"row\">\n<div class=\"cell label\">Kontrol af ventilatorhastighed<\/div>\n<div class=\"cell value\">andre<\/div>\n<\/div>\n<div class=\"row\">\n<div class=\"cell label\">V\u00e6gt<\/div>\n<div class=\"cell value\">450 g<\/div>\n<\/div>\n<div class=\"row\">\n<div class=\"cell label\">CPU-sokkeltype<\/div>\n<div class=\"cell value\">Lga 115 x\/1200 cpu-sokkel<\/div>\n<\/div>\n<div class=\"row\">\n<div class=\"cell label\">Materiale til k\u00f8lelegeme<\/div>\n<div class=\"cell value\">Kobberskivefinne + kobberbase<\/div>\n<\/div>\n<div class=\"row\">\n<div class=\"cell label\">CPU-k\u00f8lerens dimensioner<\/div>\n<div class=\"cell value\">88*88*23 mm<\/div>\n<\/div>\n<div class=\"row\">\n<div class=\"cell label\">Princip<\/div>\n<div class=\"cell value\">Varm og kold konvertering<\/div>\n<\/div>\n<div class=\"row\">\n<div class=\"cell label\">Cpu-hulafstand<\/div>\n<div class=\"cell value\">75*75 mm<\/div>\n<\/div>\n<div class=\"row\">\n<div class=\"cell label\">Fin Pitch<\/div>\n<div class=\"cell value\">0,35 mm<\/div>\n<\/div>\n<div class=\"row\">\n<div class=\"cell label\">Finnernes tykkelse<\/div>\n<div class=\"cell value\">1,9 mm<\/div>\n<\/div>\n<div class=\"row\">\n<div class=\"cell label\">Navn 2<\/div>\n<div class=\"cell value\">Sintret varmer\u00f8r<\/div>\n<\/div>\n<div class=\"row\">\n<div class=\"cell label\">Salg af enheder<\/div>\n<div class=\"cell value\">En enkelt genstand<\/div>\n<\/div>\n<div class=\"row\">\n<div class=\"cell label\">Enkelt pakkest\u00f8rrelse<\/div>\n<div class=\"cell value\">25X20X30 cm<\/div>\n<\/div>\n<div class=\"row\">\n<div class=\"cell label\">Enkelt bruttov\u00e6gt<\/div>\n<div class=\"cell value\">2.500 KG<\/div>\n<\/div>\n<\/div>\n<p><\/p>\n<h2>Vores produktionsbase<\/h2>\n<h3>Panorama over fabrikken<\/h3>\n<p><img decoding=\"async\" src=\"\/wp-content\/uploads\/factory-01.webp\"\/><\/p>\n<h3>V\u00e6rksted til fremstilling af aluminiumst\u00e6nger<\/h3>\n<p><img decoding=\"async\" src=\"\/wp-content\/uploads\/factory-02.webp\"\/><\/p>\n<p><img decoding=\"async\" src=\"\/wp-content\/uploads\/factory-03.webp\"\/><\/p>\n<h3>Lager til opbevaring af skimmelsvampe<\/h3>\n<p><img decoding=\"async\" src=\"\/wp-content\/uploads\/factory-04.webp\"\/><\/p>\n<h3>43 ekstruderingslinjer for aluminium (500-5500 ton)<\/h3>\n<p><img decoding=\"async\" src=\"\/wp-content\/uploads\/factory-05.webp\"\/><\/p>\n<p><img decoding=\"async\" src=\"\/wp-content\/uploads\/factory-06.webp\"\/><\/p>\n<p><img decoding=\"async\" src=\"\/wp-content\/uploads\/factory-07.webp\"\/><\/p>\n<h3>V\u00e6rksted for pulverlakering<\/h3>\n<p><img decoding=\"async\" src=\"\/wp-content\/uploads\/factory-09.webp\"\/><\/p>\n<h3>Anodiseringsv\u00e6rksted<\/h3>\n<p><img decoding=\"async\" src=\"\/wp-content\/uploads\/factory-10.webp\"\/><\/p>\n<h3>Workshop om dyb behandling<\/h3>\n<p><img decoding=\"async\" src=\"\/wp-content\/uploads\/factory-11.webp\"\/><\/p>\n<h3>V\u00e6rksted for CNC-pr\u00e6cisionsbearbejdning<\/h3>\n<p><img decoding=\"async\" src=\"\/wp-content\/uploads\/factory-11.5.webp\"\/><\/p>\n<h3>F\u00e6rdigvare- og eksportlager<\/h3>\n<p><img decoding=\"async\" src=\"\/wp-content\/uploads\/factory-12.webp\"\/><\/p>\n<p><img decoding=\"async\" src=\"\/wp-content\/uploads\/factory-13.webp\"\/><\/p>\n<p><img decoding=\"async\" src=\"\/wp-content\/uploads\/factory-14.webp\"\/><\/p>\n<h2>OFTE STILLEDE SP\u00d8RGSM\u00c5L<\/h2>\n<p><strong>1. Hvad g\u00f8r k\u00f8leplader til dampkammer effektive?<\/strong><br \/>Dampkammer-k\u00f8lelegemer bruger fase\u00e6ndring til hurtigt at sprede varmen, hvilket giver en overlegen varmeledningsevne sammenlignet med traditionelle k\u00f8lelegemer.<\/p>\n<p><strong>2. Kan k\u00f8lepladerne til dampkammeret tilpasses i st\u00f8rrelse?<\/strong><br \/>Ja, de kan tilpasses, s\u00e5 de passer til specifikke enheder eller begr\u00e6nsninger for at optimere den termiske styring.<\/p>\n<p><strong>3. Er k\u00f8leplader med dampkammer egnet til enheder med h\u00f8j effekt?<\/strong><br \/>Ja, de er designet til applikationer med h\u00f8j effekt, hvor effektiv varmeafledning er afg\u00f8rende.<\/p>\n<p><strong>4. Hvordan adskiller dampkammer-k\u00f8lelegemer sig fra traditionelle varmer\u00f8r?<\/strong><br \/>Dampkamre giver j\u00e6vn varmespredning over deres overflade, i mods\u00e6tning til varmer\u00f8r, som overf\u00f8rer varme line\u00e6rt.<\/p>\n<p><strong>5. Tilbyder I dampkamre til forbrugerelektronik?<\/strong><br \/>Ja, vores dampkammerl\u00f8sninger er skr\u00e6ddersyet til b\u00e5de forbrugerelektronik og industrielle anvendelser.<\/p>\n<p><strong>6. Er installationen af dampkammerets k\u00f8leplade kompleks?<\/strong><br \/>Nej, de er designet til nem integration i eksisterende varmestyringssystemer.<\/p>\n<p><strong>7. Hvilke materialer bruges i k\u00f8leplader til dampkamre?<\/strong><br \/>De er typisk lavet af kobber eller aluminium for at give lette og effektive varmestyringsl\u00f8sninger.<\/p>\n<p><\/p>","protected":false},"featured_media":10762,"template":"","categories":[72],"class_list":["post-11017","product","type-product","status-publish","has-post-thumbnail","hentry","category-extruded-aluminum-heatsink"],"meta_box":{"hilight_text_group":[{"product_hilight_text":"<li>Offers superior heat dissipation for high-performance applications<\/li>\n<li>Customizable designs to fit various electronic devices and specifications<\/li>\n<li>Lightweight construction improves overall device performance<\/li>\n<li>Compatible with a wide range of electronic cooling systems<\/li>\n<li>Provides efficient thermal management for advanced electronics<\/li>"}],"feature_list":[]},"_links":{"self":[{"href":"https:\/\/sinoextrud.com\/da\/wp-json\/wp\/v2\/product\/11017","targetHints":{"allow":["GET"]}}],"collection":[{"href":"https:\/\/sinoextrud.com\/da\/wp-json\/wp\/v2\/product"}],"about":[{"href":"https:\/\/sinoextrud.com\/da\/wp-json\/wp\/v2\/types\/product"}],"wp:featuredmedia":[{"embeddable":true,"href":"https:\/\/sinoextrud.com\/da\/wp-json\/wp\/v2\/media\/10762"}],"wp:attachment":[{"href":"https:\/\/sinoextrud.com\/da\/wp-json\/wp\/v2\/media?parent=11017"}],"wp:term":[{"taxonomy":"category","embeddable":true,"href":"https:\/\/sinoextrud.com\/da\/wp-json\/wp\/v2\/categories?post=11017"}],"curies":[{"name":"wp","href":"https:\/\/api.w.org\/{rel}","templated":true}]}}