{"id":11015,"date":"2025-08-01T03:39:08","date_gmt":"2025-08-01T03:39:08","guid":{"rendered":"https:\/\/sinoextrud.com\/product\/liquid-cooling-system-heat-sinks-for-equipment\/"},"modified":"2025-08-01T03:39:08","modified_gmt":"2025-08-01T03:39:08","slug":"vaeskekolesystem-koleplader-til-udstyr","status":"publish","type":"product","link":"https:\/\/sinoextrud.com\/da\/product\/liquid-cooling-system-heat-sinks-for-equipment\/","title":{"rendered":"K\u00f8leribber til v\u00e6skek\u00f8lingssystem til udstyr"},"content":{"rendered":"<h2>Detaljer om produkter<\/h2>\n<div class=\"product-table\">\n<div class=\"row\">\n<div class=\"cell label\">Karakter<\/div>\n<div class=\"cell value\">6000-serien<\/div>\n<\/div>\n<div class=\"row\">\n<div class=\"cell label\">Tolerance<\/div>\n<div class=\"cell value\">\u00b11%<\/div>\n<\/div>\n<div class=\"row\">\n<div class=\"cell label\">Leveringstid<\/div>\n<div class=\"cell value\">8-14 dage<\/div>\n<\/div>\n<div class=\"row\">\n<div class=\"cell label\">Temperament<\/div>\n<div class=\"cell value\">T3-T8<\/div>\n<\/div>\n<div class=\"row\">\n<div class=\"cell label\">Anvendelse<\/div>\n<div class=\"cell value\">K\u00f8leplade<\/div>\n<\/div>\n<div class=\"row\">\n<div class=\"cell label\">Form<\/div>\n<div class=\"cell value\">Andet<\/div>\n<\/div>\n<div class=\"row\">\n<div class=\"cell label\">Legering eller ej<\/div>\n<div class=\"cell value\">Er legeret<\/div>\n<\/div>\n<div class=\"row\">\n<div class=\"cell label\">Behandling af service<\/div>\n<div class=\"cell value\">B\u00f8jning, afrulning, svejsning, stansning, sk\u00e6ring<\/div>\n<\/div>\n<div class=\"row\">\n<div class=\"cell label\">Materiale<\/div>\n<div class=\"cell value\">6063 aluminiumslegering<\/div>\n<\/div>\n<div class=\"row\">\n<div class=\"cell label\">Overfladebehandling<\/div>\n<div class=\"cell value\">Tilpasset overfladebehandling<\/div>\n<\/div>\n<div class=\"row\">\n<div class=\"cell label\">Anvendelse<\/div>\n<div class=\"cell value\">Industial<\/div>\n<\/div>\n<div class=\"row\">\n<div class=\"cell label\">L\u00e6ngde<\/div>\n<div class=\"cell value\">Tilpasset st\u00f8rrelse<\/div>\n<\/div>\n<div class=\"row\">\n<div class=\"cell label\">Farve<\/div>\n<div class=\"cell value\">S\u00f8lv<\/div>\n<\/div>\n<div class=\"row\">\n<div class=\"cell label\">St\u00f8rrelse<\/div>\n<div class=\"cell value\">Kundens krav<\/div>\n<\/div>\n<div class=\"row\">\n<div class=\"cell label\">Salg af enheder<\/div>\n<div class=\"cell value\">En enkelt genstand<\/div>\n<\/div>\n<div class=\"row\">\n<div class=\"cell label\">Enkelt pakkest\u00f8rrelse<\/div>\n<div class=\"cell value\">110X110X50 cm<\/div>\n<\/div>\n<div class=\"row\">\n<div class=\"cell label\">Enkelt bruttov\u00e6gt<\/div>\n<div class=\"cell value\">1.000 KG<\/div>\n<\/div>\n<\/div>\n<p><\/p>\n<h2>Vores produktionsbase<\/h2>\n<h3>Panorama over fabrikken<\/h3>\n<p><img decoding=\"async\" src=\"\/wp-content\/uploads\/factory-01.webp\"\/><\/p>\n<h3>V\u00e6rksted til fremstilling af aluminiumst\u00e6nger<\/h3>\n<p><img decoding=\"async\" src=\"\/wp-content\/uploads\/factory-02.webp\"\/><\/p>\n<p><img decoding=\"async\" src=\"\/wp-content\/uploads\/factory-03.webp\"\/><\/p>\n<h3>Lager til opbevaring af skimmelsvampe<\/h3>\n<p><img decoding=\"async\" src=\"\/wp-content\/uploads\/factory-04.webp\"\/><\/p>\n<h3>43 ekstruderingslinjer for aluminium (500-5500 ton)<\/h3>\n<p><img decoding=\"async\" src=\"\/wp-content\/uploads\/factory-05.webp\"\/><\/p>\n<p><img decoding=\"async\" src=\"\/wp-content\/uploads\/factory-06.webp\"\/><\/p>\n<p><img decoding=\"async\" src=\"\/wp-content\/uploads\/factory-07.webp\"\/><\/p>\n<h3>V\u00e6rksted for pulverlakering<\/h3>\n<p><img decoding=\"async\" src=\"\/wp-content\/uploads\/factory-09.webp\"\/><\/p>\n<h3>Anodiseringsv\u00e6rksted<\/h3>\n<p><img decoding=\"async\" src=\"\/wp-content\/uploads\/factory-10.webp\"\/><\/p>\n<h3>Workshop om dyb behandling<\/h3>\n<p><img decoding=\"async\" src=\"\/wp-content\/uploads\/factory-11.webp\"\/><\/p>\n<h3>V\u00e6rksted for CNC-pr\u00e6cisionsbearbejdning<\/h3>\n<p><img decoding=\"async\" src=\"\/wp-content\/uploads\/factory-11.5.webp\"\/><\/p>\n<h3>F\u00e6rdigvare- og eksportlager<\/h3>\n<p><img decoding=\"async\" src=\"\/wp-content\/uploads\/factory-12.webp\"\/><\/p>\n<p><img decoding=\"async\" src=\"\/wp-content\/uploads\/factory-13.webp\"\/><\/p>\n<p><img decoding=\"async\" src=\"\/wp-content\/uploads\/factory-14.webp\"\/><\/p>\n<h2>OFTE STILLEDE SP\u00d8RGSM\u00c5L<\/h2>\n<p><strong>1. Hvilke materialer bruges i v\u00e6skek\u00f8lesystemets k\u00f8lelegemer?<\/strong><br \/>Vores k\u00f8lelegemer er lavet af f\u00f8rsteklasses materialer, herunder aluminium og kobber, for optimal varmeafledning.<\/p>\n<p><strong>2. Kan disse k\u00f8lelegemer tilpasses til specifikke anvendelser?<\/strong><br \/>Ja, vi tilbyder specialdesignede tjenester, der passer til netop din enhed og dine k\u00f8lebehov.<\/p>\n<p><strong>3. Hvilke industrier bruger ofte k\u00f8leplader til flydende k\u00f8lesystemer?<\/strong><br \/>De bruges i vid udstr\u00e6kning i brancher som computere, telekommunikation og bilindustrien.<\/p>\n<p><strong>4. Hvor effektive er disse k\u00f8lelegemer i k\u00f8lesystemer?<\/strong><br \/>Vores k\u00f8lelegemer er designet til at maksimere varmeafledning og sikre effektiv varmestyring i kritiske applikationer.<\/p>\n<p><strong>5. Hvad er leveringstiden for en stor ordre af specialfremstillede k\u00f8lelegemer?<\/strong><br \/>Leveringstiden varierer efter ordrest\u00f8rrelse, men ligger typisk mellem 4 og 6 uger.<\/p>\n<p><strong>6. Tilbyder I teknisk support til at integrere disse k\u00f8lelegemer i eksisterende systemer?<\/strong><br \/>Ja, vi giver fuld teknisk support og vejledning til problemfri integration.<\/p>\n<p><strong>7. Er k\u00f8lelegemerne kompatible med b\u00e5de v\u00e6ske- og luftk\u00f8lingssystemer?<\/strong><br \/>Ja, de kan bruges sammen med b\u00e5de v\u00e6ske- og luftk\u00f8lingsl\u00f8sninger.<\/p>\n<p><\/p>","protected":false},"featured_media":10767,"template":"","categories":[72],"class_list":["post-11015","product","type-product","status-publish","has-post-thumbnail","hentry","category-extruded-aluminum-heatsink"],"meta_box":{"hilight_text_group":[{"product_hilight_text":"<li>Engineered for efficient heat dissipation in electronic devices<\/li>\n<li>Available in custom sizes and designs for diverse applications<\/li>\n<li>Manufactured using high-grade materials ensuring longevity<\/li>\n<li>Offers seamless integration into existing cooling systems<\/li>\n<li>Supports high-performance requirements for industrial use<\/li>"}],"feature_list":[]},"_links":{"self":[{"href":"https:\/\/sinoextrud.com\/da\/wp-json\/wp\/v2\/product\/11015","targetHints":{"allow":["GET"]}}],"collection":[{"href":"https:\/\/sinoextrud.com\/da\/wp-json\/wp\/v2\/product"}],"about":[{"href":"https:\/\/sinoextrud.com\/da\/wp-json\/wp\/v2\/types\/product"}],"wp:featuredmedia":[{"embeddable":true,"href":"https:\/\/sinoextrud.com\/da\/wp-json\/wp\/v2\/media\/10767"}],"wp:attachment":[{"href":"https:\/\/sinoextrud.com\/da\/wp-json\/wp\/v2\/media?parent=11015"}],"wp:term":[{"taxonomy":"category","embeddable":true,"href":"https:\/\/sinoextrud.com\/da\/wp-json\/wp\/v2\/categories?post=11015"}],"curies":[{"name":"wp","href":"https:\/\/api.w.org\/{rel}","templated":true}]}}