{"id":11014,"date":"2025-08-01T03:39:06","date_gmt":"2025-08-01T03:39:06","guid":{"rendered":"https:\/\/sinoextrud.com\/product\/liquid-cooling-aluminum-heat-sinks-for-electronics\/"},"modified":"2025-08-01T03:39:06","modified_gmt":"2025-08-01T03:39:06","slug":"koleplader-i-aluminium-til-flydende-koling-af-elektronik","status":"publish","type":"product","link":"https:\/\/sinoextrud.com\/da\/product\/liquid-cooling-aluminum-heat-sinks-for-electronics\/","title":{"rendered":"K\u00f8leribber i aluminium til flydende k\u00f8ling af elektronik"},"content":{"rendered":"<h2>Detaljer om produkter<\/h2>\n<div class=\"product-table\">\n<div class=\"row\">\n<div class=\"cell label\">Karakter<\/div>\n<div class=\"cell value\">6000-serien<\/div>\n<\/div>\n<div class=\"row\">\n<div class=\"cell label\">Tolerance<\/div>\n<div class=\"cell value\">\u00b11%<\/div>\n<\/div>\n<div class=\"row\">\n<div class=\"cell label\">Leveringstid<\/div>\n<div class=\"cell value\">8-14 dage<\/div>\n<\/div>\n<div class=\"row\">\n<div class=\"cell label\">Temperament<\/div>\n<div class=\"cell value\">T3-T8<\/div>\n<\/div>\n<div class=\"row\">\n<div class=\"cell label\">Anvendelse<\/div>\n<div class=\"cell value\">K\u00f8leplade<\/div>\n<\/div>\n<div class=\"row\">\n<div class=\"cell label\">Form<\/div>\n<div class=\"cell value\">Andet<\/div>\n<\/div>\n<div class=\"row\">\n<div class=\"cell label\">Legering eller ej<\/div>\n<div class=\"cell value\">Er legeret<\/div>\n<\/div>\n<div class=\"row\">\n<div class=\"cell label\">Behandling af service<\/div>\n<div class=\"cell value\">B\u00f8jning, afrulning, svejsning, stansning, sk\u00e6ring<\/div>\n<\/div>\n<div class=\"row\">\n<div class=\"cell label\">Materiale<\/div>\n<div class=\"cell value\">6063 aluminiumslegering<\/div>\n<\/div>\n<div class=\"row\">\n<div class=\"cell label\">Overfladebehandling<\/div>\n<div class=\"cell value\">Tilpasset overfladebehandling<\/div>\n<\/div>\n<div class=\"row\">\n<div class=\"cell label\">Anvendelse<\/div>\n<div class=\"cell value\">Industial<\/div>\n<\/div>\n<div class=\"row\">\n<div class=\"cell label\">L\u00e6ngde<\/div>\n<div class=\"cell value\">Tilpasset st\u00f8rrelse<\/div>\n<\/div>\n<div class=\"row\">\n<div class=\"cell label\">Farve<\/div>\n<div class=\"cell value\">S\u00f8lv<\/div>\n<\/div>\n<div class=\"row\">\n<div class=\"cell label\">St\u00f8rrelse<\/div>\n<div class=\"cell value\">Kundens krav<\/div>\n<\/div>\n<div class=\"row\">\n<div class=\"cell label\">Salg af enheder<\/div>\n<div class=\"cell value\">En enkelt genstand<\/div>\n<\/div>\n<div class=\"row\">\n<div class=\"cell label\">Enkelt pakkest\u00f8rrelse<\/div>\n<div class=\"cell value\">110X110X50 cm<\/div>\n<\/div>\n<div class=\"row\">\n<div class=\"cell label\">Enkelt bruttov\u00e6gt<\/div>\n<div class=\"cell value\">1.000 KG<\/div>\n<\/div>\n<\/div>\n<p><\/p>\n<h2>Vores produktionsbase<\/h2>\n<h3>Panorama over fabrikken<\/h3>\n<p><img decoding=\"async\" src=\"\/wp-content\/uploads\/factory-01.webp\"\/><\/p>\n<h3>V\u00e6rksted til fremstilling af aluminiumst\u00e6nger<\/h3>\n<p><img decoding=\"async\" src=\"\/wp-content\/uploads\/factory-02.webp\"\/><\/p>\n<p><img decoding=\"async\" src=\"\/wp-content\/uploads\/factory-03.webp\"\/><\/p>\n<h3>Lager til opbevaring af skimmelsvampe<\/h3>\n<p><img decoding=\"async\" src=\"\/wp-content\/uploads\/factory-04.webp\"\/><\/p>\n<h3>43 ekstruderingslinjer for aluminium (500-5500 ton)<\/h3>\n<p><img decoding=\"async\" src=\"\/wp-content\/uploads\/factory-05.webp\"\/><\/p>\n<p><img decoding=\"async\" src=\"\/wp-content\/uploads\/factory-06.webp\"\/><\/p>\n<p><img decoding=\"async\" src=\"\/wp-content\/uploads\/factory-07.webp\"\/><\/p>\n<h3>V\u00e6rksted for pulverlakering<\/h3>\n<p><img decoding=\"async\" src=\"\/wp-content\/uploads\/factory-09.webp\"\/><\/p>\n<h3>Anodiseringsv\u00e6rksted<\/h3>\n<p><img decoding=\"async\" src=\"\/wp-content\/uploads\/factory-10.webp\"\/><\/p>\n<h3>Workshop om dyb behandling<\/h3>\n<p><img decoding=\"async\" src=\"\/wp-content\/uploads\/factory-11.webp\"\/><\/p>\n<h3>V\u00e6rksted for CNC-pr\u00e6cisionsbearbejdning<\/h3>\n<p><img decoding=\"async\" src=\"\/wp-content\/uploads\/factory-11.5.webp\"\/><\/p>\n<h3>F\u00e6rdigvare- og eksportlager<\/h3>\n<p><img decoding=\"async\" src=\"\/wp-content\/uploads\/factory-12.webp\"\/><\/p>\n<p><img decoding=\"async\" src=\"\/wp-content\/uploads\/factory-13.webp\"\/><\/p>\n<p><img decoding=\"async\" src=\"\/wp-content\/uploads\/factory-14.webp\"\/><\/p>\n<h2>OFTE STILLEDE SP\u00d8RGSM\u00c5L<\/h2>\n<p><strong>1. Hvilke industrier bruger k\u00f8leplader af aluminium til v\u00e6skek\u00f8ling?<\/strong><br \/>Industrier som computere, biler og telekommunikation bruger ofte vores k\u00f8lelegemer til overlegen varmestyring.<\/p>\n<p><strong>2. Kan k\u00f8lelegemerne tilpasses til specifikke anvendelser?<\/strong><br \/>Ja, vi tilbyder tilpasning af st\u00f8rrelse, form og monteringsmuligheder, s\u00e5 de passer til forskellige anvendelser.<\/p>\n<p><strong>3. Kan man f\u00e5 pr\u00f8ver, f\u00f8r man afgiver en stor ordre?<\/strong><br \/>Ja, vi leverer pr\u00f8ver for at hj\u00e6lpe med at evaluere kvaliteten og specifikationerne p\u00e5 forh\u00e5nd.<\/p>\n<p><strong>4. Hvad er den typiske leveringstid for bulkordrer?<\/strong><br \/>Leveringstiden varierer, men ligger typisk mellem 4 og 6 uger, afh\u00e6ngigt af ordrens kompleksitet.<\/p>\n<p><strong>5. Giver du teknisk support til installation?<\/strong><br \/>Ja, vi tilbyder omfattende teknisk support for at sikre korrekt installation og drift.<\/p>\n<p><strong>6. Er der mulighed for international forsendelse af disse k\u00f8lelegemer?<\/strong><br \/>Ja, vi faciliterer global forsendelse og h\u00e5ndterer al international logistik og dokumentation.<\/p>\n<p><strong>7. Kan k\u00f8lelegemerne integreres med eksisterende v\u00e6skek\u00f8lingssystemer?<\/strong><br \/>Absolut, vores k\u00f8lelegemer er designet til nem integration med de fleste eksisterende v\u00e6skek\u00f8lingsops\u00e6tninger.<\/p>\n<p><\/p>","protected":false},"featured_media":10760,"template":"","categories":[72],"class_list":["post-11014","product","type-product","status-publish","has-post-thumbnail","hentry","category-extruded-aluminum-heatsink"],"meta_box":{"hilight_text_group":[{"product_hilight_text":"<li>Optimized for efficient thermal management in high-performance systems<\/li>\n<li>Customizable dimensions and designs for diverse industry needs<\/li>\n<li>Manufactured with high-quality aluminum for superior heat dissipation<\/li>\n<li>Suitable for OEM and ODM projects with competitive pricing<\/li>\n<li>Advanced liquid cooling capabilities for enhanced reliability<\/li>"}],"feature_list":[]},"_links":{"self":[{"href":"https:\/\/sinoextrud.com\/da\/wp-json\/wp\/v2\/product\/11014","targetHints":{"allow":["GET"]}}],"collection":[{"href":"https:\/\/sinoextrud.com\/da\/wp-json\/wp\/v2\/product"}],"about":[{"href":"https:\/\/sinoextrud.com\/da\/wp-json\/wp\/v2\/types\/product"}],"wp:featuredmedia":[{"embeddable":true,"href":"https:\/\/sinoextrud.com\/da\/wp-json\/wp\/v2\/media\/10760"}],"wp:attachment":[{"href":"https:\/\/sinoextrud.com\/da\/wp-json\/wp\/v2\/media?parent=11014"}],"wp:term":[{"taxonomy":"category","embeddable":true,"href":"https:\/\/sinoextrud.com\/da\/wp-json\/wp\/v2\/categories?post=11014"}],"curies":[{"name":"wp","href":"https:\/\/api.w.org\/{rel}","templated":true}]}}