{"id":11013,"date":"2025-08-01T03:39:04","date_gmt":"2025-08-01T03:39:04","guid":{"rendered":"https:\/\/sinoextrud.com\/product\/silver-aluminum-vapor-chamber-for-electronics\/"},"modified":"2025-08-01T03:39:04","modified_gmt":"2025-08-01T03:39:04","slug":"dampkammer-i-solvaluminium-til-elektronik","status":"publish","type":"product","link":"https:\/\/sinoextrud.com\/da\/product\/silver-aluminum-vapor-chamber-for-electronics\/","title":{"rendered":"Dampkammer i s\u00f8lvaluminium til elektronik"},"content":{"rendered":"<h2>Detaljer om produkter<\/h2>\n<div class=\"product-table\">\n<div class=\"row\">\n<div class=\"cell label\">CNC-bearbejdning eller ej<\/div>\n<div class=\"cell value\">Cnc-bearbejdning<\/div>\n<\/div>\n<div class=\"row\">\n<div class=\"cell label\">Materialekapacitet<\/div>\n<div class=\"cell value\">Aluminium, messing, bronze, kobber, h\u00e6rdede metaller, \u00e6delmetaller, rustfrit st\u00e5l, st\u00e5llegeringer<\/div>\n<\/div>\n<div class=\"row\">\n<div class=\"cell label\">Type<\/div>\n<div class=\"cell value\">R\u00f8mning, boring, \u00e6tsning \/ kemisk bearbejdning, laserbearbejdning, fr\u00e6sning, andre bearbejdningstjenester, drejning, tr\u00e5dgnistning, hurtig prototyping<\/div>\n<\/div>\n<div class=\"row\">\n<div class=\"cell label\">Mikrobearbejdning eller ej<\/div>\n<div class=\"cell value\">Mikrobearbejdning<\/div>\n<\/div>\n<div class=\"row\">\n<div class=\"cell label\">Produktets navn<\/div>\n<div class=\"cell value\">K\u00f8lelegeme af ekstruderet aluminium<\/div>\n<\/div>\n<div class=\"row\">\n<div class=\"cell label\">Overfladebehandling<\/div>\n<div class=\"cell value\">Sort anodisering<\/div>\n<\/div>\n<div class=\"row\">\n<div class=\"cell label\">MOQ<\/div>\n<div class=\"cell value\">100 stk.<\/div>\n<\/div>\n<div class=\"row\">\n<div class=\"cell label\">Certificering<\/div>\n<div class=\"cell value\">ISO9001:2015<\/div>\n<\/div>\n<div class=\"row\">\n<div class=\"cell label\">Farve<\/div>\n<div class=\"cell value\">Sort<\/div>\n<\/div>\n<div class=\"row\">\n<div class=\"cell label\">Proces<\/div>\n<div class=\"cell value\">CNC, ekstrudering osv.<\/div>\n<\/div>\n<div class=\"row\">\n<div class=\"cell label\">Pakning<\/div>\n<div class=\"cell value\">Indre pp-pose ydre tr\u00e6kasse<\/div>\n<\/div>\n<div class=\"row\">\n<div class=\"cell label\">Funktion<\/div>\n<div class=\"cell value\">Let v\u00e6gt og h\u00f8j effektivitet i udstr\u00e5lingen<\/div>\n<\/div>\n<div class=\"row\">\n<div class=\"cell label\">OEM-service<\/div>\n<div class=\"cell value\">Ja<\/div>\n<\/div>\n<div class=\"row\">\n<div class=\"cell label\">St\u00f8rrelse<\/div>\n<div class=\"cell value\">Brugerdefineret<\/div>\n<\/div>\n<div class=\"row\">\n<div class=\"cell label\">Salg af enheder<\/div>\n<div class=\"cell value\">En enkelt genstand<\/div>\n<\/div>\n<div class=\"row\">\n<div class=\"cell label\">Enkelt pakkest\u00f8rrelse<\/div>\n<div class=\"cell value\">1X1X1 cm<\/div>\n<\/div>\n<div class=\"row\">\n<div class=\"cell label\">Enkelt bruttov\u00e6gt<\/div>\n<div class=\"cell value\">1.000 KG<\/div>\n<\/div>\n<\/div>\n<p><\/p>\n<h2>Vores produktionsbase<\/h2>\n<h3>Panorama over fabrikken<\/h3>\n<p><img decoding=\"async\" src=\"\/wp-content\/uploads\/factory-01.webp\"\/><\/p>\n<h3>V\u00e6rksted til fremstilling af aluminiumst\u00e6nger<\/h3>\n<p><img decoding=\"async\" src=\"\/wp-content\/uploads\/factory-02.webp\"\/><\/p>\n<p><img decoding=\"async\" src=\"\/wp-content\/uploads\/factory-03.webp\"\/><\/p>\n<h3>Lager til opbevaring af skimmelsvampe<\/h3>\n<p><img decoding=\"async\" src=\"\/wp-content\/uploads\/factory-04.webp\"\/><\/p>\n<h3>43 ekstruderingslinjer for aluminium (500-5500 ton)<\/h3>\n<p><img decoding=\"async\" src=\"\/wp-content\/uploads\/factory-05.webp\"\/><\/p>\n<p><img decoding=\"async\" src=\"\/wp-content\/uploads\/factory-06.webp\"\/><\/p>\n<p><img decoding=\"async\" src=\"\/wp-content\/uploads\/factory-07.webp\"\/><\/p>\n<h3>V\u00e6rksted for pulverlakering<\/h3>\n<p><img decoding=\"async\" src=\"\/wp-content\/uploads\/factory-09.webp\"\/><\/p>\n<h3>Anodiseringsv\u00e6rksted<\/h3>\n<p><img decoding=\"async\" src=\"\/wp-content\/uploads\/factory-10.webp\"\/><\/p>\n<h3>Workshop om dyb behandling<\/h3>\n<p><img decoding=\"async\" src=\"\/wp-content\/uploads\/factory-11.webp\"\/><\/p>\n<h3>V\u00e6rksted for CNC-pr\u00e6cisionsbearbejdning<\/h3>\n<p><img decoding=\"async\" src=\"\/wp-content\/uploads\/factory-11.5.webp\"\/><\/p>\n<h3>F\u00e6rdigvare- og eksportlager<\/h3>\n<p><img decoding=\"async\" src=\"\/wp-content\/uploads\/factory-12.webp\"\/><\/p>\n<p><img decoding=\"async\" src=\"\/wp-content\/uploads\/factory-13.webp\"\/><\/p>\n<p><img decoding=\"async\" src=\"\/wp-content\/uploads\/factory-14.webp\"\/><\/p>\n<h2>OFTE STILLEDE SP\u00d8RGSM\u00c5L<\/h2>\n<p><strong>1. Hvad er de prim\u00e6re anvendelsesomr\u00e5der for Sliver Aluminum Vapor Chamber?<\/strong><br \/>Det bruges prim\u00e6rt til effektiv varmestyring i elektronik og computerenheder.<\/p>\n<p><strong>2. Kan dampkammerets dimensioner tilpasses?<\/strong><br \/>Ja, vi tilbyder tilpasning for at opfylde specifikke krav til dine enheder.<\/p>\n<p><strong>3. Er dette dampkammer egnet til milj\u00f8er med h\u00f8je temperaturer?<\/strong><br \/>Ja, den er designet til at fungere effektivt under h\u00f8je temperaturer.<\/p>\n<p><strong>4. Kan du levere pr\u00f8ver til testform\u00e5l?<\/strong><br \/>Ja, pr\u00f8vebestillinger er tilg\u00e6ngelige for at evaluere ydeevne og kompatibilitet.<\/p>\n<p><strong>5. Hvilke materialer bruges til fremstilling af dampkammeret?<\/strong><br \/>Den er fremstillet af h\u00f8jkvalitetsaluminium, som giver en lav v\u00e6gt og effektiv varmeledning.<\/p>\n<p><strong>6. Er der OEM-tjenester til r\u00e5dighed for dette produkt?<\/strong><br \/>Ja, vi tilbyder OEM-tjenester for at hj\u00e6lpe med at integrere kammeret i dine produkter.<\/p>\n<p><strong>7. Hvad er standard leveringstiden for bulkordrer?<\/strong><br \/>Den typiske leveringstid er 4-6 uger afh\u00e6ngigt af ordrest\u00f8rrelse og tilpasning.<\/p>\n<p><\/p>","protected":false},"featured_media":10771,"template":"","categories":[55],"class_list":["post-11013","product","type-product","status-publish","has-post-thumbnail","hentry","category-extruded-aluminum-profiles"],"meta_box":{"hilight_text_group":[{"product_hilight_text":"<li>Efficient heat dissipation for high-performance applications<\/li>\n<li>Lightweight aluminum construction ideal for various devices<\/li>\n<li>Customizable dimensions to fit specific B2B needs<\/li>\n<li>Advanced manufacturing ensures reliability and durability<\/li>\n<li>OEM solutions available with competitive pricing<\/li>"}],"feature_list":[]},"_links":{"self":[{"href":"https:\/\/sinoextrud.com\/da\/wp-json\/wp\/v2\/product\/11013","targetHints":{"allow":["GET"]}}],"collection":[{"href":"https:\/\/sinoextrud.com\/da\/wp-json\/wp\/v2\/product"}],"about":[{"href":"https:\/\/sinoextrud.com\/da\/wp-json\/wp\/v2\/types\/product"}],"wp:featuredmedia":[{"embeddable":true,"href":"https:\/\/sinoextrud.com\/da\/wp-json\/wp\/v2\/media\/10771"}],"wp:attachment":[{"href":"https:\/\/sinoextrud.com\/da\/wp-json\/wp\/v2\/media?parent=11013"}],"wp:term":[{"taxonomy":"category","embeddable":true,"href":"https:\/\/sinoextrud.com\/da\/wp-json\/wp\/v2\/categories?post=11013"}],"curies":[{"name":"wp","href":"https:\/\/api.w.org\/{rel}","templated":true}]}}