{"id":11012,"date":"2025-08-01T03:39:02","date_gmt":"2025-08-01T03:39:02","guid":{"rendered":"https:\/\/sinoextrud.com\/product\/vapor-chamber-phase-change-heat-sink-for-cooling\/"},"modified":"2025-08-01T03:39:02","modified_gmt":"2025-08-01T03:39:02","slug":"dampkammer-med-faseaendring-til-koling","status":"publish","type":"product","link":"https:\/\/sinoextrud.com\/da\/product\/vapor-chamber-phase-change-heat-sink-for-cooling\/","title":{"rendered":"Vapor Chamber Phase Change Heat Sink til k\u00f8ling"},"content":{"rendered":"<h2>Detaljer om produkter<\/h2>\n<div class=\"product-table\">\n<div class=\"row\">\n<div class=\"cell label\">Karakter<\/div>\n<div class=\"cell value\">6000-serien<\/div>\n<\/div>\n<div class=\"row\">\n<div class=\"cell label\">Tolerance<\/div>\n<div class=\"cell value\">\u00b11%<\/div>\n<\/div>\n<div class=\"row\">\n<div class=\"cell label\">Leveringstid<\/div>\n<div class=\"cell value\">22-30 dage<\/div>\n<\/div>\n<div class=\"row\">\n<div class=\"cell label\">Temperament<\/div>\n<div class=\"cell value\">T3-T8<\/div>\n<\/div>\n<div class=\"row\">\n<div class=\"cell label\">Anvendelse<\/div>\n<div class=\"cell value\">led\/elektronik\/cpu\/industri<\/div>\n<\/div>\n<div class=\"row\">\n<div class=\"cell label\">Form<\/div>\n<div class=\"cell value\">Brugerdefineret<\/div>\n<\/div>\n<div class=\"row\">\n<div class=\"cell label\">Legering eller ej<\/div>\n<div class=\"cell value\">Er legeret<\/div>\n<\/div>\n<div class=\"row\">\n<div class=\"cell label\">Behandling af service<\/div>\n<div class=\"cell value\">B\u00f8jning, afrulning, svejsning, stansning, sk\u00e6ring<\/div>\n<\/div>\n<div class=\"row\">\n<div class=\"cell label\">Produktets navn<\/div>\n<div class=\"cell value\">Specialfremstillet k\u00f8leplade i aluminium<\/div>\n<\/div>\n<div class=\"row\">\n<div class=\"cell label\">Materiale<\/div>\n<div class=\"cell value\">6063 6061 6005 Aluminiumslegering<\/div>\n<\/div>\n<div class=\"row\">\n<div class=\"cell label\">Farve<\/div>\n<div class=\"cell value\">S\u00f8lv, sort, gylden sort og s\u00e5 videre<\/div>\n<\/div>\n<div class=\"row\">\n<div class=\"cell label\">Overfladebehandling<\/div>\n<div class=\"cell value\">Mill Finish, anodisering, pulverlakering<\/div>\n<\/div>\n<div class=\"row\">\n<div class=\"cell label\">Funktion<\/div>\n<div class=\"cell value\">H\u00f8j korrosionsbestandighed<\/div>\n<\/div>\n<div class=\"row\">\n<div class=\"cell label\">Form<\/div>\n<div class=\"cell value\">Tilpasset<\/div>\n<\/div>\n<div class=\"row\">\n<div class=\"cell label\">Anvendelse<\/div>\n<div class=\"cell value\">Led\/elektronik\/cpu\/industri<\/div>\n<\/div>\n<div class=\"row\">\n<div class=\"cell label\">Pr\u00f8ve<\/div>\n<div class=\"cell value\">Gratis pr\u00f8ve<\/div>\n<\/div>\n<div class=\"row\">\n<div class=\"cell label\">L\u00e6ngde<\/div>\n<div class=\"cell value\">Brugerdefineret l\u00e6ngde<\/div>\n<\/div>\n<div class=\"row\">\n<div class=\"cell label\">Service<\/div>\n<div class=\"cell value\">OEM ODM<\/div>\n<\/div>\n<div class=\"row\">\n<div class=\"cell label\">Salg af enheder<\/div>\n<div class=\"cell value\">En enkelt genstand<\/div>\n<\/div>\n<div class=\"row\">\n<div class=\"cell label\">Enkelt pakkest\u00f8rrelse<\/div>\n<div class=\"cell value\">30X20X20 cm<\/div>\n<\/div>\n<div class=\"row\">\n<div class=\"cell label\">Enkelt bruttov\u00e6gt<\/div>\n<div class=\"cell value\">3.000 KG<\/div>\n<\/div>\n<\/div>\n<p><\/p>\n<h2>Vores produktionsbase<\/h2>\n<h3>Panorama over fabrikken<\/h3>\n<p><img decoding=\"async\" src=\"\/wp-content\/uploads\/factory-01.webp\"\/><\/p>\n<h3>V\u00e6rksted til fremstilling af aluminiumst\u00e6nger<\/h3>\n<p><img decoding=\"async\" src=\"\/wp-content\/uploads\/factory-02.webp\"\/><\/p>\n<p><img decoding=\"async\" src=\"\/wp-content\/uploads\/factory-03.webp\"\/><\/p>\n<h3>Lager til opbevaring af skimmelsvampe<\/h3>\n<p><img decoding=\"async\" src=\"\/wp-content\/uploads\/factory-04.webp\"\/><\/p>\n<h3>43 ekstruderingslinjer for aluminium (500-5500 ton)<\/h3>\n<p><img decoding=\"async\" src=\"\/wp-content\/uploads\/factory-05.webp\"\/><\/p>\n<p><img decoding=\"async\" src=\"\/wp-content\/uploads\/factory-06.webp\"\/><\/p>\n<p><img decoding=\"async\" src=\"\/wp-content\/uploads\/factory-07.webp\"\/><\/p>\n<h3>V\u00e6rksted for pulverlakering<\/h3>\n<p><img decoding=\"async\" src=\"\/wp-content\/uploads\/factory-09.webp\"\/><\/p>\n<h3>Anodiseringsv\u00e6rksted<\/h3>\n<p><img decoding=\"async\" src=\"\/wp-content\/uploads\/factory-10.webp\"\/><\/p>\n<h3>Workshop om dyb behandling<\/h3>\n<p><img decoding=\"async\" src=\"\/wp-content\/uploads\/factory-11.webp\"\/><\/p>\n<h3>V\u00e6rksted for CNC-pr\u00e6cisionsbearbejdning<\/h3>\n<p><img decoding=\"async\" src=\"\/wp-content\/uploads\/factory-11.5.webp\"\/><\/p>\n<h3>F\u00e6rdigvare- og eksportlager<\/h3>\n<p><img decoding=\"async\" src=\"\/wp-content\/uploads\/factory-12.webp\"\/><\/p>\n<p><img decoding=\"async\" src=\"\/wp-content\/uploads\/factory-13.webp\"\/><\/p>\n<p><img decoding=\"async\" src=\"\/wp-content\/uploads\/factory-14.webp\"\/><\/p>\n<h2>OFTE STILLEDE SP\u00d8RGSM\u00c5L<\/h2>\n<p><strong>1. Hvad er den prim\u00e6re funktion af Vapor Chamber Phase Change Heat Sink?<\/strong><br \/>Den er designet til effektivt at styre varmen i h\u00f8jtydende elektroniske enheder.<\/p>\n<p><strong>2. Kan st\u00f8rrelsen p\u00e5 denne k\u00f8leplade tilpasses?<\/strong><br \/>Ja, den kan tilpasses, s\u00e5 den passer til specifikke enhedskrav.<\/p>\n<p><strong>3. Er denne k\u00f8leplade egnet til brug i datacentre?<\/strong><br \/>Ja, den er ideel til databehandlingsmilj\u00f8er med h\u00f8j t\u00e6thed som f.eks. datacentre.<\/p>\n<p><strong>4. Underst\u00f8tter k\u00f8lepladen forskellige installationsretninger?<\/strong><br \/>Ja, den kan installeres b\u00e5de lodret og vandret.<\/p>\n<p><strong>5. Hvilket materiale er brugt til konstruktionen af k\u00f8lepladen?<\/strong><br \/>Den er fremstillet af materialer af h\u00f8j kvalitet for at sikre holdbarhed og termisk effektivitet.<\/p>\n<p><strong>6. Er der nogen industristandarder, som produktet overholder?<\/strong><br \/>Ja, den opfylder relevante standarder for termisk styring af elektronik.<\/p>\n<p><strong>7. Tilbyder du teknisk support til integration med enheder?<\/strong><br \/>Ja, vi yder teknisk support for at lette integrationen i forskellige systemer.<\/p>\n<p><\/p>","protected":false},"featured_media":10773,"template":"","categories":[72],"class_list":["post-11012","product","type-product","status-publish","has-post-thumbnail","hentry","category-extruded-aluminum-heatsink"],"meta_box":{"hilight_text_group":[{"product_hilight_text":"<li>Efficient thermal management for high-performance electronics<\/li>\n<li>Customizable dimensions to fit various device specifications<\/li>\n<li>Ideal for use in data centers and high-density computing environments<\/li>\n<li>Robust construction for prolonged operational stability<\/li>\n<li>Support for both vertical and horizontal installation orientations<\/li>"}],"feature_list":[]},"_links":{"self":[{"href":"https:\/\/sinoextrud.com\/da\/wp-json\/wp\/v2\/product\/11012","targetHints":{"allow":["GET"]}}],"collection":[{"href":"https:\/\/sinoextrud.com\/da\/wp-json\/wp\/v2\/product"}],"about":[{"href":"https:\/\/sinoextrud.com\/da\/wp-json\/wp\/v2\/types\/product"}],"wp:featuredmedia":[{"embeddable":true,"href":"https:\/\/sinoextrud.com\/da\/wp-json\/wp\/v2\/media\/10773"}],"wp:attachment":[{"href":"https:\/\/sinoextrud.com\/da\/wp-json\/wp\/v2\/media?parent=11012"}],"wp:term":[{"taxonomy":"category","embeddable":true,"href":"https:\/\/sinoextrud.com\/da\/wp-json\/wp\/v2\/categories?post=11012"}],"curies":[{"name":"wp","href":"https:\/\/api.w.org\/{rel}","templated":true}]}}