{"id":11011,"date":"2025-08-01T03:39:00","date_gmt":"2025-08-01T03:39:00","guid":{"rendered":"https:\/\/sinoextrud.com\/product\/vapor-chamber-cooling-for-high-performance-systems\/"},"modified":"2025-08-01T03:39:00","modified_gmt":"2025-08-01T03:39:00","slug":"dampkammerkoling-til-hojtydende-systemer","status":"publish","type":"product","link":"https:\/\/sinoextrud.com\/da\/product\/vapor-chamber-cooling-for-high-performance-systems\/","title":{"rendered":"Dampkammerk\u00f8ling til h\u00f8jtydende systemer"},"content":{"rendered":"<h2>Detaljer om produkter<\/h2>\n<div class=\"product-table\">\n<div class=\"row\">\n<div class=\"cell label\">Testrapport for maskiner<\/div>\n<div class=\"cell value\">Leveret<\/div>\n<\/div>\n<div class=\"row\">\n<div class=\"cell label\">video udg\u00e5ende-inspektion<\/div>\n<div class=\"cell value\">Leveret<\/div>\n<\/div>\n<div class=\"row\">\n<div class=\"cell label\">Garanti<\/div>\n<div class=\"cell value\">1 \u00e5r<\/div>\n<\/div>\n<div class=\"row\">\n<div class=\"cell label\">ans\u00f8gning<\/div>\n<div class=\"cell value\">Dele til varmelegeme<\/div>\n<\/div>\n<div class=\"row\">\n<div class=\"cell label\">type<\/div>\n<div class=\"cell value\">Flydende k\u00f8leplade<\/div>\n<\/div>\n<div class=\"row\">\n<div class=\"cell label\">v\u00e6gt (kg)<\/div>\n<div class=\"cell value\">5<\/div>\n<\/div>\n<div class=\"row\">\n<div class=\"cell label\">Produktets navn<\/div>\n<div class=\"cell value\">vandblok<\/div>\n<\/div>\n<div class=\"row\">\n<div class=\"cell label\">Dimension (L*B*H)<\/div>\n<div class=\"cell value\">Op til 3,8*1,1 L*B<\/div>\n<\/div>\n<div class=\"row\">\n<div class=\"cell label\">Overfladens ruhed<\/div>\n<div class=\"cell value\">1.2 um<\/div>\n<\/div>\n<div class=\"row\">\n<div class=\"cell label\">Overfladens fladhed<\/div>\n<div class=\"cell value\">Under 0,005 cm\/cm<\/div>\n<\/div>\n<div class=\"row\">\n<div class=\"cell label\">Vigtigste teknik<\/div>\n<div class=\"cell value\">CNC-bearbejdning<\/div>\n<\/div>\n<div class=\"row\">\n<div class=\"cell label\">Limningsteknik<\/div>\n<div class=\"cell value\">Vakuumlodning<\/div>\n<\/div>\n<div class=\"row\">\n<div class=\"cell label\">Arbejdstryk<\/div>\n<div class=\"cell value\">1,2 til 5 bar<\/div>\n<\/div>\n<div class=\"row\">\n<div class=\"cell label\">V\u00e6ske<\/div>\n<div class=\"cell value\">Vand eller egnet k\u00f8lemiddel<\/div>\n<\/div>\n<div class=\"row\">\n<div class=\"cell label\">Anvendelse<\/div>\n<div class=\"cell value\">Vandk\u00f8lingsblok til lasere, IGBT-moduler og EV-batteri.<\/div>\n<\/div>\n<div class=\"row\">\n<div class=\"cell label\">Certificering<\/div>\n<div class=\"cell value\">CE<\/div>\n<\/div>\n<div class=\"row\">\n<div class=\"cell label\">Salg af enheder<\/div>\n<div class=\"cell value\">En enkelt genstand<\/div>\n<\/div>\n<div class=\"row\">\n<div class=\"cell label\">Enkelt pakkest\u00f8rrelse<\/div>\n<div class=\"cell value\">50X30X15 cm<\/div>\n<\/div>\n<div class=\"row\">\n<div class=\"cell label\">Enkelt bruttov\u00e6gt<\/div>\n<div class=\"cell value\">9.900 KG<\/div>\n<\/div>\n<\/div>\n<p><\/p>\n<h2>Vores produktionsbase<\/h2>\n<h3>Panorama over fabrikken<\/h3>\n<p><img decoding=\"async\" src=\"\/wp-content\/uploads\/factory-01.webp\"\/><\/p>\n<h3>V\u00e6rksted til fremstilling af aluminiumst\u00e6nger<\/h3>\n<p><img decoding=\"async\" src=\"\/wp-content\/uploads\/factory-02.webp\"\/><\/p>\n<p><img decoding=\"async\" src=\"\/wp-content\/uploads\/factory-03.webp\"\/><\/p>\n<h3>Lager til opbevaring af skimmelsvampe<\/h3>\n<p><img decoding=\"async\" src=\"\/wp-content\/uploads\/factory-04.webp\"\/><\/p>\n<h3>43 ekstruderingslinjer for aluminium (500-5500 ton)<\/h3>\n<p><img decoding=\"async\" src=\"\/wp-content\/uploads\/factory-05.webp\"\/><\/p>\n<p><img decoding=\"async\" src=\"\/wp-content\/uploads\/factory-06.webp\"\/><\/p>\n<p><img decoding=\"async\" src=\"\/wp-content\/uploads\/factory-07.webp\"\/><\/p>\n<h3>V\u00e6rksted for pulverlakering<\/h3>\n<p><img decoding=\"async\" src=\"\/wp-content\/uploads\/factory-09.webp\"\/><\/p>\n<h3>Anodiseringsv\u00e6rksted<\/h3>\n<p><img decoding=\"async\" src=\"\/wp-content\/uploads\/factory-10.webp\"\/><\/p>\n<h3>Workshop om dyb behandling<\/h3>\n<p><img decoding=\"async\" src=\"\/wp-content\/uploads\/factory-11.webp\"\/><\/p>\n<h3>V\u00e6rksted for CNC-pr\u00e6cisionsbearbejdning<\/h3>\n<p><img decoding=\"async\" src=\"\/wp-content\/uploads\/factory-11.5.webp\"\/><\/p>\n<h3>F\u00e6rdigvare- og eksportlager<\/h3>\n<p><img decoding=\"async\" src=\"\/wp-content\/uploads\/factory-12.webp\"\/><\/p>\n<p><img decoding=\"async\" src=\"\/wp-content\/uploads\/factory-13.webp\"\/><\/p>\n<p><img decoding=\"async\" src=\"\/wp-content\/uploads\/factory-14.webp\"\/><\/p>\n<h2>OFTE STILLEDE SP\u00d8RGSM\u00c5L<\/h2>\n<p><strong>1. Hvad er et dampkammer-k\u00f8lesystem?<\/strong><br \/>Et dampkammerk\u00f8lesystem er en termisk styringsenhed, der er designet til at fordele varmen j\u00e6vnt i elektroniske komponenter.<\/p>\n<p><strong>2. Hvordan fungerer k\u00f8ling i et dampkammer?<\/strong><br \/>Dampkammerk\u00f8ling fungerer ved at bruge fase\u00e6ndring af v\u00e6sker til at absorbere og sprede varme effektivt p\u00e5 tv\u00e6rs af overflader.<\/p>\n<p><strong>3. Kan k\u00f8ling af dampkammeret tilpasses?<\/strong><br \/>Ja, vi tilbyder specialdesign og -st\u00f8rrelser for at opfylde specifikke k\u00f8lekrav til forskellige enheder.<\/p>\n<p><strong>4. Hvad er fordelene ved at bruge et dampkammer i elektronik?<\/strong><br \/>Dampkammerk\u00f8ling giver overlegen varmeafledning, reducerer termiske hotspots og underst\u00f8tter enhedens h\u00f8jere ydeevne.<\/p>\n<p><strong>5. Er dampkammerk\u00f8ling effektiv til kompakte enheder?<\/strong><br \/>Ja, dampkammerk\u00f8ling er ideel til kompakte enheder p\u00e5 grund af den tynde profil og den effektive varmespredning.<\/p>\n<p><strong>6. Kan dampkammerteknologi integreres i eksisterende systemer?<\/strong><br \/>Ja, vores dampkamre kan designes, s\u00e5 de problemfrit kan integreres i eksisterende varmestyringssystemer.<\/p>\n<p><strong>7. Underst\u00f8tter I international forsendelse af dampkammerk\u00f8lesystemer?<\/strong><br \/>Ja, vi tilbyder internationale forsendelsesmuligheder og fuld logistiksupport til dampkammerk\u00f8lesystemer.<\/p>\n<p><\/p>","protected":false},"featured_media":10774,"template":"","categories":[74],"class_list":["post-11011","product","type-product","status-publish","has-post-thumbnail","hentry","category-vapor-chamber"],"meta_box":{"hilight_text_group":[{"product_hilight_text":"<li>Designed to efficiently dissipate heat in electronics<\/li>\n<li>Custom sizes and designs available for B2B applications<\/li>\n<li>Suitable for high-performance servers and computing devices<\/li>\n<li>Enhances thermal management in compact spaces<\/li>\n<li>Supports OEM and ODM with competitive lead times<\/li>"}],"feature_list":[]},"_links":{"self":[{"href":"https:\/\/sinoextrud.com\/da\/wp-json\/wp\/v2\/product\/11011","targetHints":{"allow":["GET"]}}],"collection":[{"href":"https:\/\/sinoextrud.com\/da\/wp-json\/wp\/v2\/product"}],"about":[{"href":"https:\/\/sinoextrud.com\/da\/wp-json\/wp\/v2\/types\/product"}],"wp:featuredmedia":[{"embeddable":true,"href":"https:\/\/sinoextrud.com\/da\/wp-json\/wp\/v2\/media\/10774"}],"wp:attachment":[{"href":"https:\/\/sinoextrud.com\/da\/wp-json\/wp\/v2\/media?parent=11011"}],"wp:term":[{"taxonomy":"category","embeddable":true,"href":"https:\/\/sinoextrud.com\/da\/wp-json\/wp\/v2\/categories?post=11011"}],"curies":[{"name":"wp","href":"https:\/\/api.w.org\/{rel}","templated":true}]}}