{"id":11007,"date":"2025-08-01T03:38:52","date_gmt":"2025-08-01T03:38:52","guid":{"rendered":"https:\/\/sinoextrud.com\/product\/uni-dimensional-vapor-chamber-for-compact-systems\/"},"modified":"2025-08-01T03:38:52","modified_gmt":"2025-08-01T03:38:52","slug":"unidimensionelt-dampkammer-til-kompakte-systemer","status":"publish","type":"product","link":"https:\/\/sinoextrud.com\/da\/product\/uni-dimensional-vapor-chamber-for-compact-systems\/","title":{"rendered":"Unidimensionelt dampkammer til kompakte systemer"},"content":{"rendered":"<h2>Detaljer om produkter<\/h2>\n<div class=\"product-table\">\n<div class=\"row\">\n<div class=\"cell label\">Karakter<\/div>\n<div class=\"cell value\">6000-serien<\/div>\n<\/div>\n<div class=\"row\">\n<div class=\"cell label\">Tolerance<\/div>\n<div class=\"cell value\">\u00b11%<\/div>\n<\/div>\n<div class=\"row\">\n<div class=\"cell label\">Leveringstid<\/div>\n<div class=\"cell value\">15-25 dage<\/div>\n<\/div>\n<div class=\"row\">\n<div class=\"cell label\">Temperament<\/div>\n<div class=\"cell value\">T3-T8<\/div>\n<\/div>\n<div class=\"row\">\n<div class=\"cell label\">Anvendelse<\/div>\n<div class=\"cell value\">Ventilator, led-lys, elektriske apparater<\/div>\n<\/div>\n<div class=\"row\">\n<div class=\"cell label\">Form<\/div>\n<div class=\"cell value\">runde<\/div>\n<\/div>\n<div class=\"row\">\n<div class=\"cell label\">Legering eller ej<\/div>\n<div class=\"cell value\">Er legeret<\/div>\n<\/div>\n<div class=\"row\">\n<div class=\"cell label\">Behandling af service<\/div>\n<div class=\"cell value\">B\u00f8jning, svejsning, stansning, sk\u00e6ring, stempling, trykst\u00f8bning<\/div>\n<\/div>\n<div class=\"row\">\n<div class=\"cell label\">Stil<\/div>\n<div class=\"cell value\">Tilpasset og personlig<\/div>\n<\/div>\n<div class=\"row\">\n<div class=\"cell label\">MOQ<\/div>\n<div class=\"cell value\">1TON<\/div>\n<\/div>\n<div class=\"row\">\n<div class=\"cell label\">Tykkelse<\/div>\n<div class=\"cell value\">0,8-5 mm<\/div>\n<\/div>\n<div class=\"row\">\n<div class=\"cell label\">Proces<\/div>\n<div class=\"cell value\">Ekstrudering<\/div>\n<\/div>\n<div class=\"row\">\n<div class=\"cell label\">Forsendelse<\/div>\n<div class=\"cell value\">Med skib\/luft<\/div>\n<\/div>\n<div class=\"row\">\n<div class=\"cell label\">Overfladebehandling<\/div>\n<div class=\"cell value\">Anodiseret, pulverlakering, tr\u00e6korn<\/div>\n<\/div>\n<div class=\"row\">\n<div class=\"cell label\">Type<\/div>\n<div class=\"cell value\">100% QC-testning<\/div>\n<\/div>\n<div class=\"row\">\n<div class=\"cell label\">OEM-service<\/div>\n<div class=\"cell value\">Tilg\u00e6ngelig<\/div>\n<\/div>\n<div class=\"row\">\n<div class=\"cell label\">Service<\/div>\n<div class=\"cell value\">24 timer online<\/div>\n<\/div>\n<div class=\"row\">\n<div class=\"cell label\">Certificering<\/div>\n<div class=\"cell value\">ISO9001, CE, ROHS, testrapporter<\/div>\n<\/div>\n<div class=\"row\">\n<div class=\"cell label\">Salg af enheder<\/div>\n<div class=\"cell value\">En enkelt genstand<\/div>\n<\/div>\n<div class=\"row\">\n<div class=\"cell label\">Enkelt pakkest\u00f8rrelse<\/div>\n<div class=\"cell value\">50X50X30 cm<\/div>\n<\/div>\n<div class=\"row\">\n<div class=\"cell label\">Enkelt bruttov\u00e6gt<\/div>\n<div class=\"cell value\">1.300 KG<\/div>\n<\/div>\n<\/div>\n<p><\/p>\n<h2>Vores produktionsbase<\/h2>\n<h3>Panorama over fabrikken<\/h3>\n<p><img decoding=\"async\" src=\"\/wp-content\/uploads\/factory-01.webp\"\/><\/p>\n<h3>V\u00e6rksted til fremstilling af aluminiumst\u00e6nger<\/h3>\n<p><img decoding=\"async\" src=\"\/wp-content\/uploads\/factory-02.webp\"\/><\/p>\n<p><img decoding=\"async\" src=\"\/wp-content\/uploads\/factory-03.webp\"\/><\/p>\n<h3>Lager til opbevaring af skimmelsvampe<\/h3>\n<p><img decoding=\"async\" src=\"\/wp-content\/uploads\/factory-04.webp\"\/><\/p>\n<h3>43 ekstruderingslinjer for aluminium (500-5500 ton)<\/h3>\n<p><img decoding=\"async\" src=\"\/wp-content\/uploads\/factory-05.webp\"\/><\/p>\n<p><img decoding=\"async\" src=\"\/wp-content\/uploads\/factory-06.webp\"\/><\/p>\n<p><img decoding=\"async\" src=\"\/wp-content\/uploads\/factory-07.webp\"\/><\/p>\n<h3>V\u00e6rksted for pulverlakering<\/h3>\n<p><img decoding=\"async\" src=\"\/wp-content\/uploads\/factory-09.webp\"\/><\/p>\n<h3>Anodiseringsv\u00e6rksted<\/h3>\n<p><img decoding=\"async\" src=\"\/wp-content\/uploads\/factory-10.webp\"\/><\/p>\n<h3>Workshop om dyb behandling<\/h3>\n<p><img decoding=\"async\" src=\"\/wp-content\/uploads\/factory-11.webp\"\/><\/p>\n<h3>V\u00e6rksted for CNC-pr\u00e6cisionsbearbejdning<\/h3>\n<p><img decoding=\"async\" src=\"\/wp-content\/uploads\/factory-11.5.webp\"\/><\/p>\n<h3>F\u00e6rdigvare- og eksportlager<\/h3>\n<p><img decoding=\"async\" src=\"\/wp-content\/uploads\/factory-12.webp\"\/><\/p>\n<p><img decoding=\"async\" src=\"\/wp-content\/uploads\/factory-13.webp\"\/><\/p>\n<p><img decoding=\"async\" src=\"\/wp-content\/uploads\/factory-14.webp\"\/><\/p>\n<h2>OFTE STILLEDE SP\u00d8RGSM\u00c5L<\/h2>\n<p><strong>1. Hvad er det prim\u00e6re form\u00e5l med det endimensionale dampkammer?<\/strong><br \/>Dampkammeret er designet til effektivt at sprede varmen i elektroniske enheder, hvilket forbedrer deres ydeevne og levetid.<\/p>\n<p><strong>2. Kan dampkammeret tilpasses til specifikke anvendelser?<\/strong><br \/>Ja, den kan tilpasses i st\u00f8rrelse og konfiguration, s\u00e5 den passer til forskellige enheder og applikationer.<\/p>\n<p><strong>3. Er dampkammeret kompatibelt med alle typer elektroniske enheder?<\/strong><br \/>Den er kompatibel med en lang r\u00e6kke enheder, men der kan v\u00e6re behov for tilpasning til specifikke modeller.<\/p>\n<p><strong>4. Hvordan forbedrer dampkammeret enhedens ydeevne?<\/strong><br \/>Ved effektivt at aflede varmen reducerer den termisk neddrosling og g\u00f8r det muligt for elektroniske komponenter at k\u00f8re ved optimale hastigheder.<\/p>\n<p><strong>5. Hvilke materialer er brugt i konstruktionen af dette dampkammer?<\/strong><br \/>Kammeret er typisk lavet af kobber eller aluminium for at opn\u00e5 en h\u00f8j varmeledningsevne.<\/p>\n<p><strong>6. Er dette dampkammer egnet til h\u00f8jtydende computere?<\/strong><br \/>Ja, den er ideel til h\u00f8jtydende computere, der har brug for overlegen varmestyring.<\/p>\n<p><strong>7. Tilbyder I teknisk support til integration af dampkammeret?<\/strong><br \/>Ja, vi yder teknisk assistance for at sikre en vellykket integration i dine systemer.<\/p>\n<p><\/p>","protected":false},"featured_media":10782,"template":"","categories":[74],"class_list":["post-11007","product","type-product","status-publish","has-post-thumbnail","hentry","category-vapor-chamber"],"meta_box":{"hilight_text_group":[{"product_hilight_text":"<li>Efficient heat dissipation with advanced vapor chamber technology<\/li>\n<li>Customizable sizes and configurations for diverse applications<\/li>\n<li>High thermal conductivity improves device performance<\/li>\n<li>Designed for seamless integration in electronic devices<\/li>\n<li>Durable construction ensures longevity and reliability<\/li>"}],"feature_list":[]},"_links":{"self":[{"href":"https:\/\/sinoextrud.com\/da\/wp-json\/wp\/v2\/product\/11007","targetHints":{"allow":["GET"]}}],"collection":[{"href":"https:\/\/sinoextrud.com\/da\/wp-json\/wp\/v2\/product"}],"about":[{"href":"https:\/\/sinoextrud.com\/da\/wp-json\/wp\/v2\/types\/product"}],"wp:featuredmedia":[{"embeddable":true,"href":"https:\/\/sinoextrud.com\/da\/wp-json\/wp\/v2\/media\/10782"}],"wp:attachment":[{"href":"https:\/\/sinoextrud.com\/da\/wp-json\/wp\/v2\/media?parent=11007"}],"wp:term":[{"taxonomy":"category","embeddable":true,"href":"https:\/\/sinoextrud.com\/da\/wp-json\/wp\/v2\/categories?post=11007"}],"curies":[{"name":"wp","href":"https:\/\/api.w.org\/{rel}","templated":true}]}}