{"id":11005,"date":"2025-08-01T03:38:48","date_gmt":"2025-08-01T03:38:48","guid":{"rendered":"https:\/\/sinoextrud.com\/product\/multi-chambered-aluminum-heat-sink-vapor-chamber\/"},"modified":"2025-08-01T03:38:48","modified_gmt":"2025-08-01T03:38:48","slug":"koleplade-i-aluminium-med-flere-kamre-dampkammer","status":"publish","type":"product","link":"https:\/\/sinoextrud.com\/da\/product\/multi-chambered-aluminum-heat-sink-vapor-chamber\/","title":{"rendered":"K\u00f8leplade i aluminium med flere kamre Dampkammer"},"content":{"rendered":"<h2>Detaljer om produkter<\/h2>\n<div class=\"product-table\">\n<div class=\"row\">\n<div class=\"cell label\">CNC-bearbejdning eller ej<\/div>\n<div class=\"cell value\">Cnc-bearbejdning<\/div>\n<\/div>\n<div class=\"row\">\n<div class=\"cell label\">Materialekapacitet<\/div>\n<div class=\"cell value\">Aluminium, messing, bronze, kobber, h\u00e6rdede metaller, \u00e6delmetaller, rustfrit st\u00e5l, st\u00e5llegeringer, titaniumdele<\/div>\n<\/div>\n<div class=\"row\">\n<div class=\"cell label\">Type<\/div>\n<div class=\"cell value\">R\u00f8mning, boring, \u00e6tsning \/ kemisk bearbejdning, laserbearbejdning, fr\u00e6sning, andre bearbejdningstjenester, drejning, tr\u00e5dgnistning, hurtig prototyping<\/div>\n<\/div>\n<div class=\"row\">\n<div class=\"cell label\">Mikrobearbejdning eller ej<\/div>\n<div class=\"cell value\">Mikrobearbejdning<\/div>\n<\/div>\n<div class=\"row\">\n<div class=\"cell label\">Produktets navn<\/div>\n<div class=\"cell value\">Bearbejdning af k\u00f8lelegeme<\/div>\n<\/div>\n<div class=\"row\">\n<div class=\"cell label\">CNC-tolerance<\/div>\n<div class=\"cell value\">0,02 mm<\/div>\n<\/div>\n<div class=\"row\">\n<div class=\"cell label\">OEM\/ODM<\/div>\n<div class=\"cell value\">Tilg\u00e6ngelig<\/div>\n<\/div>\n<div class=\"row\">\n<div class=\"cell label\">Proces<\/div>\n<div class=\"cell value\">Cnc-bearbejdning + afgratning<\/div>\n<\/div>\n<div class=\"row\">\n<div class=\"cell label\">Tegningsformat<\/div>\n<div class=\"cell value\">DWG, STP<\/div>\n<\/div>\n<div class=\"row\">\n<div class=\"cell label\">Logo<\/div>\n<div class=\"cell value\">Kundelogo<\/div>\n<\/div>\n<div class=\"row\">\n<div class=\"cell label\">Overfladebehandling<\/div>\n<div class=\"cell value\">Som \u00f8nsket<\/div>\n<\/div>\n<div class=\"row\">\n<div class=\"cell label\">Pakning<\/div>\n<div class=\"cell value\">Polybag + indvendig kasse + karton<\/div>\n<\/div>\n<div class=\"row\">\n<div class=\"cell label\">Certificering<\/div>\n<div class=\"cell value\">ISO9001:2018\/ROSH<\/div>\n<\/div>\n<div class=\"row\">\n<div class=\"cell label\">MOQ<\/div>\n<div class=\"cell value\">1 STK.<\/div>\n<\/div>\n<div class=\"row\">\n<div class=\"cell label\">Salg af enheder<\/div>\n<div class=\"cell value\">En enkelt genstand<\/div>\n<\/div>\n<div class=\"row\">\n<div class=\"cell label\">Enkelt pakkest\u00f8rrelse<\/div>\n<div class=\"cell value\">28X30X25 cm<\/div>\n<\/div>\n<div class=\"row\">\n<div class=\"cell label\">Enkelt bruttov\u00e6gt<\/div>\n<div class=\"cell value\">1.000 KG<\/div>\n<\/div>\n<\/div>\n<p><\/p>\n<h2>Vores produktionsbase<\/h2>\n<h3>Panorama over fabrikken<\/h3>\n<p><img decoding=\"async\" src=\"\/wp-content\/uploads\/factory-01.webp\"\/><\/p>\n<h3>V\u00e6rksted til fremstilling af aluminiumst\u00e6nger<\/h3>\n<p><img decoding=\"async\" src=\"\/wp-content\/uploads\/factory-02.webp\"\/><\/p>\n<p><img decoding=\"async\" src=\"\/wp-content\/uploads\/factory-03.webp\"\/><\/p>\n<h3>Lager til opbevaring af skimmelsvampe<\/h3>\n<p><img decoding=\"async\" src=\"\/wp-content\/uploads\/factory-04.webp\"\/><\/p>\n<h3>43 ekstruderingslinjer for aluminium (500-5500 ton)<\/h3>\n<p><img decoding=\"async\" src=\"\/wp-content\/uploads\/factory-05.webp\"\/><\/p>\n<p><img decoding=\"async\" src=\"\/wp-content\/uploads\/factory-06.webp\"\/><\/p>\n<p><img decoding=\"async\" src=\"\/wp-content\/uploads\/factory-07.webp\"\/><\/p>\n<h3>V\u00e6rksted for pulverlakering<\/h3>\n<p><img decoding=\"async\" src=\"\/wp-content\/uploads\/factory-09.webp\"\/><\/p>\n<h3>Anodiseringsv\u00e6rksted<\/h3>\n<p><img decoding=\"async\" src=\"\/wp-content\/uploads\/factory-10.webp\"\/><\/p>\n<h3>Workshop om dyb behandling<\/h3>\n<p><img decoding=\"async\" src=\"\/wp-content\/uploads\/factory-11.webp\"\/><\/p>\n<h3>V\u00e6rksted for CNC-pr\u00e6cisionsbearbejdning<\/h3>\n<p><img decoding=\"async\" src=\"\/wp-content\/uploads\/factory-11.5.webp\"\/><\/p>\n<h3>F\u00e6rdigvare- og eksportlager<\/h3>\n<p><img decoding=\"async\" src=\"\/wp-content\/uploads\/factory-12.webp\"\/><\/p>\n<p><img decoding=\"async\" src=\"\/wp-content\/uploads\/factory-13.webp\"\/><\/p>\n<p><img decoding=\"async\" src=\"\/wp-content\/uploads\/factory-14.webp\"\/><\/p>\n<h2>OFTE STILLEDE SP\u00d8RGSM\u00c5L<\/h2>\n<p><strong>1. Hvad bruges et dampkammer med k\u00f8leplade i aluminium med flere kamre til?<\/strong><br \/>Det bruges til effektiv varmestyring i elektroniske enheder og forbedrer k\u00f8leevnen.<\/p>\n<p><strong>2. Kan dampkammeret med aluminiumsk\u00f8leplade tilpasses til specifikke anvendelser?<\/strong><br \/>Ja, design kan skr\u00e6ddersys til at passe til specifikke industrielle behov og enhedsspecifikationer.<\/p>\n<p><strong>3. Underst\u00f8tter dampkammeret enheder med h\u00f8j effektt\u00e6thed?<\/strong><br \/>Ja, den er designet til effektivt at h\u00e5ndtere varme i applikationer med h\u00f8j effektt\u00e6thed.<\/p>\n<p><strong>4. Hvilke materialer er brugt i konstruktionen af dampkammeret?<\/strong><br \/>Dampkammeret er lavet af letv\u00e6gtsaluminium for at sikre holdbarhed og effektivitet.<\/p>\n<p><strong>5. Er dette produkt egnet til h\u00f8jtydende elektronik?<\/strong><br \/>Den er helt sikkert konstrueret til optimal varmeafledning i h\u00f8jtydende elektroniske enheder.<\/p>\n<p><strong>6. Hvordan forbedrer flere kamre dampkammerets ydeevne?<\/strong><br \/>Flere kamre forbedrer varmeafledningsevnen og spreder varmen mere j\u00e6vnt over overfladen.<\/p>\n<p><strong>7. Kan dampkammeret integreres i eksisterende systemer?<\/strong><br \/>Ja, dens lette og tilpasningsdygtige design g\u00f8r den nem at integrere i eksisterende varmestyringssystemer.<\/p>\n<p><\/p>","protected":false},"featured_media":10783,"template":"","categories":[55],"class_list":["post-11005","product","type-product","status-publish","has-post-thumbnail","hentry","category-extruded-aluminum-profiles"],"meta_box":{"hilight_text_group":[{"product_hilight_text":"<li>Efficient thermal management for high-performance devices<\/li>\n<li>Lightweight aluminum construction for easy integration<\/li>\n<li>Multiple chambers enhance heat dissipation abilities<\/li>\n<li>Custom designs available for specific industrial applications<\/li>\n<li>Supports high power density applications<\/li>"}],"feature_list":[]},"_links":{"self":[{"href":"https:\/\/sinoextrud.com\/da\/wp-json\/wp\/v2\/product\/11005","targetHints":{"allow":["GET"]}}],"collection":[{"href":"https:\/\/sinoextrud.com\/da\/wp-json\/wp\/v2\/product"}],"about":[{"href":"https:\/\/sinoextrud.com\/da\/wp-json\/wp\/v2\/types\/product"}],"wp:featuredmedia":[{"embeddable":true,"href":"https:\/\/sinoextrud.com\/da\/wp-json\/wp\/v2\/media\/10783"}],"wp:attachment":[{"href":"https:\/\/sinoextrud.com\/da\/wp-json\/wp\/v2\/media?parent=11005"}],"wp:term":[{"taxonomy":"category","embeddable":true,"href":"https:\/\/sinoextrud.com\/da\/wp-json\/wp\/v2\/categories?post=11005"}],"curies":[{"name":"wp","href":"https:\/\/api.w.org\/{rel}","templated":true}]}}