{"id":11002,"date":"2025-08-01T03:38:41","date_gmt":"2025-08-01T03:38:41","guid":{"rendered":"https:\/\/sinoextrud.com\/product\/led-heat-sink-for-thermal-control\/"},"modified":"2025-08-01T03:38:41","modified_gmt":"2025-08-01T03:38:41","slug":"led-koleplade-til-termisk-kontrol","status":"publish","type":"product","link":"https:\/\/sinoextrud.com\/da\/product\/led-heat-sink-for-thermal-control\/","title":{"rendered":"LED-k\u00f8leplade til termisk kontrol"},"content":{"rendered":"<h2>Detaljer om produkter<\/h2>\n<div class=\"product-table\">\n<div class=\"row\">\n<div class=\"cell label\">Type<\/div>\n<div class=\"cell value\">K\u00f8lelegeme<\/div>\n<\/div>\n<div class=\"row\">\n<div class=\"cell label\">Fastg\u00f8relsesmetode<\/div>\n<div class=\"cell value\">Lodning<\/div>\n<\/div>\n<div class=\"row\">\n<div class=\"cell label\">Materiale<\/div>\n<div class=\"cell value\">Aluminium og kobber<\/div>\n<\/div>\n<div class=\"row\">\n<div class=\"cell label\">Anvendelse<\/div>\n<div class=\"cell value\">LED-k\u00f8lesystem; LED-scenelys<\/div>\n<\/div>\n<div class=\"row\">\n<div class=\"cell label\">Certificering<\/div>\n<div class=\"cell value\">ISO9001:2015; IATF 16949: 2016<\/div>\n<\/div>\n<div class=\"row\">\n<div class=\"cell label\">Salg af enheder<\/div>\n<div class=\"cell value\">En enkelt genstand<\/div>\n<\/div>\n<\/div>\n<p><\/p>\n<h2>Vores produktionsbase<\/h2>\n<h3>Panorama over fabrikken<\/h3>\n<p><img decoding=\"async\" src=\"\/wp-content\/uploads\/factory-01.webp\"\/><\/p>\n<h3>V\u00e6rksted til fremstilling af aluminiumst\u00e6nger<\/h3>\n<p><img decoding=\"async\" src=\"\/wp-content\/uploads\/factory-02.webp\"\/><\/p>\n<p><img decoding=\"async\" src=\"\/wp-content\/uploads\/factory-03.webp\"\/><\/p>\n<h3>Lager til opbevaring af skimmelsvampe<\/h3>\n<p><img decoding=\"async\" src=\"\/wp-content\/uploads\/factory-04.webp\"\/><\/p>\n<h3>43 ekstruderingslinjer for aluminium (500-5500 ton)<\/h3>\n<p><img decoding=\"async\" src=\"\/wp-content\/uploads\/factory-05.webp\"\/><\/p>\n<p><img decoding=\"async\" src=\"\/wp-content\/uploads\/factory-06.webp\"\/><\/p>\n<p><img decoding=\"async\" src=\"\/wp-content\/uploads\/factory-07.webp\"\/><\/p>\n<h3>V\u00e6rksted for pulverlakering<\/h3>\n<p><img decoding=\"async\" src=\"\/wp-content\/uploads\/factory-09.webp\"\/><\/p>\n<h3>Anodiseringsv\u00e6rksted<\/h3>\n<p><img decoding=\"async\" src=\"\/wp-content\/uploads\/factory-10.webp\"\/><\/p>\n<h3>Workshop om dyb behandling<\/h3>\n<p><img decoding=\"async\" src=\"\/wp-content\/uploads\/factory-11.webp\"\/><\/p>\n<h3>V\u00e6rksted for CNC-pr\u00e6cisionsbearbejdning<\/h3>\n<p><img decoding=\"async\" src=\"\/wp-content\/uploads\/factory-11.5.webp\"\/><\/p>\n<h3>F\u00e6rdigvare- og eksportlager<\/h3>\n<p><img decoding=\"async\" src=\"\/wp-content\/uploads\/factory-12.webp\"\/><\/p>\n<p><img decoding=\"async\" src=\"\/wp-content\/uploads\/factory-13.webp\"\/><\/p>\n<p><img decoding=\"async\" src=\"\/wp-content\/uploads\/factory-14.webp\"\/><\/p>\n<h2>OFTE STILLEDE SP\u00d8RGSM\u00c5L<\/h2>\n<p><strong>1. Hvad er den prim\u00e6re funktion af en LED-k\u00f8leplade?<\/strong><br \/>En LED-k\u00f8leplade er designet til at aflede varmen effektivt og dermed forl\u00e6nge LED-lysets levetid og effektivitet.<\/p>\n<p><strong>2. Kan LED-k\u00f8lepladen tilpasses?<\/strong><br \/>Ja, vi tilbyder tilpasning med hensyn til st\u00f8rrelse, form og monteringsmuligheder, s\u00e5 de passer til specifikke LED-applikationer.<\/p>\n<p><strong>3. Er LED-k\u00f8lepladen kompatibel med alle typer LED'er?<\/strong><br \/>Vores k\u00f8lelegemer er kompatible med en lang r\u00e6kke LED-moduler, hvilket g\u00f8r dem velegnede til forskellige anvendelser.<\/p>\n<p><strong>4. Hvilke materialer er brugt i konstruktionen af LED-k\u00f8lelegemet?<\/strong><br \/>K\u00f8lelegemerne er prim\u00e6rt fremstillet af aluminium af h\u00f8j kvalitet for at opn\u00e5 optimal termisk ydeevne.<\/p>\n<p><strong>5. Hvilke fordele giver materialer af h\u00f8j kvalitet til k\u00f8lepladen?<\/strong><br \/>Brug af materialer af h\u00f8j kvalitet sikrer effektiv varmeafledning og forl\u00e6nger levetiden for dine LED-applikationer.<\/p>\n<p><strong>6. Hvordan p\u00e5virker designet af k\u00f8lepladen dens ydeevne?<\/strong><br \/>En veldesignet k\u00f8leplade forbedrer varmeafledningen og kan forbedre LED-lysets effektivitet betydeligt.<\/p>\n<p><strong>7. Er k\u00f8lepladen milj\u00f8venlig?<\/strong><br \/>Ja, vores produkter er fremstillet af genanvendelige materialer og designet med b\u00e6redygtighed for \u00f8je.<\/p>\n<p><\/p>","protected":false},"featured_media":10789,"template":"","categories":[72],"class_list":["post-11002","product","type-product","status-publish","has-post-thumbnail","hentry","category-extruded-aluminum-heatsink"],"meta_box":{"hilight_text_group":[{"product_hilight_text":"<li>Optimized for superior thermal management in LED applications<\/li>\n<li>Available in various shapes and sizes to fit different LED designs<\/li>\n<li>Manufactured with high-quality aluminum for efficient heat dissipation<\/li>\n<li>Supports customized solutions for unique project requirements<\/li>\n<li>Compatible with a wide range of LED modules and systems<\/li>"}],"feature_list":[]},"_links":{"self":[{"href":"https:\/\/sinoextrud.com\/da\/wp-json\/wp\/v2\/product\/11002","targetHints":{"allow":["GET"]}}],"collection":[{"href":"https:\/\/sinoextrud.com\/da\/wp-json\/wp\/v2\/product"}],"about":[{"href":"https:\/\/sinoextrud.com\/da\/wp-json\/wp\/v2\/types\/product"}],"wp:featuredmedia":[{"embeddable":true,"href":"https:\/\/sinoextrud.com\/da\/wp-json\/wp\/v2\/media\/10789"}],"wp:attachment":[{"href":"https:\/\/sinoextrud.com\/da\/wp-json\/wp\/v2\/media?parent=11002"}],"wp:term":[{"taxonomy":"category","embeddable":true,"href":"https:\/\/sinoextrud.com\/da\/wp-json\/wp\/v2\/categories?post=11002"}],"curies":[{"name":"wp","href":"https:\/\/api.w.org\/{rel}","templated":true}]}}