{"id":11000,"date":"2025-08-01T03:38:37","date_gmt":"2025-08-01T03:38:37","guid":{"rendered":"https:\/\/sinoextrud.com\/product\/thermal-transfer-plate-heat-sink-for-devices\/"},"modified":"2025-08-01T03:38:37","modified_gmt":"2025-08-01T03:38:37","slug":"varmeoverforselsplade-koleplade-til-enheder","status":"publish","type":"product","link":"https:\/\/sinoextrud.com\/da\/product\/thermal-transfer-plate-heat-sink-for-devices\/","title":{"rendered":"Varmeoverf\u00f8rselsplade K\u00f8leplade til enheder"},"content":{"rendered":"<h2>Detaljer om produkter<\/h2>\n<div class=\"product-table\">\n<div class=\"row\">\n<div class=\"cell label\">Testrapport for maskiner<\/div>\n<div class=\"cell value\">Leveret<\/div>\n<\/div>\n<div class=\"row\">\n<div class=\"cell label\">video udg\u00e5ende-inspektion<\/div>\n<div class=\"cell value\">Leveret<\/div>\n<\/div>\n<div class=\"row\">\n<div class=\"cell label\">Garanti<\/div>\n<div class=\"cell value\">1 \u00e5r<\/div>\n<\/div>\n<div class=\"row\">\n<div class=\"cell label\">ans\u00f8gning<\/div>\n<div class=\"cell value\">Dele til varmelegeme<\/div>\n<\/div>\n<div class=\"row\">\n<div class=\"cell label\">type<\/div>\n<div class=\"cell value\">flydende k\u00f8leplade<\/div>\n<\/div>\n<div class=\"row\">\n<div class=\"cell label\">v\u00e6gt (kg)<\/div>\n<div class=\"cell value\">5<\/div>\n<\/div>\n<div class=\"row\">\n<div class=\"cell label\">Produktets navn<\/div>\n<div class=\"cell value\">k\u00f8leplade til k\u00f8ling<\/div>\n<\/div>\n<div class=\"row\">\n<div class=\"cell label\">Materiale<\/div>\n<div class=\"cell value\">Aluminiumslegering<\/div>\n<\/div>\n<div class=\"row\">\n<div class=\"cell label\">Dimension (L*B*H)<\/div>\n<div class=\"cell value\">Op til 1,2*1m L*B<\/div>\n<\/div>\n<div class=\"row\">\n<div class=\"cell label\">Overfladens ruhed<\/div>\n<div class=\"cell value\">3.2 um<\/div>\n<\/div>\n<div class=\"row\">\n<div class=\"cell label\">Overfladens fladhed<\/div>\n<div class=\"cell value\">0,1 mm<\/div>\n<\/div>\n<div class=\"row\">\n<div class=\"cell label\">Arbejdstryk<\/div>\n<div class=\"cell value\">Mindst 1 bar<\/div>\n<\/div>\n<div class=\"row\">\n<div class=\"cell label\">Vigtigste teknik<\/div>\n<div class=\"cell value\">CNC-bearbejdning<\/div>\n<\/div>\n<div class=\"row\">\n<div class=\"cell label\">Limningsteknik<\/div>\n<div class=\"cell value\">Vakuumlodning<\/div>\n<\/div>\n<div class=\"row\">\n<div class=\"cell label\">K\u00f8lev\u00e6ske<\/div>\n<div class=\"cell value\">Deioniseret vand,Inhiberet glykol og vand,Dielektrisk v\u00e6ske<\/div>\n<\/div>\n<div class=\"row\">\n<div class=\"cell label\">Overfladefinish<\/div>\n<div class=\"cell value\">Fr\u00e6sning eller anodisering<\/div>\n<\/div>\n<div class=\"row\">\n<div class=\"cell label\">Salg af enheder<\/div>\n<div class=\"cell value\">En enkelt genstand<\/div>\n<\/div>\n<div class=\"row\">\n<div class=\"cell label\">Enkelt pakkest\u00f8rrelse<\/div>\n<div class=\"cell value\">21X14X11 cm<\/div>\n<\/div>\n<div class=\"row\">\n<div class=\"cell label\">Enkelt bruttov\u00e6gt<\/div>\n<div class=\"cell value\">5.000 KG<\/div>\n<\/div>\n<\/div>\n<p><\/p>\n<h2>Vores produktionsbase<\/h2>\n<h3>Panorama over fabrikken<\/h3>\n<p><img decoding=\"async\" src=\"\/wp-content\/uploads\/factory-01.webp\"\/><\/p>\n<h3>V\u00e6rksted til fremstilling af aluminiumst\u00e6nger<\/h3>\n<p><img decoding=\"async\" src=\"\/wp-content\/uploads\/factory-02.webp\"\/><\/p>\n<p><img decoding=\"async\" src=\"\/wp-content\/uploads\/factory-03.webp\"\/><\/p>\n<h3>Lager til opbevaring af skimmelsvampe<\/h3>\n<p><img decoding=\"async\" src=\"\/wp-content\/uploads\/factory-04.webp\"\/><\/p>\n<h3>43 ekstruderingslinjer for aluminium (500-5500 ton)<\/h3>\n<p><img decoding=\"async\" src=\"\/wp-content\/uploads\/factory-05.webp\"\/><\/p>\n<p><img decoding=\"async\" src=\"\/wp-content\/uploads\/factory-06.webp\"\/><\/p>\n<p><img decoding=\"async\" src=\"\/wp-content\/uploads\/factory-07.webp\"\/><\/p>\n<h3>V\u00e6rksted for pulverlakering<\/h3>\n<p><img decoding=\"async\" src=\"\/wp-content\/uploads\/factory-09.webp\"\/><\/p>\n<h3>Anodiseringsv\u00e6rksted<\/h3>\n<p><img decoding=\"async\" src=\"\/wp-content\/uploads\/factory-10.webp\"\/><\/p>\n<h3>Workshop om dyb behandling<\/h3>\n<p><img decoding=\"async\" src=\"\/wp-content\/uploads\/factory-11.webp\"\/><\/p>\n<h3>V\u00e6rksted for CNC-pr\u00e6cisionsbearbejdning<\/h3>\n<p><img decoding=\"async\" src=\"\/wp-content\/uploads\/factory-11.5.webp\"\/><\/p>\n<h3>F\u00e6rdigvare- og eksportlager<\/h3>\n<p><img decoding=\"async\" src=\"\/wp-content\/uploads\/factory-12.webp\"\/><\/p>\n<p><img decoding=\"async\" src=\"\/wp-content\/uploads\/factory-13.webp\"\/><\/p>\n<p><img decoding=\"async\" src=\"\/wp-content\/uploads\/factory-14.webp\"\/><\/p>\n<h2>OFTE STILLEDE SP\u00d8RGSM\u00c5L<\/h2>\n<p><strong>1. Hvad er den prim\u00e6re funktion af k\u00f8lepladen til termisk overf\u00f8rsel?<\/strong><br \/>Dens prim\u00e6re funktion er at sprede varmen effektivt for at opretholde enhedens optimale ydeevne.<\/p>\n<p><strong>2. Kan designet af k\u00f8lepladen tilpasses?<\/strong><br \/>Ja, designet kan skr\u00e6ddersys til at opfylde specifikke k\u00f8lebehov i forskellige applikationer.<\/p>\n<p><strong>3. Hvilke materialer er brugt i konstruktionen af k\u00f8lepladen?<\/strong><br \/>Den er lavet af materialer af h\u00f8j kvalitet som aluminium eller kobber for effektiv varmeledning.<\/p>\n<p><strong>4. Er k\u00f8lepladen egnet til elektroniske komponenter med h\u00f8j effekt?<\/strong><br \/>Ja, den er konstrueret til at h\u00e5ndtere h\u00f8je termiske belastninger, som er almindelige i h\u00f8jeffektkomponenter.<\/p>\n<p><strong>5. Tilbyder du prototypeservice f\u00f8r masseproduktion?<\/strong><br \/>Ja, vi tilbyder udvikling af prototyper for at sikre, at designet lever op til dine krav.<\/p>\n<p><strong>6. Hvordan er dette produkts termiske effektivitet sammenlignet med andre?<\/strong><br \/>Den giver overlegen termisk effektivitet p\u00e5 grund af sit optimerede design og materialevalg.<\/p>\n<p><strong>7. Er der nogen minimumsm\u00e6ngder for indk\u00f8b?<\/strong><br \/>Ja, der er MOQ'er, som varierer afh\u00e6ngigt af tilpasning og ordrespecifikationer.<\/p>\n<p><\/p>","protected":false},"featured_media":10791,"template":"","categories":[72],"class_list":["post-11000","product","type-product","status-publish","has-post-thumbnail","hentry","category-extruded-aluminum-heatsink"],"meta_box":{"hilight_text_group":[{"product_hilight_text":"<li>Efficient thermal management for electronic devices<\/li>\n<li>Customizable design to fit specific cooling requirements<\/li>\n<li>Manufactured using high-quality, durable materials<\/li>\n<li>Suits a wide range of applications in various industries<\/li>\n<li>Supports bulk orders with competitive pricing options<\/li>"}],"feature_list":[]},"_links":{"self":[{"href":"https:\/\/sinoextrud.com\/da\/wp-json\/wp\/v2\/product\/11000","targetHints":{"allow":["GET"]}}],"collection":[{"href":"https:\/\/sinoextrud.com\/da\/wp-json\/wp\/v2\/product"}],"about":[{"href":"https:\/\/sinoextrud.com\/da\/wp-json\/wp\/v2\/types\/product"}],"wp:featuredmedia":[{"embeddable":true,"href":"https:\/\/sinoextrud.com\/da\/wp-json\/wp\/v2\/media\/10791"}],"wp:attachment":[{"href":"https:\/\/sinoextrud.com\/da\/wp-json\/wp\/v2\/media?parent=11000"}],"wp:term":[{"taxonomy":"category","embeddable":true,"href":"https:\/\/sinoextrud.com\/da\/wp-json\/wp\/v2\/categories?post=11000"}],"curies":[{"name":"wp","href":"https:\/\/api.w.org\/{rel}","templated":true}]}}