{"id":10999,"date":"2025-08-01T03:38:35","date_gmt":"2025-08-01T03:38:35","guid":{"rendered":"https:\/\/sinoextrud.com\/product\/inflatable-vapor-chamber-for-flexible-cooling\/"},"modified":"2025-08-01T03:38:35","modified_gmt":"2025-08-01T03:38:35","slug":"oppusteligt-dampkammer-til-fleksibel-koling","status":"publish","type":"product","link":"https:\/\/sinoextrud.com\/da\/product\/inflatable-vapor-chamber-for-flexible-cooling\/","title":{"rendered":"Oppusteligt dampkammer til fleksibel k\u00f8ling"},"content":{"rendered":"<h2>Detaljer om produkter<\/h2>\n<div class=\"product-table\">\n<div class=\"row\">\n<div class=\"cell label\">Type varmeveksler<\/div>\n<div class=\"cell value\">Pladevarmeveksler<\/div>\n<\/div>\n<div class=\"row\">\n<div class=\"cell label\">Garanti<\/div>\n<div class=\"cell value\">1 \u00e5r<\/div>\n<\/div>\n<div class=\"row\">\n<div class=\"cell label\">Materiale<\/div>\n<div class=\"cell value\">aluminium<\/div>\n<\/div>\n<div class=\"row\">\n<div class=\"cell label\">kernekomponenter<\/div>\n<div class=\"cell value\">PLC<\/div>\n<\/div>\n<div class=\"row\">\n<div class=\"cell label\">Testrapport for maskiner<\/div>\n<div class=\"cell value\">Leveret<\/div>\n<\/div>\n<div class=\"row\">\n<div class=\"cell label\">video udg\u00e5ende-inspektion<\/div>\n<div class=\"cell value\">Leveret<\/div>\n<\/div>\n<div class=\"row\">\n<div class=\"cell label\">V\u00e6gt (KG)<\/div>\n<div class=\"cell value\">2<\/div>\n<\/div>\n<div class=\"row\">\n<div class=\"cell label\">Produktets navn<\/div>\n<div class=\"cell value\">Producent PC kobber heatpipe varmer\u00f8r disipador k\u00f8leplade<\/div>\n<\/div>\n<div class=\"row\">\n<div class=\"cell label\">Overfladebehandling<\/div>\n<div class=\"cell value\">Mill Finish, polering eller tilpasset<\/div>\n<\/div>\n<div class=\"row\">\n<div class=\"cell label\">Materiale<\/div>\n<div class=\"cell value\">Aluminiumslegering i 6063-serien eller tilpasset<\/div>\n<\/div>\n<div class=\"row\">\n<div class=\"cell label\">Farve<\/div>\n<div class=\"cell value\">Tilpasset farve<\/div>\n<\/div>\n<div class=\"row\">\n<div class=\"cell label\">Dimesioner<\/div>\n<div class=\"cell value\">B*H*L mm Tilpasset<\/div>\n<\/div>\n<div class=\"row\">\n<div class=\"cell label\">Hovedproces<\/div>\n<div class=\"cell value\">Ekstrudering, sk\u00e6ring, CNC-bearbejdning<\/div>\n<\/div>\n<div class=\"row\">\n<div class=\"cell label\">Leveringstid for standardpr\u00f8ver<\/div>\n<div class=\"cell value\">7 dage<\/div>\n<\/div>\n<div class=\"row\">\n<div class=\"cell label\">Eksempel p\u00e5 betaling<\/div>\n<div class=\"cell value\">PayPal<\/div>\n<\/div>\n<div class=\"row\">\n<div class=\"cell label\">Certificering<\/div>\n<div class=\"cell value\">CE, SGS, ISO.<\/div>\n<\/div>\n<div class=\"row\">\n<div class=\"cell label\">MOQ<\/div>\n<div class=\"cell value\">1 stk.<\/div>\n<\/div>\n<div class=\"row\">\n<div class=\"cell label\">Salg af enheder<\/div>\n<div class=\"cell value\">En enkelt genstand<\/div>\n<\/div>\n<div class=\"row\">\n<div class=\"cell label\">Enkelt pakkest\u00f8rrelse<\/div>\n<div class=\"cell value\">30X30X20 cm<\/div>\n<\/div>\n<div class=\"row\">\n<div class=\"cell label\">Enkelt bruttov\u00e6gt<\/div>\n<div class=\"cell value\">9.900 KG<\/div>\n<\/div>\n<\/div>\n<p><\/p>\n<h2>Vores produktionsbase<\/h2>\n<h3>Panorama over fabrikken<\/h3>\n<p><img decoding=\"async\" src=\"\/wp-content\/uploads\/factory-01.webp\"\/><\/p>\n<h3>V\u00e6rksted til fremstilling af aluminiumst\u00e6nger<\/h3>\n<p><img decoding=\"async\" src=\"\/wp-content\/uploads\/factory-02.webp\"\/><\/p>\n<p><img decoding=\"async\" src=\"\/wp-content\/uploads\/factory-03.webp\"\/><\/p>\n<h3>Lager til opbevaring af skimmelsvampe<\/h3>\n<p><img decoding=\"async\" src=\"\/wp-content\/uploads\/factory-04.webp\"\/><\/p>\n<h3>43 ekstruderingslinjer for aluminium (500-5500 ton)<\/h3>\n<p><img decoding=\"async\" src=\"\/wp-content\/uploads\/factory-05.webp\"\/><\/p>\n<p><img decoding=\"async\" src=\"\/wp-content\/uploads\/factory-06.webp\"\/><\/p>\n<p><img decoding=\"async\" src=\"\/wp-content\/uploads\/factory-07.webp\"\/><\/p>\n<h3>V\u00e6rksted for pulverlakering<\/h3>\n<p><img decoding=\"async\" src=\"\/wp-content\/uploads\/factory-09.webp\"\/><\/p>\n<h3>Anodiseringsv\u00e6rksted<\/h3>\n<p><img decoding=\"async\" src=\"\/wp-content\/uploads\/factory-10.webp\"\/><\/p>\n<h3>Workshop om dyb behandling<\/h3>\n<p><img decoding=\"async\" src=\"\/wp-content\/uploads\/factory-11.webp\"\/><\/p>\n<h3>V\u00e6rksted for CNC-pr\u00e6cisionsbearbejdning<\/h3>\n<p><img decoding=\"async\" src=\"\/wp-content\/uploads\/factory-11.5.webp\"\/><\/p>\n<h3>F\u00e6rdigvare- og eksportlager<\/h3>\n<p><img decoding=\"async\" src=\"\/wp-content\/uploads\/factory-12.webp\"\/><\/p>\n<p><img decoding=\"async\" src=\"\/wp-content\/uploads\/factory-13.webp\"\/><\/p>\n<p><img decoding=\"async\" src=\"\/wp-content\/uploads\/factory-14.webp\"\/><\/p>\n<h2>OFTE STILLEDE SP\u00d8RGSM\u00c5L<\/h2>\n<p><strong>1. Hvad bruges et oppusteligt dampkammer til?<\/strong><br \/>Et oppusteligt dampkammer bruges til effektiv varmestyring i elektroniske enheder.<\/p>\n<p><strong>2. Kan det oppustelige dampkammer tilpasses til specifikke krav?<\/strong><br \/>Ja, den kan skr\u00e6ddersys i st\u00f8rrelse og design, s\u00e5 den passer til dine specifikke behov.<\/p>\n<p><strong>3. Er det oppustelige dampkammer kompatibelt med eksisterende k\u00f8lesystemer?<\/strong><br \/>Ja, den er designet til nem integration med forskellige k\u00f8lesystemer.<\/p>\n<p><strong>4. Hvilke materialer bruges i det oppustelige dampkammer?<\/strong><br \/>Kammeret er fremstillet af holdbare materialer af h\u00f8j kvalitet, som sikrer p\u00e5lidelighed og langvarig brug.<\/p>\n<p><strong>5. Er det oppustelige dampkammer b\u00e6rbart?<\/strong><br \/>Ja, dens lette design g\u00f8r den meget b\u00e6rbar og nem at tage i brug.<\/p>\n<p><strong>6. Tilbyder I support til international forsendelse af det oppustelige dampkammer?<\/strong><br \/>Ja, vi tilbyder global forsendelses- og logistiksupport for at sikre en problemfri levering.<\/p>\n<p><strong>7. Hvordan forbedrer det oppustelige dampkammer den termiske styring?<\/strong><br \/>Den forbedrer varmestyringen ved effektivt at aflede varmen fra de elektroniske komponenter.<\/p>\n<p><\/p>","protected":false},"featured_media":10792,"template":"","categories":[74],"class_list":["post-10999","product","type-product","status-publish","has-post-thumbnail","hentry","category-vapor-chamber"],"meta_box":{"hilight_text_group":[{"product_hilight_text":"<li>Offers superior thermal management for electronic devices<\/li>\n<li>Lightweight and portable design suitable for varied applications<\/li>\n<li>Customizable sizes to meet specific industry needs<\/li>\n<li>Durable construction with high-quality materials<\/li>\n<li>Easy integration with existing cooling systems<\/li>"}],"feature_list":[]},"_links":{"self":[{"href":"https:\/\/sinoextrud.com\/da\/wp-json\/wp\/v2\/product\/10999","targetHints":{"allow":["GET"]}}],"collection":[{"href":"https:\/\/sinoextrud.com\/da\/wp-json\/wp\/v2\/product"}],"about":[{"href":"https:\/\/sinoextrud.com\/da\/wp-json\/wp\/v2\/types\/product"}],"wp:featuredmedia":[{"embeddable":true,"href":"https:\/\/sinoextrud.com\/da\/wp-json\/wp\/v2\/media\/10792"}],"wp:attachment":[{"href":"https:\/\/sinoextrud.com\/da\/wp-json\/wp\/v2\/media?parent=10999"}],"wp:term":[{"taxonomy":"category","embeddable":true,"href":"https:\/\/sinoextrud.com\/da\/wp-json\/wp\/v2\/categories?post=10999"}],"curies":[{"name":"wp","href":"https:\/\/api.w.org\/{rel}","templated":true}]}}