{"id":10998,"date":"2025-08-01T03:38:33","date_gmt":"2025-08-01T03:38:33","guid":{"rendered":"https:\/\/sinoextrud.com\/product\/flat-panel-aluminium-heat-sink-for-superconductors\/"},"modified":"2025-08-01T03:38:33","modified_gmt":"2025-08-01T03:38:33","slug":"flad-aluminiumskoleplade-til-superledere","status":"publish","type":"product","link":"https:\/\/sinoextrud.com\/da\/product\/flat-panel-aluminium-heat-sink-for-superconductors\/","title":{"rendered":"Flad k\u00f8leplade i aluminium til superledere"},"content":{"rendered":"<h2>Detaljer om produkter<\/h2>\n<div class=\"product-table\">\n<div class=\"row\">\n<div class=\"cell label\">type<\/div>\n<div class=\"cell value\">K\u00f8lelegeme<\/div>\n<\/div>\n<div class=\"row\">\n<div class=\"cell label\">Materiale til k\u00f8lelegeme<\/div>\n<div class=\"cell value\">Aluminium<\/div>\n<\/div>\n<div class=\"row\">\n<div class=\"cell label\">Brugerdefineret<\/div>\n<div class=\"cell value\">Dampkammer i aluminium<\/div>\n<\/div>\n<div class=\"row\">\n<div class=\"cell label\">Salg af enheder<\/div>\n<div class=\"cell value\">En enkelt genstand<\/div>\n<\/div>\n<div class=\"row\">\n<div class=\"cell label\">Forsyningsevne<\/div>\n<div class=\"cell value\">30000 stykker pr. m\u00e5ned<\/div>\n<\/div>\n<\/div>\n<p><\/p>\n<h2>Vores produktionsbase<\/h2>\n<h3>Panorama over fabrikken<\/h3>\n<p><img decoding=\"async\" src=\"\/wp-content\/uploads\/factory-01.webp\"\/><\/p>\n<h3>V\u00e6rksted til fremstilling af aluminiumst\u00e6nger<\/h3>\n<p><img decoding=\"async\" src=\"\/wp-content\/uploads\/factory-02.webp\"\/><\/p>\n<p><img decoding=\"async\" src=\"\/wp-content\/uploads\/factory-03.webp\"\/><\/p>\n<h3>Lager til opbevaring af skimmelsvampe<\/h3>\n<p><img decoding=\"async\" src=\"\/wp-content\/uploads\/factory-04.webp\"\/><\/p>\n<h3>43 ekstruderingslinjer for aluminium (500-5500 ton)<\/h3>\n<p><img decoding=\"async\" src=\"\/wp-content\/uploads\/factory-05.webp\"\/><\/p>\n<p><img decoding=\"async\" src=\"\/wp-content\/uploads\/factory-06.webp\"\/><\/p>\n<p><img decoding=\"async\" src=\"\/wp-content\/uploads\/factory-07.webp\"\/><\/p>\n<h3>V\u00e6rksted for pulverlakering<\/h3>\n<p><img decoding=\"async\" src=\"\/wp-content\/uploads\/factory-09.webp\"\/><\/p>\n<h3>Anodiseringsv\u00e6rksted<\/h3>\n<p><img decoding=\"async\" src=\"\/wp-content\/uploads\/factory-10.webp\"\/><\/p>\n<h3>Workshop om dyb behandling<\/h3>\n<p><img decoding=\"async\" src=\"\/wp-content\/uploads\/factory-11.webp\"\/><\/p>\n<h3>V\u00e6rksted for CNC-pr\u00e6cisionsbearbejdning<\/h3>\n<p><img decoding=\"async\" src=\"\/wp-content\/uploads\/factory-11.5.webp\"\/><\/p>\n<h3>F\u00e6rdigvare- og eksportlager<\/h3>\n<p><img decoding=\"async\" src=\"\/wp-content\/uploads\/factory-12.webp\"\/><\/p>\n<p><img decoding=\"async\" src=\"\/wp-content\/uploads\/factory-13.webp\"\/><\/p>\n<p><img decoding=\"async\" src=\"\/wp-content\/uploads\/factory-14.webp\"\/><\/p>\n<h2>OFTE STILLEDE SP\u00d8RGSM\u00c5L<\/h2>\n<p><strong>1. Hvad g\u00f8r denne k\u00f8leplade superledende?<\/strong><br \/>K\u00f8lelegemet indeholder superledende materialer for at forbedre den termiske effektivitet og ydeevne.<\/p>\n<p><strong>2. Kan st\u00f8rrelsen p\u00e5 k\u00f8lepladen tilpasses?<\/strong><br \/>Ja, vi tilbyder tilpasning af st\u00f8rrelsen, s\u00e5 den passer til specifikke projektkrav.<\/p>\n<p><strong>3. Er den egnet til h\u00f8jfrekvente elektroniske enheder?<\/strong><br \/>Ja, dets superledende egenskaber g\u00f8r det ideelt til h\u00f8jfrekvens- og h\u00f8jeffektselektronik.<\/p>\n<p><strong>4. Giver du teknisk support til integration?<\/strong><br \/>Ja, der er fuld teknisk support til r\u00e5dighed for at sikre problemfri integration i dine systemer.<\/p>\n<p><strong>5. Hvilke brancher ville have gavn af dette produkt?<\/strong><br \/>Den er perfekt til industrier, der kr\u00e6ver effektiv varmestyring, f.eks. computere og telekommunikation.<\/p>\n<p><strong>6. Hvad er den typiske genneml\u00f8bstid for produktion?<\/strong><br \/>Leveringstiderne varierer, men vi bestr\u00e6ber os p\u00e5 at im\u00f8dekomme hurtige produktionscyklusser for hasteordrer.<\/p>\n<p><strong>7. Overholder produktet milj\u00f8bestemmelserne?<\/strong><br \/>Ja, alle anvendte materialer er i overensstemmelse med internationale milj\u00f8standarder.<\/p>\n<p><\/p>","protected":false},"featured_media":10737,"template":"","categories":[55],"class_list":["post-10998","product","type-product","status-publish","has-post-thumbnail","hentry","category-extruded-aluminum-profiles"],"meta_box":{"hilight_text_group":[{"product_hilight_text":"<li>Engineered for advanced thermal management solutions<\/li>\n<li>Ideal for high-performance electronic applications<\/li>\n<li>Lightweight and robust aluminium construction<\/li>\n<li>Customizable dimensions and mounting options for diverse needs<\/li>\n<li>Optimized for efficient heat dissipation in compact spaces<\/li>"}],"feature_list":[]},"_links":{"self":[{"href":"https:\/\/sinoextrud.com\/da\/wp-json\/wp\/v2\/product\/10998","targetHints":{"allow":["GET"]}}],"collection":[{"href":"https:\/\/sinoextrud.com\/da\/wp-json\/wp\/v2\/product"}],"about":[{"href":"https:\/\/sinoextrud.com\/da\/wp-json\/wp\/v2\/types\/product"}],"wp:featuredmedia":[{"embeddable":true,"href":"https:\/\/sinoextrud.com\/da\/wp-json\/wp\/v2\/media\/10737"}],"wp:attachment":[{"href":"https:\/\/sinoextrud.com\/da\/wp-json\/wp\/v2\/media?parent=10998"}],"wp:term":[{"taxonomy":"category","embeddable":true,"href":"https:\/\/sinoextrud.com\/da\/wp-json\/wp\/v2\/categories?post=10998"}],"curies":[{"name":"wp","href":"https:\/\/api.w.org\/{rel}","templated":true}]}}