{"id":10997,"date":"2025-08-01T03:38:31","date_gmt":"2025-08-01T03:38:31","guid":{"rendered":"https:\/\/sinoextrud.com\/product\/vapor-chamber-custom-heat-sink-for-oem-projects\/"},"modified":"2025-08-01T03:38:31","modified_gmt":"2025-08-01T03:38:31","slug":"dampkammer-tilpasset-koleplade-til-oem-projekter","status":"publish","type":"product","link":"https:\/\/sinoextrud.com\/da\/product\/vapor-chamber-custom-heat-sink-for-oem-projects\/","title":{"rendered":"Brugerdefineret k\u00f8leplade med dampkammer til OEM-projekter"},"content":{"rendered":"<h2>Detaljer om produkter<\/h2>\n<div class=\"product-table\">\n<div class=\"row\">\n<div class=\"cell label\">type<\/div>\n<div class=\"cell value\">K\u00f8lelegeme<\/div>\n<\/div>\n<div class=\"row\">\n<div class=\"cell label\">ans\u00f8gning<\/div>\n<div class=\"cell value\">Processor<\/div>\n<\/div>\n<div class=\"row\">\n<div class=\"cell label\">Ventilatorst\u00f8rrelse<\/div>\n<div class=\"cell value\">Brugerdefineret<\/div>\n<\/div>\n<div class=\"row\">\n<div class=\"cell label\">magt<\/div>\n<div class=\"cell value\">Brugerdefineret<\/div>\n<\/div>\n<div class=\"row\">\n<div class=\"cell label\">luftm\u00e6ngde<\/div>\n<div class=\"cell value\">Brugerdefineret<\/div>\n<\/div>\n<div class=\"row\">\n<div class=\"cell label\">Fan-liv<\/div>\n<div class=\"cell value\">50000 timer<\/div>\n<\/div>\n<div class=\"row\">\n<div class=\"cell label\">Materiale til k\u00f8lelegeme<\/div>\n<div class=\"cell value\">Kobber og aluminium<\/div>\n<\/div>\n<div class=\"row\">\n<div class=\"cell label\">b\u00e6rende<\/div>\n<div class=\"cell value\">TO KUGLELEJER<\/div>\n<\/div>\n<div class=\"row\">\n<div class=\"cell label\">Str\u00f8mgr\u00e6nseflade<\/div>\n<div class=\"cell value\">4pin<\/div>\n<\/div>\n<div class=\"row\">\n<div class=\"cell label\">st\u00f8j<\/div>\n<div class=\"cell value\">Brugerdefineret<\/div>\n<\/div>\n<div class=\"row\">\n<div class=\"cell label\">Kontrol af ventilatorhastighed<\/div>\n<div class=\"cell value\">Brugerdefineret<\/div>\n<\/div>\n<div class=\"row\">\n<div class=\"cell label\">Produktets navn<\/div>\n<div class=\"cell value\">CPU-processor-k\u00f8ler<\/div>\n<\/div>\n<div class=\"row\">\n<div class=\"cell label\">OEM<\/div>\n<div class=\"cell value\">Tilpasset logo<\/div>\n<\/div>\n<div class=\"row\">\n<div class=\"cell label\">Materiale<\/div>\n<div class=\"cell value\">Aluminiumsfinne + varmer\u00f8r<\/div>\n<\/div>\n<div class=\"row\">\n<div class=\"cell label\">Salg af enheder<\/div>\n<div class=\"cell value\">En enkelt genstand<\/div>\n<\/div>\n<\/div>\n<p><\/p>\n<h2>Vores produktionsbase<\/h2>\n<h3>Panorama over fabrikken<\/h3>\n<p><img decoding=\"async\" src=\"\/wp-content\/uploads\/factory-01.webp\"\/><\/p>\n<h3>V\u00e6rksted til fremstilling af aluminiumst\u00e6nger<\/h3>\n<p><img decoding=\"async\" src=\"\/wp-content\/uploads\/factory-02.webp\"\/><\/p>\n<p><img decoding=\"async\" src=\"\/wp-content\/uploads\/factory-03.webp\"\/><\/p>\n<h3>Lager til opbevaring af skimmelsvampe<\/h3>\n<p><img decoding=\"async\" src=\"\/wp-content\/uploads\/factory-04.webp\"\/><\/p>\n<h3>43 ekstruderingslinjer for aluminium (500-5500 ton)<\/h3>\n<p><img decoding=\"async\" src=\"\/wp-content\/uploads\/factory-05.webp\"\/><\/p>\n<p><img decoding=\"async\" src=\"\/wp-content\/uploads\/factory-06.webp\"\/><\/p>\n<p><img decoding=\"async\" src=\"\/wp-content\/uploads\/factory-07.webp\"\/><\/p>\n<h3>V\u00e6rksted for pulverlakering<\/h3>\n<p><img decoding=\"async\" src=\"\/wp-content\/uploads\/factory-09.webp\"\/><\/p>\n<h3>Anodiseringsv\u00e6rksted<\/h3>\n<p><img decoding=\"async\" src=\"\/wp-content\/uploads\/factory-10.webp\"\/><\/p>\n<h3>Workshop om dyb behandling<\/h3>\n<p><img decoding=\"async\" src=\"\/wp-content\/uploads\/factory-11.webp\"\/><\/p>\n<h3>V\u00e6rksted for CNC-pr\u00e6cisionsbearbejdning<\/h3>\n<p><img decoding=\"async\" src=\"\/wp-content\/uploads\/factory-11.5.webp\"\/><\/p>\n<h3>F\u00e6rdigvare- og eksportlager<\/h3>\n<p><img decoding=\"async\" src=\"\/wp-content\/uploads\/factory-12.webp\"\/><\/p>\n<p><img decoding=\"async\" src=\"\/wp-content\/uploads\/factory-13.webp\"\/><\/p>\n<p><img decoding=\"async\" src=\"\/wp-content\/uploads\/factory-14.webp\"\/><\/p>\n<h2>OFTE STILLEDE SP\u00d8RGSM\u00c5L<\/h2>\n<p><strong>1. Hvad er en dampkammer-k\u00f8leplade?<\/strong><br \/>En k\u00f8leplade med dampkammer er en avanceret k\u00f8leteknologi, der bruges til at sprede varmen effektivt i elektroniske enheder.<\/p>\n<p><strong>2. Hvordan fungerer en k\u00f8leplade med dampkammer?<\/strong><br \/>Det fungerer ved at sprede varmen j\u00e6vnt over hele overfladen og udnytte fase\u00e6ndringer til at opn\u00e5 effektiv afk\u00f8ling.<\/p>\n<p><strong>3. Kan dampkammerets k\u00f8leplade tilpasses?<\/strong><br \/>Ja, k\u00f8lepladen kan skr\u00e6ddersys i st\u00f8rrelse, form og design, s\u00e5 den passer til specifikke krav.<\/p>\n<p><strong>4. Hvilke materialer bruges i k\u00f8leplader til dampkamre?<\/strong><br \/>Typisk konstrueret med kobber eller aluminium, hvilket sikrer fremragende varmeledningsevne.<\/p>\n<p><strong>5. Er en k\u00f8leplade med dampkammer egnet til h\u00f8jtydende enheder?<\/strong><br \/>Absolut, den er designet til at h\u00e5ndtere h\u00f8je termiske belastninger i performance-intensive applikationer.<\/p>\n<p><strong>6. Kan k\u00f8leplader i dampkammeret forbedre enhedens p\u00e5lidelighed?<\/strong><br \/>Ja, ved at opretholde optimale driftstemperaturer forbedrer det enhedernes levetid og p\u00e5lidelighed.<\/p>\n<p><strong>7. Hvilke industrier har mest gavn af at bruge k\u00f8leplader med dampkammer?<\/strong><br \/>Industrier som elektronik, bilindustrien, computere og telekommunikation har stor gavn af deres forbedrede varmestyringsevne.<\/p>\n<p><\/p>","protected":false},"featured_media":10795,"template":"","categories":[72],"class_list":["post-10997","product","type-product","status-publish","has-post-thumbnail","hentry","category-extruded-aluminum-heatsink"],"meta_box":{"hilight_text_group":[{"product_hilight_text":"<li>Advanced thermal management for high-performance applications<\/li>\n<li>Custom designs to fit specific device and system requirements<\/li>\n<li>High efficiency in dissipating heat, enhancing device longevity<\/li>\n<li>Flexible sizing and shape options to match diverse needs<\/li>\n<li>Ideal for electronics, automotive, and industrial equipment<\/li>"}],"feature_list":[]},"_links":{"self":[{"href":"https:\/\/sinoextrud.com\/da\/wp-json\/wp\/v2\/product\/10997","targetHints":{"allow":["GET"]}}],"collection":[{"href":"https:\/\/sinoextrud.com\/da\/wp-json\/wp\/v2\/product"}],"about":[{"href":"https:\/\/sinoextrud.com\/da\/wp-json\/wp\/v2\/types\/product"}],"wp:featuredmedia":[{"embeddable":true,"href":"https:\/\/sinoextrud.com\/da\/wp-json\/wp\/v2\/media\/10795"}],"wp:attachment":[{"href":"https:\/\/sinoextrud.com\/da\/wp-json\/wp\/v2\/media?parent=10997"}],"wp:term":[{"taxonomy":"category","embeddable":true,"href":"https:\/\/sinoextrud.com\/da\/wp-json\/wp\/v2\/categories?post=10997"}],"curies":[{"name":"wp","href":"https:\/\/api.w.org\/{rel}","templated":true}]}}