{"id":10996,"date":"2025-08-01T03:38:30","date_gmt":"2025-08-01T03:38:30","guid":{"rendered":"https:\/\/sinoextrud.com\/product\/extruded-heatsink-for-high-power-modules\/"},"modified":"2025-08-01T03:38:30","modified_gmt":"2025-08-01T03:38:30","slug":"ekstruderet-kolelegeme-til-hojeffektmoduler","status":"publish","type":"product","link":"https:\/\/sinoextrud.com\/da\/product\/extruded-heatsink-for-high-power-modules\/","title":{"rendered":"Ekstruderet k\u00f8leplade til h\u00f8jeffektmoduler"},"content":{"rendered":"<h2>Detaljer om produkter<\/h2>\n<div class=\"product-table\">\n<div class=\"row\">\n<div class=\"cell label\">Karakter<\/div>\n<div class=\"cell value\">6000-serien<\/div>\n<\/div>\n<div class=\"row\">\n<div class=\"cell label\">Tolerance<\/div>\n<div class=\"cell value\">GB\/T 3190-2008,GB\/T 14846-2008,ISO 2768<\/div>\n<\/div>\n<div class=\"row\">\n<div class=\"cell label\">Leveringstid<\/div>\n<div class=\"cell value\">22-30 dage<\/div>\n<\/div>\n<div class=\"row\">\n<div class=\"cell label\">Temperament<\/div>\n<div class=\"cell value\">T3-T8<\/div>\n<\/div>\n<div class=\"row\">\n<div class=\"cell label\">Anvendelse<\/div>\n<div class=\"cell value\">K\u00f8leplade<\/div>\n<\/div>\n<div class=\"row\">\n<div class=\"cell label\">Form<\/div>\n<div class=\"cell value\">Brugerdefineret<\/div>\n<\/div>\n<div class=\"row\">\n<div class=\"cell label\">Legering eller ej<\/div>\n<div class=\"cell value\">Er legeret<\/div>\n<\/div>\n<div class=\"row\">\n<div class=\"cell label\">Behandling af service<\/div>\n<div class=\"cell value\">Sk\u00e6ring, boring, gevindsk\u00e6ring, CNC-bearbejdning, anodisering<\/div>\n<\/div>\n<div class=\"row\">\n<div class=\"cell label\">Standardforme Antal<\/div>\n<div class=\"cell value\">30.000+ s\u00e6t<\/div>\n<\/div>\n<div class=\"row\">\n<div class=\"cell label\">Salg af enheder<\/div>\n<div class=\"cell value\">En enkelt genstand<\/div>\n<\/div>\n<div class=\"row\">\n<div class=\"cell label\">Enkelt pakkest\u00f8rrelse<\/div>\n<div class=\"cell value\">100X100X5 cm<\/div>\n<\/div>\n<div class=\"row\">\n<div class=\"cell label\">Enkelt bruttov\u00e6gt<\/div>\n<div class=\"cell value\">1.200 KG<\/div>\n<\/div>\n<\/div>\n<p><\/p>\n<h2>Vores produktionsbase<\/h2>\n<h3>Panorama over fabrikken<\/h3>\n<p><img decoding=\"async\" src=\"\/wp-content\/uploads\/factory-01.webp\"\/><\/p>\n<h3>V\u00e6rksted til fremstilling af aluminiumst\u00e6nger<\/h3>\n<p><img decoding=\"async\" src=\"\/wp-content\/uploads\/factory-02.webp\"\/><\/p>\n<p><img decoding=\"async\" src=\"\/wp-content\/uploads\/factory-03.webp\"\/><\/p>\n<h3>Lager til opbevaring af skimmelsvampe<\/h3>\n<p><img decoding=\"async\" src=\"\/wp-content\/uploads\/factory-04.webp\"\/><\/p>\n<h3>43 ekstruderingslinjer for aluminium (500-5500 ton)<\/h3>\n<p><img decoding=\"async\" src=\"\/wp-content\/uploads\/factory-05.webp\"\/><\/p>\n<p><img decoding=\"async\" src=\"\/wp-content\/uploads\/factory-06.webp\"\/><\/p>\n<p><img decoding=\"async\" src=\"\/wp-content\/uploads\/factory-07.webp\"\/><\/p>\n<h3>V\u00e6rksted for pulverlakering<\/h3>\n<p><img decoding=\"async\" src=\"\/wp-content\/uploads\/factory-09.webp\"\/><\/p>\n<h3>Anodiseringsv\u00e6rksted<\/h3>\n<p><img decoding=\"async\" src=\"\/wp-content\/uploads\/factory-10.webp\"\/><\/p>\n<h3>Workshop om dyb behandling<\/h3>\n<p><img decoding=\"async\" src=\"\/wp-content\/uploads\/factory-11.webp\"\/><\/p>\n<h3>V\u00e6rksted for CNC-pr\u00e6cisionsbearbejdning<\/h3>\n<p><img decoding=\"async\" src=\"\/wp-content\/uploads\/factory-11.5.webp\"\/><\/p>\n<h3>F\u00e6rdigvare- og eksportlager<\/h3>\n<p><img decoding=\"async\" src=\"\/wp-content\/uploads\/factory-12.webp\"\/><\/p>\n<p><img decoding=\"async\" src=\"\/wp-content\/uploads\/factory-13.webp\"\/><\/p>\n<p><img decoding=\"async\" src=\"\/wp-content\/uploads\/factory-14.webp\"\/><\/p>\n<h2>OFTE STILLEDE SP\u00d8RGSM\u00c5L<\/h2>\n<p><strong>1. Hvad er fordelene ved at bruge en ekstruderet k\u00f8leplade?<\/strong><br \/>Ekstruderede k\u00f8lelegemer giver effektiv varmeafledning, hvilket g\u00f8r dem ideelle til termisk styring i elektroniske enheder.<\/p>\n<p><strong>2. Kan ekstruderede k\u00f8lelegemer tilpasses?<\/strong><br \/>Ja, vi tilbyder tilpasningsmuligheder, herunder forskellige st\u00f8rrelser og designs, der opfylder dine specifikke behov.<\/p>\n<p><strong>3. Hvilket materiale bruges til fremstilling af ekstruderede k\u00f8lelegemer?<\/strong><br \/>Ekstruderede k\u00f8lelegemer er typisk lavet af aluminium af h\u00f8j kvalitet p\u00e5 grund af dets fremragende varmeledningsevne.<\/p>\n<p><strong>4. Er ekstruderede k\u00f8lelegemer velegnede til applikationer med h\u00f8j effekt?<\/strong><br \/>Ja, de er designet til at h\u00e5ndtere elektroniske komponenter med h\u00f8j effekt, hvilket sikrer optimal ydeevne.<\/p>\n<p><strong>5. Findes ekstruderede k\u00f8lelegemer i forskellige st\u00f8rrelser?<\/strong><br \/>Ja, vores ekstruderede k\u00f8lelegemer f\u00e5s i mange forskellige st\u00f8rrelser, s\u00e5 de passer til forskellige anvendelser.<\/p>\n<p><strong>6. Hvordan installerer jeg en ekstruderet k\u00f8lelegeme p\u00e5 min enhed?<\/strong><br \/>Installationen varierer fra enhed til enhed, men generelt handler det om at montere k\u00f8lelegemet sikkert p\u00e5 den komponent, det skal k\u00f8le.<\/p>\n<p><strong>7. Er der en minimumsordre p\u00e5 specialfremstillede k\u00f8lelegemer?<\/strong><br \/>Minimumsordreantallet kan variere, s\u00e5 kontakt os venligst for specifikke detaljer vedr\u00f8rende specialbestillinger.<\/p>\n<p><\/p>","protected":false},"featured_media":10797,"template":"","categories":[72],"class_list":["post-10996","product","type-product","status-publish","has-post-thumbnail","hentry","category-extruded-aluminum-heatsink"],"meta_box":{"hilight_text_group":[{"product_hilight_text":"<li>Offers superior thermal management with excellent heat dissipation<\/li>\n<li>Customizable extrusion designs to meet specific B2B requirements<\/li>\n<li>Manufactured using high-quality aluminum for enhanced durability<\/li>\n<li>Available in various sizes and configurations to suit different applications<\/li>\n<li>Compatible with a wide range of electronic devices and systems<\/li>"}],"feature_list":[]},"_links":{"self":[{"href":"https:\/\/sinoextrud.com\/da\/wp-json\/wp\/v2\/product\/10996","targetHints":{"allow":["GET"]}}],"collection":[{"href":"https:\/\/sinoextrud.com\/da\/wp-json\/wp\/v2\/product"}],"about":[{"href":"https:\/\/sinoextrud.com\/da\/wp-json\/wp\/v2\/types\/product"}],"wp:featuredmedia":[{"embeddable":true,"href":"https:\/\/sinoextrud.com\/da\/wp-json\/wp\/v2\/media\/10797"}],"wp:attachment":[{"href":"https:\/\/sinoextrud.com\/da\/wp-json\/wp\/v2\/media?parent=10996"}],"wp:term":[{"taxonomy":"category","embeddable":true,"href":"https:\/\/sinoextrud.com\/da\/wp-json\/wp\/v2\/categories?post=10996"}],"curies":[{"name":"wp","href":"https:\/\/api.w.org\/{rel}","templated":true}]}}