{"id":10994,"date":"2025-08-01T03:38:26","date_gmt":"2025-08-01T03:38:26","guid":{"rendered":"https:\/\/sinoextrud.com\/product\/liquid-cooling-plate-for-power-systems\/"},"modified":"2025-08-01T03:38:26","modified_gmt":"2025-08-01T03:38:26","slug":"vaeskekoleplade-til-stromsystemer","status":"publish","type":"product","link":"https:\/\/sinoextrud.com\/da\/product\/liquid-cooling-plate-for-power-systems\/","title":{"rendered":"V\u00e6skek\u00f8leplade til energisystemer"},"content":{"rendered":"<h2>Detaljer om produkter<\/h2>\n<div class=\"product-table\">\n<div class=\"row\">\n<div class=\"cell label\">Karakter<\/div>\n<div class=\"cell value\">6000-serien<\/div>\n<\/div>\n<div class=\"row\">\n<div class=\"cell label\">Tolerance<\/div>\n<div class=\"cell value\">\u00b11%<\/div>\n<\/div>\n<div class=\"row\">\n<div class=\"cell label\">Leveringstid<\/div>\n<div class=\"cell value\">22-30 dage<\/div>\n<\/div>\n<div class=\"row\">\n<div class=\"cell label\">Temperament<\/div>\n<div class=\"cell value\">T3-T8<\/div>\n<\/div>\n<div class=\"row\">\n<div class=\"cell label\">Anvendelse<\/div>\n<div class=\"cell value\">K\u00f8leplade<\/div>\n<\/div>\n<div class=\"row\">\n<div class=\"cell label\">Form<\/div>\n<div class=\"cell value\">Firkantet<\/div>\n<\/div>\n<div class=\"row\">\n<div class=\"cell label\">Legering eller ej<\/div>\n<div class=\"cell value\">Er legeret<\/div>\n<\/div>\n<div class=\"row\">\n<div class=\"cell label\">Behandling af service<\/div>\n<div class=\"cell value\">B\u00f8jning, svejsning, sk\u00e6ring<\/div>\n<\/div>\n<div class=\"row\">\n<div class=\"cell label\">Produktets navn<\/div>\n<div class=\"cell value\">CNC-bearbejdning af dele<\/div>\n<\/div>\n<div class=\"row\">\n<div class=\"cell label\">Proces<\/div>\n<div class=\"cell value\">CNC-bearbejdning+Epoxy<\/div>\n<\/div>\n<div class=\"row\">\n<div class=\"cell label\">Anvendelse<\/div>\n<div class=\"cell value\">Montering<\/div>\n<\/div>\n<div class=\"row\">\n<div class=\"cell label\">Farve<\/div>\n<div class=\"cell value\">S\u00f8lv<\/div>\n<\/div>\n<div class=\"row\">\n<div class=\"cell label\">Overfladebehandling<\/div>\n<div class=\"cell value\">Ren<\/div>\n<\/div>\n<div class=\"row\">\n<div class=\"cell label\">MOQ<\/div>\n<div class=\"cell value\">2 stk.<\/div>\n<\/div>\n<div class=\"row\">\n<div class=\"cell label\">Materiale<\/div>\n<div class=\"cell value\">Legering\/kobber<\/div>\n<\/div>\n<div class=\"row\">\n<div class=\"cell label\">Pakke<\/div>\n<div class=\"cell value\">Skum + karton<\/div>\n<\/div>\n<div class=\"row\">\n<div class=\"cell label\">Dimension<\/div>\n<div class=\"cell value\">Tilpasset<\/div>\n<\/div>\n<div class=\"row\">\n<div class=\"cell label\">Tolerance<\/div>\n<div class=\"cell value\">0,01-0,05 mm<\/div>\n<\/div>\n<div class=\"row\">\n<div class=\"cell label\">Detaljer om emballage<\/div>\n<div class=\"cell value\">Skr\u00e6ddersyet skum og karton<\/div>\n<\/div>\n<div class=\"row\">\n<div class=\"cell label\">Afsendelseshavn<\/div>\n<div class=\"cell value\">Shenzhen\/Hongkong<\/div>\n<\/div>\n<div class=\"row\">\n<div class=\"cell label\">Salg af enheder<\/div>\n<div class=\"cell value\">En enkelt genstand<\/div>\n<\/div>\n<div class=\"row\">\n<div class=\"cell label\">Enkelt pakkest\u00f8rrelse<\/div>\n<div class=\"cell value\">35X30X25 cm<\/div>\n<\/div>\n<div class=\"row\">\n<div class=\"cell label\">Enkelt bruttov\u00e6gt<\/div>\n<div class=\"cell value\">2.000 KG<\/div>\n<\/div>\n<div class=\"row\">\n<div class=\"cell label\">Forsyningsevne<\/div>\n<div class=\"cell value\">100000 stykker pr. m\u00e5ned<\/div>\n<\/div>\n<\/div>\n<p><\/p>\n<h2>Vores produktionsbase<\/h2>\n<h3>Panorama over fabrikken<\/h3>\n<p><img decoding=\"async\" src=\"\/wp-content\/uploads\/factory-01.webp\"\/><\/p>\n<h3>V\u00e6rksted til fremstilling af aluminiumst\u00e6nger<\/h3>\n<p><img decoding=\"async\" src=\"\/wp-content\/uploads\/factory-02.webp\"\/><\/p>\n<p><img decoding=\"async\" src=\"\/wp-content\/uploads\/factory-03.webp\"\/><\/p>\n<h3>Lager til opbevaring af skimmelsvampe<\/h3>\n<p><img decoding=\"async\" src=\"\/wp-content\/uploads\/factory-04.webp\"\/><\/p>\n<h3>43 ekstruderingslinjer for aluminium (500-5500 ton)<\/h3>\n<p><img decoding=\"async\" src=\"\/wp-content\/uploads\/factory-05.webp\"\/><\/p>\n<p><img decoding=\"async\" src=\"\/wp-content\/uploads\/factory-06.webp\"\/><\/p>\n<p><img decoding=\"async\" src=\"\/wp-content\/uploads\/factory-07.webp\"\/><\/p>\n<h3>V\u00e6rksted for pulverlakering<\/h3>\n<p><img decoding=\"async\" src=\"\/wp-content\/uploads\/factory-09.webp\"\/><\/p>\n<h3>Anodiseringsv\u00e6rksted<\/h3>\n<p><img decoding=\"async\" src=\"\/wp-content\/uploads\/factory-10.webp\"\/><\/p>\n<h3>Workshop om dyb behandling<\/h3>\n<p><img decoding=\"async\" src=\"\/wp-content\/uploads\/factory-11.webp\"\/><\/p>\n<h3>V\u00e6rksted for CNC-pr\u00e6cisionsbearbejdning<\/h3>\n<p><img decoding=\"async\" src=\"\/wp-content\/uploads\/factory-11.5.webp\"\/><\/p>\n<h3>F\u00e6rdigvare- og eksportlager<\/h3>\n<p><img decoding=\"async\" src=\"\/wp-content\/uploads\/factory-12.webp\"\/><\/p>\n<p><img decoding=\"async\" src=\"\/wp-content\/uploads\/factory-13.webp\"\/><\/p>\n<p><img decoding=\"async\" src=\"\/wp-content\/uploads\/factory-14.webp\"\/><\/p>\n<h2>OFTE STILLEDE SP\u00d8RGSM\u00c5L<\/h2>\n<p><strong>1. Hvad er fordelene ved en v\u00e6skek\u00f8leplade?<\/strong><br \/>V\u00e6skek\u00f8leplader giver overlegen varmeafledning og forbedret termisk effektivitet.<\/p>\n<p><strong>2. Kan flydende k\u00f8leplader tilpasses til specifikke form\u00e5l?<\/strong><br \/>Ja, vi kan levere tilpassede st\u00f8rrelser og specifikationer, s\u00e5 de passer til dit system.<\/p>\n<p><strong>3. Er v\u00e6skek\u00f8lepladen egnet til elektroniske enheder?<\/strong><br \/>Det er helt klart ideelt til k\u00f8ling af elektroniske komponenter og enheder.<\/p>\n<p><strong>4. Hvilke materialer bruges i konstruktionen af v\u00e6skek\u00f8leplader?<\/strong><br \/>Vores plader er fremstillet af h\u00f8jkvalitetsmetaller med korrosionsbestandige bel\u00e6gninger.<\/p>\n<p><strong>5. Tilbyder du vejledning i at integrere k\u00f8lepladen i systemer?<\/strong><br \/>Ja, vi yder teknisk support til problemfri systemintegration.<\/p>\n<p><strong>6. Hvilken vedligeholdelse er n\u00f8dvendig for en v\u00e6skek\u00f8leplade?<\/strong><br \/>Regelm\u00e6ssige inspektioner og lejlighedsvis reng\u00f8ring anbefales for at opn\u00e5 optimal ydelse.<\/p>\n<p><strong>7. Er flydende k\u00f8leplader tilg\u00e6ngelige til international forsendelse?<\/strong><br \/>Ja, vi sender til hele verden med omfattende logistiksupport.<\/p>\n<p><\/p>","protected":false},"featured_media":10801,"template":"","categories":[72],"class_list":["post-10994","product","type-product","status-publish","has-post-thumbnail","hentry","category-extruded-aluminum-heatsink"],"meta_box":{"hilight_text_group":[{"product_hilight_text":"<li>Engineered for efficient thermal management in various applications<\/li>\n<li>Customizable designs tailored to specific client needs<\/li>\n<li>Constructed with premium materials for optimal heat dissipation<\/li>\n<li>Supports integration into existing cooling systems<\/li>\n<li>Eco-friendly and corrosion-resistant materials for durability<\/li>"}],"feature_list":[]},"_links":{"self":[{"href":"https:\/\/sinoextrud.com\/da\/wp-json\/wp\/v2\/product\/10994","targetHints":{"allow":["GET"]}}],"collection":[{"href":"https:\/\/sinoextrud.com\/da\/wp-json\/wp\/v2\/product"}],"about":[{"href":"https:\/\/sinoextrud.com\/da\/wp-json\/wp\/v2\/types\/product"}],"wp:featuredmedia":[{"embeddable":true,"href":"https:\/\/sinoextrud.com\/da\/wp-json\/wp\/v2\/media\/10801"}],"wp:attachment":[{"href":"https:\/\/sinoextrud.com\/da\/wp-json\/wp\/v2\/media?parent=10994"}],"wp:term":[{"taxonomy":"category","embeddable":true,"href":"https:\/\/sinoextrud.com\/da\/wp-json\/wp\/v2\/categories?post=10994"}],"curies":[{"name":"wp","href":"https:\/\/api.w.org\/{rel}","templated":true}]}}