{"id":10992,"date":"2025-08-01T03:33:38","date_gmt":"2025-08-01T03:33:38","guid":{"rendered":"https:\/\/sinoextrud.com\/product\/heatsink-extruded-for-thermal-management\/"},"modified":"2025-08-01T03:33:38","modified_gmt":"2025-08-01T03:33:38","slug":"kolelegeme-ekstruderet-til-termisk-styring","status":"publish","type":"product","link":"https:\/\/sinoextrud.com\/da\/product\/heatsink-extruded-for-thermal-management\/","title":{"rendered":"Ekstruderet k\u00f8lelegeme til termisk styring"},"content":{"rendered":"<h2>Detaljer om produkter<\/h2>\n<div class=\"product-table\">\n<div class=\"row\">\n<div class=\"cell label\">Karakter<\/div>\n<div class=\"cell value\">6000-serien<\/div>\n<\/div>\n<div class=\"row\">\n<div class=\"cell label\">Tolerance<\/div>\n<div class=\"cell value\">+\/-1mm<\/div>\n<\/div>\n<div class=\"row\">\n<div class=\"cell label\">Leveringstid<\/div>\n<div class=\"cell value\">inden for 7 dage<\/div>\n<\/div>\n<div class=\"row\">\n<div class=\"cell label\">Temperament<\/div>\n<div class=\"cell value\">T3-T8<\/div>\n<\/div>\n<div class=\"row\">\n<div class=\"cell label\">Anvendelse<\/div>\n<div class=\"cell value\">Flere anvendelser<\/div>\n<\/div>\n<div class=\"row\">\n<div class=\"cell label\">Form<\/div>\n<div class=\"cell value\">Brugerdefineret<\/div>\n<\/div>\n<div class=\"row\">\n<div class=\"cell label\">Legering eller ej<\/div>\n<div class=\"cell value\">Er legeret<\/div>\n<\/div>\n<div class=\"row\">\n<div class=\"cell label\">Behandling af service<\/div>\n<div class=\"cell value\">B\u00f8jning, afrulning, svejsning, stansning, sk\u00e6ring<\/div>\n<\/div>\n<div class=\"row\">\n<div class=\"cell label\">Produktets navn<\/div>\n<div class=\"cell value\">Specialfremstillet k\u00f8leplade i aluminium med cnc-bearbejdning<\/div>\n<\/div>\n<div class=\"row\">\n<div class=\"cell label\">Overfladebehandling<\/div>\n<div class=\"cell value\">anodisering, sandbl\u00e6sning, pulverlakering, polering og s\u00e5 videre<\/div>\n<\/div>\n<div class=\"row\">\n<div class=\"cell label\">St\u00f8rrelse<\/div>\n<div class=\"cell value\">kundens anmodning<\/div>\n<\/div>\n<div class=\"row\">\n<div class=\"cell label\">Dyb proces<\/div>\n<div class=\"cell value\">B\u00f8jning, svejsning, stansning, sk\u00e6ring<\/div>\n<\/div>\n<div class=\"row\">\n<div class=\"cell label\">L\u00e6ngde<\/div>\n<div class=\"cell value\">Enhver l\u00e6ngde<\/div>\n<\/div>\n<div class=\"row\">\n<div class=\"cell label\">Materiale<\/div>\n<div class=\"cell value\">6063 6061 6005 Aluminiumslegering<\/div>\n<\/div>\n<div class=\"row\">\n<div class=\"cell label\">Farve<\/div>\n<div class=\"cell value\">s\u00f8lv, sort, gylden sort og s\u00e5 videre<\/div>\n<\/div>\n<div class=\"row\">\n<div class=\"cell label\">Ekstruderingsmaskine<\/div>\n<div class=\"cell value\">600 tons-10000 tons<\/div>\n<\/div>\n<div class=\"row\">\n<div class=\"cell label\">Certificering<\/div>\n<div class=\"cell value\">ISO 9001:2008<\/div>\n<\/div>\n<div class=\"row\">\n<div class=\"cell label\">Service<\/div>\n<div class=\"cell value\">OEM ODM<\/div>\n<\/div>\n<div class=\"row\">\n<div class=\"cell label\">Detaljer om emballage<\/div>\n<div class=\"cell value\">Tilpasset pakning i henhold til kundens anmodning, normalt:<\/div>\n<\/div>\n<div class=\"row\">\n<div class=\"cell label\">A<\/div>\n<div class=\"cell value\">Fr\u00e6sning, krympefilm af plast.<\/div>\n<\/div>\n<div class=\"row\">\n<div class=\"cell label\">B<\/div>\n<div class=\"cell value\">Anodisering eller power coating, indvendigt pakket med plastikbeskyttelsesfilm + EPE-skum + krympefilm eller vandt\u00e6t kraftpapir.<\/div>\n<\/div>\n<div class=\"row\">\n<div class=\"cell label\">C<\/div>\n<div class=\"cell value\">Hvis lille cnc-del, EPE-skum + kartoner.<\/div>\n<\/div>\n<div class=\"row\">\n<div class=\"cell label\">D<\/div>\n<div class=\"cell value\">Hvis kunden har en s\u00e6rlig anmodning, kan vi levere en tr\u00e6kasse.<\/div>\n<\/div>\n<div class=\"row\">\n<div class=\"cell label\">Afsendelseshavn<\/div>\n<div class=\"cell value\">Tinajin havn, Qingdao havn, Ningbo havn<\/div>\n<\/div>\n<div class=\"row\">\n<div class=\"cell label\">Salg af enheder<\/div>\n<div class=\"cell value\">En enkelt genstand<\/div>\n<\/div>\n<div class=\"row\">\n<div class=\"cell label\">Enkelt pakkest\u00f8rrelse<\/div>\n<div class=\"cell value\">30X20X10 cm<\/div>\n<\/div>\n<div class=\"row\">\n<div class=\"cell label\">Enkelt bruttov\u00e6gt<\/div>\n<div class=\"cell value\">2.000 KG<\/div>\n<\/div>\n<div class=\"row\">\n<div class=\"cell label\">Forsyningsevne<\/div>\n<div class=\"cell value\">5000 tons pr. m\u00e5ned<\/div>\n<\/div>\n<\/div>\n<p><\/p>\n<h2>Vores produktionsbase<\/h2>\n<h3>Panorama over fabrikken<\/h3>\n<p><img decoding=\"async\" src=\"\/wp-content\/uploads\/factory-01.webp\"\/><\/p>\n<h3>V\u00e6rksted til fremstilling af aluminiumst\u00e6nger<\/h3>\n<p><img decoding=\"async\" src=\"\/wp-content\/uploads\/factory-02.webp\"\/><\/p>\n<p><img decoding=\"async\" src=\"\/wp-content\/uploads\/factory-03.webp\"\/><\/p>\n<h3>Lager til opbevaring af skimmelsvampe<\/h3>\n<p><img decoding=\"async\" src=\"\/wp-content\/uploads\/factory-04.webp\"\/><\/p>\n<h3>43 ekstruderingslinjer for aluminium (500-5500 ton)<\/h3>\n<p><img decoding=\"async\" src=\"\/wp-content\/uploads\/factory-05.webp\"\/><\/p>\n<p><img decoding=\"async\" src=\"\/wp-content\/uploads\/factory-06.webp\"\/><\/p>\n<p><img decoding=\"async\" src=\"\/wp-content\/uploads\/factory-07.webp\"\/><\/p>\n<h3>V\u00e6rksted for pulverlakering<\/h3>\n<p><img decoding=\"async\" src=\"\/wp-content\/uploads\/factory-09.webp\"\/><\/p>\n<h3>Anodiseringsv\u00e6rksted<\/h3>\n<p><img decoding=\"async\" src=\"\/wp-content\/uploads\/factory-10.webp\"\/><\/p>\n<h3>Workshop om dyb behandling<\/h3>\n<p><img decoding=\"async\" src=\"\/wp-content\/uploads\/factory-11.webp\"\/><\/p>\n<h3>V\u00e6rksted for CNC-pr\u00e6cisionsbearbejdning<\/h3>\n<p><img decoding=\"async\" src=\"\/wp-content\/uploads\/factory-11.5.webp\"\/><\/p>\n<h3>F\u00e6rdigvare- og eksportlager<\/h3>\n<p><img decoding=\"async\" src=\"\/wp-content\/uploads\/factory-12.webp\"\/><\/p>\n<p><img decoding=\"async\" src=\"\/wp-content\/uploads\/factory-13.webp\"\/><\/p>\n<p><img decoding=\"async\" src=\"\/wp-content\/uploads\/factory-14.webp\"\/><\/p>\n<h2>OFTE STILLEDE SP\u00d8RGSM\u00c5L<\/h2>\n<p><strong>1. Hvad er den prim\u00e6re anvendelse af en ekstruderet k\u00f8lelegeme?<\/strong><br \/>Ekstruderede k\u00f8lelegemer bruges prim\u00e6rt til at aflede varme i elektronik og maskiner for at opretholde optimal ydeevne.<\/p>\n<p><strong>2. Kan den ekstruderede k\u00f8lelegeme tilpasses i st\u00f8rrelse?<\/strong><br \/>Ja, vores ekstruderede k\u00f8lelegemer kan tilpasses i st\u00f8rrelse og form, s\u00e5 de passer til specifikke k\u00f8lebehov.<\/p>\n<p><strong>3. Er den ekstruderede k\u00f8lelegeme egnet til applikationer med h\u00f8j effekt?<\/strong><br \/>Ja, vores ekstruderede k\u00f8lelegemer er velegnede til applikationer med h\u00f8j effekt p\u00e5 grund af deres h\u00f8je varmeledningsevne.<\/p>\n<p><strong>4. Hvilke materialer bruges til fremstilling af ekstruderede k\u00f8lelegemer?<\/strong><br \/>Ekstruderede k\u00f8lelegemer er typisk fremstillet af aluminium p\u00e5 grund af dets lette og varmeledende egenskaber.<\/p>\n<p><strong>5. Kan du levere pr\u00f8ver af ekstruderede k\u00f8lelegemer?<\/strong><br \/>Ja, pr\u00f8ver er tilg\u00e6ngelige for at sikre, at den ekstruderede k\u00f8lelegeme opfylder dine specifikationer inden stork\u00f8b.<\/p>\n<p><strong>6. Hvordan installerer jeg en ekstruderet k\u00f8lelegeme p\u00e5 min enhed?<\/strong><br \/>Installationen indeb\u00e6rer normalt at fastg\u00f8re den ekstruderede k\u00f8lelegeme med dens monteringsmuligheder, som kan omfatte skruer eller selvkl\u00e6bende bagside.<\/p>\n<p><strong>7. Kan ekstruderede k\u00f8lelegemer bruges i udend\u00f8rs milj\u00f8er?<\/strong><br \/>Ja, vores ekstruderede k\u00f8lelegemer er fremstillet af korrosionsbestandige materialer, hvilket g\u00f8r dem velegnede til udend\u00f8rs milj\u00f8er.<\/p>\n<p><\/p>","protected":false},"featured_media":10803,"template":"","categories":[72],"class_list":["post-10992","product","type-product","status-publish","has-post-thumbnail","hentry","category-extruded-aluminum-heatsink"],"meta_box":{"hilight_text_group":[{"product_hilight_text":"<li>High thermal conductivity for efficient heat dissipation<\/li>\n<li>Customizable designs to meet specific cooling requirements<\/li>\n<li>Lightweight and durable aluminum construction<\/li>\n<li>Available in various sizes and profiles for different applications<\/li>\n<li>Corrosion-resistant material for long-lasting performance<\/li>"}],"feature_list":[]},"_links":{"self":[{"href":"https:\/\/sinoextrud.com\/da\/wp-json\/wp\/v2\/product\/10992","targetHints":{"allow":["GET"]}}],"collection":[{"href":"https:\/\/sinoextrud.com\/da\/wp-json\/wp\/v2\/product"}],"about":[{"href":"https:\/\/sinoextrud.com\/da\/wp-json\/wp\/v2\/types\/product"}],"wp:featuredmedia":[{"embeddable":true,"href":"https:\/\/sinoextrud.com\/da\/wp-json\/wp\/v2\/media\/10803"}],"wp:attachment":[{"href":"https:\/\/sinoextrud.com\/da\/wp-json\/wp\/v2\/media?parent=10992"}],"wp:term":[{"taxonomy":"category","embeddable":true,"href":"https:\/\/sinoextrud.com\/da\/wp-json\/wp\/v2\/categories?post=10992"}],"curies":[{"name":"wp","href":"https:\/\/api.w.org\/{rel}","templated":true}]}}