{"id":10977,"date":"2025-08-01T03:29:01","date_gmt":"2025-08-01T03:29:01","guid":{"rendered":"https:\/\/sinoextrud.com\/product\/high-efficiency-heat-sink-for-thermal-management\/"},"modified":"2025-08-01T03:29:01","modified_gmt":"2025-08-01T03:29:01","slug":"hojeffektiv-koleplade-til-varmestyring","status":"publish","type":"product","link":"https:\/\/sinoextrud.com\/da\/product\/high-efficiency-heat-sink-for-thermal-management\/","title":{"rendered":"H\u00f8jeffektiv k\u00f8leplade til termisk styring"},"content":{"rendered":"<h2>Detaljer om produkter<\/h2>\n<div class=\"product-table\">\n<div class=\"row\">\n<div class=\"cell label\">Karakter<\/div>\n<div class=\"cell value\">6000-serien<\/div>\n<\/div>\n<div class=\"row\">\n<div class=\"cell label\">Tolerance<\/div>\n<div class=\"cell value\">\u00b120%<\/div>\n<\/div>\n<div class=\"row\">\n<div class=\"cell label\">Leveringstid<\/div>\n<div class=\"cell value\">31-45 dage<\/div>\n<\/div>\n<div class=\"row\">\n<div class=\"cell label\">Temperament<\/div>\n<div class=\"cell value\">T3-T8<\/div>\n<\/div>\n<div class=\"row\">\n<div class=\"cell label\">Anvendelse<\/div>\n<div class=\"cell value\">Dekoration, industri, belysning, byggeri, transport osv.<\/div>\n<\/div>\n<div class=\"row\">\n<div class=\"cell label\">Form<\/div>\n<div class=\"cell value\">Firkantet, rund, flad osv.<\/div>\n<\/div>\n<div class=\"row\">\n<div class=\"cell label\">Legering eller ej<\/div>\n<div class=\"cell value\">Er legeret<\/div>\n<\/div>\n<div class=\"row\">\n<div class=\"cell label\">Behandling af service<\/div>\n<div class=\"cell value\">B\u00f8jning, afrulning, svejsning, stansning, sk\u00e6ring<\/div>\n<\/div>\n<div class=\"row\">\n<div class=\"cell label\">Produktets navn<\/div>\n<div class=\"cell value\">Fabriksforsyning H\u00f8jeffektiv sekskantet aluminiumsk\u00f8leplade eller k\u00f8leplade<\/div>\n<\/div>\n<div class=\"row\">\n<div class=\"cell label\">Materiale<\/div>\n<div class=\"cell value\">Legering 6063\/6061\/6005\/6060 T5\/T6 osv. Som kunder kr\u00e6ver<\/div>\n<\/div>\n<div class=\"row\">\n<div class=\"cell label\">Farve<\/div>\n<div class=\"cell value\">Tilpasset farve<\/div>\n<\/div>\n<div class=\"row\">\n<div class=\"cell label\">Type<\/div>\n<div class=\"cell value\">Aluninum Ekstrudering<\/div>\n<\/div>\n<div class=\"row\">\n<div class=\"cell label\">Overfladebehandling<\/div>\n<div class=\"cell value\">Fr\u00e6sning, anodisering, pulverlakering, polering, b\u00f8rstning osv.<\/div>\n<\/div>\n<div class=\"row\">\n<div class=\"cell label\">Teknologi<\/div>\n<div class=\"cell value\">Ekstruderet + pr\u00e6cisionsbearbejdning, overfladebehandling<\/div>\n<\/div>\n<div class=\"row\">\n<div class=\"cell label\">Karakteristika<\/div>\n<div class=\"cell value\">St\u00e6rk, stilfuld, holdbar og korrosionsbestandig.<\/div>\n<\/div>\n<div class=\"row\">\n<div class=\"cell label\">Bearbejdningsproces<\/div>\n<div class=\"cell value\">Sk\u00e6ring, stansning, boring, svejsning, fr\u00e6sning, CNC osv.<\/div>\n<\/div>\n<div class=\"row\">\n<div class=\"cell label\">Leveringstid<\/div>\n<div class=\"cell value\">25-30 arbejdsdage for sekskantet aluminiumsk\u00f8leplade<\/div>\n<\/div>\n<div class=\"row\">\n<div class=\"cell label\">OEM-service<\/div>\n<div class=\"cell value\">F\u00e5s til sekskantet k\u00f8leplade i aluminium<\/div>\n<\/div>\n<div class=\"row\">\n<div class=\"cell label\">Salg af enheder<\/div>\n<div class=\"cell value\">En enkelt genstand<\/div>\n<\/div>\n<div class=\"row\">\n<div class=\"cell label\">Enkelt pakkest\u00f8rrelse<\/div>\n<div class=\"cell value\">45X5X45 cm<\/div>\n<\/div>\n<div class=\"row\">\n<div class=\"cell label\">Enkelt bruttov\u00e6gt<\/div>\n<div class=\"cell value\">2.000 KG<\/div>\n<\/div>\n<\/div>\n<p><\/p>\n<h2>Vores produktionsbase<\/h2>\n<h3>Panorama over fabrikken<\/h3>\n<p><img decoding=\"async\" src=\"\/wp-content\/uploads\/factory-01.webp\"\/><\/p>\n<h3>V\u00e6rksted til fremstilling af aluminiumst\u00e6nger<\/h3>\n<p><img decoding=\"async\" src=\"\/wp-content\/uploads\/factory-02.webp\"\/><\/p>\n<p><img decoding=\"async\" src=\"\/wp-content\/uploads\/factory-03.webp\"\/><\/p>\n<h3>Lager til opbevaring af skimmelsvampe<\/h3>\n<p><img decoding=\"async\" src=\"\/wp-content\/uploads\/factory-04.webp\"\/><\/p>\n<h3>43 ekstruderingslinjer for aluminium (500-5500 ton)<\/h3>\n<p><img decoding=\"async\" src=\"\/wp-content\/uploads\/factory-05.webp\"\/><\/p>\n<p><img decoding=\"async\" src=\"\/wp-content\/uploads\/factory-06.webp\"\/><\/p>\n<p><img decoding=\"async\" src=\"\/wp-content\/uploads\/factory-07.webp\"\/><\/p>\n<h3>V\u00e6rksted for pulverlakering<\/h3>\n<p><img decoding=\"async\" src=\"\/wp-content\/uploads\/factory-09.webp\"\/><\/p>\n<h3>Anodiseringsv\u00e6rksted<\/h3>\n<p><img decoding=\"async\" src=\"\/wp-content\/uploads\/factory-10.webp\"\/><\/p>\n<h3>Workshop om dyb behandling<\/h3>\n<p><img decoding=\"async\" src=\"\/wp-content\/uploads\/factory-11.webp\"\/><\/p>\n<h3>V\u00e6rksted for CNC-pr\u00e6cisionsbearbejdning<\/h3>\n<p><img decoding=\"async\" src=\"\/wp-content\/uploads\/factory-11.5.webp\"\/><\/p>\n<h3>F\u00e6rdigvare- og eksportlager<\/h3>\n<p><img decoding=\"async\" src=\"\/wp-content\/uploads\/factory-12.webp\"\/><\/p>\n<p><img decoding=\"async\" src=\"\/wp-content\/uploads\/factory-13.webp\"\/><\/p>\n<p><img decoding=\"async\" src=\"\/wp-content\/uploads\/factory-14.webp\"\/><\/p>\n<h2>OFTE STILLEDE SP\u00d8RGSM\u00c5L<\/h2>\n<p><strong>1. Hvad g\u00f8r denne k\u00f8leplade h\u00f8jeffektiv?<\/strong><br \/>Dens design og materialevalg sikrer optimal varmeafledning og termisk styring.<\/p>\n<p><strong>2. Kan k\u00f8lepladen tilpasses?<\/strong><br \/>Ja, vi tilbyder tilpasning af st\u00f8rrelse, form og monteringsmuligheder, s\u00e5 de passer til specifikke behov.<\/p>\n<p><strong>3. Er dine k\u00f8lelegemer kompatible med forskellige elektroniske enheder?<\/strong><br \/>Absolut, vores k\u00f8lelegemer er designet til at v\u00e6re kompatible med en lang r\u00e6kke enheder.<\/p>\n<p><strong>4. Giver du teknisk support til integration?<\/strong><br \/>Ja, vi tilbyder fuld teknisk support og vejledning til produktintegration.<\/p>\n<p><strong>5. Er det muligt at bestille en pr\u00f8vek\u00f8leplade?<\/strong><br \/>Ja, pr\u00f8ver er tilg\u00e6ngelige til evaluering, f\u00f8r du forpligter dig til bulkordrer.<\/p>\n<p><strong>6. Hvilke materialer er der brugt i k\u00f8lepladen?<\/strong><br \/>Typisk er den lavet af aluminium eller kobber, der er kendt for deres fremragende termiske egenskaber.<\/p>\n<p><strong>7. Tilbyder I international forsendelse af disse k\u00f8lelegemer?<\/strong><br \/>Ja, vi leverer globale forsendelsestjenester med omfattende logistiksupport.<\/p>\n<p><\/p>","protected":false},"featured_media":10811,"template":"","categories":[72],"class_list":["post-10977","product","type-product","status-publish","has-post-thumbnail","hentry","category-extruded-aluminum-heatsink"],"meta_box":{"hilight_text_group":[{"product_hilight_text":"<li>Engineered for optimal thermal management in various applications<\/li>\n<li>Customizable designs to fit client-specific requirements<\/li>\n<li>Manufactured using high-quality materials for enhanced durability<\/li>\n<li>Compatible with a wide range of electronic components<\/li>\n<li>Environmentally friendly production processes<\/li>"}],"feature_list":[]},"_links":{"self":[{"href":"https:\/\/sinoextrud.com\/da\/wp-json\/wp\/v2\/product\/10977","targetHints":{"allow":["GET"]}}],"collection":[{"href":"https:\/\/sinoextrud.com\/da\/wp-json\/wp\/v2\/product"}],"about":[{"href":"https:\/\/sinoextrud.com\/da\/wp-json\/wp\/v2\/types\/product"}],"wp:featuredmedia":[{"embeddable":true,"href":"https:\/\/sinoextrud.com\/da\/wp-json\/wp\/v2\/media\/10811"}],"wp:attachment":[{"href":"https:\/\/sinoextrud.com\/da\/wp-json\/wp\/v2\/media?parent=10977"}],"wp:term":[{"taxonomy":"category","embeddable":true,"href":"https:\/\/sinoextrud.com\/da\/wp-json\/wp\/v2\/categories?post=10977"}],"curies":[{"name":"wp","href":"https:\/\/api.w.org\/{rel}","templated":true}]}}