{"id":10975,"date":"2025-08-01T03:28:57","date_gmt":"2025-08-01T03:28:57","guid":{"rendered":"https:\/\/sinoextrud.com\/product\/led-bulbs-heat-sink-for-lighting-cooling\/"},"modified":"2025-08-01T03:28:57","modified_gmt":"2025-08-01T03:28:57","slug":"led-paerer-koleplade-til-belysningskoling","status":"publish","type":"product","link":"https:\/\/sinoextrud.com\/da\/product\/led-bulbs-heat-sink-for-lighting-cooling\/","title":{"rendered":"LED-p\u00e6rer k\u00f8leplade til belysningsk\u00f8ling"},"content":{"rendered":"<h2>Detaljer om produkter<\/h2>\n<div class=\"product-table\">\n<div class=\"row\">\n<div class=\"cell label\">Overfladebehandling<\/div>\n<div class=\"cell value\">Anodisk oxidation<\/div>\n<\/div>\n<div class=\"row\">\n<div class=\"cell label\">Form<\/div>\n<div class=\"cell value\">RUNDT<\/div>\n<\/div>\n<div class=\"row\">\n<div class=\"cell label\">Kropsmateriale<\/div>\n<div class=\"cell value\">Aluminium<\/div>\n<\/div>\n<div class=\"row\">\n<div class=\"cell label\">Type<\/div>\n<div class=\"cell value\">K\u00f8lelegemer<\/div>\n<\/div>\n<div class=\"row\">\n<div class=\"cell label\">Service til belysningsl\u00f8sninger<\/div>\n<div class=\"cell value\">Design af belysning og kredsl\u00f8b, automatisk CAD-layout<\/div>\n<\/div>\n<div class=\"row\">\n<div class=\"cell label\">Garanti (\u00e5r)<\/div>\n<div class=\"cell value\">3 \u00e5r<\/div>\n<\/div>\n<div class=\"row\">\n<div class=\"cell label\">Proces<\/div>\n<div class=\"cell value\">kold smedning<\/div>\n<\/div>\n<div class=\"row\">\n<div class=\"cell label\">IP-klassificering<\/div>\n<div class=\"cell value\">IP65<\/div>\n<\/div>\n<div class=\"row\">\n<div class=\"cell label\">Kropsfarve<\/div>\n<div class=\"cell value\">Sort<\/div>\n<\/div>\n<div class=\"row\">\n<div class=\"cell label\">Produktets navn<\/div>\n<div class=\"cell value\">Led-k\u00f8leplade af aluminium<\/div>\n<\/div>\n<div class=\"row\">\n<div class=\"cell label\">Model<\/div>\n<div class=\"cell value\">YL15660<\/div>\n<\/div>\n<div class=\"row\">\n<div class=\"cell label\">Dimension<\/div>\n<div class=\"cell value\">Dia153*H60<\/div>\n<\/div>\n<div class=\"row\">\n<div class=\"cell label\">Kraft<\/div>\n<div class=\"cell value\">50-70W<\/div>\n<\/div>\n<div class=\"row\">\n<div class=\"cell label\">Materiale<\/div>\n<div class=\"cell value\">AL1070<\/div>\n<\/div>\n<div class=\"row\">\n<div class=\"cell label\">Anvendelse<\/div>\n<div class=\"cell value\">Led-belysning Heat Sink<\/div>\n<\/div>\n<div class=\"row\">\n<div class=\"cell label\">Farve<\/div>\n<div class=\"cell value\">Sort Etc<\/div>\n<\/div>\n<div class=\"row\">\n<div class=\"cell label\">Anvendelse<\/div>\n<div class=\"cell value\">LED-k\u00f8lelegeme Aluminium-k\u00f8lelegeme<\/div>\n<\/div>\n<div class=\"row\">\n<div class=\"cell label\">Tilpasning<\/div>\n<div class=\"cell value\">Tilg\u00e6ngelig<\/div>\n<\/div>\n<div class=\"row\">\n<div class=\"cell label\">Forarbejdningsteknik<\/div>\n<div class=\"cell value\">Anodisk oxidation<\/div>\n<\/div>\n<div class=\"row\">\n<div class=\"cell label\">Salg af enheder<\/div>\n<div class=\"cell value\">En enkelt genstand<\/div>\n<\/div>\n<div class=\"row\">\n<div class=\"cell label\">Enkelt pakkest\u00f8rrelse<\/div>\n<div class=\"cell value\">15,5X15,5X6,5 cm<\/div>\n<\/div>\n<div class=\"row\">\n<div class=\"cell label\">Enkelt bruttov\u00e6gt<\/div>\n<div class=\"cell value\">1.500 KG<\/div>\n<\/div>\n<\/div>\n<p><\/p>\n<h2>Vores produktionsbase<\/h2>\n<h3>Panorama over fabrikken<\/h3>\n<p><img decoding=\"async\" src=\"\/wp-content\/uploads\/factory-01.webp\"\/><\/p>\n<h3>V\u00e6rksted til fremstilling af aluminiumst\u00e6nger<\/h3>\n<p><img decoding=\"async\" src=\"\/wp-content\/uploads\/factory-02.webp\"\/><\/p>\n<p><img decoding=\"async\" src=\"\/wp-content\/uploads\/factory-03.webp\"\/><\/p>\n<h3>Lager til opbevaring af skimmelsvampe<\/h3>\n<p><img decoding=\"async\" src=\"\/wp-content\/uploads\/factory-04.webp\"\/><\/p>\n<h3>43 ekstruderingslinjer for aluminium (500-5500 ton)<\/h3>\n<p><img decoding=\"async\" src=\"\/wp-content\/uploads\/factory-05.webp\"\/><\/p>\n<p><img decoding=\"async\" src=\"\/wp-content\/uploads\/factory-06.webp\"\/><\/p>\n<p><img decoding=\"async\" src=\"\/wp-content\/uploads\/factory-07.webp\"\/><\/p>\n<h3>V\u00e6rksted for pulverlakering<\/h3>\n<p><img decoding=\"async\" src=\"\/wp-content\/uploads\/factory-09.webp\"\/><\/p>\n<h3>Anodiseringsv\u00e6rksted<\/h3>\n<p><img decoding=\"async\" src=\"\/wp-content\/uploads\/factory-10.webp\"\/><\/p>\n<h3>Workshop om dyb behandling<\/h3>\n<p><img decoding=\"async\" src=\"\/wp-content\/uploads\/factory-11.webp\"\/><\/p>\n<h3>V\u00e6rksted for CNC-pr\u00e6cisionsbearbejdning<\/h3>\n<p><img decoding=\"async\" src=\"\/wp-content\/uploads\/factory-11.5.webp\"\/><\/p>\n<h3>F\u00e6rdigvare- og eksportlager<\/h3>\n<p><img decoding=\"async\" src=\"\/wp-content\/uploads\/factory-12.webp\"\/><\/p>\n<p><img decoding=\"async\" src=\"\/wp-content\/uploads\/factory-13.webp\"\/><\/p>\n<p><img decoding=\"async\" src=\"\/wp-content\/uploads\/factory-14.webp\"\/><\/p>\n<h2>OFTE STILLEDE SP\u00d8RGSM\u00c5L<\/h2>\n<p><strong>1. Hvad er form\u00e5let med en k\u00f8leplade i LED-p\u00e6rer?<\/strong><br \/>En k\u00f8leplade i LED-p\u00e6rer hj\u00e6lper med at sprede varmen og forl\u00e6nger LED'ernes levetid.<\/p>\n<p><strong>2. Kan LED-p\u00e6rernes k\u00f8leplade tilpasses?<\/strong><br \/>Ja, vi tilbyder tilpasningsmuligheder for at opfylde forskellige krav til LED-design.<\/p>\n<p><strong>3. Hvilke materialer bruges i LED-p\u00e6rens k\u00f8leplade?<\/strong><br \/>K\u00f8lepladen er lavet af holdbare materialer af h\u00f8j kvalitet, der forbedrer den termiske ydeevne.<\/p>\n<p><strong>4. Forbedrer brugen af en k\u00f8leplade LED'ernes effektivitet?<\/strong><br \/>Ja, korrekt varmeafledning hj\u00e6lper med at opretholde LED-effektiviteten ved at forhindre overophedning.<\/p>\n<p><strong>5. Findes der forskellige st\u00f8rrelser til LED-p\u00e6rernes k\u00f8leplade?<\/strong><br \/>Ja, vi tilbyder forskellige st\u00f8rrelser for at im\u00f8dekomme forskellige p\u00e6redesigns og anvendelser.<\/p>\n<p><strong>6. Er LED Bulbs Heat Sink kompatibel med alle typer LED-p\u00e6rer?<\/strong><br \/>K\u00f8lelegemerne er kompatible med en lang r\u00e6kke LED-p\u00e6rer, men kan skr\u00e6ddersys til specifikke typer.<\/p>\n<p><strong>7. Giver I teknisk support til at integrere k\u00f8lepladen i vores produkter?<\/strong><br \/>Ja, vi tilbyder teknisk support til at hj\u00e6lpe med integrationen af vores k\u00f8lelegemer i dine LED-produkter.<\/p>\n<p><\/p>","protected":false},"featured_media":10812,"template":"","categories":[72],"class_list":["post-10975","product","type-product","status-publish","has-post-thumbnail","hentry","category-extruded-aluminum-heatsink"],"meta_box":{"hilight_text_group":[{"product_hilight_text":"<li>Optimized for effective heat dissipation in LED lighting<\/li>\n<li>Enhances lifespan and performance of LED bulbs<\/li>\n<li>Available in various sizes and designs for different LED applications<\/li>\n<li>Constructed from high-quality materials ensuring durability<\/li>\n<li>Supports custom designs to fit specific brand needs<\/li>"}],"feature_list":[]},"_links":{"self":[{"href":"https:\/\/sinoextrud.com\/da\/wp-json\/wp\/v2\/product\/10975","targetHints":{"allow":["GET"]}}],"collection":[{"href":"https:\/\/sinoextrud.com\/da\/wp-json\/wp\/v2\/product"}],"about":[{"href":"https:\/\/sinoextrud.com\/da\/wp-json\/wp\/v2\/types\/product"}],"wp:featuredmedia":[{"embeddable":true,"href":"https:\/\/sinoextrud.com\/da\/wp-json\/wp\/v2\/media\/10812"}],"wp:attachment":[{"href":"https:\/\/sinoextrud.com\/da\/wp-json\/wp\/v2\/media?parent=10975"}],"wp:term":[{"taxonomy":"category","embeddable":true,"href":"https:\/\/sinoextrud.com\/da\/wp-json\/wp\/v2\/categories?post=10975"}],"curies":[{"name":"wp","href":"https:\/\/api.w.org\/{rel}","templated":true}]}}