{"id":10973,"date":"2025-08-01T03:22:27","date_gmt":"2025-08-01T03:22:27","guid":{"rendered":"https:\/\/sinoextrud.com\/product\/cooling-plate-for-thermal-management-systems\/"},"modified":"2025-08-01T03:22:27","modified_gmt":"2025-08-01T03:22:27","slug":"koleplade-til-varmestyringssystemer","status":"publish","type":"product","link":"https:\/\/sinoextrud.com\/da\/product\/cooling-plate-for-thermal-management-systems\/","title":{"rendered":"K\u00f8leplade til varmestyringssystemer"},"content":{"rendered":"<h2>Detaljer om produkter<\/h2>\n<div class=\"product-table\">\n<div class=\"row\">\n<div class=\"cell label\">Karakter<\/div>\n<div class=\"cell value\">6000-serien<\/div>\n<\/div>\n<div class=\"row\">\n<div class=\"cell label\">Tolerance<\/div>\n<div class=\"cell value\">\u00b11%<\/div>\n<\/div>\n<div class=\"row\">\n<div class=\"cell label\">Leveringstid<\/div>\n<div class=\"cell value\">22-30 dage<\/div>\n<\/div>\n<div class=\"row\">\n<div class=\"cell label\">Temperament<\/div>\n<div class=\"cell value\">T3-T8<\/div>\n<\/div>\n<div class=\"row\">\n<div class=\"cell label\">Anvendelse<\/div>\n<div class=\"cell value\">led\/elektronik\/cpu\/industri<\/div>\n<\/div>\n<div class=\"row\">\n<div class=\"cell label\">Form<\/div>\n<div class=\"cell value\">Brugerdefineret<\/div>\n<\/div>\n<div class=\"row\">\n<div class=\"cell label\">Legering eller ej<\/div>\n<div class=\"cell value\">Er legeret<\/div>\n<\/div>\n<div class=\"row\">\n<div class=\"cell label\">Behandling af service<\/div>\n<div class=\"cell value\">B\u00f8jning, afrulning, svejsning, stansning, sk\u00e6ring<\/div>\n<\/div>\n<div class=\"row\">\n<div class=\"cell label\">Produktets navn<\/div>\n<div class=\"cell value\">Specialfremstillet k\u00f8leplade i aluminium<\/div>\n<\/div>\n<div class=\"row\">\n<div class=\"cell label\">Materiale<\/div>\n<div class=\"cell value\">6063 6061 6005 Aluminiumslegering<\/div>\n<\/div>\n<div class=\"row\">\n<div class=\"cell label\">Farve<\/div>\n<div class=\"cell value\">S\u00f8lv, sort, gylden sort og s\u00e5 videre<\/div>\n<\/div>\n<div class=\"row\">\n<div class=\"cell label\">Overfladebehandling<\/div>\n<div class=\"cell value\">Mill Finish, anodisering, pulverlakering<\/div>\n<\/div>\n<div class=\"row\">\n<div class=\"cell label\">Certificering<\/div>\n<div class=\"cell value\">ISO9001:2008<\/div>\n<\/div>\n<div class=\"row\">\n<div class=\"cell label\">Form<\/div>\n<div class=\"cell value\">Tilpasset<\/div>\n<\/div>\n<div class=\"row\">\n<div class=\"cell label\">Anvendelse<\/div>\n<div class=\"cell value\">Led\/elektronik\/cpu\/industri<\/div>\n<\/div>\n<div class=\"row\">\n<div class=\"cell label\">Pr\u00f8ve<\/div>\n<div class=\"cell value\">Gratis pr\u00f8ve<\/div>\n<\/div>\n<div class=\"row\">\n<div class=\"cell label\">L\u00e6ngde<\/div>\n<div class=\"cell value\">Brugerdefineret l\u00e6ngde<\/div>\n<\/div>\n<div class=\"row\">\n<div class=\"cell label\">Service<\/div>\n<div class=\"cell value\">OEM ODM<\/div>\n<\/div>\n<div class=\"row\">\n<div class=\"cell label\">Salg af enheder<\/div>\n<div class=\"cell value\">En enkelt genstand<\/div>\n<\/div>\n<div class=\"row\">\n<div class=\"cell label\">Enkelt pakkest\u00f8rrelse<\/div>\n<div class=\"cell value\">30X20X20 cm<\/div>\n<\/div>\n<div class=\"row\">\n<div class=\"cell label\">Enkelt bruttov\u00e6gt<\/div>\n<div class=\"cell value\">3.000 KG<\/div>\n<\/div>\n<\/div>\n<p><\/p>\n<h2>Vores produktionsbase<\/h2>\n<h3>Panorama over fabrikken<\/h3>\n<p><img decoding=\"async\" src=\"\/wp-content\/uploads\/factory-01.webp\"\/><\/p>\n<h3>V\u00e6rksted til fremstilling af aluminiumst\u00e6nger<\/h3>\n<p><img decoding=\"async\" src=\"\/wp-content\/uploads\/factory-02.webp\"\/><\/p>\n<p><img decoding=\"async\" src=\"\/wp-content\/uploads\/factory-03.webp\"\/><\/p>\n<h3>Lager til opbevaring af skimmelsvampe<\/h3>\n<p><img decoding=\"async\" src=\"\/wp-content\/uploads\/factory-04.webp\"\/><\/p>\n<h3>43 ekstruderingslinjer for aluminium (500-5500 ton)<\/h3>\n<p><img decoding=\"async\" src=\"\/wp-content\/uploads\/factory-05.webp\"\/><\/p>\n<p><img decoding=\"async\" src=\"\/wp-content\/uploads\/factory-06.webp\"\/><\/p>\n<p><img decoding=\"async\" src=\"\/wp-content\/uploads\/factory-07.webp\"\/><\/p>\n<h3>V\u00e6rksted for pulverlakering<\/h3>\n<p><img decoding=\"async\" src=\"\/wp-content\/uploads\/factory-09.webp\"\/><\/p>\n<h3>Anodiseringsv\u00e6rksted<\/h3>\n<p><img decoding=\"async\" src=\"\/wp-content\/uploads\/factory-10.webp\"\/><\/p>\n<h3>Workshop om dyb behandling<\/h3>\n<p><img decoding=\"async\" src=\"\/wp-content\/uploads\/factory-11.webp\"\/><\/p>\n<h3>V\u00e6rksted for CNC-pr\u00e6cisionsbearbejdning<\/h3>\n<p><img decoding=\"async\" src=\"\/wp-content\/uploads\/factory-11.5.webp\"\/><\/p>\n<h3>F\u00e6rdigvare- og eksportlager<\/h3>\n<p><img decoding=\"async\" src=\"\/wp-content\/uploads\/factory-12.webp\"\/><\/p>\n<p><img decoding=\"async\" src=\"\/wp-content\/uploads\/factory-13.webp\"\/><\/p>\n<p><img decoding=\"async\" src=\"\/wp-content\/uploads\/factory-14.webp\"\/><\/p>\n<h2>OFTE STILLEDE SP\u00d8RGSM\u00c5L<\/h2>\n<p><strong>1. Hvad bruges en k\u00f8leplade til?<\/strong><br \/>En k\u00f8leplade bruges til effektivt at sprede varmen i elektroniske enheder og andre applikationer.<\/p>\n<p><strong>2. Kan k\u00f8lepladen tilpasses til specifikke behov?<\/strong><br \/>Ja, vores k\u00f8leplader kan tilpasses i st\u00f8rrelse, materiale og design, s\u00e5 de passer til dine behov.<\/p>\n<p><strong>3. Hvilke materialer bruges i k\u00f8lepladen?<\/strong><br \/>Vores k\u00f8leplader er fremstillet af materialer af h\u00f8j kvalitet for at sikre maksimal effektivitet og holdbarhed.<\/p>\n<p><strong>4. Er der en minimumsordre p\u00e5 k\u00f8leplader?<\/strong><br \/>Ja, MOQ for specialfremstillede k\u00f8leplader starter typisk ved 200 enheder.<\/p>\n<p><strong>5. Tilbyder I international forsendelse af k\u00f8leplader?<\/strong><br \/>Ja, vi tilbyder global forsendelse og h\u00e5ndterer al logistikken for dig.<\/p>\n<p><strong>6. Kan k\u00f8lepladen bruges i milj\u00f8er med h\u00f8je temperaturer?<\/strong><br \/>Ja, k\u00f8lepladen er designet til at modst\u00e5 h\u00f8je temperaturer til industriel brug.<\/p>\n<p><strong>7. Er det muligt at f\u00e5 pr\u00f8ver, f\u00f8r man afgiver en stor ordre?<\/strong><br \/>Ja, vi tilbyder pr\u00f8ver for at hj\u00e6lpe dig med at vurdere vores k\u00f8leplades kvalitet og ydeevne.<\/p>\n<p><\/p>","protected":false},"featured_media":10770,"template":"","categories":[72],"class_list":["post-10973","product","type-product","status-publish","has-post-thumbnail","hentry","category-extruded-aluminum-heatsink"],"meta_box":{"hilight_text_group":[{"product_hilight_text":"<li>Designed for optimal heat dissipation in various applications<\/li>\n<li>Available in customizable sizes and materials<\/li>\n<li>Highly efficient for extended use in industrial settings<\/li>\n<li>Supports OEM and ODM services for tailored solutions<\/li>\n<li>Constructed with high-grade, durable materials<\/li>"}],"feature_list":[]},"_links":{"self":[{"href":"https:\/\/sinoextrud.com\/da\/wp-json\/wp\/v2\/product\/10973","targetHints":{"allow":["GET"]}}],"collection":[{"href":"https:\/\/sinoextrud.com\/da\/wp-json\/wp\/v2\/product"}],"about":[{"href":"https:\/\/sinoextrud.com\/da\/wp-json\/wp\/v2\/types\/product"}],"wp:featuredmedia":[{"embeddable":true,"href":"https:\/\/sinoextrud.com\/da\/wp-json\/wp\/v2\/media\/10770"}],"wp:attachment":[{"href":"https:\/\/sinoextrud.com\/da\/wp-json\/wp\/v2\/media?parent=10973"}],"wp:term":[{"taxonomy":"category","embeddable":true,"href":"https:\/\/sinoextrud.com\/da\/wp-json\/wp\/v2\/categories?post=10973"}],"curies":[{"name":"wp","href":"https:\/\/api.w.org\/{rel}","templated":true}]}}