{"id":10967,"date":"2025-08-01T03:18:56","date_gmt":"2025-08-01T03:18:56","guid":{"rendered":"https:\/\/sinoextrud.com\/product\/long-aluminum-heat-sink-for-linear-modules\/"},"modified":"2025-08-01T03:18:56","modified_gmt":"2025-08-01T03:18:56","slug":"lang-aluminiumskoleplade-til-lineaere-moduler","status":"publish","type":"product","link":"https:\/\/sinoextrud.com\/da\/product\/long-aluminum-heat-sink-for-linear-modules\/","title":{"rendered":"Lang k\u00f8leplade af aluminium til line\u00e6re moduler"},"content":{"rendered":"<h2>Detaljer om produkter<\/h2>\n<div class=\"product-table\">\n<div class=\"row\">\n<div class=\"cell label\">Karakter<\/div>\n<div class=\"cell value\">6000-serien<\/div>\n<\/div>\n<div class=\"row\">\n<div class=\"cell label\">Tolerance<\/div>\n<div class=\"cell value\">\u00b11%<\/div>\n<\/div>\n<div class=\"row\">\n<div class=\"cell label\">Leveringstid<\/div>\n<div class=\"cell value\">22-30 dage<\/div>\n<\/div>\n<div class=\"row\">\n<div class=\"cell label\">Temperament<\/div>\n<div class=\"cell value\">T3-T8<\/div>\n<\/div>\n<div class=\"row\">\n<div class=\"cell label\">Anvendelse<\/div>\n<div class=\"cell value\">K\u00f8leplade<\/div>\n<\/div>\n<div class=\"row\">\n<div class=\"cell label\">Form<\/div>\n<div class=\"cell value\">flad<\/div>\n<\/div>\n<div class=\"row\">\n<div class=\"cell label\">Legering eller ej<\/div>\n<div class=\"cell value\">Er legeret<\/div>\n<\/div>\n<div class=\"row\">\n<div class=\"cell label\">Behandling af service<\/div>\n<div class=\"cell value\">B\u00f8jning, afrulning, svejsning, stansning, sk\u00e6ring<\/div>\n<\/div>\n<div class=\"row\">\n<div class=\"cell label\">Produktets navn<\/div>\n<div class=\"cell value\">K\u00f8leplade af aluminiumsekstrudering<\/div>\n<\/div>\n<div class=\"row\">\n<div class=\"cell label\">Materiale<\/div>\n<div class=\"cell value\">6063 aluminium<\/div>\n<\/div>\n<div class=\"row\">\n<div class=\"cell label\">Overfladebehandling<\/div>\n<div class=\"cell value\">Anodiseret\/oxid etc. \/pulverbelagt<\/div>\n<\/div>\n<div class=\"row\">\n<div class=\"cell label\">Certificering<\/div>\n<div class=\"cell value\">ISO9001-2008<\/div>\n<\/div>\n<div class=\"row\">\n<div class=\"cell label\">Afsendelseshavn<\/div>\n<div class=\"cell value\">Qingdao<\/div>\n<\/div>\n<div class=\"row\">\n<div class=\"cell label\">Salg af enheder<\/div>\n<div class=\"cell value\">En enkelt genstand<\/div>\n<\/div>\n<div class=\"row\">\n<div class=\"cell label\">Enkelt pakkest\u00f8rrelse<\/div>\n<div class=\"cell value\">22X12X10 cm<\/div>\n<\/div>\n<div class=\"row\">\n<div class=\"cell label\">Enkelt bruttov\u00e6gt<\/div>\n<div class=\"cell value\">1.000 KG<\/div>\n<\/div>\n<div class=\"row\">\n<div class=\"cell label\">Forsyningsevne<\/div>\n<div class=\"cell value\">30000 stykker pr. m\u00e5ned<\/div>\n<\/div>\n<\/div>\n<p><\/p>\n<h2>Vores produktionsbase<\/h2>\n<h3>Panorama over fabrikken<\/h3>\n<p><img decoding=\"async\" src=\"\/wp-content\/uploads\/factory-01.webp\"\/><\/p>\n<h3>V\u00e6rksted til fremstilling af aluminiumst\u00e6nger<\/h3>\n<p><img decoding=\"async\" src=\"\/wp-content\/uploads\/factory-02.webp\"\/><\/p>\n<p><img decoding=\"async\" src=\"\/wp-content\/uploads\/factory-03.webp\"\/><\/p>\n<h3>Lager til opbevaring af skimmelsvampe<\/h3>\n<p><img decoding=\"async\" src=\"\/wp-content\/uploads\/factory-04.webp\"\/><\/p>\n<h3>43 ekstruderingslinjer for aluminium (500-5500 ton)<\/h3>\n<p><img decoding=\"async\" src=\"\/wp-content\/uploads\/factory-05.webp\"\/><\/p>\n<p><img decoding=\"async\" src=\"\/wp-content\/uploads\/factory-06.webp\"\/><\/p>\n<p><img decoding=\"async\" src=\"\/wp-content\/uploads\/factory-07.webp\"\/><\/p>\n<h3>V\u00e6rksted for pulverlakering<\/h3>\n<p><img decoding=\"async\" src=\"\/wp-content\/uploads\/factory-09.webp\"\/><\/p>\n<h3>Anodiseringsv\u00e6rksted<\/h3>\n<p><img decoding=\"async\" src=\"\/wp-content\/uploads\/factory-10.webp\"\/><\/p>\n<h3>Workshop om dyb behandling<\/h3>\n<p><img decoding=\"async\" src=\"\/wp-content\/uploads\/factory-11.webp\"\/><\/p>\n<h3>V\u00e6rksted for CNC-pr\u00e6cisionsbearbejdning<\/h3>\n<p><img decoding=\"async\" src=\"\/wp-content\/uploads\/factory-11.5.webp\"\/><\/p>\n<h3>F\u00e6rdigvare- og eksportlager<\/h3>\n<p><img decoding=\"async\" src=\"\/wp-content\/uploads\/factory-12.webp\"\/><\/p>\n<p><img decoding=\"async\" src=\"\/wp-content\/uploads\/factory-13.webp\"\/><\/p>\n<p><img decoding=\"async\" src=\"\/wp-content\/uploads\/factory-14.webp\"\/><\/p>\n<h2>OFTE STILLEDE SP\u00d8RGSM\u00c5L<\/h2>\n<p><strong>1. Hvad er den prim\u00e6re anvendelse af en lang aluminiumsk\u00f8leplade?<\/strong><br \/>En lang aluminiumsk\u00f8leplade bruges prim\u00e6rt til effektiv varmeafledning i elektroniske enheder.<\/p>\n<p><strong>2. Kan dimensionerne p\u00e5 aluminiumsk\u00f8lepladen tilpasses?<\/strong><br \/>Ja, dimensionerne kan tilpasses, s\u00e5 de opfylder specifikke k\u00f8lebehov.<\/p>\n<p><strong>3. Er k\u00f8lepladen af aluminium modstandsdygtig over for korrosion?<\/strong><br \/>Ja, det anvendte aluminiumsmateriale er korrosionsbestandigt og giver l\u00e6ngere levetid.<\/p>\n<p><strong>4. Hvordan forbedrer aluminiumsk\u00f8lepladen enhedens ydeevne?<\/strong><br \/>Den afleder overskydende varme effektivt og bevarer enhedens optimale ydeevne.<\/p>\n<p><strong>5. Hvilke anvendelser egner sig til denne type k\u00f8leplade?<\/strong><br \/>Den er velegnet til elektroniske enheder, industrimaskiner og HVAC-systemer.<\/p>\n<p><strong>6. Kr\u00e6ver k\u00f8lepladen i aluminium s\u00e6rligt monteringsudstyr?<\/strong><br \/>Monteringsbeslag kan tilpasses, s\u00e5 de passer til specifikke installationsbehov.<\/p>\n<p><strong>7. Er det muligt at f\u00e5 en pr\u00f8ve, f\u00f8r man afgiver en stor ordre?<\/strong><br \/>Ja, pr\u00f8veordrer er tilg\u00e6ngelige for at teste k\u00f8lelegemets kvalitet og specifikationer.<\/p>\n<p><\/p>","protected":false},"featured_media":10818,"template":"","categories":[72],"class_list":["post-10967","product","type-product","status-publish","has-post-thumbnail","hentry","category-extruded-aluminum-heatsink"],"meta_box":{"hilight_text_group":[{"product_hilight_text":"<li>Efficient heat dissipation due to high-quality aluminum<\/li>\n<li>Lightweight design for easy installation in various devices<\/li>\n<li>Customizable dimensions to fit specific applications<\/li>\n<li>Corrosion-resistant material ensures longevity<\/li>\n<li>Suitable for electronic and industrial equipment cooling<\/li>"}],"feature_list":[]},"_links":{"self":[{"href":"https:\/\/sinoextrud.com\/da\/wp-json\/wp\/v2\/product\/10967","targetHints":{"allow":["GET"]}}],"collection":[{"href":"https:\/\/sinoextrud.com\/da\/wp-json\/wp\/v2\/product"}],"about":[{"href":"https:\/\/sinoextrud.com\/da\/wp-json\/wp\/v2\/types\/product"}],"wp:featuredmedia":[{"embeddable":true,"href":"https:\/\/sinoextrud.com\/da\/wp-json\/wp\/v2\/media\/10818"}],"wp:attachment":[{"href":"https:\/\/sinoextrud.com\/da\/wp-json\/wp\/v2\/media?parent=10967"}],"wp:term":[{"taxonomy":"category","embeddable":true,"href":"https:\/\/sinoextrud.com\/da\/wp-json\/wp\/v2\/categories?post=10967"}],"curies":[{"name":"wp","href":"https:\/\/api.w.org\/{rel}","templated":true}]}}