{"id":10966,"date":"2025-08-01T03:18:17","date_gmt":"2025-08-01T03:18:17","guid":{"rendered":"https:\/\/sinoextrud.com\/product\/compact-heat-sink-for-ssr-modules\/"},"modified":"2025-08-01T03:18:17","modified_gmt":"2025-08-01T03:18:17","slug":"kompakt-koleplade-til-ssr-moduler","status":"publish","type":"product","link":"https:\/\/sinoextrud.com\/da\/product\/compact-heat-sink-for-ssr-modules\/","title":{"rendered":"Kompakt k\u00f8leplade til SSR-moduler"},"content":{"rendered":"<h2>Detaljer om produkter<\/h2>\n<div class=\"product-table\">\n<div class=\"row\">\n<div class=\"cell label\">Kontaktbelastning<\/div>\n<div class=\"cell value\">Lav effekt<\/div>\n<\/div>\n<div class=\"row\">\n<div class=\"cell label\">Teori<\/div>\n<div class=\"cell value\">Solid State-rel\u00e6<\/div>\n<\/div>\n<div class=\"row\">\n<div class=\"cell label\">ans\u00f8gning<\/div>\n<div class=\"cell value\">Generelt form\u00e5l<\/div>\n<\/div>\n<div class=\"row\">\n<div class=\"cell label\">St\u00f8rrelse<\/div>\n<div class=\"cell value\">Subminiature<\/div>\n<\/div>\n<div class=\"row\">\n<div class=\"cell label\">Beskyt-funktion<\/div>\n<div class=\"cell value\">EPOXY<\/div>\n<\/div>\n<div class=\"row\">\n<div class=\"cell label\">farve<\/div>\n<div class=\"cell value\">Hvid<\/div>\n<\/div>\n<div class=\"row\">\n<div class=\"cell label\">Navn<\/div>\n<div class=\"cell value\">Solid State Relay SSR Aluminiums-k\u00f8leplade til afledning af varme Radiator<\/div>\n<\/div>\n<div class=\"row\">\n<div class=\"cell label\">Type<\/div>\n<div class=\"cell value\">Power-rel\u00e6er til generelle form\u00e5l<\/div>\n<\/div>\n<div class=\"row\">\n<div class=\"cell label\">MOQ<\/div>\n<div class=\"cell value\">1 stk.<\/div>\n<\/div>\n<div class=\"row\">\n<div class=\"cell label\">Garanti<\/div>\n<div class=\"cell value\">2 \u00e5r<\/div>\n<\/div>\n<div class=\"row\">\n<div class=\"cell label\">Funktion<\/div>\n<div class=\"cell value\">Aluminiums-k\u00f8leplade til afledning af radiatorer<\/div>\n<\/div>\n<div class=\"row\">\n<div class=\"cell label\">Anvendelse<\/div>\n<div class=\"cell value\">Elektronisk udstyr<\/div>\n<\/div>\n<div class=\"row\">\n<div class=\"cell label\">Type 1<\/div>\n<div class=\"cell value\">Beskyttelsesrel\u00e6<\/div>\n<\/div>\n<div class=\"row\">\n<div class=\"cell label\">Pakning<\/div>\n<div class=\"cell value\">Emballage i karton<\/div>\n<\/div>\n<div class=\"row\">\n<div class=\"cell label\">Materiale<\/div>\n<div class=\"cell value\">Aluminium<\/div>\n<\/div>\n<div class=\"row\">\n<div class=\"cell label\">Certificeringer<\/div>\n<div class=\"cell value\">CE ROHS ISO9001<\/div>\n<\/div>\n<div class=\"row\">\n<div class=\"cell label\">Salg af enheder<\/div>\n<div class=\"cell value\">En enkelt genstand<\/div>\n<\/div>\n<div class=\"row\">\n<div class=\"cell label\">Enkelt pakkest\u00f8rrelse<\/div>\n<div class=\"cell value\">34,5X19,7X23 cm<\/div>\n<\/div>\n<div class=\"row\">\n<div class=\"cell label\">Enkelt bruttov\u00e6gt<\/div>\n<div class=\"cell value\">0,820 KG<\/div>\n<\/div>\n<\/div>\n<p><\/p>\n<h2>Vores produktionsbase<\/h2>\n<h3>Panorama over fabrikken<\/h3>\n<p><img decoding=\"async\" src=\"\/wp-content\/uploads\/factory-01.webp\"\/><\/p>\n<h3>V\u00e6rksted til fremstilling af aluminiumst\u00e6nger<\/h3>\n<p><img decoding=\"async\" src=\"\/wp-content\/uploads\/factory-02.webp\"\/><\/p>\n<p><img decoding=\"async\" src=\"\/wp-content\/uploads\/factory-03.webp\"\/><\/p>\n<h3>Lager til opbevaring af skimmelsvampe<\/h3>\n<p><img decoding=\"async\" src=\"\/wp-content\/uploads\/factory-04.webp\"\/><\/p>\n<h3>43 ekstruderingslinjer for aluminium (500-5500 ton)<\/h3>\n<p><img decoding=\"async\" src=\"\/wp-content\/uploads\/factory-05.webp\"\/><\/p>\n<p><img decoding=\"async\" src=\"\/wp-content\/uploads\/factory-06.webp\"\/><\/p>\n<p><img decoding=\"async\" src=\"\/wp-content\/uploads\/factory-07.webp\"\/><\/p>\n<h3>V\u00e6rksted for pulverlakering<\/h3>\n<p><img decoding=\"async\" src=\"\/wp-content\/uploads\/factory-09.webp\"\/><\/p>\n<h3>Anodiseringsv\u00e6rksted<\/h3>\n<p><img decoding=\"async\" src=\"\/wp-content\/uploads\/factory-10.webp\"\/><\/p>\n<h3>Workshop om dyb behandling<\/h3>\n<p><img decoding=\"async\" src=\"\/wp-content\/uploads\/factory-11.webp\"\/><\/p>\n<h3>V\u00e6rksted for CNC-pr\u00e6cisionsbearbejdning<\/h3>\n<p><img decoding=\"async\" src=\"\/wp-content\/uploads\/factory-11.5.webp\"\/><\/p>\n<h3>F\u00e6rdigvare- og eksportlager<\/h3>\n<p><img decoding=\"async\" src=\"\/wp-content\/uploads\/factory-12.webp\"\/><\/p>\n<p><img decoding=\"async\" src=\"\/wp-content\/uploads\/factory-13.webp\"\/><\/p>\n<p><img decoding=\"async\" src=\"\/wp-content\/uploads\/factory-14.webp\"\/><\/p>\n<h2>OFTE STILLEDE SP\u00d8RGSM\u00c5L<\/h2>\n<p><strong>1. Kan k\u00f8lepladen til SSR tilpasses til specifikke anvendelser?<\/strong><br \/>Ja, vi leverer tilpassede l\u00f8sninger, der matcher specifikke krav til st\u00f8rrelse og montering.<\/p>\n<p><strong>2. Hvilke materialer bruges i k\u00f8lepladen til SSR?<\/strong><br \/>Vores k\u00f8lelegemer er lavet af aluminium af h\u00f8j kvalitet for overlegen varmeafledning.<\/p>\n<p><strong>3. Er k\u00f8lepladen kompatibel med alle typer SSR'er?<\/strong><br \/>Vores k\u00f8leplade er kompatibel med en lang r\u00e6kke solid-state rel\u00e6er.<\/p>\n<p><strong>4. Hvad er fordelene ved at bruge en k\u00f8leplade til SSR?<\/strong><br \/>En k\u00f8leplade forbedrer SSR'ernes effektivitet og levetid ved effektivt at bortlede overskydende varme.<\/p>\n<p><strong>5. Giver I garanti p\u00e5 k\u00f8lepladen til SSR?<\/strong><br \/>Ja, alle vores k\u00f8lelegemer leveres med en standardgaranti for at sikre kvalitet og p\u00e5lidelighed.<\/p>\n<p><strong>6. Kan jeg f\u00e5 teknisk support til at installere k\u00f8lepladen til SSR?<\/strong><br \/>Ja, vi tilbyder fuld teknisk support og vejledning til installation og drift.<\/p>\n<p><strong>7. Hvordan forbedrer en k\u00f8leplade SSR'ens ydeevne?<\/strong><br \/>En k\u00f8leplade forbedrer SSR'ens ydeevne ved at opretholde optimale driftstemperaturer og dermed forhindre overophedning.<\/p>\n<p><\/p>","protected":false},"featured_media":10735,"template":"","categories":[72],"class_list":["post-10966","product","type-product","status-publish","has-post-thumbnail","hentry","category-extruded-aluminum-heatsink"],"meta_box":{"hilight_text_group":[{"product_hilight_text":"<li>Designed to efficiently dissipate heat for SSRs<\/li>\n<li>Compatible with a wide range of solid-state relays<\/li>\n<li>Manufactured from high-quality aluminum for optimal thermal performance<\/li>\n<li>Customizable size and mounting options for various applications<\/li>\n<li>Robust construction ensures long-lasting reliability under demanding conditions<\/li>"}],"feature_list":[]},"_links":{"self":[{"href":"https:\/\/sinoextrud.com\/da\/wp-json\/wp\/v2\/product\/10966","targetHints":{"allow":["GET"]}}],"collection":[{"href":"https:\/\/sinoextrud.com\/da\/wp-json\/wp\/v2\/product"}],"about":[{"href":"https:\/\/sinoextrud.com\/da\/wp-json\/wp\/v2\/types\/product"}],"wp:featuredmedia":[{"embeddable":true,"href":"https:\/\/sinoextrud.com\/da\/wp-json\/wp\/v2\/media\/10735"}],"wp:attachment":[{"href":"https:\/\/sinoextrud.com\/da\/wp-json\/wp\/v2\/media?parent=10966"}],"wp:term":[{"taxonomy":"category","embeddable":true,"href":"https:\/\/sinoextrud.com\/da\/wp-json\/wp\/v2\/categories?post=10966"}],"curies":[{"name":"wp","href":"https:\/\/api.w.org\/{rel}","templated":true}]}}