{"id":10961,"date":"2025-08-01T03:18:08","date_gmt":"2025-08-01T03:18:08","guid":{"rendered":"https:\/\/sinoextrud.com\/product\/surface-mound-heat-sink-for-equipment-cooling\/"},"modified":"2025-08-01T03:18:08","modified_gmt":"2025-08-01T03:18:08","slug":"overfladekoleplade-til-koling-af-udstyr","status":"publish","type":"product","link":"https:\/\/sinoextrud.com\/da\/product\/surface-mound-heat-sink-for-equipment-cooling\/","title":{"rendered":"Surface Mound-k\u00f8leplade til k\u00f8ling af udstyr"},"content":{"rendered":"<h2>Detaljer om produkter<\/h2>\n<div class=\"product-table\">\n<div class=\"row\">\n<div class=\"cell label\">Karakter<\/div>\n<div class=\"cell value\">6063-serien<\/div>\n<\/div>\n<div class=\"row\">\n<div class=\"cell label\">Tolerance<\/div>\n<div class=\"cell value\">\u00b110%<\/div>\n<\/div>\n<div class=\"row\">\n<div class=\"cell label\">Leveringstid<\/div>\n<div class=\"cell value\">31-45 dage<\/div>\n<\/div>\n<div class=\"row\">\n<div class=\"cell label\">Temperament<\/div>\n<div class=\"cell value\">T5<\/div>\n<\/div>\n<div class=\"row\">\n<div class=\"cell label\">Anvendelse<\/div>\n<div class=\"cell value\">K\u00f8leplade<\/div>\n<\/div>\n<div class=\"row\">\n<div class=\"cell label\">Form<\/div>\n<div class=\"cell value\">Firkantet<\/div>\n<\/div>\n<div class=\"row\">\n<div class=\"cell label\">Legering eller ej<\/div>\n<div class=\"cell value\">Er legeret<\/div>\n<\/div>\n<div class=\"row\">\n<div class=\"cell label\">Behandling af service<\/div>\n<div class=\"cell value\">Sk\u00e6ring<\/div>\n<\/div>\n<div class=\"row\">\n<div class=\"cell label\">Salg af enheder<\/div>\n<div class=\"cell value\">En enkelt genstand<\/div>\n<\/div>\n<\/div>\n<p><\/p>\n<h2>Vores produktionsbase<\/h2>\n<h3>Panorama over fabrikken<\/h3>\n<p><img decoding=\"async\" src=\"\/wp-content\/uploads\/factory-01.webp\"\/><\/p>\n<h3>V\u00e6rksted til fremstilling af aluminiumst\u00e6nger<\/h3>\n<p><img decoding=\"async\" src=\"\/wp-content\/uploads\/factory-02.webp\"\/><\/p>\n<p><img decoding=\"async\" src=\"\/wp-content\/uploads\/factory-03.webp\"\/><\/p>\n<h3>Lager til opbevaring af skimmelsvampe<\/h3>\n<p><img decoding=\"async\" src=\"\/wp-content\/uploads\/factory-04.webp\"\/><\/p>\n<h3>43 ekstruderingslinjer for aluminium (500-5500 ton)<\/h3>\n<p><img decoding=\"async\" src=\"\/wp-content\/uploads\/factory-05.webp\"\/><\/p>\n<p><img decoding=\"async\" src=\"\/wp-content\/uploads\/factory-06.webp\"\/><\/p>\n<p><img decoding=\"async\" src=\"\/wp-content\/uploads\/factory-07.webp\"\/><\/p>\n<h3>V\u00e6rksted for pulverlakering<\/h3>\n<p><img decoding=\"async\" src=\"\/wp-content\/uploads\/factory-09.webp\"\/><\/p>\n<h3>Anodiseringsv\u00e6rksted<\/h3>\n<p><img decoding=\"async\" src=\"\/wp-content\/uploads\/factory-10.webp\"\/><\/p>\n<h3>Workshop om dyb behandling<\/h3>\n<p><img decoding=\"async\" src=\"\/wp-content\/uploads\/factory-11.webp\"\/><\/p>\n<h3>V\u00e6rksted for CNC-pr\u00e6cisionsbearbejdning<\/h3>\n<p><img decoding=\"async\" src=\"\/wp-content\/uploads\/factory-11.5.webp\"\/><\/p>\n<h3>F\u00e6rdigvare- og eksportlager<\/h3>\n<p><img decoding=\"async\" src=\"\/wp-content\/uploads\/factory-12.webp\"\/><\/p>\n<p><img decoding=\"async\" src=\"\/wp-content\/uploads\/factory-13.webp\"\/><\/p>\n<p><img decoding=\"async\" src=\"\/wp-content\/uploads\/factory-14.webp\"\/><\/p>\n<h2>OFTE STILLEDE SP\u00d8RGSM\u00c5L<\/h2>\n<p><strong>1. Hvilke materialer bruges i Surface Mound Heat Sink?<\/strong><br \/>Surface Mound Heat Sink er typisk lavet af aluminium af h\u00f8j kvalitet for effektiv varmeafledning.<\/p>\n<p><strong>2. Kan Surface Mound Heat Sink tilpasses?<\/strong><br \/>Ja, vi tilbyder designtilpasning for at opfylde specifikke anvendelseskrav.<\/p>\n<p><strong>3. Hvilke anvendelser egner sig til Surface Mound Heat Sink?<\/strong><br \/>Den er ideel til en lang r\u00e6kke elektroniske enheder, der har brug for effektiv varmestyring.<\/p>\n<p><strong>4. Hvordan forbedrer Surface Mound Heat Sink enhedens ydeevne?<\/strong><br \/>Det maksimerer varmeafledningen og forbedrer dermed enhedens p\u00e5lidelighed og levetid.<\/p>\n<p><strong>5. F\u00e5s Surface Mound Heat Sink i forskellige st\u00f8rrelser?<\/strong><br \/>Ja, den f\u00e5s i forskellige st\u00f8rrelser, der passer til forskellige kundeapplikationer.<\/p>\n<p><strong>6. Kr\u00e6ver Surface Mound Heat Sink ekstra v\u00e6rkt\u00f8j til installation?<\/strong><br \/>Installationen er ligetil og kr\u00e6ver typisk ikke ekstra v\u00e6rkt\u00f8j.<\/p>\n<p><strong>7. Kan Surface Mound Heat Sink underst\u00f8tte applikationer med h\u00f8j effekt?<\/strong><br \/>Ja, den er designet til at h\u00e5ndtere applikationer med h\u00f8j effekt og effektiv varmestyring.<\/p>\n<p><\/p>","protected":false},"featured_media":10821,"template":"","categories":[72],"class_list":["post-10961","product","type-product","status-publish","has-post-thumbnail","hentry","category-extruded-aluminum-heatsink"],"meta_box":{"hilight_text_group":[{"product_hilight_text":"<li>High thermal performance for efficient heat dissipation<\/li>\n<li>Compatible with a wide range of electronic devices<\/li>\n<li>Customizable designs to fit specific application needs<\/li>\n<li>Lightweight and durable aluminum construction<\/li>\n<li>Cost-effective heat management solution for B2B clients<\/li>"}],"feature_list":[]},"_links":{"self":[{"href":"https:\/\/sinoextrud.com\/da\/wp-json\/wp\/v2\/product\/10961","targetHints":{"allow":["GET"]}}],"collection":[{"href":"https:\/\/sinoextrud.com\/da\/wp-json\/wp\/v2\/product"}],"about":[{"href":"https:\/\/sinoextrud.com\/da\/wp-json\/wp\/v2\/types\/product"}],"wp:featuredmedia":[{"embeddable":true,"href":"https:\/\/sinoextrud.com\/da\/wp-json\/wp\/v2\/media\/10821"}],"wp:attachment":[{"href":"https:\/\/sinoextrud.com\/da\/wp-json\/wp\/v2\/media?parent=10961"}],"wp:term":[{"taxonomy":"category","embeddable":true,"href":"https:\/\/sinoextrud.com\/da\/wp-json\/wp\/v2\/categories?post=10961"}],"curies":[{"name":"wp","href":"https:\/\/api.w.org\/{rel}","templated":true}]}}