{"id":10960,"date":"2025-08-01T03:18:06","date_gmt":"2025-08-01T03:18:06","guid":{"rendered":"https:\/\/sinoextrud.com\/product\/cold-plate-heat-sink-for-liquid-cooling-systems\/"},"modified":"2025-08-01T03:18:06","modified_gmt":"2025-08-01T03:18:06","slug":"koleplade-til-vaeskekolingssystemer","status":"publish","type":"product","link":"https:\/\/sinoextrud.com\/da\/product\/cold-plate-heat-sink-for-liquid-cooling-systems\/","title":{"rendered":"K\u00f8leplade til v\u00e6skek\u00f8lingssystemer"},"content":{"rendered":"<h2>Detaljer om produkter<\/h2>\n<div class=\"product-table\">\n<div class=\"row\">\n<div class=\"cell label\">Karakter<\/div>\n<div class=\"cell value\">6000-serien<\/div>\n<\/div>\n<div class=\"row\">\n<div class=\"cell label\">Tolerance<\/div>\n<div class=\"cell value\">\u00b13%<\/div>\n<\/div>\n<div class=\"row\">\n<div class=\"cell label\">Leveringstid<\/div>\n<div class=\"cell value\">22-30 dage<\/div>\n<\/div>\n<div class=\"row\">\n<div class=\"cell label\">Temperament<\/div>\n<div class=\"cell value\">T3-T8<\/div>\n<\/div>\n<div class=\"row\">\n<div class=\"cell label\">Anvendelse<\/div>\n<div class=\"cell value\">K\u00f8leplade<\/div>\n<\/div>\n<div class=\"row\">\n<div class=\"cell label\">Form<\/div>\n<div class=\"cell value\">Brugerdefineret<\/div>\n<\/div>\n<div class=\"row\">\n<div class=\"cell label\">Legering eller ej<\/div>\n<div class=\"cell value\">Er legeret<\/div>\n<\/div>\n<div class=\"row\">\n<div class=\"cell label\">Behandling af service<\/div>\n<div class=\"cell value\">B\u00f8jning, afrulning, svejsning, stansning, sk\u00e6ring<\/div>\n<\/div>\n<div class=\"row\">\n<div class=\"cell label\">Materiale<\/div>\n<div class=\"cell value\">Aluminiumslegering<\/div>\n<\/div>\n<div class=\"row\">\n<div class=\"cell label\">Anvendelse<\/div>\n<div class=\"cell value\">Industrielt udstyr<\/div>\n<\/div>\n<div class=\"row\">\n<div class=\"cell label\">Service<\/div>\n<div class=\"cell value\">Tilpasset OEM<\/div>\n<\/div>\n<div class=\"row\">\n<div class=\"cell label\">Overfladebehandling<\/div>\n<div class=\"cell value\">Maling\\Pulverlakering\\Bel\u00e6gning\\Polering<\/div>\n<\/div>\n<div class=\"row\">\n<div class=\"cell label\">Farve<\/div>\n<div class=\"cell value\">S\u00f8lv<\/div>\n<\/div>\n<div class=\"row\">\n<div class=\"cell label\">Salg af enheder<\/div>\n<div class=\"cell value\">En enkelt genstand<\/div>\n<\/div>\n<div class=\"row\">\n<div class=\"cell label\">Enkelt pakkest\u00f8rrelse<\/div>\n<div class=\"cell value\">50X50X30 cm<\/div>\n<\/div>\n<div class=\"row\">\n<div class=\"cell label\">Enkelt bruttov\u00e6gt<\/div>\n<div class=\"cell value\">8.000 KG<\/div>\n<\/div>\n<\/div>\n<p><\/p>\n<h2>Vores produktionsbase<\/h2>\n<h3>Panorama over fabrikken<\/h3>\n<p><img decoding=\"async\" src=\"\/wp-content\/uploads\/factory-01.webp\"\/><\/p>\n<h3>V\u00e6rksted til fremstilling af aluminiumst\u00e6nger<\/h3>\n<p><img decoding=\"async\" src=\"\/wp-content\/uploads\/factory-02.webp\"\/><\/p>\n<p><img decoding=\"async\" src=\"\/wp-content\/uploads\/factory-03.webp\"\/><\/p>\n<h3>Lager til opbevaring af skimmelsvampe<\/h3>\n<p><img decoding=\"async\" src=\"\/wp-content\/uploads\/factory-04.webp\"\/><\/p>\n<h3>43 ekstruderingslinjer for aluminium (500-5500 ton)<\/h3>\n<p><img decoding=\"async\" src=\"\/wp-content\/uploads\/factory-05.webp\"\/><\/p>\n<p><img decoding=\"async\" src=\"\/wp-content\/uploads\/factory-06.webp\"\/><\/p>\n<p><img decoding=\"async\" src=\"\/wp-content\/uploads\/factory-07.webp\"\/><\/p>\n<h3>V\u00e6rksted for pulverlakering<\/h3>\n<p><img decoding=\"async\" src=\"\/wp-content\/uploads\/factory-09.webp\"\/><\/p>\n<h3>Anodiseringsv\u00e6rksted<\/h3>\n<p><img decoding=\"async\" src=\"\/wp-content\/uploads\/factory-10.webp\"\/><\/p>\n<h3>Workshop om dyb behandling<\/h3>\n<p><img decoding=\"async\" src=\"\/wp-content\/uploads\/factory-11.webp\"\/><\/p>\n<h3>V\u00e6rksted for CNC-pr\u00e6cisionsbearbejdning<\/h3>\n<p><img decoding=\"async\" src=\"\/wp-content\/uploads\/factory-11.5.webp\"\/><\/p>\n<h3>F\u00e6rdigvare- og eksportlager<\/h3>\n<p><img decoding=\"async\" src=\"\/wp-content\/uploads\/factory-12.webp\"\/><\/p>\n<p><img decoding=\"async\" src=\"\/wp-content\/uploads\/factory-13.webp\"\/><\/p>\n<p><img decoding=\"async\" src=\"\/wp-content\/uploads\/factory-14.webp\"\/><\/p>\n<h2>OFTE STILLEDE SP\u00d8RGSM\u00c5L<\/h2>\n<p><strong>1. Hvad er form\u00e5let med en Cold Plate Heat Sink?<\/strong><br \/>En Cold Plate Heat Sink bruges til at lede varmen v\u00e6k fra elektroniske komponenter og sikre, at de fungerer effektivt.<\/p>\n<p><strong>2. Kan Cold Plate Heat Sinks tilpasses til specifikke dimensioner?<\/strong><br \/>Ja, de kan skr\u00e6ddersys til at opfylde de specifikke krav til din applikation.<\/p>\n<p><strong>3. Hvilke materialer bruges almindeligvis i konstruktionen af Cold Plate Heat Sinks?<\/strong><br \/>De er ofte fremstillet af aluminium eller kobber af h\u00f8j kvalitet for at opn\u00e5 optimal termisk ydeevne.<\/p>\n<p><strong>4. Er Cold Plate Heat Sinks kompatible med forskellige k\u00f8lev\u00e6sker?<\/strong><br \/>Ja, de er designet til at arbejde med forskellige typer k\u00f8lev\u00e6sker for at forbedre varmeoverf\u00f8rslen.<\/p>\n<p><strong>5. Hvordan forbedrer Cold Plate Heat Sinks levetiden for elektroniske komponenter?<\/strong><br \/>Ved at aflede varmen effektivt forhindrer de overophedning og forl\u00e6nger komponenternes levetid.<\/p>\n<p><strong>6. Kan Cold Plate Heat Sinks bruges i forskellige brancher?<\/strong><br \/>De er absolut alsidige og kan anvendes i brancher, der sp\u00e6nder fra telekommunikation til bilindustrien.<\/p>\n<p><strong>7. Hvad er vedligeholdelseskravene til en Cold Plate Heat Sink?<\/strong><br \/>Tjek regelm\u00e6ssigt for v\u00e6skel\u00e6kager, og s\u00f8rg for, at alle tilslutninger er sikre for at opn\u00e5 optimal ydelse.<\/p>\n<p><\/p>","protected":false},"featured_media":10786,"template":"","categories":[72],"class_list":["post-10960","product","type-product","status-publish","has-post-thumbnail","hentry","category-extruded-aluminum-heatsink"],"meta_box":{"hilight_text_group":[{"product_hilight_text":"<li>High thermal conductivity for efficient heat dissipation<\/li>\n<li>Customizable dimensions to fit specific application needs<\/li>\n<li>Compatible with various cooling fluids for enhanced performance<\/li>\n<li>Durable construction for long-lasting reliability<\/li>\n<li>Suitable for both passive and active cooling systems<\/li>"}],"feature_list":[]},"_links":{"self":[{"href":"https:\/\/sinoextrud.com\/da\/wp-json\/wp\/v2\/product\/10960","targetHints":{"allow":["GET"]}}],"collection":[{"href":"https:\/\/sinoextrud.com\/da\/wp-json\/wp\/v2\/product"}],"about":[{"href":"https:\/\/sinoextrud.com\/da\/wp-json\/wp\/v2\/types\/product"}],"wp:featuredmedia":[{"embeddable":true,"href":"https:\/\/sinoextrud.com\/da\/wp-json\/wp\/v2\/media\/10786"}],"wp:attachment":[{"href":"https:\/\/sinoextrud.com\/da\/wp-json\/wp\/v2\/media?parent=10960"}],"wp:term":[{"taxonomy":"category","embeddable":true,"href":"https:\/\/sinoextrud.com\/da\/wp-json\/wp\/v2\/categories?post=10960"}],"curies":[{"name":"wp","href":"https:\/\/api.w.org\/{rel}","templated":true}]}}