{"id":10953,"date":"2025-08-01T03:17:23","date_gmt":"2025-08-01T03:17:23","guid":{"rendered":"https:\/\/sinoextrud.com\/product\/power-dissipation-heat-sink-for-control-systems\/"},"modified":"2025-08-01T03:17:23","modified_gmt":"2025-08-01T03:17:23","slug":"power-dissipation-koleplade-til-kontrolsystemer","status":"publish","type":"product","link":"https:\/\/sinoextrud.com\/da\/product\/power-dissipation-heat-sink-for-control-systems\/","title":{"rendered":"Power Dissipation Heat Sink til kontrolsystemer"},"content":{"rendered":"<h2>Detaljer om produkter<\/h2>\n<div class=\"product-table\">\n<div class=\"row\">\n<div class=\"cell label\">Karakter<\/div>\n<div class=\"cell value\">6000-serien<\/div>\n<\/div>\n<div class=\"row\">\n<div class=\"cell label\">Tolerance<\/div>\n<div class=\"cell value\">\u00b11%<\/div>\n<\/div>\n<div class=\"row\">\n<div class=\"cell label\">Leveringstid<\/div>\n<div class=\"cell value\">8-14 dage<\/div>\n<\/div>\n<div class=\"row\">\n<div class=\"cell label\">Temperament<\/div>\n<div class=\"cell value\">T3-T8<\/div>\n<\/div>\n<div class=\"row\">\n<div class=\"cell label\">Anvendelse<\/div>\n<div class=\"cell value\">K\u00f8leplade<\/div>\n<\/div>\n<div class=\"row\">\n<div class=\"cell label\">Form<\/div>\n<div class=\"cell value\">T - Profil<\/div>\n<\/div>\n<div class=\"row\">\n<div class=\"cell label\">Legering eller ej<\/div>\n<div class=\"cell value\">Er legeret<\/div>\n<\/div>\n<div class=\"row\">\n<div class=\"cell label\">Behandling af service<\/div>\n<div class=\"cell value\">B\u00f8jning, afrulning, svejsning, stansning, sk\u00e6ring<\/div>\n<\/div>\n<div class=\"row\">\n<div class=\"cell label\">Produktets navn<\/div>\n<div class=\"cell value\">K\u00f8leplade af aluminium<\/div>\n<\/div>\n<div class=\"row\">\n<div class=\"cell label\">Certificering<\/div>\n<div class=\"cell value\">ISO9001<\/div>\n<\/div>\n<div class=\"row\">\n<div class=\"cell label\">Overfladebehandling<\/div>\n<div class=\"cell value\">Anodiseret<\/div>\n<\/div>\n<div class=\"row\">\n<div class=\"cell label\">Farve<\/div>\n<div class=\"cell value\">Tilpasset farve<\/div>\n<\/div>\n<div class=\"row\">\n<div class=\"cell label\">Materiale<\/div>\n<div class=\"cell value\">Legering 6063\/6061\/6005\/6060 T5\/T6 osv.<\/div>\n<\/div>\n<div class=\"row\">\n<div class=\"cell label\">L\u00e6ngde<\/div>\n<div class=\"cell value\">Tilpasset l\u00e6ngde<\/div>\n<\/div>\n<div class=\"row\">\n<div class=\"cell label\">St\u00f8rrelse<\/div>\n<div class=\"cell value\">Tilpasset st\u00f8rrelse<\/div>\n<\/div>\n<div class=\"row\">\n<div class=\"cell label\">Type<\/div>\n<div class=\"cell value\">OEM k\u00f8leplade af aluminiumsekstruderinger<\/div>\n<\/div>\n<div class=\"row\">\n<div class=\"cell label\">N\u00f8gleord<\/div>\n<div class=\"cell value\">Ekstrudering af k\u00f8lelegeme<\/div>\n<\/div>\n<div class=\"row\">\n<div class=\"cell label\">Tykkelse<\/div>\n<div class=\"cell value\">0,2 mm ~ 3 mm\/tilpasset<\/div>\n<\/div>\n<div class=\"row\">\n<div class=\"cell label\">Salg af enheder<\/div>\n<div class=\"cell value\">En enkelt genstand<\/div>\n<\/div>\n<div class=\"row\">\n<div class=\"cell label\">Enkelt pakkest\u00f8rrelse<\/div>\n<div class=\"cell value\">6X6X10 cm<\/div>\n<\/div>\n<div class=\"row\">\n<div class=\"cell label\">Enkelt bruttov\u00e6gt<\/div>\n<div class=\"cell value\">1.000 KG<\/div>\n<\/div>\n<\/div>\n<p><\/p>\n<h2>Vores produktionsbase<\/h2>\n<h3>Panorama over fabrikken<\/h3>\n<p><img decoding=\"async\" src=\"\/wp-content\/uploads\/factory-01.webp\"\/><\/p>\n<h3>V\u00e6rksted til fremstilling af aluminiumst\u00e6nger<\/h3>\n<p><img decoding=\"async\" src=\"\/wp-content\/uploads\/factory-02.webp\"\/><\/p>\n<p><img decoding=\"async\" src=\"\/wp-content\/uploads\/factory-03.webp\"\/><\/p>\n<h3>Lager til opbevaring af skimmelsvampe<\/h3>\n<p><img decoding=\"async\" src=\"\/wp-content\/uploads\/factory-04.webp\"\/><\/p>\n<h3>43 ekstruderingslinjer for aluminium (500-5500 ton)<\/h3>\n<p><img decoding=\"async\" src=\"\/wp-content\/uploads\/factory-05.webp\"\/><\/p>\n<p><img decoding=\"async\" src=\"\/wp-content\/uploads\/factory-06.webp\"\/><\/p>\n<p><img decoding=\"async\" src=\"\/wp-content\/uploads\/factory-07.webp\"\/><\/p>\n<h3>V\u00e6rksted for pulverlakering<\/h3>\n<p><img decoding=\"async\" src=\"\/wp-content\/uploads\/factory-09.webp\"\/><\/p>\n<h3>Anodiseringsv\u00e6rksted<\/h3>\n<p><img decoding=\"async\" src=\"\/wp-content\/uploads\/factory-10.webp\"\/><\/p>\n<h3>Workshop om dyb behandling<\/h3>\n<p><img decoding=\"async\" src=\"\/wp-content\/uploads\/factory-11.webp\"\/><\/p>\n<h3>V\u00e6rksted for CNC-pr\u00e6cisionsbearbejdning<\/h3>\n<p><img decoding=\"async\" src=\"\/wp-content\/uploads\/factory-11.5.webp\"\/><\/p>\n<h3>F\u00e6rdigvare- og eksportlager<\/h3>\n<p><img decoding=\"async\" src=\"\/wp-content\/uploads\/factory-12.webp\"\/><\/p>\n<p><img decoding=\"async\" src=\"\/wp-content\/uploads\/factory-13.webp\"\/><\/p>\n<p><img decoding=\"async\" src=\"\/wp-content\/uploads\/factory-14.webp\"\/><\/p>\n<h2>OFTE STILLEDE SP\u00d8RGSM\u00c5L<\/h2>\n<p><strong>1. Hvad er den prim\u00e6re funktion af Power Dissipation Heat Sink?<\/strong><br \/>Det bruges til at styre og aflede varmen fra elektroniske komponenter for at forbedre ydeevnen og levetiden.<\/p>\n<p><strong>2. Kan Power Dissipation Heat Sink tilpasses?<\/strong><br \/>Ja, den kan tilpasses med hensyn til st\u00f8rrelse, form og materiale, s\u00e5 den passer til specifikke krav.<\/p>\n<p><strong>3. Hvilke materialer bruges til fremstilling af k\u00f8lepladen?<\/strong><br \/>K\u00f8lepladen er typisk lavet af aluminium eller kobber for at opn\u00e5 en effektiv varmeledningsevne.<\/p>\n<p><strong>4. Er Power Dissipation Heat Sink egnet til applikationer med h\u00f8j effekt?<\/strong><br \/>Ja, den er designet til at h\u00e5ndtere og sprede varmen effektivt i milj\u00f8er med h\u00f8j effekt.<\/p>\n<p><strong>5. Kommer k\u00f8lepladen med en korrosionsbestandig bel\u00e6gning?<\/strong><br \/>Ja, den er belagt for at modst\u00e5 korrosion og bevare holdbarheden over tid.<\/p>\n<p><strong>6. Hvordan forbedrer k\u00f8lepladen levetiden for elektroniske komponenter?<\/strong><br \/>Ved effektivt at bortlede varmen forhindrer den overophedning og potentiel skade p\u00e5 elektroniske komponenter.<\/p>\n<p><strong>7. Er der teknisk support til r\u00e5dighed til at integrere k\u00f8lepladen i vores produkter?<\/strong><br \/>Ja, der ydes teknisk support for at hj\u00e6lpe med integrationen og sikre optimal ydeevne.<\/p>\n<p><\/p>","protected":false},"featured_media":10827,"template":"","categories":[72],"class_list":["post-10953","product","type-product","status-publish","has-post-thumbnail","hentry","category-extruded-aluminum-heatsink"],"meta_box":{"hilight_text_group":[{"product_hilight_text":"<li>Efficient thermal management for electronic components<\/li>\n<li>Customizable shapes and sizes to fit various applications<\/li>\n<li>Made from high-quality materials for optimal performance<\/li>\n<li>Supports high power applications with effective heat dissipation<\/li>\n<li>Corrosion-resistant coating for durability<\/li>"}],"feature_list":[]},"_links":{"self":[{"href":"https:\/\/sinoextrud.com\/da\/wp-json\/wp\/v2\/product\/10953","targetHints":{"allow":["GET"]}}],"collection":[{"href":"https:\/\/sinoextrud.com\/da\/wp-json\/wp\/v2\/product"}],"about":[{"href":"https:\/\/sinoextrud.com\/da\/wp-json\/wp\/v2\/types\/product"}],"wp:featuredmedia":[{"embeddable":true,"href":"https:\/\/sinoextrud.com\/da\/wp-json\/wp\/v2\/media\/10827"}],"wp:attachment":[{"href":"https:\/\/sinoextrud.com\/da\/wp-json\/wp\/v2\/media?parent=10953"}],"wp:term":[{"taxonomy":"category","embeddable":true,"href":"https:\/\/sinoextrud.com\/da\/wp-json\/wp\/v2\/categories?post=10953"}],"curies":[{"name":"wp","href":"https:\/\/api.w.org\/{rel}","templated":true}]}}