{"id":10950,"date":"2025-08-01T03:17:16","date_gmt":"2025-08-01T03:17:16","guid":{"rendered":"https:\/\/sinoextrud.com\/product\/aluminum-water-cooling-plate-for-new-energy-systems\/"},"modified":"2025-08-01T03:17:16","modified_gmt":"2025-08-01T03:17:16","slug":"vandkoleplade-i-aluminium-til-nye-energisystemer","status":"publish","type":"product","link":"https:\/\/sinoextrud.com\/da\/product\/aluminum-water-cooling-plate-for-new-energy-systems\/","title":{"rendered":"Vandk\u00f8leplade af aluminium til nye energisystemer"},"content":{"rendered":"<h2>Detaljer om produkter<\/h2>\n<div class=\"product-table\">\n<div class=\"row\">\n<div class=\"cell label\">Karakter<\/div>\n<div class=\"cell value\">1000-serien<\/div>\n<\/div>\n<div class=\"row\">\n<div class=\"cell label\">Tolerance<\/div>\n<div class=\"cell value\">\u00b13%<\/div>\n<\/div>\n<div class=\"row\">\n<div class=\"cell label\">Leveringstid<\/div>\n<div class=\"cell value\">8-14 dage<\/div>\n<\/div>\n<div class=\"row\">\n<div class=\"cell label\">Temperament<\/div>\n<div class=\"cell value\">T3-T8<\/div>\n<\/div>\n<div class=\"row\">\n<div class=\"cell label\">Anvendelse<\/div>\n<div class=\"cell value\">Aluminiumsbj\u00e6lke til printer<\/div>\n<\/div>\n<div class=\"row\">\n<div class=\"cell label\">Form<\/div>\n<div class=\"cell value\">rektangel<\/div>\n<\/div>\n<div class=\"row\">\n<div class=\"cell label\">Legering eller ej<\/div>\n<div class=\"cell value\">Er legeret<\/div>\n<\/div>\n<div class=\"row\">\n<div class=\"cell label\">Behandling af service<\/div>\n<div class=\"cell value\">B\u00f8jning, afrulning, svejsning, stansning, sk\u00e6ring<\/div>\n<\/div>\n<div class=\"row\">\n<div class=\"cell label\">Betalingsperiode<\/div>\n<div class=\"cell value\">T\/T, L\/C<\/div>\n<\/div>\n<div class=\"row\">\n<div class=\"cell label\">Det st\u00f8rste tv\u00e6rsnit<\/div>\n<div class=\"cell value\">5mm-700mm<\/div>\n<\/div>\n<div class=\"row\">\n<div class=\"cell label\">MOQ<\/div>\n<div class=\"cell value\">1 kg<\/div>\n<\/div>\n<div class=\"row\">\n<div class=\"cell label\">Materiale og temperatur<\/div>\n<div class=\"cell value\">6063 6061 6005 legeret aluminium<\/div>\n<\/div>\n<div class=\"row\">\n<div class=\"cell label\">Farve<\/div>\n<div class=\"cell value\">S\u00f8lv, hvid, sort<\/div>\n<\/div>\n<div class=\"row\">\n<div class=\"cell label\">Dyb proces<\/div>\n<div class=\"cell value\">Under CNC<\/div>\n<\/div>\n<div class=\"row\">\n<div class=\"cell label\">Overfladebehandling<\/div>\n<div class=\"cell value\">anodiseret eller elektroforese, sandbl\u00e6sning<\/div>\n<\/div>\n<div class=\"row\">\n<div class=\"cell label\">Certificering<\/div>\n<div class=\"cell value\">ISO9001<\/div>\n<\/div>\n<div class=\"row\">\n<div class=\"cell label\">OEM \/ ODM-service<\/div>\n<div class=\"cell value\">Ja<\/div>\n<\/div>\n<div class=\"row\">\n<div class=\"cell label\">Slotst\u00f8rrelse<\/div>\n<div class=\"cell value\">6 mm, 8 mm, 10 mm<\/div>\n<\/div>\n<div class=\"row\">\n<div class=\"cell label\">Salg af enheder<\/div>\n<div class=\"cell value\">En enkelt genstand<\/div>\n<\/div>\n<div class=\"row\">\n<div class=\"cell label\">Enkelt pakkest\u00f8rrelse<\/div>\n<div class=\"cell value\">4X4X1 cm<\/div>\n<\/div>\n<div class=\"row\">\n<div class=\"cell label\">Enkelt bruttov\u00e6gt<\/div>\n<div class=\"cell value\">2.000 KG<\/div>\n<\/div>\n<\/div>\n<p><\/p>\n<h2>Vores produktionsbase<\/h2>\n<h3>Panorama over fabrikken<\/h3>\n<p><img decoding=\"async\" src=\"\/wp-content\/uploads\/factory-01.webp\"\/><\/p>\n<h3>V\u00e6rksted til fremstilling af aluminiumst\u00e6nger<\/h3>\n<p><img decoding=\"async\" src=\"\/wp-content\/uploads\/factory-02.webp\"\/><\/p>\n<p><img decoding=\"async\" src=\"\/wp-content\/uploads\/factory-03.webp\"\/><\/p>\n<h3>Lager til opbevaring af skimmelsvampe<\/h3>\n<p><img decoding=\"async\" src=\"\/wp-content\/uploads\/factory-04.webp\"\/><\/p>\n<h3>43 ekstruderingslinjer for aluminium (500-5500 ton)<\/h3>\n<p><img decoding=\"async\" src=\"\/wp-content\/uploads\/factory-05.webp\"\/><\/p>\n<p><img decoding=\"async\" src=\"\/wp-content\/uploads\/factory-06.webp\"\/><\/p>\n<p><img decoding=\"async\" src=\"\/wp-content\/uploads\/factory-07.webp\"\/><\/p>\n<h3>V\u00e6rksted for pulverlakering<\/h3>\n<p><img decoding=\"async\" src=\"\/wp-content\/uploads\/factory-09.webp\"\/><\/p>\n<h3>Anodiseringsv\u00e6rksted<\/h3>\n<p><img decoding=\"async\" src=\"\/wp-content\/uploads\/factory-10.webp\"\/><\/p>\n<h3>Workshop om dyb behandling<\/h3>\n<p><img decoding=\"async\" src=\"\/wp-content\/uploads\/factory-11.webp\"\/><\/p>\n<h3>V\u00e6rksted for CNC-pr\u00e6cisionsbearbejdning<\/h3>\n<p><img decoding=\"async\" src=\"\/wp-content\/uploads\/factory-11.5.webp\"\/><\/p>\n<h3>F\u00e6rdigvare- og eksportlager<\/h3>\n<p><img decoding=\"async\" src=\"\/wp-content\/uploads\/factory-12.webp\"\/><\/p>\n<p><img decoding=\"async\" src=\"\/wp-content\/uploads\/factory-13.webp\"\/><\/p>\n<p><img decoding=\"async\" src=\"\/wp-content\/uploads\/factory-14.webp\"\/><\/p>\n<h2>OFTE STILLEDE SP\u00d8RGSM\u00c5L<\/h2>\n<p><strong>1. Hvad er den prim\u00e6re funktion af vandk\u00f8lepladen i aluminium?<\/strong><br \/>Den prim\u00e6re funktion er at s\u00f8rge for effektiv varmestyring af nye energisystemer.<\/p>\n<p><strong>2. Kan k\u00f8lepladen tilpasses til forskellige anvendelser?<\/strong><br \/>Ja, vi tilbyder specialdesign, der passer til forskellige specifikationer og projekter.<\/p>\n<p><strong>3. Hvilke materialer er brugt i konstruktionen af k\u00f8lepladen?<\/strong><br \/>K\u00f8lepladen er lavet af aluminium af h\u00f8j kvalitet for at sikre holdbarhed og effektiv k\u00f8ling.<\/p>\n<p><strong>4. Er dette produkt egnet til brug i elektriske k\u00f8ret\u00f8jer?<\/strong><br \/>Ja, det er ideelt til varmestyring i elektriske k\u00f8ret\u00f8jer.<\/p>\n<p><strong>5. Hvordan forbedrer k\u00f8lepladen energieffektiviteten?<\/strong><br \/>Ved at sprede varmen effektivt hj\u00e6lper det med at forbedre energisystemernes samlede effektivitet.<\/p>\n<p><strong>6. Er der mulighed for at v\u00e6lge st\u00f8rrelse p\u00e5 k\u00f8lepladen?<\/strong><br \/>Ja, vi tilbyder forskellige st\u00f8rrelser for at im\u00f8dekomme forskellige behov.<\/p>\n<p><strong>7. Er der garanti p\u00e5 produktet?<\/strong><br \/>Ja, vores vandk\u00f8leplader i aluminium leveres med en standardgaranti for kvalitetssikring.<\/p>\n<p><\/p>","protected":false},"featured_media":10779,"template":"","categories":[55],"class_list":["post-10950","product","type-product","status-publish","has-post-thumbnail","hentry","category-extruded-aluminum-profiles"],"meta_box":{"hilight_text_group":[{"product_hilight_text":"<li>Efficient thermal management for new energy applications<\/li>\n<li>High-quality aluminum construction for durability and performance<\/li>\n<li>Custom designs available to meet specific project requirements<\/li>\n<li>Lightweight and compact design for easy integration<\/li>\n<li>Suitable for various new energy sectors including automotive and solar<\/li>"}],"feature_list":[]},"_links":{"self":[{"href":"https:\/\/sinoextrud.com\/da\/wp-json\/wp\/v2\/product\/10950","targetHints":{"allow":["GET"]}}],"collection":[{"href":"https:\/\/sinoextrud.com\/da\/wp-json\/wp\/v2\/product"}],"about":[{"href":"https:\/\/sinoextrud.com\/da\/wp-json\/wp\/v2\/types\/product"}],"wp:featuredmedia":[{"embeddable":true,"href":"https:\/\/sinoextrud.com\/da\/wp-json\/wp\/v2\/media\/10779"}],"wp:attachment":[{"href":"https:\/\/sinoextrud.com\/da\/wp-json\/wp\/v2\/media?parent=10950"}],"wp:term":[{"taxonomy":"category","embeddable":true,"href":"https:\/\/sinoextrud.com\/da\/wp-json\/wp\/v2\/categories?post=10950"}],"curies":[{"name":"wp","href":"https:\/\/api.w.org\/{rel}","templated":true}]}}