{"id":10948,"date":"2025-08-01T03:17:11","date_gmt":"2025-08-01T03:17:11","guid":{"rendered":"https:\/\/sinoextrud.com\/product\/anodized-aluminum-bluetooth-casing\/"},"modified":"2025-08-01T03:17:11","modified_gmt":"2025-08-01T03:17:11","slug":"bluetooth-kabinet-i-anodiseret-aluminium","status":"publish","type":"product","link":"https:\/\/sinoextrud.com\/da\/product\/anodized-aluminum-bluetooth-casing\/","title":{"rendered":"Bluetooth-kabinet i anodiseret aluminium"},"content":{"rendered":"<h2>Detaljer om produkter<\/h2>\n<div class=\"product-table\">\n<div class=\"row\">\n<div class=\"cell label\">CNC-bearbejdning eller ej<\/div>\n<div class=\"cell value\">Cnc-bearbejdning<\/div>\n<\/div>\n<div class=\"row\">\n<div class=\"cell label\">Materialekapacitet<\/div>\n<div class=\"cell value\">Aluminium, messing, bronze, kobber, h\u00e6rdede metaller, \u00e6delmetaller, rustfrit st\u00e5l, st\u00e5llegeringer<\/div>\n<\/div>\n<div class=\"row\">\n<div class=\"cell label\">Type<\/div>\n<div class=\"cell value\">R\u00f8mning, boring, \u00e6tsning \/ kemisk bearbejdning, laserbearbejdning, fr\u00e6sning, andre bearbejdningstjenester, drejning, tr\u00e5dgnistning, hurtig prototyping<\/div>\n<\/div>\n<div class=\"row\">\n<div class=\"cell label\">Mikrobearbejdning eller ej<\/div>\n<div class=\"cell value\">Ikke mikrobearbejdning<\/div>\n<\/div>\n<div class=\"row\">\n<div class=\"cell label\">Materiale<\/div>\n<div class=\"cell value\">Alumiuminum<\/div>\n<\/div>\n<div class=\"row\">\n<div class=\"cell label\">Proces<\/div>\n<div class=\"cell value\">CNC-bearbejdet<\/div>\n<\/div>\n<div class=\"row\">\n<div class=\"cell label\">N\u00f8gleord<\/div>\n<div class=\"cell value\">CNC-bearbejdning tilpasset OEM-service<\/div>\n<\/div>\n<div class=\"row\">\n<div class=\"cell label\">Produktets navn<\/div>\n<div class=\"cell value\">Cnc-bearbejdningsdele<\/div>\n<\/div>\n<div class=\"row\">\n<div class=\"cell label\">Farve<\/div>\n<div class=\"cell value\">Tilpasset farve<\/div>\n<\/div>\n<div class=\"row\">\n<div class=\"cell label\">Pakning<\/div>\n<div class=\"cell value\">Tilpasset pakning<\/div>\n<\/div>\n<div class=\"row\">\n<div class=\"cell label\">MOQ<\/div>\n<div class=\"cell value\">Sm\u00e5 ordrer accepteres<\/div>\n<\/div>\n<div class=\"row\">\n<div class=\"cell label\">Pr\u00f8ve<\/div>\n<div class=\"cell value\">Tag imod pr\u00f8vebestillinger<\/div>\n<\/div>\n<div class=\"row\">\n<div class=\"cell label\">Salg af enheder<\/div>\n<div class=\"cell value\">En enkelt genstand<\/div>\n<\/div>\n<div class=\"row\">\n<div class=\"cell label\">Enkelt pakkest\u00f8rrelse<\/div>\n<div class=\"cell value\">10X8X10 cm<\/div>\n<\/div>\n<div class=\"row\">\n<div class=\"cell label\">Enkelt bruttov\u00e6gt<\/div>\n<div class=\"cell value\">0,100 KG<\/div>\n<\/div>\n<\/div>\n<p><\/p>\n<h2>Vores produktionsbase<\/h2>\n<h3>Panorama over fabrikken<\/h3>\n<p><img decoding=\"async\" src=\"\/wp-content\/uploads\/factory-01.webp\"\/><\/p>\n<h3>V\u00e6rksted til fremstilling af aluminiumst\u00e6nger<\/h3>\n<p><img decoding=\"async\" src=\"\/wp-content\/uploads\/factory-02.webp\"\/><\/p>\n<p><img decoding=\"async\" src=\"\/wp-content\/uploads\/factory-03.webp\"\/><\/p>\n<h3>Lager til opbevaring af skimmelsvampe<\/h3>\n<p><img decoding=\"async\" src=\"\/wp-content\/uploads\/factory-04.webp\"\/><\/p>\n<h3>43 ekstruderingslinjer for aluminium (500-5500 ton)<\/h3>\n<p><img decoding=\"async\" src=\"\/wp-content\/uploads\/factory-05.webp\"\/><\/p>\n<p><img decoding=\"async\" src=\"\/wp-content\/uploads\/factory-06.webp\"\/><\/p>\n<p><img decoding=\"async\" src=\"\/wp-content\/uploads\/factory-07.webp\"\/><\/p>\n<h3>V\u00e6rksted for pulverlakering<\/h3>\n<p><img decoding=\"async\" src=\"\/wp-content\/uploads\/factory-09.webp\"\/><\/p>\n<h3>Anodiseringsv\u00e6rksted<\/h3>\n<p><img decoding=\"async\" src=\"\/wp-content\/uploads\/factory-10.webp\"\/><\/p>\n<h3>Workshop om dyb behandling<\/h3>\n<p><img decoding=\"async\" src=\"\/wp-content\/uploads\/factory-11.webp\"\/><\/p>\n<h3>V\u00e6rksted for CNC-pr\u00e6cisionsbearbejdning<\/h3>\n<p><img decoding=\"async\" src=\"\/wp-content\/uploads\/factory-11.5.webp\"\/><\/p>\n<h3>F\u00e6rdigvare- og eksportlager<\/h3>\n<p><img decoding=\"async\" src=\"\/wp-content\/uploads\/factory-12.webp\"\/><\/p>\n<p><img decoding=\"async\" src=\"\/wp-content\/uploads\/factory-13.webp\"\/><\/p>\n<p><img decoding=\"async\" src=\"\/wp-content\/uploads\/factory-14.webp\"\/><\/p>\n<h2>OFTE STILLEDE SP\u00d8RGSM\u00c5L<\/h2>\n<p><strong>1. Kan dette Bluetooth-kabinet i anodiseret aluminium tilpasses?<\/strong><br \/>Ja, vi tilbyder tilpasningsmuligheder, herunder farve- og logobranding.<\/p>\n<p><strong>2. Underst\u00f8tter kabinettet forskellige modeller af Bluetooth-enheder?<\/strong><br \/>Kabinettet er designet til at v\u00e6re kompatibelt med en r\u00e6kke modeller af Bluetooth-enheder.<\/p>\n<p><strong>3. Hvad er fordelene ved anodiseret aluminium til dette kabinet?<\/strong><br \/>Anodiseret aluminium giver overlegen modstandsdygtighed over for ridser og korrosion, hvilket sikrer langvarig beskyttelse.<\/p>\n<p><strong>4. Kan kabinettet modst\u00e5 slag og h\u00e5rdh\u00e6ndet brug?<\/strong><br \/>Ja, kabinettet er bygget til at v\u00e6re holdbart og modstandsdygtigt over for st\u00f8d.<\/p>\n<p><strong>5. Hvordan gavner anodisering husets udseende?<\/strong><br \/>Anodisering giver en elegant, farvet finish, samtidig med at metallets naturlige struktur bevares.<\/p>\n<p><strong>6. Er international forsendelse tilg\u00e6ngelig for store ordrer?<\/strong><br \/>Ja, vi tilbyder international forsendelse og hj\u00e6lper med den n\u00f8dvendige logistik og dokumentation.<\/p>\n<p><strong>7. Hvad er den mindste ordrem\u00e6ngde for specialfremstillede hylstre?<\/strong><br \/>Den mindste ordrem\u00e6ngde for tilpasning starter typisk ved 300 enheder, afh\u00e6ngigt af specifikke krav.<\/p>\n<p><\/p>","protected":false},"featured_media":10834,"template":"","categories":[68],"class_list":["post-10948","product","type-product","status-publish","has-post-thumbnail","hentry","category-cnc-machining-aluminum-profile"],"meta_box":{"hilight_text_group":[{"product_hilight_text":"<li>Provides enhanced protection for Bluetooth devices<\/li>\n<li>Lightweight yet durable anodized aluminum construction<\/li>\n<li>Custom-fit design ensures compatibility with various Bluetooth models<\/li>\n<li>Resistant to scratches and corrosion for long-lasting use<\/li>\n<li>Available in a variety of colors to match your brand identity<\/li>"}],"feature_list":[]},"_links":{"self":[{"href":"https:\/\/sinoextrud.com\/da\/wp-json\/wp\/v2\/product\/10948","targetHints":{"allow":["GET"]}}],"collection":[{"href":"https:\/\/sinoextrud.com\/da\/wp-json\/wp\/v2\/product"}],"about":[{"href":"https:\/\/sinoextrud.com\/da\/wp-json\/wp\/v2\/types\/product"}],"wp:featuredmedia":[{"embeddable":true,"href":"https:\/\/sinoextrud.com\/da\/wp-json\/wp\/v2\/media\/10834"}],"wp:attachment":[{"href":"https:\/\/sinoextrud.com\/da\/wp-json\/wp\/v2\/media?parent=10948"}],"wp:term":[{"taxonomy":"category","embeddable":true,"href":"https:\/\/sinoextrud.com\/da\/wp-json\/wp\/v2\/categories?post=10948"}],"curies":[{"name":"wp","href":"https:\/\/api.w.org\/{rel}","templated":true}]}}