{"id":10947,"date":"2025-08-01T03:17:09","date_gmt":"2025-08-01T03:17:09","guid":{"rendered":"https:\/\/sinoextrud.com\/product\/anodizing-aluminum-cable-trunking-for-wiring-systems\/"},"modified":"2025-08-01T03:17:09","modified_gmt":"2025-08-01T03:17:09","slug":"anodisering-af-kabelkanaler-i-aluminium-til-ledningssystemer","status":"publish","type":"product","link":"https:\/\/sinoextrud.com\/da\/product\/anodizing-aluminum-cable-trunking-for-wiring-systems\/","title":{"rendered":"Anodisering af kabelkanaler i aluminium til ledningssystemer"},"content":{"rendered":"<h2>Detaljer om produkter<\/h2>\n<div class=\"product-table\">\n<div class=\"row\">\n<div class=\"cell label\">Type<\/div>\n<div class=\"cell value\">Andet<\/div>\n<\/div>\n<div class=\"row\">\n<div class=\"cell label\">Stil<\/div>\n<div class=\"cell value\">Kabelkanal<\/div>\n<\/div>\n<div class=\"row\">\n<div class=\"cell label\">Overfladefinish<\/div>\n<div class=\"cell value\">aluminium<\/div>\n<\/div>\n<div class=\"row\">\n<div class=\"cell label\">Farve<\/div>\n<div class=\"cell value\">Tilpasset<\/div>\n<\/div>\n<div class=\"row\">\n<div class=\"cell label\">Pr\u00f8ve<\/div>\n<div class=\"cell value\">Gratis<\/div>\n<\/div>\n<div class=\"row\">\n<div class=\"cell label\">Tilpasset<\/div>\n<div class=\"cell value\">I henhold til kundens specifikationer<\/div>\n<\/div>\n<div class=\"row\">\n<div class=\"cell label\">Virksomhedstype<\/div>\n<div class=\"cell value\">handel og fremstilling<\/div>\n<\/div>\n<div class=\"row\">\n<div class=\"cell label\">Type virksomhed<\/div>\n<div class=\"cell value\">Producent<\/div>\n<\/div>\n<div class=\"row\">\n<div class=\"cell label\">Tykkelse<\/div>\n<div class=\"cell value\">0,8-3,0 mm<\/div>\n<\/div>\n<div class=\"row\">\n<div class=\"cell label\">Funktion<\/div>\n<div class=\"cell value\">Modstandsdygtighed over for korrosion<\/div>\n<\/div>\n<div class=\"row\">\n<div class=\"cell label\">MOQ<\/div>\n<div class=\"cell value\">2 meter<\/div>\n<\/div>\n<div class=\"row\">\n<div class=\"cell label\">Detaljer om emballage<\/div>\n<div class=\"cell value\">Karton\u00e6ske eller andre pakkemetoder til Aluminium Raceway.<\/div>\n<\/div>\n<div class=\"row\">\n<div class=\"cell label\">Afsendelseshavn<\/div>\n<div class=\"cell value\">SHANGHAI<\/div>\n<\/div>\n<div class=\"row\">\n<div class=\"cell label\">Salg af enheder<\/div>\n<div class=\"cell value\">En enkelt genstand<\/div>\n<\/div>\n<div class=\"row\">\n<div class=\"cell label\">Enkelt pakkest\u00f8rrelse<\/div>\n<div class=\"cell value\">50X5X5 cm<\/div>\n<\/div>\n<div class=\"row\">\n<div class=\"cell label\">Enkelt bruttov\u00e6gt<\/div>\n<div class=\"cell value\">2.000 KG<\/div>\n<\/div>\n<div class=\"row\">\n<div class=\"cell label\">Forsyningsevne<\/div>\n<div class=\"cell value\">1000 meter om dagen<\/div>\n<\/div>\n<\/div>\n<p><\/p>\n<h2>Vores produktionsbase<\/h2>\n<h3>Panorama over fabrikken<\/h3>\n<p><img decoding=\"async\" src=\"\/wp-content\/uploads\/factory-01.webp\"\/><\/p>\n<h3>V\u00e6rksted til fremstilling af aluminiumst\u00e6nger<\/h3>\n<p><img decoding=\"async\" src=\"\/wp-content\/uploads\/factory-02.webp\"\/><\/p>\n<p><img decoding=\"async\" src=\"\/wp-content\/uploads\/factory-03.webp\"\/><\/p>\n<h3>Lager til opbevaring af skimmelsvampe<\/h3>\n<p><img decoding=\"async\" src=\"\/wp-content\/uploads\/factory-04.webp\"\/><\/p>\n<h3>43 ekstruderingslinjer for aluminium (500-5500 ton)<\/h3>\n<p><img decoding=\"async\" src=\"\/wp-content\/uploads\/factory-05.webp\"\/><\/p>\n<p><img decoding=\"async\" src=\"\/wp-content\/uploads\/factory-06.webp\"\/><\/p>\n<p><img decoding=\"async\" src=\"\/wp-content\/uploads\/factory-07.webp\"\/><\/p>\n<h3>V\u00e6rksted for pulverlakering<\/h3>\n<p><img decoding=\"async\" src=\"\/wp-content\/uploads\/factory-09.webp\"\/><\/p>\n<h3>Anodiseringsv\u00e6rksted<\/h3>\n<p><img decoding=\"async\" src=\"\/wp-content\/uploads\/factory-10.webp\"\/><\/p>\n<h3>Workshop om dyb behandling<\/h3>\n<p><img decoding=\"async\" src=\"\/wp-content\/uploads\/factory-11.webp\"\/><\/p>\n<h3>V\u00e6rksted for CNC-pr\u00e6cisionsbearbejdning<\/h3>\n<p><img decoding=\"async\" src=\"\/wp-content\/uploads\/factory-11.5.webp\"\/><\/p>\n<h3>F\u00e6rdigvare- og eksportlager<\/h3>\n<p><img decoding=\"async\" src=\"\/wp-content\/uploads\/factory-12.webp\"\/><\/p>\n<p><img decoding=\"async\" src=\"\/wp-content\/uploads\/factory-13.webp\"\/><\/p>\n<p><img decoding=\"async\" src=\"\/wp-content\/uploads\/factory-14.webp\"\/><\/p>\n<h2>OFTE STILLEDE SP\u00d8RGSM\u00c5L<\/h2>\n<p><strong>1. Hvad er anodisering i kabelkanaler af aluminium?<\/strong><br \/>Anodisering er en elektrokemisk proces, der \u00f8ger holdbarheden og forhindrer korrosion p\u00e5 aluminiumsoverflader.<\/p>\n<p><strong>2. Kan vi tilpasse st\u00f8rrelsen p\u00e5 kabelkanalen?<\/strong><br \/>Ja, vores kabelkanaler i aluminium kan skr\u00e6ddersys til dine specifikke st\u00f8rrelseskrav.<\/p>\n<p><strong>3. Er kabelkanaler i anodiseret aluminium egnet til udend\u00f8rs brug?<\/strong><br \/>Ja, dens korrosionsbestandige egenskaber g\u00f8r den ideel til udend\u00f8rs brug.<\/p>\n<p><strong>4. Hvordan gavner letv\u00e6gtsdesignet installationen?<\/strong><br \/>Den lave v\u00e6gt g\u00f8r det lettere at h\u00e5ndtere og installere, hvilket reducerer arbejdsomkostningerne.<\/p>\n<p><strong>5. Kan finishen tilpasses?<\/strong><br \/>Ja, der findes forskellige overflader, som passer til dine \u00e6stetiske og funktionelle behov.<\/p>\n<p><strong>6. Er aluminiumsmaterialet milj\u00f8venligt?<\/strong><br \/>Ja, aluminium er et genanvendeligt materiale, hvilket g\u00f8r det til et b\u00e6redygtigt valg til kabelkanaler.<\/p>\n<p><strong>7. Tilbyder I international forsendelse af kabelkanalerne?<\/strong><br \/>Ja, vi tilbyder omfattende internationale forsendelsesl\u00f8sninger, der opfylder dine behov.<\/p>\n<p><\/p>","protected":false},"featured_media":10835,"template":"","categories":[55],"class_list":["post-10947","product","type-product","status-publish","has-post-thumbnail","hentry","category-extruded-aluminum-profiles"],"meta_box":{"hilight_text_group":[{"product_hilight_text":"<li>Made from high-strength anodized aluminum for enhanced durability<\/li>\n<li>Customizable dimensions and finishes to suit specific B2B needs<\/li>\n<li>Lightweight design for easy installation and maintenance<\/li>\n<li>Corrosion-resistant for both indoor and outdoor applications<\/li>\n<li>Supports large-scale OEM and ODM production<\/li>"}],"feature_list":[]},"_links":{"self":[{"href":"https:\/\/sinoextrud.com\/da\/wp-json\/wp\/v2\/product\/10947","targetHints":{"allow":["GET"]}}],"collection":[{"href":"https:\/\/sinoextrud.com\/da\/wp-json\/wp\/v2\/product"}],"about":[{"href":"https:\/\/sinoextrud.com\/da\/wp-json\/wp\/v2\/types\/product"}],"wp:featuredmedia":[{"embeddable":true,"href":"https:\/\/sinoextrud.com\/da\/wp-json\/wp\/v2\/media\/10835"}],"wp:attachment":[{"href":"https:\/\/sinoextrud.com\/da\/wp-json\/wp\/v2\/media?parent=10947"}],"wp:term":[{"taxonomy":"category","embeddable":true,"href":"https:\/\/sinoextrud.com\/da\/wp-json\/wp\/v2\/categories?post=10947"}],"curies":[{"name":"wp","href":"https:\/\/api.w.org\/{rel}","templated":true}]}}