{"id":10945,"date":"2025-08-01T03:17:05","date_gmt":"2025-08-01T03:17:05","guid":{"rendered":"https:\/\/sinoextrud.com\/product\/strobe-light-heat-sink-for-led-systems\/"},"modified":"2025-08-01T03:17:05","modified_gmt":"2025-08-01T03:17:05","slug":"stroboskoplys-koleplade-til-led-systemer","status":"publish","type":"product","link":"https:\/\/sinoextrud.com\/da\/product\/strobe-light-heat-sink-for-led-systems\/","title":{"rendered":"Stroboskoplys-k\u00f8leplade til LED-systemer"},"content":{"rendered":"<h2>Detaljer om produkter<\/h2>\n<div class=\"product-table\">\n<div class=\"row\">\n<div class=\"cell label\">Karakter<\/div>\n<div class=\"cell value\">6000-serien<\/div>\n<\/div>\n<div class=\"row\">\n<div class=\"cell label\">Tolerance<\/div>\n<div class=\"cell value\">\u00b11%<\/div>\n<\/div>\n<div class=\"row\">\n<div class=\"cell label\">Leveringstid<\/div>\n<div class=\"cell value\">inden for 7 dage<\/div>\n<\/div>\n<div class=\"row\">\n<div class=\"cell label\">Temperament<\/div>\n<div class=\"cell value\">T3-T8<\/div>\n<\/div>\n<div class=\"row\">\n<div class=\"cell label\">Anvendelse<\/div>\n<div class=\"cell value\">K\u00f8leplade<\/div>\n<\/div>\n<div class=\"row\">\n<div class=\"cell label\">Form<\/div>\n<div class=\"cell value\">Firkantet<\/div>\n<\/div>\n<div class=\"row\">\n<div class=\"cell label\">Legering eller ej<\/div>\n<div class=\"cell value\">Er legeret<\/div>\n<\/div>\n<div class=\"row\">\n<div class=\"cell label\">Behandling af service<\/div>\n<div class=\"cell value\">B\u00f8jning, afrulning, svejsning, stansning, sk\u00e6ring<\/div>\n<\/div>\n<div class=\"row\">\n<div class=\"cell label\">Produktets navn<\/div>\n<div class=\"cell value\">Brugerdefineret LED modul\u00e6r gadelys ekstrudering aluminium k\u00f8leplade<\/div>\n<\/div>\n<div class=\"row\">\n<div class=\"cell label\">Materiale og temperatur<\/div>\n<div class=\"cell value\">Profil af aluminiumslegering 6063-T5, 6061-T6<\/div>\n<\/div>\n<div class=\"row\">\n<div class=\"cell label\">Anvendelse<\/div>\n<div class=\"cell value\">Elektronik, byggeri, konstruktion og dekoration.<\/div>\n<\/div>\n<div class=\"row\">\n<div class=\"cell label\">Dyb forarbejdning<\/div>\n<div class=\"cell value\">CNC \/ sk\u00e6ring \/ stansning \/ gevindsk\u00e6ring \/ boring \/ fr\u00e6sning<\/div>\n<\/div>\n<div class=\"row\">\n<div class=\"cell label\">MOQ<\/div>\n<div class=\"cell value\">200 kg ved almindelig bestilling.<\/div>\n<\/div>\n<div class=\"row\">\n<div class=\"cell label\">OEM\/ODM<\/div>\n<div class=\"cell value\">Tilg\u00e6ngelig<\/div>\n<\/div>\n<div class=\"row\">\n<div class=\"cell label\">Leveringstid<\/div>\n<div class=\"cell value\">Normalt 15-25 dage<\/div>\n<\/div>\n<div class=\"row\">\n<div class=\"cell label\">Overfladefinish<\/div>\n<div class=\"cell value\">Anodisering, bel\u00e6gning, elektroforese, vasketryk, laserm\u00e6rkning<\/div>\n<\/div>\n<div class=\"row\">\n<div class=\"cell label\">Farve<\/div>\n<div class=\"cell value\">S\u00f8lv, sort, hvid eller tilpasset<\/div>\n<\/div>\n<div class=\"row\">\n<div class=\"cell label\">Krav til farve<\/div>\n<div class=\"cell value\">Pantone-nummer, Ral-nummer eller pr\u00f8ve<\/div>\n<\/div>\n<div class=\"row\">\n<div class=\"cell label\">Salg af enheder<\/div>\n<div class=\"cell value\">En enkelt genstand<\/div>\n<\/div>\n<div class=\"row\">\n<div class=\"cell label\">Enkelt pakkest\u00f8rrelse<\/div>\n<div class=\"cell value\">30X30X20 cm<\/div>\n<\/div>\n<div class=\"row\">\n<div class=\"cell label\">Enkelt bruttov\u00e6gt<\/div>\n<div class=\"cell value\">0,200 KG<\/div>\n<\/div>\n<\/div>\n<p><\/p>\n<h2>Vores produktionsbase<\/h2>\n<h3>Panorama over fabrikken<\/h3>\n<p><img decoding=\"async\" src=\"\/wp-content\/uploads\/factory-01.webp\"\/><\/p>\n<h3>V\u00e6rksted til fremstilling af aluminiumst\u00e6nger<\/h3>\n<p><img decoding=\"async\" src=\"\/wp-content\/uploads\/factory-02.webp\"\/><\/p>\n<p><img decoding=\"async\" src=\"\/wp-content\/uploads\/factory-03.webp\"\/><\/p>\n<h3>Lager til opbevaring af skimmelsvampe<\/h3>\n<p><img decoding=\"async\" src=\"\/wp-content\/uploads\/factory-04.webp\"\/><\/p>\n<h3>43 ekstruderingslinjer for aluminium (500-5500 ton)<\/h3>\n<p><img decoding=\"async\" src=\"\/wp-content\/uploads\/factory-05.webp\"\/><\/p>\n<p><img decoding=\"async\" src=\"\/wp-content\/uploads\/factory-06.webp\"\/><\/p>\n<p><img decoding=\"async\" src=\"\/wp-content\/uploads\/factory-07.webp\"\/><\/p>\n<h3>V\u00e6rksted for pulverlakering<\/h3>\n<p><img decoding=\"async\" src=\"\/wp-content\/uploads\/factory-09.webp\"\/><\/p>\n<h3>Anodiseringsv\u00e6rksted<\/h3>\n<p><img decoding=\"async\" src=\"\/wp-content\/uploads\/factory-10.webp\"\/><\/p>\n<h3>Workshop om dyb behandling<\/h3>\n<p><img decoding=\"async\" src=\"\/wp-content\/uploads\/factory-11.webp\"\/><\/p>\n<h3>V\u00e6rksted for CNC-pr\u00e6cisionsbearbejdning<\/h3>\n<p><img decoding=\"async\" src=\"\/wp-content\/uploads\/factory-11.5.webp\"\/><\/p>\n<h3>F\u00e6rdigvare- og eksportlager<\/h3>\n<p><img decoding=\"async\" src=\"\/wp-content\/uploads\/factory-12.webp\"\/><\/p>\n<p><img decoding=\"async\" src=\"\/wp-content\/uploads\/factory-13.webp\"\/><\/p>\n<p><img decoding=\"async\" src=\"\/wp-content\/uploads\/factory-14.webp\"\/><\/p>\n<h2>OFTE STILLEDE SP\u00d8RGSM\u00c5L<\/h2>\n<p><strong>1. Hvad er en k\u00f8leplade til stroboskoplys?<\/strong><br \/>En k\u00f8leplade til stroboskoplys er en komponent, der er designet til at sprede den varme, der genereres af stroboskoplys, hvilket forbedrer deres ydeevne og levetid.<\/p>\n<p><strong>2. Kan denne k\u00f8leplade bruges sammen med et hvilket som helst stroboskoplys?<\/strong><br \/>Ja, den er kompatibel med en lang r\u00e6kke stroboskopmodeller og kan tilpasses efter behov.<\/p>\n<p><strong>3. Hvorfor er det vigtigt med en k\u00f8leplade til stroboskoplys?<\/strong><br \/>K\u00f8lelegemer forhindrer overophedning, som kan beskadige stroboskoplys og reducere deres effektivitet.<\/p>\n<p><strong>4. Hvordan installerer jeg k\u00f8lepladen p\u00e5 et stroboskoplys?<\/strong><br \/>Der f\u00f8lger en monteringsvejledning med, og normalt handler det om at fastg\u00f8re k\u00f8lepladen til stroboskoplysets hus.<\/p>\n<p><strong>5. Er denne k\u00f8leplade lavet af holdbare materialer?<\/strong><br \/>Ja, den er typisk lavet af aluminium af h\u00f8j kvalitet for effektiv varmeafledning og langvarig holdbarhed.<\/p>\n<p><strong>6. Kan k\u00f8lepladen tilpasses til forskellige stroboskopapplikationer?<\/strong><br \/>Ja, tilpasningsmuligheder som st\u00f8rrelse og finish er tilg\u00e6ngelige for at matche specifikke anvendelsesbehov.<\/p>\n<p><strong>7. Forbedrer k\u00f8lepladen stroboskoplysets ydeevne?<\/strong><br \/>Ja, det forbedrer ydeevnen ved effektivt at styre varmen og forl\u00e6nger stroboskoplysets levetid og stabilitet.<\/p>\n<p><\/p>","protected":false},"featured_media":10836,"template":"","categories":[72],"class_list":["post-10945","product","type-product","status-publish","has-post-thumbnail","hentry","category-extruded-aluminum-heatsink"],"meta_box":{"hilight_text_group":[{"product_hilight_text":"<li>Engineered for optimal thermal management in strobe lighting systems<\/li>\n<li>High-efficiency design ensures prolonged strobe light lifespan<\/li>\n<li>Compatible with various strobe light models and brands<\/li>\n<li>Available in different materials like aluminum for superior heat dissipation<\/li>\n<li>Customizable dimensions and finishes to meet specific requirements<\/li>"}],"feature_list":[]},"_links":{"self":[{"href":"https:\/\/sinoextrud.com\/da\/wp-json\/wp\/v2\/product\/10945","targetHints":{"allow":["GET"]}}],"collection":[{"href":"https:\/\/sinoextrud.com\/da\/wp-json\/wp\/v2\/product"}],"about":[{"href":"https:\/\/sinoextrud.com\/da\/wp-json\/wp\/v2\/types\/product"}],"wp:featuredmedia":[{"embeddable":true,"href":"https:\/\/sinoextrud.com\/da\/wp-json\/wp\/v2\/media\/10836"}],"wp:attachment":[{"href":"https:\/\/sinoextrud.com\/da\/wp-json\/wp\/v2\/media?parent=10945"}],"wp:term":[{"taxonomy":"category","embeddable":true,"href":"https:\/\/sinoextrud.com\/da\/wp-json\/wp\/v2\/categories?post=10945"}],"curies":[{"name":"wp","href":"https:\/\/api.w.org\/{rel}","templated":true}]}}