{"id":10942,"date":"2025-08-01T03:16:56","date_gmt":"2025-08-01T03:16:56","guid":{"rendered":"https:\/\/sinoextrud.com\/product\/aluminum-plate-fin-heat-sink-for-power-devices\/"},"modified":"2025-08-01T03:16:56","modified_gmt":"2025-08-01T03:16:56","slug":"koleplade-med-aluminiumsfinne-til-stromforsyninger","status":"publish","type":"product","link":"https:\/\/sinoextrud.com\/da\/product\/aluminum-plate-fin-heat-sink-for-power-devices\/","title":{"rendered":"K\u00f8leplade med aluminiumsfinne til str\u00f8mforsyninger"},"content":{"rendered":"<h2>Detaljer om produkter<\/h2>\n<div class=\"product-table\">\n<div class=\"row\">\n<div class=\"cell label\">Karakter<\/div>\n<div class=\"cell value\">6060,6005,6061,6063,6082,7003,7075,7N12<\/div>\n<\/div>\n<div class=\"row\">\n<div class=\"cell label\">Tolerance<\/div>\n<div class=\"cell value\">\u00b11%<\/div>\n<\/div>\n<div class=\"row\">\n<div class=\"cell label\">Leveringstid<\/div>\n<div class=\"cell value\">3-15 dage efter betaling<\/div>\n<\/div>\n<div class=\"row\">\n<div class=\"cell label\">Temperament<\/div>\n<div class=\"cell value\">T4.T5.T6<\/div>\n<\/div>\n<div class=\"row\">\n<div class=\"cell label\">Anvendelse<\/div>\n<div class=\"cell value\">Dekorationer<\/div>\n<\/div>\n<div class=\"row\">\n<div class=\"cell label\">Form<\/div>\n<div class=\"cell value\">Ekstrudering af profiler<\/div>\n<\/div>\n<div class=\"row\">\n<div class=\"cell label\">Legering eller ej<\/div>\n<div class=\"cell value\">Er legeret<\/div>\n<\/div>\n<div class=\"row\">\n<div class=\"cell label\">Behandling af service<\/div>\n<div class=\"cell value\">B\u00f8jning, svejsning, stansning, sk\u00e6ring, ekstrudering<\/div>\n<\/div>\n<div class=\"row\">\n<div class=\"cell label\">Certificering<\/div>\n<div class=\"cell value\">ISO 9001<\/div>\n<\/div>\n<div class=\"row\">\n<div class=\"cell label\">Farve<\/div>\n<div class=\"cell value\">S\u00f8lv, hvid, sort<\/div>\n<\/div>\n<div class=\"row\">\n<div class=\"cell label\">N\u00f8gleord<\/div>\n<div class=\"cell value\">Industriel aluminiumsprofil<\/div>\n<\/div>\n<div class=\"row\">\n<div class=\"cell label\">Betalingsperiode<\/div>\n<div class=\"cell value\">med T\/T eller L\/C<\/div>\n<\/div>\n<div class=\"row\">\n<div class=\"cell label\">L\u00e6ngde<\/div>\n<div class=\"cell value\">Maks. 6 m, klippest\u00f8rrelse tilg\u00e6ngelig<\/div>\n<\/div>\n<div class=\"row\">\n<div class=\"cell label\">Overfladebehandling<\/div>\n<div class=\"cell value\">Anodiseret s\u00f8lv<\/div>\n<\/div>\n<div class=\"row\">\n<div class=\"cell label\">Materiale<\/div>\n<div class=\"cell value\">6060,6005,6061,6063,6082,7003,7075,7N12<\/div>\n<\/div>\n<div class=\"row\">\n<div class=\"cell label\">Produktets navn<\/div>\n<div class=\"cell value\">Ekstruderingsprofil i aluminium<\/div>\n<\/div>\n<div class=\"row\">\n<div class=\"cell label\">Standard<\/div>\n<div class=\"cell value\">GB5237.1-2008<\/div>\n<\/div>\n<div class=\"row\">\n<div class=\"cell label\">Salg af enheder<\/div>\n<div class=\"cell value\">En enkelt genstand<\/div>\n<\/div>\n<div class=\"row\">\n<div class=\"cell label\">Enkelt pakkest\u00f8rrelse<\/div>\n<div class=\"cell value\">11X12X27 cm<\/div>\n<\/div>\n<div class=\"row\">\n<div class=\"cell label\">Enkelt bruttov\u00e6gt<\/div>\n<div class=\"cell value\">3.000 KG<\/div>\n<\/div>\n<\/div>\n<p><\/p>\n<h2>Vores produktionsbase<\/h2>\n<h3>Panorama over fabrikken<\/h3>\n<p><img decoding=\"async\" src=\"\/wp-content\/uploads\/factory-01.webp\"\/><\/p>\n<h3>V\u00e6rksted til fremstilling af aluminiumst\u00e6nger<\/h3>\n<p><img decoding=\"async\" src=\"\/wp-content\/uploads\/factory-02.webp\"\/><\/p>\n<p><img decoding=\"async\" src=\"\/wp-content\/uploads\/factory-03.webp\"\/><\/p>\n<h3>Lager til opbevaring af skimmelsvampe<\/h3>\n<p><img decoding=\"async\" src=\"\/wp-content\/uploads\/factory-04.webp\"\/><\/p>\n<h3>43 ekstruderingslinjer for aluminium (500-5500 ton)<\/h3>\n<p><img decoding=\"async\" src=\"\/wp-content\/uploads\/factory-05.webp\"\/><\/p>\n<p><img decoding=\"async\" src=\"\/wp-content\/uploads\/factory-06.webp\"\/><\/p>\n<p><img decoding=\"async\" src=\"\/wp-content\/uploads\/factory-07.webp\"\/><\/p>\n<h3>V\u00e6rksted for pulverlakering<\/h3>\n<p><img decoding=\"async\" src=\"\/wp-content\/uploads\/factory-09.webp\"\/><\/p>\n<h3>Anodiseringsv\u00e6rksted<\/h3>\n<p><img decoding=\"async\" src=\"\/wp-content\/uploads\/factory-10.webp\"\/><\/p>\n<h3>Workshop om dyb behandling<\/h3>\n<p><img decoding=\"async\" src=\"\/wp-content\/uploads\/factory-11.webp\"\/><\/p>\n<h3>V\u00e6rksted for CNC-pr\u00e6cisionsbearbejdning<\/h3>\n<p><img decoding=\"async\" src=\"\/wp-content\/uploads\/factory-11.5.webp\"\/><\/p>\n<h3>F\u00e6rdigvare- og eksportlager<\/h3>\n<p><img decoding=\"async\" src=\"\/wp-content\/uploads\/factory-12.webp\"\/><\/p>\n<p><img decoding=\"async\" src=\"\/wp-content\/uploads\/factory-13.webp\"\/><\/p>\n<p><img decoding=\"async\" src=\"\/wp-content\/uploads\/factory-14.webp\"\/><\/p>\n<h2>OFTE STILLEDE SP\u00d8RGSM\u00c5L<\/h2>\n<p><strong>1. Hvad g\u00f8r aluminium til et godt materiale til k\u00f8lelegemer?<\/strong><br \/>Aluminium har en fremragende varmeledningsevne, hvilket g\u00f8r det ideelt til varmeafledning i k\u00f8lelegemer.<\/p>\n<p><strong>2. Kan k\u00f8lepladen i aluminium tilpasses?<\/strong><br \/>Ja, vi tilbyder tilpasning af dimensioner, vingedesign og monteringsmuligheder.<\/p>\n<p><strong>3. Er k\u00f8lepladen egnet til applikationer med h\u00f8j effekt?<\/strong><br \/>Absolut, den er designet til effektivt at h\u00e5ndtere varme i elektroniske applikationer med h\u00f8j effekt.<\/p>\n<p><strong>4. Tilbyder du termisk test af dine k\u00f8lelegemer?<\/strong><br \/>Ja, vi udf\u00f8rer grundige termiske tests for at sikre produktets ydeevne og p\u00e5lidelighed.<\/p>\n<p><strong>5. Hvad er den typiske levetid for en k\u00f8leplade af aluminium med finner?<\/strong><br \/>N\u00e5r det bruges korrekt, kan det holde i mange \u00e5r, hvilket sikrer langsigtet p\u00e5lidelighed.<\/p>\n<p><strong>6. Er disse k\u00f8lelegemer egnede til LED-belysning?<\/strong><br \/>Ja, de er effektive til at styre varmeafledning for LED-belysningssystemer.<\/p>\n<p><strong>7. Giver du teknisk support til brugerdefinerede projekter?<\/strong><br \/>Ja, teknisk support og r\u00e5dgivning er tilg\u00e6ngelig for tilpassede k\u00f8lelegemeprojekter.<\/p>\n<p><\/p>","protected":false},"featured_media":10772,"template":"","categories":[72],"class_list":["post-10942","product","type-product","status-publish","has-post-thumbnail","hentry","category-extruded-aluminum-heatsink"],"meta_box":{"hilight_text_group":[{"product_hilight_text":"<li>Efficient heat dissipation for electronic components<\/li>\n<li>Lightweight yet durable aluminum construction<\/li>\n<li>Customizable fin configurations for optimized performance<\/li>\n<li>Suitable for various industrial applications and devices<\/li>\n<li>Supports both OEM and ODM production services<\/li>"}],"feature_list":[]},"_links":{"self":[{"href":"https:\/\/sinoextrud.com\/da\/wp-json\/wp\/v2\/product\/10942","targetHints":{"allow":["GET"]}}],"collection":[{"href":"https:\/\/sinoextrud.com\/da\/wp-json\/wp\/v2\/product"}],"about":[{"href":"https:\/\/sinoextrud.com\/da\/wp-json\/wp\/v2\/types\/product"}],"wp:featuredmedia":[{"embeddable":true,"href":"https:\/\/sinoextrud.com\/da\/wp-json\/wp\/v2\/media\/10772"}],"wp:attachment":[{"href":"https:\/\/sinoextrud.com\/da\/wp-json\/wp\/v2\/media?parent=10942"}],"wp:term":[{"taxonomy":"category","embeddable":true,"href":"https:\/\/sinoextrud.com\/da\/wp-json\/wp\/v2\/categories?post=10942"}],"curies":[{"name":"wp","href":"https:\/\/api.w.org\/{rel}","templated":true}]}}