{"id":10936,"date":"2025-08-01T03:13:46","date_gmt":"2025-08-01T03:13:46","guid":{"rendered":"https:\/\/sinoextrud.com\/product\/cnc-machining-aluminum-heatsink-for-custom-projects\/"},"modified":"2025-08-01T03:13:46","modified_gmt":"2025-08-01T03:13:46","slug":"cnc-bearbejdning-af-koleplade-i-aluminium-til-specialprojekter","status":"publish","type":"product","link":"https:\/\/sinoextrud.com\/da\/product\/cnc-machining-aluminum-heatsink-for-custom-projects\/","title":{"rendered":"CNC-bearbejdning af k\u00f8leplade i aluminium til specialprojekter"},"content":{"rendered":"<h2>Detaljer om produkter<\/h2>\n<div class=\"product-table\">\n<div class=\"row\">\n<div class=\"cell label\">Overfladebehandling<\/div>\n<div class=\"cell value\">anodisere<\/div>\n<\/div>\n<div class=\"row\">\n<div class=\"cell label\">Form<\/div>\n<div class=\"cell value\">runde<\/div>\n<\/div>\n<div class=\"row\">\n<div class=\"cell label\">Kropsmateriale<\/div>\n<div class=\"cell value\">Aluminiumslegering<\/div>\n<\/div>\n<div class=\"row\">\n<div class=\"cell label\">Service til belysningsl\u00f8sninger<\/div>\n<div class=\"cell value\">automatisk CAD-layout<\/div>\n<\/div>\n<div class=\"row\">\n<div class=\"cell label\">Lysudbytte (lm\/w)<\/div>\n<div class=\"cell value\">100<\/div>\n<\/div>\n<div class=\"row\">\n<div class=\"cell label\">Garanti (\u00e5r)<\/div>\n<div class=\"cell value\">1 \u00e5r<\/div>\n<\/div>\n<div class=\"row\">\n<div class=\"cell label\">Proces<\/div>\n<div class=\"cell value\">CNC-bearbejdning<\/div>\n<\/div>\n<div class=\"row\">\n<div class=\"cell label\">IP-klassificering<\/div>\n<div class=\"cell value\">ip55<\/div>\n<\/div>\n<div class=\"row\">\n<div class=\"cell label\">Kropsfarve<\/div>\n<div class=\"cell value\">Sort<\/div>\n<\/div>\n<div class=\"row\">\n<div class=\"cell label\">Delens navn<\/div>\n<div class=\"cell value\">Brugerdefineret k\u00f8leplade af aluminium til elektrisk motor<\/div>\n<\/div>\n<div class=\"row\">\n<div class=\"cell label\">MOQ<\/div>\n<div class=\"cell value\">100 stykker<\/div>\n<\/div>\n<div class=\"row\">\n<div class=\"cell label\">Genneml\u00f8bstid<\/div>\n<div class=\"cell value\">Pr\u00f8ve: 3-5 dage; Produktion: 10-20 dage.<\/div>\n<\/div>\n<div class=\"row\">\n<div class=\"cell label\">Handelsbetingelser<\/div>\n<div class=\"cell value\">EXW \/ FOB \/ CIF<\/div>\n<\/div>\n<div class=\"row\">\n<div class=\"cell label\">Tegningsformat<\/div>\n<div class=\"cell value\">.pdf \/ .dwg \/ .igs \/ .stp \/ x_t.<\/div>\n<\/div>\n<div class=\"row\">\n<div class=\"cell label\">Betalingsbetingelser<\/div>\n<div class=\"cell value\">30% desposite, 70% f\u00f8r forsendelse<\/div>\n<\/div>\n<div class=\"row\">\n<div class=\"cell label\">Kvalitetskontrol<\/div>\n<div class=\"cell value\">100%-inspektion f\u00f8r forsendelse<\/div>\n<\/div>\n<div class=\"row\">\n<div class=\"cell label\">Pakning<\/div>\n<div class=\"cell value\">Standard eksportkarton med palle<\/div>\n<\/div>\n<div class=\"row\">\n<div class=\"cell label\">Forsendelsesbetingelser<\/div>\n<div class=\"cell value\">Ekspres \/Luftfragt \/S\u00f8fragt<\/div>\n<\/div>\n<div class=\"row\">\n<div class=\"cell label\">Type<\/div>\n<div class=\"cell value\">K\u00f8lelegemer<\/div>\n<\/div>\n<div class=\"row\">\n<div class=\"cell label\">Salg af enheder<\/div>\n<div class=\"cell value\">En enkelt genstand<\/div>\n<\/div>\n<div class=\"row\">\n<div class=\"cell label\">Enkelt pakkest\u00f8rrelse<\/div>\n<div class=\"cell value\">8X5X6 cm<\/div>\n<\/div>\n<div class=\"row\">\n<div class=\"cell label\">Enkelt bruttov\u00e6gt<\/div>\n<div class=\"cell value\">1.000 KG<\/div>\n<\/div>\n<\/div>\n<p><\/p>\n<h2>Vores produktionsbase<\/h2>\n<h3>Panorama over fabrikken<\/h3>\n<p><img decoding=\"async\" src=\"\/wp-content\/uploads\/factory-01.webp\"\/><\/p>\n<h3>V\u00e6rksted til fremstilling af aluminiumst\u00e6nger<\/h3>\n<p><img decoding=\"async\" src=\"\/wp-content\/uploads\/factory-02.webp\"\/><\/p>\n<p><img decoding=\"async\" src=\"\/wp-content\/uploads\/factory-03.webp\"\/><\/p>\n<h3>Lager til opbevaring af skimmelsvampe<\/h3>\n<p><img decoding=\"async\" src=\"\/wp-content\/uploads\/factory-04.webp\"\/><\/p>\n<h3>43 ekstruderingslinjer for aluminium (500-5500 ton)<\/h3>\n<p><img decoding=\"async\" src=\"\/wp-content\/uploads\/factory-05.webp\"\/><\/p>\n<p><img decoding=\"async\" src=\"\/wp-content\/uploads\/factory-06.webp\"\/><\/p>\n<p><img decoding=\"async\" src=\"\/wp-content\/uploads\/factory-07.webp\"\/><\/p>\n<h3>V\u00e6rksted for pulverlakering<\/h3>\n<p><img decoding=\"async\" src=\"\/wp-content\/uploads\/factory-09.webp\"\/><\/p>\n<h3>Anodiseringsv\u00e6rksted<\/h3>\n<p><img decoding=\"async\" src=\"\/wp-content\/uploads\/factory-10.webp\"\/><\/p>\n<h3>Workshop om dyb behandling<\/h3>\n<p><img decoding=\"async\" src=\"\/wp-content\/uploads\/factory-11.webp\"\/><\/p>\n<h3>V\u00e6rksted for CNC-pr\u00e6cisionsbearbejdning<\/h3>\n<p><img decoding=\"async\" src=\"\/wp-content\/uploads\/factory-11.5.webp\"\/><\/p>\n<h3>F\u00e6rdigvare- og eksportlager<\/h3>\n<p><img decoding=\"async\" src=\"\/wp-content\/uploads\/factory-12.webp\"\/><\/p>\n<p><img decoding=\"async\" src=\"\/wp-content\/uploads\/factory-13.webp\"\/><\/p>\n<p><img decoding=\"async\" src=\"\/wp-content\/uploads\/factory-14.webp\"\/><\/p>\n<h2>OFTE STILLEDE SP\u00d8RGSM\u00c5L<\/h2>\n<p><strong>1. Hvad er fordelene ved at bruge aluminium i k\u00f8lelegemer?<\/strong><br \/>Aluminium har en fremragende varmeledningsevne og er let, hvilket g\u00f8r det ideelt til k\u00f8lelegemer.<\/p>\n<p><strong>2. Kan CNC-bearbejdning af aluminiumsk\u00f8leplade tilpasses til vores specifikationer?<\/strong><br \/>Ja, vi tilbyder tilpasning i st\u00f8rrelse, form og design for at opfylde dine specifikke krav.<\/p>\n<p><strong>3. Er dette produkt kompatibelt med alle elektroniske enheder?<\/strong><br \/>K\u00f8lepladen kan skr\u00e6ddersys, s\u00e5 den passer til en lang r\u00e6kke elektroniske komponenter. Oplys venligst din enheds specifikationer for kompatibilitet.<\/p>\n<p><strong>4. Hvad er den typiske genneml\u00f8bstid for produktion?<\/strong><br \/>Leveringstiden varierer afh\u00e6ngigt af ordrest\u00f8rrelse og tilpasning, men ligger typisk mellem 2 og 4 uger.<\/p>\n<p><strong>5. Giver du pr\u00f8ver af CNC-bearbejdning af aluminiumsk\u00f8leplade?<\/strong><br \/>Ja, pr\u00f8ver er tilg\u00e6ngelige efter anmodning for at sikre kvalitet og pasform.<\/p>\n<p><strong>6. Er k\u00f8lelegemer af aluminium velegnede til tunge opgaver?<\/strong><br \/>Ja, vores k\u00f8lelegemer i aluminium er designet til b\u00e5de standard- og heavy-duty-anvendelser med fremragende holdbarhed.<\/p>\n<p><strong>7. Er der mulighed for international forsendelse af dette produkt?<\/strong><br \/>Ja, vi underst\u00f8tter international forsendelse og leverer al n\u00f8dvendig dokumentation for en problemfri leveringsproces.<\/p>\n<p><\/p>","protected":false},"featured_media":10842,"template":"","categories":[72],"class_list":["post-10936","product","type-product","status-publish","has-post-thumbnail","hentry","category-extruded-aluminum-heatsink"],"meta_box":{"hilight_text_group":[{"product_hilight_text":"<li>Optimized thermal performance for electronic components<\/li>\n<li>Customizable dimensions and designs for B2B needs<\/li>\n<li>High precision and quality through CNC machining<\/li>\n<li>Competitive pricing for bulk orders with flexible MOQ<\/li>\n<li>Lightweight and durable aluminum construction<\/li>"}],"feature_list":[]},"_links":{"self":[{"href":"https:\/\/sinoextrud.com\/da\/wp-json\/wp\/v2\/product\/10936","targetHints":{"allow":["GET"]}}],"collection":[{"href":"https:\/\/sinoextrud.com\/da\/wp-json\/wp\/v2\/product"}],"about":[{"href":"https:\/\/sinoextrud.com\/da\/wp-json\/wp\/v2\/types\/product"}],"wp:featuredmedia":[{"embeddable":true,"href":"https:\/\/sinoextrud.com\/da\/wp-json\/wp\/v2\/media\/10842"}],"wp:attachment":[{"href":"https:\/\/sinoextrud.com\/da\/wp-json\/wp\/v2\/media?parent=10936"}],"wp:term":[{"taxonomy":"category","embeddable":true,"href":"https:\/\/sinoextrud.com\/da\/wp-json\/wp\/v2\/categories?post=10936"}],"curies":[{"name":"wp","href":"https:\/\/api.w.org\/{rel}","templated":true}]}}