{"id":10932,"date":"2025-08-01T03:13:20","date_gmt":"2025-08-01T03:13:20","guid":{"rendered":"https:\/\/sinoextrud.com\/product\/aluminum-pipe-sleeve-for-protection-and-insulation\/"},"modified":"2025-08-01T03:13:20","modified_gmt":"2025-08-01T03:13:20","slug":"aluminiumsmuffe-til-beskyttelse-og-isolering","status":"publish","type":"product","link":"https:\/\/sinoextrud.com\/da\/product\/aluminum-pipe-sleeve-for-protection-and-insulation\/","title":{"rendered":"R\u00f8rmuffer af aluminium til beskyttelse og isolering"},"content":{"rendered":"<h2>Detaljer om produkter<\/h2>\n<div class=\"product-table\">\n<div class=\"row\">\n<div class=\"cell label\">Teknisk<\/div>\n<div class=\"cell value\">St\u00f8bning<\/div>\n<\/div>\n<div class=\"row\">\n<div class=\"cell label\">Form<\/div>\n<div class=\"cell value\">RUNDT<\/div>\n<\/div>\n<div class=\"row\">\n<div class=\"cell label\">Hovedkode<\/div>\n<div class=\"cell value\">Hule<\/div>\n<\/div>\n<div class=\"row\">\n<div class=\"cell label\">Overfladebehandling<\/div>\n<div class=\"cell value\">zinkbelagt<\/div>\n<\/div>\n<div class=\"row\">\n<div class=\"cell label\">Diameter p\u00e5 monteringshul<\/div>\n<div class=\"cell value\">28.4MM<\/div>\n<\/div>\n<div class=\"row\">\n<div class=\"cell label\">R\u00f8rklasse<\/div>\n<div class=\"cell value\">Ikke bed\u00f8mt<\/div>\n<\/div>\n<div class=\"row\">\n<div class=\"cell label\">Garanti<\/div>\n<div class=\"cell value\">Ingen<\/div>\n<\/div>\n<div class=\"row\">\n<div class=\"cell label\">Tilpasset support<\/div>\n<div class=\"cell value\">OEM<\/div>\n<\/div>\n<div class=\"row\">\n<div class=\"cell label\">Forbindelse<\/div>\n<div class=\"cell value\">Kvinde<\/div>\n<\/div>\n<div class=\"row\">\n<div class=\"cell label\">Samlet l\u00e6ngde<\/div>\n<div class=\"cell value\">43MM<\/div>\n<\/div>\n<div class=\"row\">\n<div class=\"cell label\">Produktets navn<\/div>\n<div class=\"cell value\">Linjebj\u00e6lke<\/div>\n<\/div>\n<div class=\"row\">\n<div class=\"cell label\">Materiale<\/div>\n<div class=\"cell value\">Alu+ABS<\/div>\n<\/div>\n<div class=\"row\">\n<div class=\"cell label\">Overfladebehandling<\/div>\n<div class=\"cell value\">Zinkbelagt<\/div>\n<\/div>\n<div class=\"row\">\n<div class=\"cell label\">Pakning<\/div>\n<div class=\"cell value\">Karton<\/div>\n<\/div>\n<div class=\"row\">\n<div class=\"cell label\">Betalingsbetingelser<\/div>\n<div class=\"cell value\">Handelsforsikring<\/div>\n<\/div>\n<div class=\"row\">\n<div class=\"cell label\">Leveringstid<\/div>\n<div class=\"cell value\">3-5 dage<\/div>\n<\/div>\n<div class=\"row\">\n<div class=\"cell label\">Pr\u00f8ve<\/div>\n<div class=\"cell value\">Gratis<\/div>\n<\/div>\n<div class=\"row\">\n<div class=\"cell label\">Havn<\/div>\n<div class=\"cell value\">Ningbo Havn\/Foshan<\/div>\n<\/div>\n<div class=\"row\">\n<div class=\"cell label\">Pakke<\/div>\n<div class=\"cell value\">Lille pakning+kartonpakning+palle<\/div>\n<\/div>\n<div class=\"row\">\n<div class=\"cell label\">Produktion af volumen<\/div>\n<div class=\"cell value\">Y<\/div>\n<\/div>\n<div class=\"row\">\n<div class=\"cell label\">Salg af enheder<\/div>\n<div class=\"cell value\">En enkelt genstand<\/div>\n<\/div>\n<div class=\"row\">\n<div class=\"cell label\">Enkelt pakkest\u00f8rrelse<\/div>\n<div class=\"cell value\">22,5X17X18 cm<\/div>\n<\/div>\n<div class=\"row\">\n<div class=\"cell label\">Enkelt bruttov\u00e6gt<\/div>\n<div class=\"cell value\">1.000 KG<\/div>\n<\/div>\n<\/div>\n<p><\/p>\n<h2>Vores produktionsbase<\/h2>\n<h3>Panorama over fabrikken<\/h3>\n<p><img decoding=\"async\" src=\"\/wp-content\/uploads\/factory-01.webp\"\/><\/p>\n<h3>V\u00e6rksted til fremstilling af aluminiumst\u00e6nger<\/h3>\n<p><img decoding=\"async\" src=\"\/wp-content\/uploads\/factory-02.webp\"\/><\/p>\n<p><img decoding=\"async\" src=\"\/wp-content\/uploads\/factory-03.webp\"\/><\/p>\n<h3>Lager til opbevaring af skimmelsvampe<\/h3>\n<p><img decoding=\"async\" src=\"\/wp-content\/uploads\/factory-04.webp\"\/><\/p>\n<h3>43 ekstruderingslinjer for aluminium (500-5500 ton)<\/h3>\n<p><img decoding=\"async\" src=\"\/wp-content\/uploads\/factory-05.webp\"\/><\/p>\n<p><img decoding=\"async\" src=\"\/wp-content\/uploads\/factory-06.webp\"\/><\/p>\n<p><img decoding=\"async\" src=\"\/wp-content\/uploads\/factory-07.webp\"\/><\/p>\n<h3>V\u00e6rksted for pulverlakering<\/h3>\n<p><img decoding=\"async\" src=\"\/wp-content\/uploads\/factory-09.webp\"\/><\/p>\n<h3>Anodiseringsv\u00e6rksted<\/h3>\n<p><img decoding=\"async\" src=\"\/wp-content\/uploads\/factory-10.webp\"\/><\/p>\n<h3>Workshop om dyb behandling<\/h3>\n<p><img decoding=\"async\" src=\"\/wp-content\/uploads\/factory-11.webp\"\/><\/p>\n<h3>V\u00e6rksted for CNC-pr\u00e6cisionsbearbejdning<\/h3>\n<p><img decoding=\"async\" src=\"\/wp-content\/uploads\/factory-11.5.webp\"\/><\/p>\n<h3>F\u00e6rdigvare- og eksportlager<\/h3>\n<p><img decoding=\"async\" src=\"\/wp-content\/uploads\/factory-12.webp\"\/><\/p>\n<p><img decoding=\"async\" src=\"\/wp-content\/uploads\/factory-13.webp\"\/><\/p>\n<p><img decoding=\"async\" src=\"\/wp-content\/uploads\/factory-14.webp\"\/><\/p>\n<h2>OFTE STILLEDE SP\u00d8RGSM\u00c5L<\/h2>\n<p><strong>1. Hvilke st\u00f8rrelser er tilg\u00e6ngelige for aluminiumsr\u00f8rmuffen?<\/strong><br \/>R\u00f8rb\u00f8sningen i aluminium kan tilpasses, s\u00e5 den passer til forskellige r\u00f8rdiametre.<\/p>\n<p><strong>2. Er aluminiumsr\u00f8rmuffen modstandsdygtig over for korrosion?<\/strong><br \/>Ja, den er lavet af korrosionsbestandige materialer for at sikre holdbarheden.<\/p>\n<p><strong>3. Kan aluminiumsr\u00f8rmuffen bruges til applikationer med h\u00f8j temperatur?<\/strong><br \/>Ja, den er designet til at give termisk beskyttelse i milj\u00f8er med h\u00f8je temperaturer.<\/p>\n<p><strong>4. Hvordan installerer jeg aluminiumsr\u00f8rmuffen?<\/strong><br \/>Det lette design g\u00f8r det nemt at installere, normalt med et minimum af v\u00e6rkt\u00f8j.<\/p>\n<p><strong>5. Hvilke industrier kan drage fordel af at bruge r\u00f8rmuffer i aluminium?<\/strong><br \/>Industrier som olie og gas, kemisk forarbejdning og byggeri bruger ofte disse muffer.<\/p>\n<p><strong>6. Kan aluminiumsr\u00f8rmuffen skr\u00e6ddersys til specifikke krav?<\/strong><br \/>Ja, den kan tilpasses i st\u00f8rrelse og design, s\u00e5 den opfylder specifikke behov.<\/p>\n<p><strong>7. Tilbyder I international forsendelse af aluminiumsr\u00f8rmuffer?<\/strong><br \/>Ja, vi tilbyder global forsendelse og kan h\u00e5ndtere den n\u00f8dvendige logistik.<\/p>\n<p><\/p>","protected":false},"featured_media":10844,"template":"","categories":[55],"class_list":["post-10932","product","type-product","status-publish","has-post-thumbnail","hentry","category-extruded-aluminum-profiles"],"meta_box":{"hilight_text_group":[{"product_hilight_text":"<li>Engineered for efficient thermal and mechanical protection<\/li>\n<li>Highly adaptable to fit a wide range of pipe diameters<\/li>\n<li>Constructed from premium-grade aluminum for durability<\/li>\n<li>Lightweight design for easy installation and handling<\/li>\n<li>Corrosion-resistant to enhance service life<\/li>"}],"feature_list":[]},"_links":{"self":[{"href":"https:\/\/sinoextrud.com\/da\/wp-json\/wp\/v2\/product\/10932","targetHints":{"allow":["GET"]}}],"collection":[{"href":"https:\/\/sinoextrud.com\/da\/wp-json\/wp\/v2\/product"}],"about":[{"href":"https:\/\/sinoextrud.com\/da\/wp-json\/wp\/v2\/types\/product"}],"wp:featuredmedia":[{"embeddable":true,"href":"https:\/\/sinoextrud.com\/da\/wp-json\/wp\/v2\/media\/10844"}],"wp:attachment":[{"href":"https:\/\/sinoextrud.com\/da\/wp-json\/wp\/v2\/media?parent=10932"}],"wp:term":[{"taxonomy":"category","embeddable":true,"href":"https:\/\/sinoextrud.com\/da\/wp-json\/wp\/v2\/categories?post=10932"}],"curies":[{"name":"wp","href":"https:\/\/api.w.org\/{rel}","templated":true}]}}