{"id":10931,"date":"2025-08-01T03:13:18","date_gmt":"2025-08-01T03:13:18","guid":{"rendered":"https:\/\/sinoextrud.com\/product\/aluminum-heatsink-for-beer-machine-cooling\/"},"modified":"2025-08-01T03:13:18","modified_gmt":"2025-08-01T03:13:18","slug":"koleplade-af-aluminium-til-koling-af-olmaskiner","status":"publish","type":"product","link":"https:\/\/sinoextrud.com\/da\/product\/aluminum-heatsink-for-beer-machine-cooling\/","title":{"rendered":"K\u00f8lelegeme af aluminium til k\u00f8ling af \u00f8lmaskiner"},"content":{"rendered":"<h2>Detaljer om produkter<\/h2>\n<div class=\"product-table\">\n<div class=\"row\">\n<div class=\"cell label\">CNC-bearbejdning eller ej<\/div>\n<div class=\"cell value\">Cnc-bearbejdning<\/div>\n<\/div>\n<div class=\"row\">\n<div class=\"cell label\">Materialekapacitet<\/div>\n<div class=\"cell value\">Aluminium, messing, bronze, kobber, h\u00e6rdede metaller, \u00e6delmetaller, rustfrit st\u00e5l, st\u00e5llegeringer<\/div>\n<\/div>\n<div class=\"row\">\n<div class=\"cell label\">Type<\/div>\n<div class=\"cell value\">R\u00f8mning, boring, \u00e6tsning\/kemisk bearbejdning, laserbearbejdning, fr\u00e6sning, andre bearbejdningstjenester<\/div>\n<\/div>\n<div class=\"row\">\n<div class=\"cell label\">Mikrobearbejdning eller ej<\/div>\n<div class=\"cell value\">Mikrobearbejdning<\/div>\n<\/div>\n<div class=\"row\">\n<div class=\"cell label\">Salg af enheder<\/div>\n<div class=\"cell value\">En enkelt genstand<\/div>\n<\/div>\n<div class=\"row\">\n<div class=\"cell label\">Enkelt pakkest\u00f8rrelse<\/div>\n<div class=\"cell value\">10X5X6 cm<\/div>\n<\/div>\n<div class=\"row\">\n<div class=\"cell label\">Enkelt bruttov\u00e6gt<\/div>\n<div class=\"cell value\">0,023 KG<\/div>\n<\/div>\n<\/div>\n<p><\/p>\n<h2>Vores produktionsbase<\/h2>\n<h3>Panorama over fabrikken<\/h3>\n<p><img decoding=\"async\" src=\"\/wp-content\/uploads\/factory-01.webp\"\/><\/p>\n<h3>V\u00e6rksted til fremstilling af aluminiumst\u00e6nger<\/h3>\n<p><img decoding=\"async\" src=\"\/wp-content\/uploads\/factory-02.webp\"\/><\/p>\n<p><img decoding=\"async\" src=\"\/wp-content\/uploads\/factory-03.webp\"\/><\/p>\n<h3>Lager til opbevaring af skimmelsvampe<\/h3>\n<p><img decoding=\"async\" src=\"\/wp-content\/uploads\/factory-04.webp\"\/><\/p>\n<h3>43 ekstruderingslinjer for aluminium (500-5500 ton)<\/h3>\n<p><img decoding=\"async\" src=\"\/wp-content\/uploads\/factory-05.webp\"\/><\/p>\n<p><img decoding=\"async\" src=\"\/wp-content\/uploads\/factory-06.webp\"\/><\/p>\n<p><img decoding=\"async\" src=\"\/wp-content\/uploads\/factory-07.webp\"\/><\/p>\n<h3>V\u00e6rksted for pulverlakering<\/h3>\n<p><img decoding=\"async\" src=\"\/wp-content\/uploads\/factory-09.webp\"\/><\/p>\n<h3>Anodiseringsv\u00e6rksted<\/h3>\n<p><img decoding=\"async\" src=\"\/wp-content\/uploads\/factory-10.webp\"\/><\/p>\n<h3>Workshop om dyb behandling<\/h3>\n<p><img decoding=\"async\" src=\"\/wp-content\/uploads\/factory-11.webp\"\/><\/p>\n<h3>V\u00e6rksted for CNC-pr\u00e6cisionsbearbejdning<\/h3>\n<p><img decoding=\"async\" src=\"\/wp-content\/uploads\/factory-11.5.webp\"\/><\/p>\n<h3>F\u00e6rdigvare- og eksportlager<\/h3>\n<p><img decoding=\"async\" src=\"\/wp-content\/uploads\/factory-12.webp\"\/><\/p>\n<p><img decoding=\"async\" src=\"\/wp-content\/uploads\/factory-13.webp\"\/><\/p>\n<p><img decoding=\"async\" src=\"\/wp-content\/uploads\/factory-14.webp\"\/><\/p>\n<h2>OFTE STILLEDE SP\u00d8RGSM\u00c5L<\/h2>\n<p><strong>1. Hvad er den prim\u00e6re fordel ved at bruge en k\u00f8leplade af aluminium i \u00f8lmaskiner?<\/strong><br \/>K\u00f8lelegemet i aluminium forbedrer varmestyringen og forbedrer maskinens effektivitet og levetid.<\/p>\n<p><strong>2. Kan aluminiumsk\u00f8lepladen tilpasses til forskellige maskinmodeller?<\/strong><br \/>Ja, vi tilbyder st\u00f8rrelser og former, der kan tilpasses, s\u00e5 de passer til forskellige \u00f8lmaskine-modeller.<\/p>\n<p><strong>3. Er aluminium det bedste materiale til k\u00f8lelegemer i \u00f8lmaskiner?<\/strong><br \/>Aluminium giver en balance mellem fremragende varmeledningsevne og letv\u00e6gtsegenskaber, hvilket er ideelt til \u00f8lmaskiner.<\/p>\n<p><strong>4. Hvordan hj\u00e6lper k\u00f8lepladen af aluminium med at forbedre \u00f8lmaskinens ydeevne?<\/strong><br \/>Den afleder effektivt varmen, forhindrer overophedning og sikrer optimal maskindrift.<\/p>\n<p><strong>5. Er k\u00f8lelegemerne egnede til kommercielle \u00f8lmaskiner?<\/strong><br \/>Ja, de er designet til at opfylde kravene til b\u00e5de kommercielle og industrielle \u00f8lmaskiner.<\/p>\n<p><strong>6. Kan jeg bestille en pr\u00f8ve af k\u00f8lepladen i aluminium, f\u00f8r jeg afgiver en stor ordre?<\/strong><br \/>Ja, pr\u00f8vebestillinger er tilg\u00e6ngelige for at teste pasformen og ydeevnen f\u00f8r stork\u00f8b.<\/p>\n<p><strong>7. P\u00e5virker det energiforbruget at bruge en k\u00f8leplade af aluminium?<\/strong><br \/>Ja, den forbedrer energieffektiviteten ved at opretholde optimale driftstemperaturer, hvilket reducerer det samlede energiforbrug.<\/p>\n<p><\/p>","protected":false},"featured_media":10763,"template":"","categories":[72],"class_list":["post-10931","product","type-product","status-publish","has-post-thumbnail","hentry","category-extruded-aluminum-heatsink"],"meta_box":{"hilight_text_group":[{"product_hilight_text":"<li>Efficient thermal management for beer machines<\/li>\n<li>Highly durable construction with aluminum material<\/li>\n<li>Improves performance and lifespan of beer machines<\/li>\n<li>Customizable dimensions to fit various machine models<\/li>\n<li>Supports high thermal conductivity requirements<\/li>"}],"feature_list":[]},"_links":{"self":[{"href":"https:\/\/sinoextrud.com\/da\/wp-json\/wp\/v2\/product\/10931","targetHints":{"allow":["GET"]}}],"collection":[{"href":"https:\/\/sinoextrud.com\/da\/wp-json\/wp\/v2\/product"}],"about":[{"href":"https:\/\/sinoextrud.com\/da\/wp-json\/wp\/v2\/types\/product"}],"wp:featuredmedia":[{"embeddable":true,"href":"https:\/\/sinoextrud.com\/da\/wp-json\/wp\/v2\/media\/10763"}],"wp:attachment":[{"href":"https:\/\/sinoextrud.com\/da\/wp-json\/wp\/v2\/media?parent=10931"}],"wp:term":[{"taxonomy":"category","embeddable":true,"href":"https:\/\/sinoextrud.com\/da\/wp-json\/wp\/v2\/categories?post=10931"}],"curies":[{"name":"wp","href":"https:\/\/api.w.org\/{rel}","templated":true}]}}