{"id":10928,"date":"2025-08-01T03:13:11","date_gmt":"2025-08-01T03:13:11","guid":{"rendered":"https:\/\/sinoextrud.com\/product\/aluminum-heating-radiator-for-industrial-equipment\/"},"modified":"2025-08-01T03:13:11","modified_gmt":"2025-08-01T03:13:11","slug":"aluminiumsvarmeradiator-til-industrielt-udstyr","status":"publish","type":"product","link":"https:\/\/sinoextrud.com\/da\/product\/aluminum-heating-radiator-for-industrial-equipment\/","title":{"rendered":"Aluminiumsvarmeradiator til industrielt udstyr"},"content":{"rendered":"<h2>Detaljer om produkter<\/h2>\n<div class=\"product-table\">\n<div class=\"row\">\n<div class=\"cell label\">CNC-bearbejdning eller ej<\/div>\n<div class=\"cell value\">Cnc-bearbejdning<\/div>\n<\/div>\n<div class=\"row\">\n<div class=\"cell label\">Materialekapacitet<\/div>\n<div class=\"cell value\">Aluminium<\/div>\n<\/div>\n<div class=\"row\">\n<div class=\"cell label\">Type<\/div>\n<div class=\"cell value\">BORING, \u00e6tsning\/kemisk bearbejdning, laserbearbejdning, fr\u00e6sning, andre bearbejdningstjenester, hurtig prototypefremstilling, drejning, tr\u00e5dgnistning<\/div>\n<\/div>\n<div class=\"row\">\n<div class=\"cell label\">Mikrobearbejdning eller ej<\/div>\n<div class=\"cell value\">Mikrobearbejdning<\/div>\n<\/div>\n<div class=\"row\">\n<div class=\"cell label\">Materiale<\/div>\n<div class=\"cell value\">Aluminiumslegering<\/div>\n<\/div>\n<div class=\"row\">\n<div class=\"cell label\">OEM\/ODM<\/div>\n<div class=\"cell value\">Tilsluttet<\/div>\n<\/div>\n<div class=\"row\">\n<div class=\"cell label\">Proces<\/div>\n<div class=\"cell value\">CNC-bearbejdning<\/div>\n<\/div>\n<div class=\"row\">\n<div class=\"cell label\">Overfladebehandling<\/div>\n<div class=\"cell value\">Kundens anmodning<\/div>\n<\/div>\n<div class=\"row\">\n<div class=\"cell label\">Udstyr<\/div>\n<div class=\"cell value\">CNC-bearbejdningscentre<\/div>\n<\/div>\n<div class=\"row\">\n<div class=\"cell label\">Service<\/div>\n<div class=\"cell value\">Tilpasset OEM<\/div>\n<\/div>\n<div class=\"row\">\n<div class=\"cell label\">Anvendelse<\/div>\n<div class=\"cell value\">Industrielt udstyr<\/div>\n<\/div>\n<div class=\"row\">\n<div class=\"cell label\">St\u00f8rrelse<\/div>\n<div class=\"cell value\">Tilpasset<\/div>\n<\/div>\n<div class=\"row\">\n<div class=\"cell label\">Tolerance<\/div>\n<div class=\"cell value\">0,05 - 0,1 )mm<\/div>\n<\/div>\n<div class=\"row\">\n<div class=\"cell label\">Bearbejdningsudstyr<\/div>\n<div class=\"cell value\">CNC-center til pr\u00e6cisionsbearbejdning<\/div>\n<\/div>\n<div class=\"row\">\n<div class=\"cell label\">Salg af enheder<\/div>\n<div class=\"cell value\">En enkelt genstand<\/div>\n<\/div>\n<div class=\"row\">\n<div class=\"cell label\">Enkelt pakkest\u00f8rrelse<\/div>\n<div class=\"cell value\">2X2X2 cm<\/div>\n<\/div>\n<div class=\"row\">\n<div class=\"cell label\">Enkelt bruttov\u00e6gt<\/div>\n<div class=\"cell value\">1.000 KG<\/div>\n<\/div>\n<\/div>\n<p><\/p>\n<h2>Vores produktionsbase<\/h2>\n<h3>Panorama over fabrikken<\/h3>\n<p><img decoding=\"async\" src=\"\/wp-content\/uploads\/factory-01.webp\"\/><\/p>\n<h3>V\u00e6rksted til fremstilling af aluminiumst\u00e6nger<\/h3>\n<p><img decoding=\"async\" src=\"\/wp-content\/uploads\/factory-02.webp\"\/><\/p>\n<p><img decoding=\"async\" src=\"\/wp-content\/uploads\/factory-03.webp\"\/><\/p>\n<h3>Lager til opbevaring af skimmelsvampe<\/h3>\n<p><img decoding=\"async\" src=\"\/wp-content\/uploads\/factory-04.webp\"\/><\/p>\n<h3>43 ekstruderingslinjer for aluminium (500-5500 ton)<\/h3>\n<p><img decoding=\"async\" src=\"\/wp-content\/uploads\/factory-05.webp\"\/><\/p>\n<p><img decoding=\"async\" src=\"\/wp-content\/uploads\/factory-06.webp\"\/><\/p>\n<p><img decoding=\"async\" src=\"\/wp-content\/uploads\/factory-07.webp\"\/><\/p>\n<h3>V\u00e6rksted for pulverlakering<\/h3>\n<p><img decoding=\"async\" src=\"\/wp-content\/uploads\/factory-09.webp\"\/><\/p>\n<h3>Anodiseringsv\u00e6rksted<\/h3>\n<p><img decoding=\"async\" src=\"\/wp-content\/uploads\/factory-10.webp\"\/><\/p>\n<h3>Workshop om dyb behandling<\/h3>\n<p><img decoding=\"async\" src=\"\/wp-content\/uploads\/factory-11.webp\"\/><\/p>\n<h3>V\u00e6rksted for CNC-pr\u00e6cisionsbearbejdning<\/h3>\n<p><img decoding=\"async\" src=\"\/wp-content\/uploads\/factory-11.5.webp\"\/><\/p>\n<h3>F\u00e6rdigvare- og eksportlager<\/h3>\n<p><img decoding=\"async\" src=\"\/wp-content\/uploads\/factory-12.webp\"\/><\/p>\n<p><img decoding=\"async\" src=\"\/wp-content\/uploads\/factory-13.webp\"\/><\/p>\n<p><img decoding=\"async\" src=\"\/wp-content\/uploads\/factory-14.webp\"\/><\/p>\n<h2>OFTE STILLEDE SP\u00d8RGSM\u00c5L<\/h2>\n<p><strong>1. Hvad er fordelene ved at bruge en aluminiumsvarmeradiator?<\/strong><br \/>Aluminiumsradiatorer giver effektiv varmeoverf\u00f8rsel, letv\u00e6gtsdesign og modstandsdygtighed over for korrosion.<\/p>\n<p><strong>2. Er aluminiumsvarmeradiatoren nem at installere?<\/strong><br \/>Ja, dens lette konstruktion sikrer nem installation i boliger og kommercielle rum.<\/p>\n<p><strong>3. Kan st\u00f8rrelsen tilpasses til forskellige anvendelser?<\/strong><br \/>Ja, vi tilbyder tilpassede st\u00f8rrelser, der passer til forskellige pladskrav og installationstyper.<\/p>\n<p><strong>4. Er denne radiator kompatibel med eksisterende varmesystemer?<\/strong><br \/>Ja, den er designet til at kunne integreres problemfrit med de fleste eksisterende varmesystemer.<\/p>\n<p><strong>5. Kr\u00e6ver aluminiumsvarmeradiatoren s\u00e6rlig vedligeholdelse?<\/strong><br \/>Nej, den kr\u00e6ver minimal vedligeholdelse p\u00e5 grund af de holdbare og korrosionsbestandige materialer.<\/p>\n<p><strong>6. Findes der forskellige overflader til radiatoren?<\/strong><br \/>Ja, vi tilbyder en r\u00e6kke overflader, der passer til forskellige \u00e6stetiske pr\u00e6ferencer og omgivelser.<\/p>\n<p><strong>7. Hvad er den typiske levetid for en aluminiumsvarmeradiator?<\/strong><br \/>Aluminiumsradiatorer er bygget til at holde og har typisk en lang levetid med korrekt vedligeholdelse.<\/p>\n<p><\/p>","protected":false},"featured_media":10832,"template":"","categories":[72],"class_list":["post-10928","product","type-product","status-publish","has-post-thumbnail","hentry","category-extruded-aluminum-heatsink"],"meta_box":{"hilight_text_group":[{"product_hilight_text":"<li>Engineered for efficient heat distribution across various environments<\/li>\n<li>Constructed from high-quality aluminum for optimal thermal performance<\/li>\n<li>Lightweight design for easy installation and maintenance<\/li>\n<li>Customizable size and finish for B2B manufacturing needs<\/li>\n<li>Compatible with modern and existing heating systems<\/li>"}],"feature_list":[]},"_links":{"self":[{"href":"https:\/\/sinoextrud.com\/da\/wp-json\/wp\/v2\/product\/10928","targetHints":{"allow":["GET"]}}],"collection":[{"href":"https:\/\/sinoextrud.com\/da\/wp-json\/wp\/v2\/product"}],"about":[{"href":"https:\/\/sinoextrud.com\/da\/wp-json\/wp\/v2\/types\/product"}],"wp:featuredmedia":[{"embeddable":true,"href":"https:\/\/sinoextrud.com\/da\/wp-json\/wp\/v2\/media\/10832"}],"wp:attachment":[{"href":"https:\/\/sinoextrud.com\/da\/wp-json\/wp\/v2\/media?parent=10928"}],"wp:term":[{"taxonomy":"category","embeddable":true,"href":"https:\/\/sinoextrud.com\/da\/wp-json\/wp\/v2\/categories?post=10928"}],"curies":[{"name":"wp","href":"https:\/\/api.w.org\/{rel}","templated":true}]}}