{"id":10927,"date":"2025-08-01T03:13:09","date_gmt":"2025-08-01T03:13:09","guid":{"rendered":"https:\/\/sinoextrud.com\/product\/stir-welding-aluminum-for-structural-assembly\/"},"modified":"2025-08-01T03:13:09","modified_gmt":"2025-08-01T03:13:09","slug":"omroringssvejsning-af-aluminium-til-strukturel-samling","status":"publish","type":"product","link":"https:\/\/sinoextrud.com\/da\/product\/stir-welding-aluminum-for-structural-assembly\/","title":{"rendered":"Omr\u00f8ringssvejsning af aluminium til strukturel samling"},"content":{"rendered":"<h2>Detaljer om produkter<\/h2>\n<div class=\"product-table\">\n<div class=\"row\">\n<div class=\"cell label\">Karakter<\/div>\n<div class=\"cell value\">6000-serien<\/div>\n<\/div>\n<div class=\"row\">\n<div class=\"cell label\">Tolerance<\/div>\n<div class=\"cell value\">\u00b11%<\/div>\n<\/div>\n<div class=\"row\">\n<div class=\"cell label\">Leveringstid<\/div>\n<div class=\"cell value\">22-30 dage<\/div>\n<\/div>\n<div class=\"row\">\n<div class=\"cell label\">Temperament<\/div>\n<div class=\"cell value\">T3-T8<\/div>\n<\/div>\n<div class=\"row\">\n<div class=\"cell label\">Anvendelse<\/div>\n<div class=\"cell value\">led\/elektronik\/cpu\/industri<\/div>\n<\/div>\n<div class=\"row\">\n<div class=\"cell label\">Form<\/div>\n<div class=\"cell value\">Brugerdefineret<\/div>\n<\/div>\n<div class=\"row\">\n<div class=\"cell label\">Legering eller ej<\/div>\n<div class=\"cell value\">Er legeret<\/div>\n<\/div>\n<div class=\"row\">\n<div class=\"cell label\">Behandling af service<\/div>\n<div class=\"cell value\">B\u00f8jning, afrulning, svejsning, stansning, sk\u00e6ring<\/div>\n<\/div>\n<div class=\"row\">\n<div class=\"cell label\">Produktets navn<\/div>\n<div class=\"cell value\">Specialfremstillet k\u00f8leplade i aluminium<\/div>\n<\/div>\n<div class=\"row\">\n<div class=\"cell label\">Materiale<\/div>\n<div class=\"cell value\">6063 6061 6005 Aluminiumslegering<\/div>\n<\/div>\n<div class=\"row\">\n<div class=\"cell label\">Farve<\/div>\n<div class=\"cell value\">S\u00f8lv, sort, gylden sort og s\u00e5 videre<\/div>\n<\/div>\n<div class=\"row\">\n<div class=\"cell label\">Overfladebehandling<\/div>\n<div class=\"cell value\">Mill Finish, anodisering, pulverlakering<\/div>\n<\/div>\n<div class=\"row\">\n<div class=\"cell label\">Funktion<\/div>\n<div class=\"cell value\">H\u00f8j korrosionsbestandighed<\/div>\n<\/div>\n<div class=\"row\">\n<div class=\"cell label\">Form<\/div>\n<div class=\"cell value\">Tilpasset<\/div>\n<\/div>\n<div class=\"row\">\n<div class=\"cell label\">Anvendelse<\/div>\n<div class=\"cell value\">Led\/elektronik\/cpu\/industri<\/div>\n<\/div>\n<div class=\"row\">\n<div class=\"cell label\">Pr\u00f8ve<\/div>\n<div class=\"cell value\">Gratis pr\u00f8ve<\/div>\n<\/div>\n<div class=\"row\">\n<div class=\"cell label\">L\u00e6ngde<\/div>\n<div class=\"cell value\">Brugerdefineret l\u00e6ngde<\/div>\n<\/div>\n<div class=\"row\">\n<div class=\"cell label\">Service<\/div>\n<div class=\"cell value\">OEM ODM<\/div>\n<\/div>\n<div class=\"row\">\n<div class=\"cell label\">Salg af enheder<\/div>\n<div class=\"cell value\">En enkelt genstand<\/div>\n<\/div>\n<div class=\"row\">\n<div class=\"cell label\">Enkelt pakkest\u00f8rrelse<\/div>\n<div class=\"cell value\">30X20X50 cm<\/div>\n<\/div>\n<div class=\"row\">\n<div class=\"cell label\">Enkelt bruttov\u00e6gt<\/div>\n<div class=\"cell value\">5.000 KG<\/div>\n<\/div>\n<\/div>\n<p><\/p>\n<h2>Vores produktionsbase<\/h2>\n<h3>Panorama over fabrikken<\/h3>\n<p><img decoding=\"async\" src=\"\/wp-content\/uploads\/factory-01.webp\"\/><\/p>\n<h3>V\u00e6rksted til fremstilling af aluminiumst\u00e6nger<\/h3>\n<p><img decoding=\"async\" src=\"\/wp-content\/uploads\/factory-02.webp\"\/><\/p>\n<p><img decoding=\"async\" src=\"\/wp-content\/uploads\/factory-03.webp\"\/><\/p>\n<h3>Lager til opbevaring af skimmelsvampe<\/h3>\n<p><img decoding=\"async\" src=\"\/wp-content\/uploads\/factory-04.webp\"\/><\/p>\n<h3>43 ekstruderingslinjer for aluminium (500-5500 ton)<\/h3>\n<p><img decoding=\"async\" src=\"\/wp-content\/uploads\/factory-05.webp\"\/><\/p>\n<p><img decoding=\"async\" src=\"\/wp-content\/uploads\/factory-06.webp\"\/><\/p>\n<p><img decoding=\"async\" src=\"\/wp-content\/uploads\/factory-07.webp\"\/><\/p>\n<h3>V\u00e6rksted for pulverlakering<\/h3>\n<p><img decoding=\"async\" src=\"\/wp-content\/uploads\/factory-09.webp\"\/><\/p>\n<h3>Anodiseringsv\u00e6rksted<\/h3>\n<p><img decoding=\"async\" src=\"\/wp-content\/uploads\/factory-10.webp\"\/><\/p>\n<h3>Workshop om dyb behandling<\/h3>\n<p><img decoding=\"async\" src=\"\/wp-content\/uploads\/factory-11.webp\"\/><\/p>\n<h3>V\u00e6rksted for CNC-pr\u00e6cisionsbearbejdning<\/h3>\n<p><img decoding=\"async\" src=\"\/wp-content\/uploads\/factory-11.5.webp\"\/><\/p>\n<h3>F\u00e6rdigvare- og eksportlager<\/h3>\n<p><img decoding=\"async\" src=\"\/wp-content\/uploads\/factory-12.webp\"\/><\/p>\n<p><img decoding=\"async\" src=\"\/wp-content\/uploads\/factory-13.webp\"\/><\/p>\n<p><img decoding=\"async\" src=\"\/wp-content\/uploads\/factory-14.webp\"\/><\/p>\n<h2>OFTE STILLEDE SP\u00d8RGSM\u00c5L<\/h2>\n<p><strong>1. Hvad bruges omr\u00f8ringssvejsning af aluminium bedst til?<\/strong><br \/>Omr\u00f8ringssvejsning af aluminium er ideel til sammenf\u00f8jning af aluminiumslegeringer i bil-, rumfarts- og byggeindustrien.<\/p>\n<p><strong>2. Reducerer omr\u00f8ringssvejsning af aluminium svejsefejl?<\/strong><br \/>Ja, det minimerer fejlene betydeligt sammenlignet med traditionelle svejsemetoder.<\/p>\n<p><strong>3. Er svejsning af aluminium milj\u00f8venligt?<\/strong><br \/>Ja, det er en energieffektiv proces, der reducerer udledningen.<\/p>\n<p><strong>4. Kan omr\u00f8ringssvejsning af aluminium h\u00e5ndtere forskellige tykkelser?<\/strong><br \/>Ja, det er kompatibelt med forskellige tykkelser og aluminiumslegeringer.<\/p>\n<p><strong>5. Er omr\u00f8ringssvejsning af aluminium egnet til applikationer med h\u00f8j styrke?<\/strong><br \/>Ja, det giver s\u00f8ml\u00f8se samlinger med h\u00f8j styrke, der er egnet til strukturel brug.<\/p>\n<p><strong>6. Forbedrer omr\u00f8ringssvejsning af aluminium produktets levetid?<\/strong><br \/>Ja, det forbedrer den strukturelle integritet, hvilket f\u00f8rer til \u00f8get holdbarhed.<\/p>\n<p><strong>7. Er der specifikke industrier, der har mest gavn af omr\u00f8ringssvejsning af aluminium?<\/strong><br \/>Bil-, rumfarts- og byggeindustrien har stor gavn af denne teknik.<\/p>\n<p><\/p>","protected":false},"featured_media":10847,"template":"","categories":[55],"class_list":["post-10927","product","type-product","status-publish","has-post-thumbnail","hentry","category-extruded-aluminum-profiles"],"meta_box":{"hilight_text_group":[{"product_hilight_text":"<li>Suitable for a wide range of industrial applications<\/li>\n<li>Ensures high-strength and seamless aluminum joints<\/li>\n<li>Reduces welding defects and improves structural integrity<\/li>\n<li>Energy-efficient and environmentally friendly process<\/li>\n<li>Compatible with various aluminum alloys and thicknesses<\/li>"}],"feature_list":[]},"_links":{"self":[{"href":"https:\/\/sinoextrud.com\/da\/wp-json\/wp\/v2\/product\/10927","targetHints":{"allow":["GET"]}}],"collection":[{"href":"https:\/\/sinoextrud.com\/da\/wp-json\/wp\/v2\/product"}],"about":[{"href":"https:\/\/sinoextrud.com\/da\/wp-json\/wp\/v2\/types\/product"}],"wp:featuredmedia":[{"embeddable":true,"href":"https:\/\/sinoextrud.com\/da\/wp-json\/wp\/v2\/media\/10847"}],"wp:attachment":[{"href":"https:\/\/sinoextrud.com\/da\/wp-json\/wp\/v2\/media?parent=10927"}],"wp:term":[{"taxonomy":"category","embeddable":true,"href":"https:\/\/sinoextrud.com\/da\/wp-json\/wp\/v2\/categories?post=10927"}],"curies":[{"name":"wp","href":"https:\/\/api.w.org\/{rel}","templated":true}]}}