{"id":10923,"date":"2025-08-01T03:13:00","date_gmt":"2025-08-01T03:13:00","guid":{"rendered":"https:\/\/sinoextrud.com\/product\/white-aluminum-enclosure-heat-sink\/"},"modified":"2025-08-01T03:13:00","modified_gmt":"2025-08-01T03:13:00","slug":"hvidt-aluminiumskabinet-koleplade","status":"publish","type":"product","link":"https:\/\/sinoextrud.com\/da\/product\/white-aluminum-enclosure-heat-sink\/","title":{"rendered":"Hvidt aluminiumskabinet k\u00f8leplade"},"content":{"rendered":"<h2>Detaljer om produkter<\/h2>\n<div class=\"product-table\">\n<div class=\"row\">\n<div class=\"cell label\">Karakter<\/div>\n<div class=\"cell value\">6000-serien<\/div>\n<\/div>\n<div class=\"row\">\n<div class=\"cell label\">Tolerance<\/div>\n<div class=\"cell value\">\u00b11%<\/div>\n<\/div>\n<div class=\"row\">\n<div class=\"cell label\">Leveringstid<\/div>\n<div class=\"cell value\">8-14 dage<\/div>\n<\/div>\n<div class=\"row\">\n<div class=\"cell label\">Temperament<\/div>\n<div class=\"cell value\">T3-T8<\/div>\n<\/div>\n<div class=\"row\">\n<div class=\"cell label\">Anvendelse<\/div>\n<div class=\"cell value\">K\u00f8leplade<\/div>\n<\/div>\n<div class=\"row\">\n<div class=\"cell label\">Form<\/div>\n<div class=\"cell value\">Firkantet<\/div>\n<\/div>\n<div class=\"row\">\n<div class=\"cell label\">Legering eller ej<\/div>\n<div class=\"cell value\">Er legeret<\/div>\n<\/div>\n<div class=\"row\">\n<div class=\"cell label\">Behandling af service<\/div>\n<div class=\"cell value\">B\u00f8jning, afrulning, svejsning, stansning, sk\u00e6ring, ekstrudering<\/div>\n<\/div>\n<div class=\"row\">\n<div class=\"cell label\">Produktets navn<\/div>\n<div class=\"cell value\">LED aluminiumsprofil<\/div>\n<\/div>\n<div class=\"row\">\n<div class=\"cell label\">Proces<\/div>\n<div class=\"cell value\">Ekstrudering<\/div>\n<\/div>\n<div class=\"row\">\n<div class=\"cell label\">Materiale<\/div>\n<div class=\"cell value\">1070 aluminium<\/div>\n<\/div>\n<div class=\"row\">\n<div class=\"cell label\">Certificering<\/div>\n<div class=\"cell value\">ISO9001:2015<\/div>\n<\/div>\n<div class=\"row\">\n<div class=\"cell label\">St\u00f8rrelse<\/div>\n<div class=\"cell value\">93,5 * 49,5 mm<\/div>\n<\/div>\n<div class=\"row\">\n<div class=\"cell label\">Overfladebehandling<\/div>\n<div class=\"cell value\">Fr\u00e6set finish<\/div>\n<\/div>\n<div class=\"row\">\n<div class=\"cell label\">N\u00f8gleord<\/div>\n<div class=\"cell value\">kabinet med k\u00f8lelegeme i ekstruderet aluminium<\/div>\n<\/div>\n<div class=\"row\">\n<div class=\"cell label\">Anvendelse<\/div>\n<div class=\"cell value\">K\u00f8leplade<\/div>\n<\/div>\n<div class=\"row\">\n<div class=\"cell label\">Type<\/div>\n<div class=\"cell value\">OEM aluminium k\u00f8lelegeme ekstruderede profiler<\/div>\n<\/div>\n<div class=\"row\">\n<div class=\"cell label\">Salg af enheder<\/div>\n<div class=\"cell value\">En enkelt genstand<\/div>\n<\/div>\n<div class=\"row\">\n<div class=\"cell label\">Enkelt pakkest\u00f8rrelse<\/div>\n<div class=\"cell value\">10X10X5 cm<\/div>\n<\/div>\n<div class=\"row\">\n<div class=\"cell label\">Enkelt bruttov\u00e6gt<\/div>\n<div class=\"cell value\">1.500 KG<\/div>\n<\/div>\n<\/div>\n<p><\/p>\n<h2>Vores produktionsbase<\/h2>\n<h3>Panorama over fabrikken<\/h3>\n<p><img decoding=\"async\" src=\"\/wp-content\/uploads\/factory-01.webp\"\/><\/p>\n<h3>V\u00e6rksted til fremstilling af aluminiumst\u00e6nger<\/h3>\n<p><img decoding=\"async\" src=\"\/wp-content\/uploads\/factory-02.webp\"\/><\/p>\n<p><img decoding=\"async\" src=\"\/wp-content\/uploads\/factory-03.webp\"\/><\/p>\n<h3>Lager til opbevaring af skimmelsvampe<\/h3>\n<p><img decoding=\"async\" src=\"\/wp-content\/uploads\/factory-04.webp\"\/><\/p>\n<h3>43 ekstruderingslinjer for aluminium (500-5500 ton)<\/h3>\n<p><img decoding=\"async\" src=\"\/wp-content\/uploads\/factory-05.webp\"\/><\/p>\n<p><img decoding=\"async\" src=\"\/wp-content\/uploads\/factory-06.webp\"\/><\/p>\n<p><img decoding=\"async\" src=\"\/wp-content\/uploads\/factory-07.webp\"\/><\/p>\n<h3>V\u00e6rksted for pulverlakering<\/h3>\n<p><img decoding=\"async\" src=\"\/wp-content\/uploads\/factory-09.webp\"\/><\/p>\n<h3>Anodiseringsv\u00e6rksted<\/h3>\n<p><img decoding=\"async\" src=\"\/wp-content\/uploads\/factory-10.webp\"\/><\/p>\n<h3>Workshop om dyb behandling<\/h3>\n<p><img decoding=\"async\" src=\"\/wp-content\/uploads\/factory-11.webp\"\/><\/p>\n<h3>V\u00e6rksted for CNC-pr\u00e6cisionsbearbejdning<\/h3>\n<p><img decoding=\"async\" src=\"\/wp-content\/uploads\/factory-11.5.webp\"\/><\/p>\n<h3>F\u00e6rdigvare- og eksportlager<\/h3>\n<p><img decoding=\"async\" src=\"\/wp-content\/uploads\/factory-12.webp\"\/><\/p>\n<p><img decoding=\"async\" src=\"\/wp-content\/uploads\/factory-13.webp\"\/><\/p>\n<p><img decoding=\"async\" src=\"\/wp-content\/uploads\/factory-14.webp\"\/><\/p>\n<h2>OFTE STILLEDE SP\u00d8RGSM\u00c5L<\/h2>\n<p><strong>1. Hvad er den prim\u00e6re funktion af det hvide aluminiumskabinet Heat Sink?<\/strong><br \/>K\u00f8lelegemet er designet til at bortlede varmen effektivt fra elektroniske enheder og komponenter.<\/p>\n<p><strong>2. Kan k\u00f8lepladen tilpasses med hensyn til st\u00f8rrelse?<\/strong><br \/>Ja, vi tilbyder tilpasning af dimensioner for at opfylde specifikke krav til udstyr.<\/p>\n<p><strong>3. Er denne k\u00f8leplade egnet til barske industrimilj\u00f8er?<\/strong><br \/>Ja, den er designet med robuste materialer til at modst\u00e5 kr\u00e6vende industrielle forhold.<\/p>\n<p><strong>4. Kr\u00e6ver k\u00f8lepladen ekstra monteringsudstyr?<\/strong><br \/>Monteringsmulighederne er designet til at v\u00e6re alsidige og kr\u00e6ver m\u00e5ske eller m\u00e5ske ikke ekstra hardware, afh\u00e6ngigt af applikationens behov.<\/p>\n<p><strong>5. Hvad er den forventede levetid for denne k\u00f8leplade?<\/strong><br \/>Produktet er fremstillet af aluminium af h\u00f8j kvalitet og sikrer langvarig holdbarhed og ydeevne.<\/p>\n<p><strong>6. Kan k\u00f8lepladen bruges b\u00e5de indend\u00f8rs og udend\u00f8rs?<\/strong><br \/>Ja, dens konstruktion giver mulighed for effektiv brug i b\u00e5de indend\u00f8rs og udend\u00f8rs omgivelser, forudsat at den installeres korrekt.<\/p>\n<p><strong>7. Hvilke industrier bruger ofte k\u00f8leplader i aluminiumskabinetter?<\/strong><br \/>De bruges i vid udstr\u00e6kning i elektronik-, bil-, telekommunikations- og kraftindustrien.<\/p>\n<p><\/p>","protected":false},"featured_media":10849,"template":"","categories":[72],"class_list":["post-10923","product","type-product","status-publish","has-post-thumbnail","hentry","category-extruded-aluminum-heatsink"],"meta_box":{"hilight_text_group":[{"product_hilight_text":"<li>Engineered for optimal heat dissipation in electronic devices<\/li>\n<li>Suitable for a wide range of industrial applications<\/li>\n<li>Customizable dimensions to fit specific client needs<\/li>\n<li>Constructed from high-quality aluminum for durability and efficiency<\/li>\n<li>Available for OEM and ODM with flexible manufacturing options<\/li>"}],"feature_list":[]},"_links":{"self":[{"href":"https:\/\/sinoextrud.com\/da\/wp-json\/wp\/v2\/product\/10923","targetHints":{"allow":["GET"]}}],"collection":[{"href":"https:\/\/sinoextrud.com\/da\/wp-json\/wp\/v2\/product"}],"about":[{"href":"https:\/\/sinoextrud.com\/da\/wp-json\/wp\/v2\/types\/product"}],"wp:featuredmedia":[{"embeddable":true,"href":"https:\/\/sinoextrud.com\/da\/wp-json\/wp\/v2\/media\/10849"}],"wp:attachment":[{"href":"https:\/\/sinoextrud.com\/da\/wp-json\/wp\/v2\/media?parent=10923"}],"wp:term":[{"taxonomy":"category","embeddable":true,"href":"https:\/\/sinoextrud.com\/da\/wp-json\/wp\/v2\/categories?post=10923"}],"curies":[{"name":"wp","href":"https:\/\/api.w.org\/{rel}","templated":true}]}}