{"id":10920,"date":"2025-08-01T03:12:51","date_gmt":"2025-08-01T03:12:51","guid":{"rendered":"https:\/\/sinoextrud.com\/product\/standard-extruded-aluminum-shapes-for-assembly\/"},"modified":"2025-08-01T03:12:51","modified_gmt":"2025-08-01T03:12:51","slug":"standard-ekstruderede-aluminiumsformer-til-samling","status":"publish","type":"product","link":"https:\/\/sinoextrud.com\/da\/product\/standard-extruded-aluminum-shapes-for-assembly\/","title":{"rendered":"Standardformer af ekstruderet aluminium til montering"},"content":{"rendered":"<h2>Detaljer om produkter<\/h2>\n<div class=\"product-table\">\n<div class=\"row\">\n<div class=\"cell label\">Karakter<\/div>\n<div class=\"cell value\">6000-serien<\/div>\n<\/div>\n<div class=\"row\">\n<div class=\"cell label\">Tolerance<\/div>\n<div class=\"cell value\">\u00b15%<\/div>\n<\/div>\n<div class=\"row\">\n<div class=\"cell label\">Leveringstid<\/div>\n<div class=\"cell value\">8-14 dage<\/div>\n<\/div>\n<div class=\"row\">\n<div class=\"cell label\">Temperament<\/div>\n<div class=\"cell value\">T3-T8<\/div>\n<\/div>\n<div class=\"row\">\n<div class=\"cell label\">Anvendelse<\/div>\n<div class=\"cell value\">Andet<\/div>\n<\/div>\n<div class=\"row\">\n<div class=\"cell label\">Form<\/div>\n<div class=\"cell value\">Firkantet<\/div>\n<\/div>\n<div class=\"row\">\n<div class=\"cell label\">Legering eller ej<\/div>\n<div class=\"cell value\">Er legeret<\/div>\n<\/div>\n<div class=\"row\">\n<div class=\"cell label\">Behandling af service<\/div>\n<div class=\"cell value\">Sk\u00e6ring<\/div>\n<\/div>\n<div class=\"row\">\n<div class=\"cell label\">Produktnavn<\/div>\n<div class=\"cell value\">Ekstruderingsprofil i aluminium<\/div>\n<\/div>\n<div class=\"row\">\n<div class=\"cell label\">Overflade<\/div>\n<div class=\"cell value\">anodiseret eller elektroforese<\/div>\n<\/div>\n<div class=\"row\">\n<div class=\"cell label\">l\u00e6ngde<\/div>\n<div class=\"cell value\">50-6000 mm<\/div>\n<\/div>\n<div class=\"row\">\n<div class=\"cell label\">Materiale<\/div>\n<div class=\"cell value\">Aluminiumslegering 6063 t5<\/div>\n<\/div>\n<div class=\"row\">\n<div class=\"cell label\">Form<\/div>\n<div class=\"cell value\">Firkantet, rektangel eller tilpasset<\/div>\n<\/div>\n<div class=\"row\">\n<div class=\"cell label\">Navn<\/div>\n<div class=\"cell value\">Aluminiumsprofil<\/div>\n<\/div>\n<div class=\"row\">\n<div class=\"cell label\">Leveringstid<\/div>\n<div class=\"cell value\">2-7 dage efter betaling<\/div>\n<\/div>\n<div class=\"row\">\n<div class=\"cell label\">Anvendelse<\/div>\n<div class=\"cell value\">Industriel anvendelse<\/div>\n<\/div>\n<div class=\"row\">\n<div class=\"cell label\">Betalingsperiode<\/div>\n<div class=\"cell value\">T\/T, L\/C<\/div>\n<\/div>\n<div class=\"row\">\n<div class=\"cell label\">Certifikat<\/div>\n<div class=\"cell value\">ISO 9001\/ROHS<\/div>\n<\/div>\n<div class=\"row\">\n<div class=\"cell label\">Detaljer om emballage<\/div>\n<div class=\"cell value\">1. lagdelt emballage af skumgummi og boblefilm til profiler;<\/div>\n<\/div>\n<div class=\"row\">\n<div class=\"cell label\">Salg af enheder<\/div>\n<div class=\"cell value\">En enkelt genstand<\/div>\n<\/div>\n<div class=\"row\">\n<div class=\"cell label\">Enkelt pakkest\u00f8rrelse<\/div>\n<div class=\"cell value\">100X10X10 cm<\/div>\n<\/div>\n<div class=\"row\">\n<div class=\"cell label\">Enkelt bruttov\u00e6gt<\/div>\n<div class=\"cell value\">2.000 KG<\/div>\n<\/div>\n<\/div>\n<p><\/p>\n<h2>Vores produktionsbase<\/h2>\n<h3>Panorama over fabrikken<\/h3>\n<p><img decoding=\"async\" src=\"\/wp-content\/uploads\/factory-01.webp\"\/><\/p>\n<h3>V\u00e6rksted til fremstilling af aluminiumst\u00e6nger<\/h3>\n<p><img decoding=\"async\" src=\"\/wp-content\/uploads\/factory-02.webp\"\/><\/p>\n<p><img decoding=\"async\" src=\"\/wp-content\/uploads\/factory-03.webp\"\/><\/p>\n<h3>Lager til opbevaring af skimmelsvampe<\/h3>\n<p><img decoding=\"async\" src=\"\/wp-content\/uploads\/factory-04.webp\"\/><\/p>\n<h3>43 ekstruderingslinjer for aluminium (500-5500 ton)<\/h3>\n<p><img decoding=\"async\" src=\"\/wp-content\/uploads\/factory-05.webp\"\/><\/p>\n<p><img decoding=\"async\" src=\"\/wp-content\/uploads\/factory-06.webp\"\/><\/p>\n<p><img decoding=\"async\" src=\"\/wp-content\/uploads\/factory-07.webp\"\/><\/p>\n<h3>V\u00e6rksted for pulverlakering<\/h3>\n<p><img decoding=\"async\" src=\"\/wp-content\/uploads\/factory-09.webp\"\/><\/p>\n<h3>Anodiseringsv\u00e6rksted<\/h3>\n<p><img decoding=\"async\" src=\"\/wp-content\/uploads\/factory-10.webp\"\/><\/p>\n<h3>Workshop om dyb behandling<\/h3>\n<p><img decoding=\"async\" src=\"\/wp-content\/uploads\/factory-11.webp\"\/><\/p>\n<h3>V\u00e6rksted for CNC-pr\u00e6cisionsbearbejdning<\/h3>\n<p><img decoding=\"async\" src=\"\/wp-content\/uploads\/factory-11.5.webp\"\/><\/p>\n<h3>F\u00e6rdigvare- og eksportlager<\/h3>\n<p><img decoding=\"async\" src=\"\/wp-content\/uploads\/factory-12.webp\"\/><\/p>\n<p><img decoding=\"async\" src=\"\/wp-content\/uploads\/factory-13.webp\"\/><\/p>\n<p><img decoding=\"async\" src=\"\/wp-content\/uploads\/factory-14.webp\"\/><\/p>\n<h2>OFTE STILLEDE SP\u00d8RGSM\u00c5L<\/h2>\n<p><strong>1. Hvilke industrier kan bruge ekstruderede aluminiumsformer?<\/strong><br \/>Ekstruderede aluminiumsformer er alsidige og bruges i brancher som byggeri, bilindustrien og elektronik.<\/p>\n<p><strong>2. Kan aluminiumsformerne tilpasses?<\/strong><br \/>Ja, vi tilbyder tilpasning til specifikke projektkrav.<\/p>\n<p><strong>3. Er disse aluminiumsformer korrosionsbestandige?<\/strong><br \/>Ja, vores ekstruderede aluminiumsforme er designet til at modst\u00e5 korrosion effektivt.<\/p>\n<p><strong>4. Tilbyder du produktion med h\u00f8j pr\u00e6cision?<\/strong><br \/>Ja, vores produktionsproces sikrer h\u00f8j pr\u00e6cision og ensartet kvalitet.<\/p>\n<p><strong>5. Er varmeledningsevne et kendetegn ved disse former?<\/strong><br \/>Ja, de giver effektiv varmeledningsevne for at forbedre ydeevnen.<\/p>\n<p><strong>6. Hvilke st\u00f8rrelser er tilg\u00e6ngelige for de ekstruderede aluminiumsformer?<\/strong><br \/>De f\u00e5s i en lang r\u00e6kke profiler og st\u00f8rrelser for at opfylde forskellige behov.<\/p>\n<p><strong>7. Er der pr\u00f8ver til r\u00e5dighed til kvalitetssikring?<\/strong><br \/>Ja, vi tilbyder pr\u00f8ver for at sikre, at vores produkter lever op til dine forventninger, f\u00f8r du bestiller store m\u00e6ngder.<\/p>\n<p><\/p>","protected":false},"featured_media":10851,"template":"","categories":[55],"class_list":["post-10920","product","type-product","status-publish","has-post-thumbnail","hentry","category-extruded-aluminum-profiles"],"meta_box":{"hilight_text_group":[{"product_hilight_text":"<li>High precision manufacturing for consistent quality<\/li>\n<li>Available in a wide range of profiles and sizes<\/li>\n<li>Custom fabrication options for specific industry needs<\/li>\n<li>Corrosion-resistant and lightweight for diverse applications<\/li>\n<li>Efficient thermal conductivity properties for enhanced performance<\/li>"}],"feature_list":[]},"_links":{"self":[{"href":"https:\/\/sinoextrud.com\/da\/wp-json\/wp\/v2\/product\/10920","targetHints":{"allow":["GET"]}}],"collection":[{"href":"https:\/\/sinoextrud.com\/da\/wp-json\/wp\/v2\/product"}],"about":[{"href":"https:\/\/sinoextrud.com\/da\/wp-json\/wp\/v2\/types\/product"}],"wp:featuredmedia":[{"embeddable":true,"href":"https:\/\/sinoextrud.com\/da\/wp-json\/wp\/v2\/media\/10851"}],"wp:attachment":[{"href":"https:\/\/sinoextrud.com\/da\/wp-json\/wp\/v2\/media?parent=10920"}],"wp:term":[{"taxonomy":"category","embeddable":true,"href":"https:\/\/sinoextrud.com\/da\/wp-json\/wp\/v2\/categories?post=10920"}],"curies":[{"name":"wp","href":"https:\/\/api.w.org\/{rel}","templated":true}]}}