{"id":10919,"date":"2025-08-01T03:12:49","date_gmt":"2025-08-01T03:12:49","guid":{"rendered":"https:\/\/sinoextrud.com\/product\/extruded-aluminum-heatsink-for-5g-signal-tower\/"},"modified":"2025-08-01T03:12:49","modified_gmt":"2025-08-01T03:12:49","slug":"kolelegeme-i-ekstruderet-aluminium-til-5g-signaltarn","status":"publish","type":"product","link":"https:\/\/sinoextrud.com\/da\/product\/extruded-aluminum-heatsink-for-5g-signal-tower\/","title":{"rendered":"K\u00f8lelegeme af ekstruderet aluminium til 5G-signalt\u00e5rn"},"content":{"rendered":"<h2>Detaljer om produkter<\/h2>\n<div class=\"product-table\">\n<div class=\"row\">\n<div class=\"cell label\">Karakter<\/div>\n<div class=\"cell value\">1000-serien<\/div>\n<\/div>\n<div class=\"row\">\n<div class=\"cell label\">Tolerance<\/div>\n<div class=\"cell value\">\u00b11%<\/div>\n<\/div>\n<div class=\"row\">\n<div class=\"cell label\">Leveringstid<\/div>\n<div class=\"cell value\">8-14 dage<\/div>\n<\/div>\n<div class=\"row\">\n<div class=\"cell label\">Form<\/div>\n<div class=\"cell value\">Firkantet<\/div>\n<\/div>\n<div class=\"row\">\n<div class=\"cell label\">Overfladebehandling<\/div>\n<div class=\"cell value\">Poleret<\/div>\n<\/div>\n<div class=\"row\">\n<div class=\"cell label\">L\u00e6ngde<\/div>\n<div class=\"cell value\">tilpasset<\/div>\n<\/div>\n<div class=\"row\">\n<div class=\"cell label\">Brug<\/div>\n<div class=\"cell value\">K\u00f8leplade<\/div>\n<\/div>\n<div class=\"row\">\n<div class=\"cell label\">H\u00e5rdhed<\/div>\n<div class=\"cell value\">HB30-45<\/div>\n<\/div>\n<div class=\"row\">\n<div class=\"cell label\">Legering eller ej<\/div>\n<div class=\"cell value\">Er legeret<\/div>\n<\/div>\n<div class=\"row\">\n<div class=\"cell label\">Temperament<\/div>\n<div class=\"cell value\">O - H112<\/div>\n<\/div>\n<div class=\"row\">\n<div class=\"cell label\">Al (Min)<\/div>\n<div class=\"cell value\">95%<\/div>\n<\/div>\n<div class=\"row\">\n<div class=\"cell label\">V\u00e6ggens tykkelse<\/div>\n<div class=\"cell value\">0,3 mm-10 mm<\/div>\n<\/div>\n<div class=\"row\">\n<div class=\"cell label\">Behandling af service<\/div>\n<div class=\"cell value\">Afrulning, bukning, svejsning, stansning, sk\u00e6ring<\/div>\n<\/div>\n<div class=\"row\">\n<div class=\"cell label\">Produktets navn<\/div>\n<div class=\"cell value\">Aluminiumsr\u00f8r<\/div>\n<\/div>\n<div class=\"row\">\n<div class=\"cell label\">Form<\/div>\n<div class=\"cell value\">Kundernes tegninger<\/div>\n<\/div>\n<div class=\"row\">\n<div class=\"cell label\">Farve<\/div>\n<div class=\"cell value\">Tilpasset farve<\/div>\n<\/div>\n<div class=\"row\">\n<div class=\"cell label\">Materiale<\/div>\n<div class=\"cell value\">Aluminun-legering<\/div>\n<\/div>\n<div class=\"row\">\n<div class=\"cell label\">Type<\/div>\n<div class=\"cell value\">OEM-profiler af ekstruderet aluminium<\/div>\n<\/div>\n<div class=\"row\">\n<div class=\"cell label\">N\u00f8gleord<\/div>\n<div class=\"cell value\">Alumimnum-r\u00f8r<\/div>\n<\/div>\n<div class=\"row\">\n<div class=\"cell label\">Forarbejdning<\/div>\n<div class=\"cell value\">Tegnet<\/div>\n<\/div>\n<div class=\"row\">\n<div class=\"cell label\">Certificering<\/div>\n<div class=\"cell value\">ISO9001:2008<\/div>\n<\/div>\n<div class=\"row\">\n<div class=\"cell label\">Standard<\/div>\n<div class=\"cell value\">GB\/T 5237<\/div>\n<\/div>\n<div class=\"row\">\n<div class=\"cell label\">MOQ<\/div>\n<div class=\"cell value\">500 kg<\/div>\n<\/div>\n<div class=\"row\">\n<div class=\"cell label\">Salg af enheder<\/div>\n<div class=\"cell value\">En enkelt genstand<\/div>\n<\/div>\n<div class=\"row\">\n<div class=\"cell label\">Enkelt pakkest\u00f8rrelse<\/div>\n<div class=\"cell value\">10X3X1 cm<\/div>\n<\/div>\n<div class=\"row\">\n<div class=\"cell label\">Enkelt bruttov\u00e6gt<\/div>\n<div class=\"cell value\">1.000 KG<\/div>\n<\/div>\n<\/div>\n<p><\/p>\n<h2>Vores produktionsbase<\/h2>\n<h3>Panorama over fabrikken<\/h3>\n<p><img decoding=\"async\" src=\"\/wp-content\/uploads\/factory-01.webp\"\/><\/p>\n<h3>V\u00e6rksted til fremstilling af aluminiumst\u00e6nger<\/h3>\n<p><img decoding=\"async\" src=\"\/wp-content\/uploads\/factory-02.webp\"\/><\/p>\n<p><img decoding=\"async\" src=\"\/wp-content\/uploads\/factory-03.webp\"\/><\/p>\n<h3>Lager til opbevaring af skimmelsvampe<\/h3>\n<p><img decoding=\"async\" src=\"\/wp-content\/uploads\/factory-04.webp\"\/><\/p>\n<h3>43 ekstruderingslinjer for aluminium (500-5500 ton)<\/h3>\n<p><img decoding=\"async\" src=\"\/wp-content\/uploads\/factory-05.webp\"\/><\/p>\n<p><img decoding=\"async\" src=\"\/wp-content\/uploads\/factory-06.webp\"\/><\/p>\n<p><img decoding=\"async\" src=\"\/wp-content\/uploads\/factory-07.webp\"\/><\/p>\n<h3>V\u00e6rksted for pulverlakering<\/h3>\n<p><img decoding=\"async\" src=\"\/wp-content\/uploads\/factory-09.webp\"\/><\/p>\n<h3>Anodiseringsv\u00e6rksted<\/h3>\n<p><img decoding=\"async\" src=\"\/wp-content\/uploads\/factory-10.webp\"\/><\/p>\n<h3>Workshop om dyb behandling<\/h3>\n<p><img decoding=\"async\" src=\"\/wp-content\/uploads\/factory-11.webp\"\/><\/p>\n<h3>V\u00e6rksted for CNC-pr\u00e6cisionsbearbejdning<\/h3>\n<p><img decoding=\"async\" src=\"\/wp-content\/uploads\/factory-11.5.webp\"\/><\/p>\n<h3>F\u00e6rdigvare- og eksportlager<\/h3>\n<p><img decoding=\"async\" src=\"\/wp-content\/uploads\/factory-12.webp\"\/><\/p>\n<p><img decoding=\"async\" src=\"\/wp-content\/uploads\/factory-13.webp\"\/><\/p>\n<p><img decoding=\"async\" src=\"\/wp-content\/uploads\/factory-14.webp\"\/><\/p>\n<h2>OFTE STILLEDE SP\u00d8RGSM\u00c5L<\/h2>\n<p><strong>1. Hvad g\u00f8r denne k\u00f8leplade i aluminium velegnet til 5G-signalmaster?<\/strong><br \/>K\u00f8lelegemet er designet til h\u00f8j varmeledningsevne, hvilket er afg\u00f8rende for 5G-applikationer.<\/p>\n<p><strong>2. Kan st\u00f8rrelsen p\u00e5 k\u00f8lelegemet tilpasses?<\/strong><br \/>Ja, st\u00f8rrelserne kan tilpasses, s\u00e5 de passer til specifikke 5G-t\u00e5rninstallationer.<\/p>\n<p><strong>3. Er denne k\u00f8lelegeme modstandsdygtig over for korrosion?<\/strong><br \/>Ja, k\u00f8lelegemet er fremstillet af avancerede korrosionsbestandige materialer.<\/p>\n<p><strong>4. Er der pr\u00f8ver af aluminiumsk\u00f8lepladen til r\u00e5dighed?<\/strong><br \/>Ja, vi leverer pr\u00f8ver til test og evaluering f\u00f8r massebestillinger.<\/p>\n<p><strong>5. Hvad er den mindste ordrem\u00e6ngde for tilpassede k\u00f8lelegemer?<\/strong><br \/>MOQ afh\u00e6nger af tilpasningsdetaljer, men starter typisk ved 500 enheder.<\/p>\n<p><strong>6. Underst\u00f8tter dette produkt international forsendelse?<\/strong><br \/>Ja, vi tilbyder verdensomsp\u00e6ndende forsendelse med den n\u00f8dvendige logistiksupport.<\/p>\n<p><strong>7. Kan vi indarbejde specifikke branding- eller designelementer i k\u00f8lelegemet?<\/strong><br \/>Ja, vi tilbyder fuld tilpasning, herunder branding og designelementer, ved massebestillinger.<\/p>\n<p><\/p>","protected":false},"featured_media":10852,"template":"","categories":[72],"class_list":["post-10919","product","type-product","status-publish","has-post-thumbnail","hentry","category-extruded-aluminum-heatsink"],"meta_box":{"hilight_text_group":[{"product_hilight_text":"<li>Optimized for high thermal conductivity in 5G environments<\/li>\n<li>Customizable designs to fit diverse 5G signal tower configurations<\/li>\n<li>Lightweight yet durable construction for easy installation<\/li>\n<li>Advanced corrosion resistance for long-lasting performance<\/li>\n<li>Supports OEM and ODM with high precision manufacturing<\/li>"}],"feature_list":[]},"_links":{"self":[{"href":"https:\/\/sinoextrud.com\/da\/wp-json\/wp\/v2\/product\/10919","targetHints":{"allow":["GET"]}}],"collection":[{"href":"https:\/\/sinoextrud.com\/da\/wp-json\/wp\/v2\/product"}],"about":[{"href":"https:\/\/sinoextrud.com\/da\/wp-json\/wp\/v2\/types\/product"}],"wp:featuredmedia":[{"embeddable":true,"href":"https:\/\/sinoextrud.com\/da\/wp-json\/wp\/v2\/media\/10852"}],"wp:attachment":[{"href":"https:\/\/sinoextrud.com\/da\/wp-json\/wp\/v2\/media?parent=10919"}],"wp:term":[{"taxonomy":"category","embeddable":true,"href":"https:\/\/sinoextrud.com\/da\/wp-json\/wp\/v2\/categories?post=10919"}],"curies":[{"name":"wp","href":"https:\/\/api.w.org\/{rel}","templated":true}]}}