{"id":10916,"date":"2025-08-01T03:12:41","date_gmt":"2025-08-01T03:12:41","guid":{"rendered":"https:\/\/sinoextrud.com\/product\/aluminum-heat-sink-for-led-lighting-systems\/"},"modified":"2025-08-01T03:12:41","modified_gmt":"2025-08-01T03:12:41","slug":"aluminiumsvarmeafleder-til-led-belysningssystemer","status":"publish","type":"product","link":"https:\/\/sinoextrud.com\/da\/product\/aluminum-heat-sink-for-led-lighting-systems\/","title":{"rendered":"K\u00f8leplade i aluminium til LED-belysningssystemer"},"content":{"rendered":"<h2>Detaljer om produkter<\/h2>\n<div class=\"product-table\">\n<div class=\"row\">\n<div class=\"cell label\">Overfladebehandling<\/div>\n<div class=\"cell value\">Anodisk oxidation<\/div>\n<\/div>\n<div class=\"row\">\n<div class=\"cell label\">Form<\/div>\n<div class=\"cell value\">RUNDT<\/div>\n<\/div>\n<div class=\"row\">\n<div class=\"cell label\">Kropsmateriale<\/div>\n<div class=\"cell value\">Aluminium<\/div>\n<\/div>\n<div class=\"row\">\n<div class=\"cell label\">Type<\/div>\n<div class=\"cell value\">K\u00f8lelegemer<\/div>\n<\/div>\n<div class=\"row\">\n<div class=\"cell label\">Service til belysningsl\u00f8sninger<\/div>\n<div class=\"cell value\">Design af belysning og kredsl\u00f8b, automatisk CAD-layout<\/div>\n<\/div>\n<div class=\"row\">\n<div class=\"cell label\">Garanti (\u00e5r)<\/div>\n<div class=\"cell value\">3 \u00e5r<\/div>\n<\/div>\n<div class=\"row\">\n<div class=\"cell label\">Proces<\/div>\n<div class=\"cell value\">kold smedning<\/div>\n<\/div>\n<div class=\"row\">\n<div class=\"cell label\">IP-klassificering<\/div>\n<div class=\"cell value\">IP65<\/div>\n<\/div>\n<div class=\"row\">\n<div class=\"cell label\">Kropsfarve<\/div>\n<div class=\"cell value\">Sort<\/div>\n<\/div>\n<div class=\"row\">\n<div class=\"cell label\">Produktets navn<\/div>\n<div class=\"cell value\">Led-k\u00f8leplade af aluminium<\/div>\n<\/div>\n<div class=\"row\">\n<div class=\"cell label\">Model<\/div>\n<div class=\"cell value\">YL15660<\/div>\n<\/div>\n<div class=\"row\">\n<div class=\"cell label\">Dimension<\/div>\n<div class=\"cell value\">Dia153*H60<\/div>\n<\/div>\n<div class=\"row\">\n<div class=\"cell label\">Kraft<\/div>\n<div class=\"cell value\">50-70W<\/div>\n<\/div>\n<div class=\"row\">\n<div class=\"cell label\">Materiale<\/div>\n<div class=\"cell value\">AL1070<\/div>\n<\/div>\n<div class=\"row\">\n<div class=\"cell label\">Anvendelse<\/div>\n<div class=\"cell value\">Led-belysning Heat Sink<\/div>\n<\/div>\n<div class=\"row\">\n<div class=\"cell label\">Farve<\/div>\n<div class=\"cell value\">Sort Etc<\/div>\n<\/div>\n<div class=\"row\">\n<div class=\"cell label\">Anvendelse<\/div>\n<div class=\"cell value\">LED-k\u00f8lelegeme Aluminium-k\u00f8lelegeme<\/div>\n<\/div>\n<div class=\"row\">\n<div class=\"cell label\">Tilpasning<\/div>\n<div class=\"cell value\">Tilg\u00e6ngelig<\/div>\n<\/div>\n<div class=\"row\">\n<div class=\"cell label\">Forarbejdningsteknik<\/div>\n<div class=\"cell value\">Anodisk oxidation<\/div>\n<\/div>\n<div class=\"row\">\n<div class=\"cell label\">Salg af enheder<\/div>\n<div class=\"cell value\">En enkelt genstand<\/div>\n<\/div>\n<div class=\"row\">\n<div class=\"cell label\">Enkelt pakkest\u00f8rrelse<\/div>\n<div class=\"cell value\">15,5X15,5X6,5 cm<\/div>\n<\/div>\n<div class=\"row\">\n<div class=\"cell label\">Enkelt bruttov\u00e6gt<\/div>\n<div class=\"cell value\">1.500 KG<\/div>\n<\/div>\n<\/div>\n<p><\/p>\n<h2>Vores produktionsbase<\/h2>\n<h3>Panorama over fabrikken<\/h3>\n<p><img decoding=\"async\" src=\"\/wp-content\/uploads\/factory-01.webp\"\/><\/p>\n<h3>V\u00e6rksted til fremstilling af aluminiumst\u00e6nger<\/h3>\n<p><img decoding=\"async\" src=\"\/wp-content\/uploads\/factory-02.webp\"\/><\/p>\n<p><img decoding=\"async\" src=\"\/wp-content\/uploads\/factory-03.webp\"\/><\/p>\n<h3>Lager til opbevaring af skimmelsvampe<\/h3>\n<p><img decoding=\"async\" src=\"\/wp-content\/uploads\/factory-04.webp\"\/><\/p>\n<h3>43 ekstruderingslinjer for aluminium (500-5500 ton)<\/h3>\n<p><img decoding=\"async\" src=\"\/wp-content\/uploads\/factory-05.webp\"\/><\/p>\n<p><img decoding=\"async\" src=\"\/wp-content\/uploads\/factory-06.webp\"\/><\/p>\n<p><img decoding=\"async\" src=\"\/wp-content\/uploads\/factory-07.webp\"\/><\/p>\n<h3>V\u00e6rksted for pulverlakering<\/h3>\n<p><img decoding=\"async\" src=\"\/wp-content\/uploads\/factory-09.webp\"\/><\/p>\n<h3>Anodiseringsv\u00e6rksted<\/h3>\n<p><img decoding=\"async\" src=\"\/wp-content\/uploads\/factory-10.webp\"\/><\/p>\n<h3>Workshop om dyb behandling<\/h3>\n<p><img decoding=\"async\" src=\"\/wp-content\/uploads\/factory-11.webp\"\/><\/p>\n<h3>V\u00e6rksted for CNC-pr\u00e6cisionsbearbejdning<\/h3>\n<p><img decoding=\"async\" src=\"\/wp-content\/uploads\/factory-11.5.webp\"\/><\/p>\n<h3>F\u00e6rdigvare- og eksportlager<\/h3>\n<p><img decoding=\"async\" src=\"\/wp-content\/uploads\/factory-12.webp\"\/><\/p>\n<p><img decoding=\"async\" src=\"\/wp-content\/uploads\/factory-13.webp\"\/><\/p>\n<p><img decoding=\"async\" src=\"\/wp-content\/uploads\/factory-14.webp\"\/><\/p>\n<h2>OFTE STILLEDE SP\u00d8RGSM\u00c5L<\/h2>\n<p><strong>1. Hvad g\u00f8r aluminiumsvarmeafledere velegnede til LED-belysning?<\/strong><br \/>Aluminiumsvarmeafledere har en fremragende varmeledningsevne, hvilket g\u00f8r dem ideelle til at aflede varme i LED-belysningssystemer.<\/p>\n<p><strong>2. Kan k\u00f8lepladen tilpasses til forskellige LED-lysst\u00f8rrelser?<\/strong><br \/>Ja, vores aluminiums-k\u00f8leplader kan tilpasses til specifikke dimensioner og designs til forskellige LED-lamper.<\/p>\n<p><strong>3. Er denne aluminiumsvarmeafleder egnet til udend\u00f8rs LED-belysning?<\/strong><br \/>Ja, den er fremstillet af holdbare materialer og er velegnet til b\u00e5de indend\u00f8rs og udend\u00f8rs belysning.<\/p>\n<p><strong>4. Kr\u00e6ver aluminiumsvarmeafledere vedligeholdelse?<\/strong><br \/>Generelt kr\u00e6ver aluminiums-k\u00f8leplader minimal vedligeholdelse, men regelm\u00e6ssig reng\u00f8ring anbefales for at sikre optimal ydeevne.<\/p>\n<p><strong>5. Kan aluminiumsvarmeafledere forbedre LED-belysningens levetid?<\/strong><br \/>Ja, ved effektivt at sprede varmen hj\u00e6lper aluminiumsvarmeafledere med at forl\u00e6nge LED-lysets levetid.<\/p>\n<p><strong>6. Er disse k\u00f8lelegemer kompatible med h\u00f8jtydende LED-applikationer?<\/strong><br \/>Absolut, vores aluminiums-k\u00f8leplader er designet til at underst\u00f8tte h\u00f8jtydende LED'er ved effektivt at styre varmeafgivelsen.<\/p>\n<p><strong>7. Tilbyder I muligheder for stork\u00f8b af aluminiumsvarmeafledere?<\/strong><br \/>Ja, vi tilbyder konkurrencedygtige priser og underst\u00f8tter store ordrer for at im\u00f8dekomme dine forretningsbehov.<\/p>\n<p><\/p>","protected":false},"featured_media":10750,"template":"","categories":[72],"class_list":["post-10916","product","type-product","status-publish","has-post-thumbnail","hentry","category-extruded-aluminum-heatsink"],"meta_box":{"hilight_text_group":[{"product_hilight_text":"<li>Optimized for efficient heat dissipation in LED systems<\/li>\n<li>Customizable dimensions and designs to fit various LED configurations<\/li>\n<li>Made from high-quality aluminum for enhanced thermal conductivity<\/li>\n<li>Lightweight yet durable construction ideal for diverse lighting applications<\/li>\n<li>Supports both high-power and compact LED lighting solutions<\/li>"}],"feature_list":[]},"_links":{"self":[{"href":"https:\/\/sinoextrud.com\/da\/wp-json\/wp\/v2\/product\/10916","targetHints":{"allow":["GET"]}}],"collection":[{"href":"https:\/\/sinoextrud.com\/da\/wp-json\/wp\/v2\/product"}],"about":[{"href":"https:\/\/sinoextrud.com\/da\/wp-json\/wp\/v2\/types\/product"}],"wp:featuredmedia":[{"embeddable":true,"href":"https:\/\/sinoextrud.com\/da\/wp-json\/wp\/v2\/media\/10750"}],"wp:attachment":[{"href":"https:\/\/sinoextrud.com\/da\/wp-json\/wp\/v2\/media?parent=10916"}],"wp:term":[{"taxonomy":"category","embeddable":true,"href":"https:\/\/sinoextrud.com\/da\/wp-json\/wp\/v2\/categories?post=10916"}],"curies":[{"name":"wp","href":"https:\/\/api.w.org\/{rel}","templated":true}]}}