{"id":10905,"date":"2025-08-01T03:12:14","date_gmt":"2025-08-01T03:12:14","guid":{"rendered":"https:\/\/sinoextrud.com\/product\/aluminum-extrusions-for-led-lighting-systems\/"},"modified":"2025-08-01T03:12:14","modified_gmt":"2025-08-01T03:12:14","slug":"aluminiumsprofiler-til-led-belysningssystemer","status":"publish","type":"product","link":"https:\/\/sinoextrud.com\/da\/product\/aluminum-extrusions-for-led-lighting-systems\/","title":{"rendered":"Aluminiumsekstruderinger til LED-belysningssystemer"},"content":{"rendered":"<h2>Detaljer om produkter<\/h2>\n<div class=\"product-table\">\n<div class=\"row\">\n<div class=\"cell label\">Lampens lysudbytte (lm\/w)<\/div>\n<div class=\"cell value\">100<\/div>\n<\/div>\n<div class=\"row\">\n<div class=\"cell label\">Underst\u00f8tter lysd\u00e6mper<\/div>\n<div class=\"cell value\">Ja<\/div>\n<\/div>\n<div class=\"row\">\n<div class=\"cell label\">Materiale<\/div>\n<div class=\"cell value\">Aluminiumslegering<\/div>\n<\/div>\n<div class=\"row\">\n<div class=\"cell label\">Garanti (\u00e5r)<\/div>\n<div class=\"cell value\">3 \u00e5r<\/div>\n<\/div>\n<div class=\"row\">\n<div class=\"cell label\">Farvetemperatur (CCT)<\/div>\n<div class=\"cell value\">6000K (dagslys-alarm)<\/div>\n<\/div>\n<div class=\"row\">\n<div class=\"cell label\">Indgangssp\u00e6nding (V)<\/div>\n<div class=\"cell value\">DC 12V<\/div>\n<\/div>\n<div class=\"row\">\n<div class=\"cell label\">Farvegengivelsesindeks (Ra)<\/div>\n<div class=\"cell value\">95<\/div>\n<\/div>\n<div class=\"row\">\n<div class=\"cell label\">Arbejdstid<\/div>\n<div class=\"cell value\">50000<\/div>\n<\/div>\n<div class=\"row\">\n<div class=\"cell label\">Produktets v\u00e6gt (kg)<\/div>\n<div class=\"cell value\">0.2<\/div>\n<\/div>\n<div class=\"row\">\n<div class=\"cell label\">Overflade<\/div>\n<div class=\"cell value\">Anodisering<\/div>\n<\/div>\n<div class=\"row\">\n<div class=\"cell label\">Temperament<\/div>\n<div class=\"cell value\">T3-T8<\/div>\n<\/div>\n<div class=\"row\">\n<div class=\"cell label\">Karakter<\/div>\n<div class=\"cell value\">6000-serien<\/div>\n<\/div>\n<div class=\"row\">\n<div class=\"cell label\">Form<\/div>\n<div class=\"cell value\">T - Profil<\/div>\n<\/div>\n<div class=\"row\">\n<div class=\"cell label\">Service til belysningsl\u00f8sninger<\/div>\n<div class=\"cell value\">Projektinstallation, Onsite-m\u00e5ling, Agi32-layout, DIALux evo-layout, auto CAD-layout, Andet, Lys- og kredsl\u00f8bsdesign, Andet<\/div>\n<\/div>\n<div class=\"row\">\n<div class=\"cell label\">Pladetykkelse (mm)<\/div>\n<div class=\"cell value\">1 mm<\/div>\n<\/div>\n<div class=\"row\">\n<div class=\"cell label\">Produktets navn<\/div>\n<div class=\"cell value\">LED aluminiumsprofil<\/div>\n<\/div>\n<div class=\"row\">\n<div class=\"cell label\">L\u00e6ngde<\/div>\n<div class=\"cell value\">1m\/2m\/3m (anden l\u00e6ngde)<\/div>\n<\/div>\n<div class=\"row\">\n<div class=\"cell label\">Farve<\/div>\n<div class=\"cell value\">S\u00f8lv Hvid Sort<\/div>\n<\/div>\n<div class=\"row\">\n<div class=\"cell label\">Tilbeh\u00f8r<\/div>\n<div class=\"cell value\">Aluminiumsprofil + pc-cover<\/div>\n<\/div>\n<div class=\"row\">\n<div class=\"cell label\">Anvendelse<\/div>\n<div class=\"cell value\">Kabinet Morden Linear Light System<\/div>\n<\/div>\n<div class=\"row\">\n<div class=\"cell label\">Dimension<\/div>\n<div class=\"cell value\">Brugerdefineret<\/div>\n<\/div>\n<div class=\"row\">\n<div class=\"cell label\">Salg af enheder<\/div>\n<div class=\"cell value\">En enkelt genstand<\/div>\n<\/div>\n<div class=\"row\">\n<div class=\"cell label\">Enkelt pakkest\u00f8rrelse<\/div>\n<div class=\"cell value\">110X4,73X2,2 cm<\/div>\n<\/div>\n<div class=\"row\">\n<div class=\"cell label\">Enkelt bruttov\u00e6gt<\/div>\n<div class=\"cell value\">0,240 KG<\/div>\n<\/div>\n<\/div>\n<p><\/p>\n<h2>Vores produktionsbase<\/h2>\n<h3>Panorama over fabrikken<\/h3>\n<p><img decoding=\"async\" src=\"\/wp-content\/uploads\/factory-01.webp\"\/><\/p>\n<h3>V\u00e6rksted til fremstilling af aluminiumst\u00e6nger<\/h3>\n<p><img decoding=\"async\" src=\"\/wp-content\/uploads\/factory-02.webp\"\/><\/p>\n<p><img decoding=\"async\" src=\"\/wp-content\/uploads\/factory-03.webp\"\/><\/p>\n<h3>Lager til opbevaring af skimmelsvampe<\/h3>\n<p><img decoding=\"async\" src=\"\/wp-content\/uploads\/factory-04.webp\"\/><\/p>\n<h3>43 ekstruderingslinjer for aluminium (500-5500 ton)<\/h3>\n<p><img decoding=\"async\" src=\"\/wp-content\/uploads\/factory-05.webp\"\/><\/p>\n<p><img decoding=\"async\" src=\"\/wp-content\/uploads\/factory-06.webp\"\/><\/p>\n<p><img decoding=\"async\" src=\"\/wp-content\/uploads\/factory-07.webp\"\/><\/p>\n<h3>V\u00e6rksted for pulverlakering<\/h3>\n<p><img decoding=\"async\" src=\"\/wp-content\/uploads\/factory-09.webp\"\/><\/p>\n<h3>Anodiseringsv\u00e6rksted<\/h3>\n<p><img decoding=\"async\" src=\"\/wp-content\/uploads\/factory-10.webp\"\/><\/p>\n<h3>Workshop om dyb behandling<\/h3>\n<p><img decoding=\"async\" src=\"\/wp-content\/uploads\/factory-11.webp\"\/><\/p>\n<h3>V\u00e6rksted for CNC-pr\u00e6cisionsbearbejdning<\/h3>\n<p><img decoding=\"async\" src=\"\/wp-content\/uploads\/factory-11.5.webp\"\/><\/p>\n<h3>F\u00e6rdigvare- og eksportlager<\/h3>\n<p><img decoding=\"async\" src=\"\/wp-content\/uploads\/factory-12.webp\"\/><\/p>\n<p><img decoding=\"async\" src=\"\/wp-content\/uploads\/factory-13.webp\"\/><\/p>\n<p><img decoding=\"async\" src=\"\/wp-content\/uploads\/factory-14.webp\"\/><\/p>\n<h2>OFTE STILLEDE SP\u00d8RGSM\u00c5L<\/h2>\n<p><strong>1. Kan disse aluminiumsprofiler tilpasses til forskellige LED-lys?<\/strong><br \/>Ja, vi tilbyder tilpasningsmuligheder, s\u00e5 de passer til forskellige LED-modeller og specifikationer.<\/p>\n<p><strong>2. Er disse profiler velegnede til b\u00e5de indend\u00f8rs og udend\u00f8rs LED-belysning?<\/strong><br \/>Ja, de er designet til at modst\u00e5 forskellige milj\u00f8er, hvilket g\u00f8r dem ideelle til b\u00e5de indend\u00f8rs og udend\u00f8rs brug.<\/p>\n<p><strong>3. Hvilke overflader er tilg\u00e6ngelige for disse aluminiumsprofiler?<\/strong><br \/>Vi tilbyder en r\u00e6kke forskellige overflader, herunder anodiseret, pulverlakeret og b\u00f8rstet, s\u00e5 de passer til dine projektbehov.<\/p>\n<p><strong>4. Hj\u00e6lper profilerne med varmeafledning til LED-lys?<\/strong><br \/>Ja, de er konstrueret til at maksimere varmeafledningen og forl\u00e6nge levetiden for dine LED'er.<\/p>\n<p><strong>5. Hvad er den typiske l\u00e6ngde p\u00e5 aluminiumsprofiler til LED-lys?<\/strong><br \/>Standardl\u00e6ngder er tilg\u00e6ngelige, og tilpassede l\u00e6ngder kan bestilles for at opfylde dine specifikke krav.<\/p>\n<p><strong>6. Er der en minimumsordre ved stork\u00f8b?<\/strong><br \/>MOQ g\u00e6lder og kan variere, typisk fra 100 enheder afh\u00e6ngigt af projektets st\u00f8rrelse.<\/p>\n<p><strong>7. Tilbyder I international levering af disse aluminiumsprofiler?<\/strong><br \/>Ja, international forsendelse er tilg\u00e6ngelig med fuld logistiksupport til din placering.<\/p>\n<p><\/p>","protected":false},"featured_media":10743,"template":"","categories":[55],"class_list":["post-10905","product","type-product","status-publish","has-post-thumbnail","hentry","category-extruded-aluminum-profiles"],"meta_box":{"hilight_text_group":[{"product_hilight_text":"<li>Specially designed for optimal LED light integration<\/li>\n<li>Available in various profiles and finishes to suit B2B applications<\/li>\n<li>High heat dissipation efficiency to enhance LED longevity<\/li>\n<li>Robust construction with premium-grade aluminum materials<\/li>\n<li>Easy installation and maintenance for professional setups<\/li>"}],"feature_list":[]},"_links":{"self":[{"href":"https:\/\/sinoextrud.com\/da\/wp-json\/wp\/v2\/product\/10905","targetHints":{"allow":["GET"]}}],"collection":[{"href":"https:\/\/sinoextrud.com\/da\/wp-json\/wp\/v2\/product"}],"about":[{"href":"https:\/\/sinoextrud.com\/da\/wp-json\/wp\/v2\/types\/product"}],"wp:featuredmedia":[{"embeddable":true,"href":"https:\/\/sinoextrud.com\/da\/wp-json\/wp\/v2\/media\/10743"}],"wp:attachment":[{"href":"https:\/\/sinoextrud.com\/da\/wp-json\/wp\/v2\/media?parent=10905"}],"wp:term":[{"taxonomy":"category","embeddable":true,"href":"https:\/\/sinoextrud.com\/da\/wp-json\/wp\/v2\/categories?post=10905"}],"curies":[{"name":"wp","href":"https:\/\/api.w.org\/{rel}","templated":true}]}}