{"id":10902,"date":"2025-08-01T03:12:06","date_gmt":"2025-08-01T03:12:06","guid":{"rendered":"https:\/\/sinoextrud.com\/product\/cylindrical-aluminum-heat-sink-for-power-devices\/"},"modified":"2025-08-01T03:12:06","modified_gmt":"2025-08-01T03:12:06","slug":"cylindrisk-koleplade-i-aluminium-til-stromforsyninger","status":"publish","type":"product","link":"https:\/\/sinoextrud.com\/da\/product\/cylindrical-aluminum-heat-sink-for-power-devices\/","title":{"rendered":"Cylindrisk aluminiumsk\u00f8leplade til str\u00f8mforsyninger"},"content":{"rendered":"<h2>Detaljer om produkter<\/h2>\n<div class=\"product-table\">\n<div class=\"row\">\n<div class=\"cell label\">Karakter<\/div>\n<div class=\"cell value\">6063<\/div>\n<\/div>\n<div class=\"row\">\n<div class=\"cell label\">Tolerance<\/div>\n<div class=\"cell value\">0,01 mm<\/div>\n<\/div>\n<div class=\"row\">\n<div class=\"cell label\">Leveringstid<\/div>\n<div class=\"cell value\">7 dage<\/div>\n<\/div>\n<div class=\"row\">\n<div class=\"cell label\">Temperament<\/div>\n<div class=\"cell value\">T5<\/div>\n<\/div>\n<div class=\"row\">\n<div class=\"cell label\">Anvendelse<\/div>\n<div class=\"cell value\">K\u00f8leplade<\/div>\n<\/div>\n<div class=\"row\">\n<div class=\"cell label\">Form<\/div>\n<div class=\"cell value\">cylindrisk<\/div>\n<\/div>\n<div class=\"row\">\n<div class=\"cell label\">Legering eller ej<\/div>\n<div class=\"cell value\">Er legeret<\/div>\n<\/div>\n<div class=\"row\">\n<div class=\"cell label\">Behandling af service<\/div>\n<div class=\"cell value\">Stansning, sk\u00e6ring, bearbejdning<\/div>\n<\/div>\n<div class=\"row\">\n<div class=\"cell label\">Produktets navn<\/div>\n<div class=\"cell value\">cylindrisk k\u00f8leplade<\/div>\n<\/div>\n<div class=\"row\">\n<div class=\"cell label\">Materiale<\/div>\n<div class=\"cell value\">Aluminiumslegering 6063 T5<\/div>\n<\/div>\n<div class=\"row\">\n<div class=\"cell label\">St\u00f8rrelse<\/div>\n<div class=\"cell value\">I henhold til brugerdefineret tegning<\/div>\n<\/div>\n<div class=\"row\">\n<div class=\"cell label\">F\u00e6rdigg\u00f8r<\/div>\n<div class=\"cell value\">Naturlig eller sort anodisering \/ H\u00e5rd anodisering \/ B\u00f8rste \/ Polering \/ Spejl<\/div>\n<\/div>\n<div class=\"row\">\n<div class=\"cell label\">Tykkelse af anodiseret film<\/div>\n<div class=\"cell value\">Min.15 \u00ce\u00bcm<\/div>\n<\/div>\n<div class=\"row\">\n<div class=\"cell label\">Proces<\/div>\n<div class=\"cell value\">Ekstrudering, sk\u00e6ring, boring, gevindsk\u00e6ring, CNC-bearbejdning, anodisering<\/div>\n<\/div>\n<div class=\"row\">\n<div class=\"cell label\">Pakning<\/div>\n<div class=\"cell value\">Plastfilm + EP-papir + karton + tr\u00e6palle (plast)<\/div>\n<\/div>\n<div class=\"row\">\n<div class=\"cell label\">Salg af enheder<\/div>\n<div class=\"cell value\">En enkelt genstand<\/div>\n<\/div>\n<div class=\"row\">\n<div class=\"cell label\">Enkelt pakkest\u00f8rrelse<\/div>\n<div class=\"cell value\">12X12X10 cm<\/div>\n<\/div>\n<div class=\"row\">\n<div class=\"cell label\">Enkelt bruttov\u00e6gt<\/div>\n<div class=\"cell value\">0,500 KG<\/div>\n<\/div>\n<\/div>\n<p><\/p>\n<h2>Vores produktionsbase<\/h2>\n<h3>Panorama over fabrikken<\/h3>\n<p><img decoding=\"async\" src=\"\/wp-content\/uploads\/factory-01.webp\"\/><\/p>\n<h3>V\u00e6rksted til fremstilling af aluminiumst\u00e6nger<\/h3>\n<p><img decoding=\"async\" src=\"\/wp-content\/uploads\/factory-02.webp\"\/><\/p>\n<p><img decoding=\"async\" src=\"\/wp-content\/uploads\/factory-03.webp\"\/><\/p>\n<h3>Lager til opbevaring af skimmelsvampe<\/h3>\n<p><img decoding=\"async\" src=\"\/wp-content\/uploads\/factory-04.webp\"\/><\/p>\n<h3>43 ekstruderingslinjer for aluminium (500-5500 ton)<\/h3>\n<p><img decoding=\"async\" src=\"\/wp-content\/uploads\/factory-05.webp\"\/><\/p>\n<p><img decoding=\"async\" src=\"\/wp-content\/uploads\/factory-06.webp\"\/><\/p>\n<p><img decoding=\"async\" src=\"\/wp-content\/uploads\/factory-07.webp\"\/><\/p>\n<h3>V\u00e6rksted for pulverlakering<\/h3>\n<p><img decoding=\"async\" src=\"\/wp-content\/uploads\/factory-09.webp\"\/><\/p>\n<h3>Anodiseringsv\u00e6rksted<\/h3>\n<p><img decoding=\"async\" src=\"\/wp-content\/uploads\/factory-10.webp\"\/><\/p>\n<h3>Workshop om dyb behandling<\/h3>\n<p><img decoding=\"async\" src=\"\/wp-content\/uploads\/factory-11.webp\"\/><\/p>\n<h3>V\u00e6rksted for CNC-pr\u00e6cisionsbearbejdning<\/h3>\n<p><img decoding=\"async\" src=\"\/wp-content\/uploads\/factory-11.5.webp\"\/><\/p>\n<h3>F\u00e6rdigvare- og eksportlager<\/h3>\n<p><img decoding=\"async\" src=\"\/wp-content\/uploads\/factory-12.webp\"\/><\/p>\n<p><img decoding=\"async\" src=\"\/wp-content\/uploads\/factory-13.webp\"\/><\/p>\n<p><img decoding=\"async\" src=\"\/wp-content\/uploads\/factory-14.webp\"\/><\/p>\n<h2>OFTE STILLEDE SP\u00d8RGSM\u00c5L<\/h2>\n<p><strong>1. Hvilke materialer er brugt i den cylindriske aluminiumsk\u00f8leplade?<\/strong><br \/>K\u00f8lepladen er lavet af aluminium af h\u00f8j kvalitet for optimal varmeafledning.<\/p>\n<p><strong>2. Kan aluminiumsk\u00f8lepladen bruges i milj\u00f8er med h\u00f8je temperaturer?<\/strong><br \/>Ja, den er designet til at fungere effektivt i en r\u00e6kke forskellige temperaturer.<\/p>\n<p><strong>3. Findes den cylindriske k\u00f8leplade i forskellige st\u00f8rrelser?<\/strong><br \/>Ja, vi tilbyder forskellige st\u00f8rrelser og kan tilpasse dimensioner efter kundens behov.<\/p>\n<p><strong>4. Hvordan forbedrer en k\u00f8leplade af aluminium varmeafledningen?<\/strong><br \/>Dens design \u00f8ger overfladearealet for effektivt at overf\u00f8re varme v\u00e6k fra komponenterne.<\/p>\n<p><strong>5. Er der mulighed for at tilpasse finish og farve?<\/strong><br \/>Ja, vi tilbyder forskellige anodiserings- og efterbehandlingsmuligheder for at im\u00f8dekomme kundernes \u00e6stetiske pr\u00e6ferencer.<\/p>\n<p><strong>6. Hvad er de typiske anvendelsesomr\u00e5der for denne aluminiumsk\u00f8leplade?<\/strong><br \/>Det bruges ofte i elektronik, LED-belysning og str\u00f8mforsyninger.<\/p>\n<p><strong>7. Kan jeg bestille en pr\u00f8ve af k\u00f8lepladen?<\/strong><br \/>Ja, anmodninger om pr\u00f8ver er velkomne til at evaluere produktets kompatibilitet med dine applikationer.<\/p>\n<p><\/p>","protected":false},"featured_media":10861,"template":"","categories":[72],"class_list":["post-10902","product","type-product","status-publish","has-post-thumbnail","hentry","category-extruded-aluminum-heatsink"],"meta_box":{"hilight_text_group":[{"product_hilight_text":"<li>Efficient thermal management for electronic devices<\/li>\n<li>Lightweight and corrosion-resistant aluminum construction<\/li>\n<li>Customizable dimensions and finishes for specific applications<\/li>\n<li>Compatible with various mounting methods and hardware<\/li>\n<li>Supports high-volume production with consistent quality<\/li>"}],"feature_list":[]},"_links":{"self":[{"href":"https:\/\/sinoextrud.com\/da\/wp-json\/wp\/v2\/product\/10902","targetHints":{"allow":["GET"]}}],"collection":[{"href":"https:\/\/sinoextrud.com\/da\/wp-json\/wp\/v2\/product"}],"about":[{"href":"https:\/\/sinoextrud.com\/da\/wp-json\/wp\/v2\/types\/product"}],"wp:featuredmedia":[{"embeddable":true,"href":"https:\/\/sinoextrud.com\/da\/wp-json\/wp\/v2\/media\/10861"}],"wp:attachment":[{"href":"https:\/\/sinoextrud.com\/da\/wp-json\/wp\/v2\/media?parent=10902"}],"wp:term":[{"taxonomy":"category","embeddable":true,"href":"https:\/\/sinoextrud.com\/da\/wp-json\/wp\/v2\/categories?post=10902"}],"curies":[{"name":"wp","href":"https:\/\/api.w.org\/{rel}","templated":true}]}}